{"id":8987,"date":"2026-05-05T11:58:07","date_gmt":"2026-05-05T08:58:07","guid":{"rendered":"https:\/\/sisu.ut.ee\/ewod\/?page_id=8987"},"modified":"2026-05-05T11:58:37","modified_gmt":"2026-05-05T08:58:37","slug":"mari-liis-muursepp","status":"publish","type":"page","link":"https:\/\/sisu.ut.ee\/ewod\/et\/m\/mari-liis-muursepp\/","title":{"rendered":"Mari-Liis M\u00fc\u00fcrsepp"},"content":{"rendered":"<p>Mari-Liis M\u00fc\u00fcrsepp (s\u00fcnd. 1. X 1991) on luuletaja ja novellikirjanik.<\/p>\n\n\n\n<p>M\u00fc\u00fcrsepp on s\u00fcndinud Haapsalus. Ta on \u00f5ppinud Tartu \u00dclikoolis, mille ta l\u00f5petas magistrikraadiga eesti keeleteaduse erialal 2015. aastal. Mari-Liis M\u00fc\u00fcrsepa haridus ja t\u00f6\u00f6kogemus on tihedalt seotud keele, tekstiloome ja reklaamivaldkonnaga. Ta on t\u00e4iendanud end loovkirjutamise alal, osaledes nii \u00fclikooli kursustel kui ka kirjutamiskoolis Drakadeemia. M\u00fc\u00fcrsepp on t\u00f6\u00f6tanud \u00fcle k\u00fcmne aasta reklaamiagentuuris. Tema t\u00f6\u00f6 on tekstide toimetamine, t\u00f5lkimine ja kirjutamine.<\/p>\n\n\n\n<p>Mari-Liis M\u00fc\u00fcrsepalt on ilmunud neli luulekogu ja \u00fcks novellikogu. Varasemates luulekogudes (\u201eParadoksid\u201c, \u201eBlondiine armastav mees\u201c ja \u201eStrippari pisarad\u201c) olid p\u00f5hiteemaks naiste ja meeste vahelised suhted. Neljas kogu \u201eKeegi hingab\u201c (2025) k\u00f5neleb kiirest elutempost ja \u00fclet\u00f6\u00f6tamisest. M\u00fc\u00fcrsepp viljeleb p\u00f5hiliselt vabav\u00e4rssi.<\/p>\n\n\n\n<p>Novellikogu \u201eJ\u00e4\u00e4vad ainult silmad\u201c (2023) kujutab t\u00e4nap\u00e4evastel kaaskodanikel p\u00f5hinevaid tegelasi, kes on k\u00f5ik \u00fchel v\u00f5i teisel viisil h\u00e4iritud. Novelliantoloogias \u201eEesti novell 2025\u201c on avaldatud M\u00fc\u00fcrsepa reaaleluliste sugemetega novell \u201eRegistratuur 10\u201c.<\/p>\n\n\n\n<p>M\u00fc\u00fcrsepp on kahekordne Eesti luulepr\u00f5mmu meister (2022 ja 2025) ning esindab Eestit j\u00e4tkuvalt ka rahvusvahelistel v\u00f5istlustel.<\/p>\n\n\n\n<p>M\u00fc\u00fcrsepp on tegutsenud ka kirjanduskriitikuna ja avaldanud oma tekste (luulet, novelle, arvustusi) v\u00e4ljaannetes V\u00e4rske R\u00f5hk, Looming, Sirp ja Eesti Ekspress.<\/p>\n\n\n\n<p><em>L. P.<\/em><\/p>\n\n\n\n<h4 class=\"wp-block-heading\"><br>Raamatud eesti keeles<\/h4>\n\n\n\n<p><strong><em>Luuletused<\/em><\/strong><br><strong>Paradoksid<\/strong>. P\u00e4rnu: Hea Tegu, 2018. 85 lk.<br><strong>Blondiine armastav mees<\/strong>. Tallinn: M.-L. M\u00fc\u00fcrsepp, 2019. 68 lk.<br><strong>Strippari pisarad<\/strong>. Tallinn: EKSA, 2021. 78 lk.<br><strong>Keegi hingab<\/strong>. Tallinn: Hunt, 2025. 79 lk.<\/p>\n\n\n\n<p><strong><em>L\u00fchiproosa<\/em><\/strong><br><strong>J\u00e4\u00e4vad ainult silmad<\/strong>. Tallinn: EKSA, 2023. 108 lk.<\/p>\n","protected":false},"excerpt":{"rendered":"<p>Mari-Liis M\u00fc\u00fcrsepp (s\u00fcnd. 1. X 1991) on luuletaja ja novellikirjanik. M\u00fc\u00fcrsepp on s\u00fcndinud Haapsalus. Ta on \u00f5ppinud Tartu \u00dclikoolis, mille ta l\u00f5petas magistrikraadiga eesti keeleteaduse erialal 2015. aastal. Mari-Liis M\u00fc\u00fcrsepa haridus ja t\u00f6\u00f6kogemus on tihedalt seotud keele, tekstiloome ja reklaamivaldkonnaga. &#8230;<\/p>\n","protected":false},"author":43,"featured_media":0,"parent":6495,"menu_order":0,"comment_status":"closed","ping_status":"closed","template":"","meta":{"_acf_changed":false,"inline_featured_image":false,"footnotes":""},"class_list":["post-8987","page","type-page","status-publish","hentry"],"acf":[],"_links":{"self":[{"href":"https:\/\/sisu.ut.ee\/ewod\/et\/wp-json\/wp\/v2\/pages\/8987","targetHints":{"allow":["GET"]}}],"collection":[{"href":"https:\/\/sisu.ut.ee\/ewod\/et\/wp-json\/wp\/v2\/pages"}],"about":[{"href":"https:\/\/sisu.ut.ee\/ewod\/et\/wp-json\/wp\/v2\/types\/page"}],"author":[{"embeddable":true,"href":"https:\/\/sisu.ut.ee\/ewod\/et\/wp-json\/wp\/v2\/users\/43"}],"replies":[{"embeddable":true,"href":"https:\/\/sisu.ut.ee\/ewod\/et\/wp-json\/wp\/v2\/comments?post=8987"}],"version-history":[{"count":1,"href":"https:\/\/sisu.ut.ee\/ewod\/et\/wp-json\/wp\/v2\/pages\/8987\/revisions"}],"predecessor-version":[{"id":8988,"href":"https:\/\/sisu.ut.ee\/ewod\/et\/wp-json\/wp\/v2\/pages\/8987\/revisions\/8988"}],"up":[{"embeddable":true,"href":"https:\/\/sisu.ut.ee\/ewod\/et\/wp-json\/wp\/v2\/pages\/6495"}],"wp:attachment":[{"href":"https:\/\/sisu.ut.ee\/ewod\/et\/wp-json\/wp\/v2\/media?parent=8987"}],"curies":[{"name":"wp","href":"https:\/\/api.w.org\/{rel}","templated":true}]}}