{"id":8984,"date":"2026-05-05T11:46:57","date_gmt":"2026-05-05T08:46:57","guid":{"rendered":"https:\/\/sisu.ut.ee\/ewod\/?page_id=8984"},"modified":"2026-05-05T11:47:47","modified_gmt":"2026-05-05T08:47:47","slug":"taavi-liias","status":"publish","type":"page","link":"https:\/\/sisu.ut.ee\/ewod\/et\/l\/taavi-liias\/","title":{"rendered":"Taavi Liias"},"content":{"rendered":"<p>Taavi Liias (s\u00fcnd. 28. V 1978) on kaitsev\u00e4e ohvitser ja kirjanik.<\/p>\n\n\n\n<p>Liias on p\u00e4rit Valgamaalt Hummulist. Ta kaitses esimese magistrikraadi Tartu \u00dclikoolis religiooniantropoloogia erialal. Teise magistrikraadi omandas ta Kaitsev\u00e4e Akadeemias. Ta on osalenud luureohvitserina missioonidel Kosovos ja Afganistanis. Taavi Liias on alates 2025. aastast Eesti Kirjanike Liidu liige.<\/p>\n\n\n\n<p>Nii Liiase deb\u00fc\u00fctromaan \u201eTalibani pojad\u201c kui ka 2021. aastal ilmunud \u201eHelmandi silmus\u201c p\u00e4lvisid Kirjanike Liidu romaaniv\u00f5istlusel kolmanda koha. Taavi Liiase raamatuid iseloomustab asjatundlik ja realistlik sissevaade s\u00f5jav\u00e4elase maailma. Liiast huvitab s\u00f5ja vastupeegeldus \u00fcksikisiku teadvuses. Ta keskendub sageli kriitilistele hetkedele, mil tegelane peab langetama otsuseid sekundite jooksul. Raamatus \u201e\u00c4\u00e4rmuslane\u201c k\u00e4sitleb ta missioonilt naasnud s\u00f5durite vaimset seisundit, traumaatilisi kogemusi ja raskusi tavaellu sisseelamisel.<\/p>\n\n\n\n<p>Autori religiooniantropoloogia \u00f5pingud annavad tema teostele, nagu n\u00e4iteks \u201eTalibani pojad\u201c, s\u00fcgavama m\u00f5\u00f5tme, p\u00f6\u00f6rates t\u00e4helepanu kultuurilisele v\u00f5\u00f5randumisele ja valgustades usuliste konfliktide tagap\u00f5hja.<\/p>\n\n\n\n<p><em>L. P.<\/em><\/p>\n\n\n\n<h4 class=\"wp-block-heading\"><br>Raamatud eesti keeles<\/h4>\n\n\n\n<p><strong><em>Romaanid<\/em><\/strong><br><strong>Talibani pojad<\/strong>. Tallinn: Hea Lugu, 2019. 239 lk.<br><strong>Helmandi silmus<\/strong>. Tallinn: Hea Lugu, 2021. 191 lk.<br><strong>L\u00f5ukoer<\/strong>. Tallinn: EKSA, 2023. 261 lk.<br><strong>\u00c4\u00e4rmuslane<\/strong>. Tallinn: Hea Lugu, 2025. 300 lk.<\/p>\n","protected":false},"excerpt":{"rendered":"<p>Taavi Liias (s\u00fcnd. 28. V 1978) on kaitsev\u00e4e ohvitser ja kirjanik. Liias on p\u00e4rit Valgamaalt Hummulist. Ta kaitses esimese magistrikraadi Tartu \u00dclikoolis religiooniantropoloogia erialal. Teise magistrikraadi omandas ta Kaitsev\u00e4e Akadeemias. Ta on osalenud luureohvitserina missioonidel Kosovos ja Afganistanis. Taavi Liias &#8230;<\/p>\n","protected":false},"author":43,"featured_media":0,"parent":6486,"menu_order":0,"comment_status":"closed","ping_status":"closed","template":"","meta":{"_acf_changed":false,"inline_featured_image":false,"footnotes":""},"class_list":["post-8984","page","type-page","status-publish","hentry"],"acf":[],"_links":{"self":[{"href":"https:\/\/sisu.ut.ee\/ewod\/et\/wp-json\/wp\/v2\/pages\/8984","targetHints":{"allow":["GET"]}}],"collection":[{"href":"https:\/\/sisu.ut.ee\/ewod\/et\/wp-json\/wp\/v2\/pages"}],"about":[{"href":"https:\/\/sisu.ut.ee\/ewod\/et\/wp-json\/wp\/v2\/types\/page"}],"author":[{"embeddable":true,"href":"https:\/\/sisu.ut.ee\/ewod\/et\/wp-json\/wp\/v2\/users\/43"}],"replies":[{"embeddable":true,"href":"https:\/\/sisu.ut.ee\/ewod\/et\/wp-json\/wp\/v2\/comments?post=8984"}],"version-history":[{"count":1,"href":"https:\/\/sisu.ut.ee\/ewod\/et\/wp-json\/wp\/v2\/pages\/8984\/revisions"}],"predecessor-version":[{"id":8985,"href":"https:\/\/sisu.ut.ee\/ewod\/et\/wp-json\/wp\/v2\/pages\/8984\/revisions\/8985"}],"up":[{"embeddable":true,"href":"https:\/\/sisu.ut.ee\/ewod\/et\/wp-json\/wp\/v2\/pages\/6486"}],"wp:attachment":[{"href":"https:\/\/sisu.ut.ee\/ewod\/et\/wp-json\/wp\/v2\/media?parent=8984"}],"curies":[{"name":"wp","href":"https:\/\/api.w.org\/{rel}","templated":true}]}}