{"id":8967,"date":"2026-05-05T10:49:25","date_gmt":"2026-05-05T07:49:25","guid":{"rendered":"https:\/\/sisu.ut.ee\/ewod\/?page_id=8967"},"modified":"2026-05-05T10:49:58","modified_gmt":"2026-05-05T07:49:58","slug":"peeter-kormasov","status":"publish","type":"page","link":"https:\/\/sisu.ut.ee\/ewod\/et\/k\/peeter-kormasov\/","title":{"rendered":"Peeter Korma\u0161ov"},"content":{"rendered":"<p>Peeter Korma\u0161ov (s\u00fcnd 10. X 1987) on kultuuriajakirjanik ja kirjanik.<\/p>\n\n\n\n<p>Korma\u0161ov s\u00fcndis Tallinnas kunstnike perekonnas, tema vanaisa oli maalikunstnik Nikolai Korma\u0161ov (1929-2012). Peeter Korma\u0161ov on l\u00f5petanud Tallinnas Kadrioru Saksa G\u00fcmnaasiumi ja Saksamaal Berliini Kunsti\u00fclikooli. Korma\u0161ov t\u00f6\u00f6tas \u00f5pingute ajal kokana. Ta on reisinud ja elatist teeninud kokat\u00f6\u00f6ga maailma eri paikades. Kultuuriajakirjanduses, millega ta tegeleb alates 2012. aastast, on ta tuntud eesk\u00e4tt kui kunsti-, ja kirjanduskriitik. Ta on alates 2024. aastast Eesti Kirjanike Liidu liige.<\/p>\n\n\n\n<p>Peeter Korma\u0161ovi 2012. aastal avaldatud proosaraamat \u201eIlma vaseliinita ehk 11 kuud seiklust\u201c jutustab n\u00fc\u00fcdisaja ajateenistusest. Humoorikalt ja kaasahaaravalt kirjutatud teos annab \u00fclevaatliku pildi Eesti Kaitsev\u00e4e hetkeolukorrast. Aus ja ilustamata lugu r\u00e4\u00e4gib lisaks ajateenistusele ka armastusest, s\u00f5prusest, m\u00f5nuainetest ja teistest noorte jaoks olulistest teemadest.<\/p>\n\n\n\n<p>2021. aastal ilmunud raamatus \u201ePeatusest peatusesse\u201c k\u00e4sitleb autor Berliinis elamise kogemuse kaudu \u00fcksindust, identiteedi otsinguid ja sisser\u00e4ndaja argip\u00e4eva. L\u00e4henemisviisis on eemaldutud tavap\u00e4rasest reisiromantikast.<\/p>\n\n\n\n<p>Korma\u0161ovi on nimetatud \u201e\u00fcksinduse p\u00f5lvkonna\u201c esindajaks, kes peegeldab noorema p\u00f5lvkonna ebakindlust, mobiilsust ja p\u00fcsivate juurte puudumist. Peeter Korma\u0161ovi teostele on iseloomulikud vahetu ja aus sisekaemus, sotsiaalne tundlikkus ning oskus siduda isiklikud kogemused laiema p\u00f5lvkondliku tunnetusega.<\/p>\n\n\n\n<p><em>L. P.<\/em><\/p>\n\n\n\n<h4 class=\"wp-block-heading\"><br>Raamatud eesti keeles<\/h4>\n\n\n\n<p><strong><em>Proosa<\/em><\/strong><br><strong>Ilma vaseliinita<\/strong>, ehk, 11 kuud seiklust: see on lugu ajateenistusest ja postmodernistlikust noorusest. K\u00f5ik tegelased on v\u00e4ljam\u00f5eldud ja seosed reaalsete isikutega juhuslikud: alla 16-aastastele mittesoovitatav. Tallinn: Jutulind, 2012. 192 lk.<br><strong>Peatusest peatusesse<\/strong>: \u00fcksinduse p\u00f5lvkonna reisijutt. Tallinn: Kormgraaf, 2021. 207 lk.<\/p>\n","protected":false},"excerpt":{"rendered":"<p>Peeter Korma\u0161ov (s\u00fcnd 10. X 1987) on kultuuriajakirjanik ja kirjanik. Korma\u0161ov s\u00fcndis Tallinnas kunstnike perekonnas, tema vanaisa oli maalikunstnik Nikolai Korma\u0161ov (1929-2012). Peeter Korma\u0161ov on l\u00f5petanud Tallinnas Kadrioru Saksa G\u00fcmnaasiumi ja Saksamaal Berliini Kunsti\u00fclikooli. Korma\u0161ov t\u00f6\u00f6tas \u00f5pingute ajal kokana. Ta &#8230;<\/p>\n","protected":false},"author":43,"featured_media":0,"parent":6484,"menu_order":0,"comment_status":"closed","ping_status":"closed","template":"","meta":{"_acf_changed":false,"inline_featured_image":false,"footnotes":""},"class_list":["post-8967","page","type-page","status-publish","hentry"],"acf":[],"_links":{"self":[{"href":"https:\/\/sisu.ut.ee\/ewod\/et\/wp-json\/wp\/v2\/pages\/8967","targetHints":{"allow":["GET"]}}],"collection":[{"href":"https:\/\/sisu.ut.ee\/ewod\/et\/wp-json\/wp\/v2\/pages"}],"about":[{"href":"https:\/\/sisu.ut.ee\/ewod\/et\/wp-json\/wp\/v2\/types\/page"}],"author":[{"embeddable":true,"href":"https:\/\/sisu.ut.ee\/ewod\/et\/wp-json\/wp\/v2\/users\/43"}],"replies":[{"embeddable":true,"href":"https:\/\/sisu.ut.ee\/ewod\/et\/wp-json\/wp\/v2\/comments?post=8967"}],"version-history":[{"count":1,"href":"https:\/\/sisu.ut.ee\/ewod\/et\/wp-json\/wp\/v2\/pages\/8967\/revisions"}],"predecessor-version":[{"id":8968,"href":"https:\/\/sisu.ut.ee\/ewod\/et\/wp-json\/wp\/v2\/pages\/8967\/revisions\/8968"}],"up":[{"embeddable":true,"href":"https:\/\/sisu.ut.ee\/ewod\/et\/wp-json\/wp\/v2\/pages\/6484"}],"wp:attachment":[{"href":"https:\/\/sisu.ut.ee\/ewod\/et\/wp-json\/wp\/v2\/media?parent=8967"}],"curies":[{"name":"wp","href":"https:\/\/api.w.org\/{rel}","templated":true}]}}