{"id":8947,"date":"2026-05-04T14:40:38","date_gmt":"2026-05-04T11:40:38","guid":{"rendered":"https:\/\/sisu.ut.ee\/ewod\/?page_id=8947"},"modified":"2026-05-06T12:09:20","modified_gmt":"2026-05-06T09:09:20","slug":"kai-kask","status":"publish","type":"page","link":"https:\/\/sisu.ut.ee\/ewod\/et\/k\/kai-kask\/","title":{"rendered":"Kai Kask"},"content":{"rendered":"<p>Kai Kask (kodanikunimega Kai Olivia Arrak, kandnud ka nime Kai Kehlmann, s\u00fcnd. 18. VII 1968) on novellikirjanik.<\/p>\n\n\n\n<p>Kai Kask on l\u00f5petanud 1994. aastal Tallinna Tehnika\u00fclikooli ja t\u00f6\u00f6tanud raamatupidajana. Ta on on alates 2024. aastast Eesti Kirjanike Liidu liige.<\/p>\n\n\n\n<p>Deb\u00fc\u00fctnovellikogu \u201eKogetud teosed\u201c (2018) peegeldab igap\u00e4evaelu tahke ja inimlikke kohtumisi. 2023. aastal ilmunud teine kogu \u201e\u00dcle t\u00e4nava\u201c h\u00f5lmab nii uusi kui ka ajakirjades Looming ja Vikerkaar varem avaldatud lugusid. Juttudes vaeb autor teravmeelsete t\u00e4helepanekute ja eluterve iroonilise vaatenurga kaudu inimeseks olemise ilu ja valu. Novellidele on iseloomulikud tugev kompositsioon ning t\u00e4pne ja teravmeelne keelekasutus. Kogumiku novell \u201eVaba langemine\u201c v\u00f5itis <a href=\"https:\/\/sisu.ut.ee\/ewod\/et\/t\/friedebert-tuglas\/\" data-type=\"page\" data-id=\"6932\">Tuglase<\/a> novellipreemia. Kai Kase novelle ilmub j\u00e4tkuvalt kogumikes ning kultuuriv\u00e4ljaannetes nagu Looming ja Vikerkaar.<\/p>\n\n\n\n<p>Kai Kask on tegelnud oma abikaasa J\u00fcri Arraku kunstip\u00e4randi s\u00fcstematiseerimise ja tutvustamisega. Selle t\u00f6\u00f6 k\u00e4igus on ta koostanud mahuka bibliograafilise kogumiku \u201eJ\u00fcri Arraku kunstiaed\u201c. Ta on \u00fcks J\u00fcri ja Kai Arraku fondi asutajatest ja eestvedajatest, mille eesm\u00e4rgiks on toetada vanemaealisi kunstnikke ja kirjanikke.<\/p>\n\n\n\n<p><em>L. P.<\/em><\/p>\n\n\n\n<h4 class=\"wp-block-heading\"><br>Raamatud eesti keeles<\/h4>\n\n\n\n<p><strong><em>Jutud<\/em><\/strong><br><strong>Kogetud teosed<\/strong>. Tallinn: Feikkirjastus, 2018. 154 lk.<br><strong>\u00dcle t\u00e4nava<\/strong>. Tallinn: T\u00e4nap\u00e4ev, 2023. 111 lk.<\/p>\n","protected":false},"excerpt":{"rendered":"<p>Kai Kask (kodanikunimega Kai Olivia Arrak, kandnud ka nime Kai Kehlmann, s\u00fcnd. 18. VII 1968) on novellikirjanik. Kai Kask on l\u00f5petanud 1994. aastal Tallinna Tehnika\u00fclikooli ja t\u00f6\u00f6tanud raamatupidajana. Ta on on alates 2024. aastast Eesti Kirjanike Liidu liige. Deb\u00fc\u00fctnovellikogu \u201eKogetud &#8230;<\/p>\n","protected":false},"author":43,"featured_media":0,"parent":6484,"menu_order":0,"comment_status":"closed","ping_status":"closed","template":"","meta":{"_acf_changed":false,"inline_featured_image":false,"footnotes":""},"class_list":["post-8947","page","type-page","status-publish","hentry"],"acf":[],"_links":{"self":[{"href":"https:\/\/sisu.ut.ee\/ewod\/et\/wp-json\/wp\/v2\/pages\/8947","targetHints":{"allow":["GET"]}}],"collection":[{"href":"https:\/\/sisu.ut.ee\/ewod\/et\/wp-json\/wp\/v2\/pages"}],"about":[{"href":"https:\/\/sisu.ut.ee\/ewod\/et\/wp-json\/wp\/v2\/types\/page"}],"author":[{"embeddable":true,"href":"https:\/\/sisu.ut.ee\/ewod\/et\/wp-json\/wp\/v2\/users\/43"}],"replies":[{"embeddable":true,"href":"https:\/\/sisu.ut.ee\/ewod\/et\/wp-json\/wp\/v2\/comments?post=8947"}],"version-history":[{"count":2,"href":"https:\/\/sisu.ut.ee\/ewod\/et\/wp-json\/wp\/v2\/pages\/8947\/revisions"}],"predecessor-version":[{"id":9010,"href":"https:\/\/sisu.ut.ee\/ewod\/et\/wp-json\/wp\/v2\/pages\/8947\/revisions\/9010"}],"up":[{"embeddable":true,"href":"https:\/\/sisu.ut.ee\/ewod\/et\/wp-json\/wp\/v2\/pages\/6484"}],"wp:attachment":[{"href":"https:\/\/sisu.ut.ee\/ewod\/et\/wp-json\/wp\/v2\/media?parent=8947"}],"curies":[{"name":"wp","href":"https:\/\/api.w.org\/{rel}","templated":true}]}}