{"id":8944,"date":"2026-05-04T13:08:29","date_gmt":"2026-05-04T10:08:29","guid":{"rendered":"https:\/\/sisu.ut.ee\/ewod\/?page_id=8944"},"modified":"2026-05-04T13:08:30","modified_gmt":"2026-05-04T10:08:30","slug":"kristel-algvere","status":"publish","type":"page","link":"https:\/\/sisu.ut.ee\/ewod\/et\/a\/kristel-algvere\/","title":{"rendered":"Kristel Algvere"},"content":{"rendered":"<p>Kristel Algvere (s\u00fcnd. 10. V 1989) on luuletaja ja keeleteadlane.<\/p>\n\n\n\n<p>Algvere on p\u00e4rit Hiiumaalt. Ta on l\u00f5petanud K\u00e4rdla \u00dchisg\u00fcmnaasiumi ning omandanud k\u00f5rghariduse Tartu \u00dclikoolis eesti keele ja kirjanduse erialal. Ta t\u00f6\u00f6tab keeleteaduse nooremteadurina Tartu \u00dclikooli eesti ja \u00fcldkeeleteaduse instituudis. Tema uurimisvaldkonnad on seotud eesti keele \u00f5petamisega ja keelealaste hoiakutega. Algvere tegutseb ka kohalikus Hiiumaa elus, kirjutades arvamuslugusid ajalehte Hiiu Leht. Ta on alates 2024. aastast Eesti Kirjanike Liidu liige.<\/p>\n\n\n\n<p>Algvere sulest on ilmunud kaks luulekogu: 2017. aastal \u201eMerehurmarohi\u201c ja 2024. aastal \u201eTeine kogu. Armastuse lugu\u201c. Ta on kirjutanud samuti novelle ja l\u00fchijutte, mida on avaldatud ajakirjas V\u00e4rske R\u00f5hk ja kultuurilehes Sirp.<\/p>\n\n\n\n<p>Algvere deb\u00fc\u00fctkogu \u201eMerehurmarohi\u201c on loodusl\u00e4hedane luuleraamat. See on m\u00e4rkamiste ja \u00e4ratundmiste luule, mille tekstid kulgevad m\u00f6\u00f6da Hiiumaa maastikke, aga ka Berliini ja Tartut. Algvere luulekeel on t\u00e4pne ja \u00f5huline, selles leidub huumorit ja helgeid hetki. Algvere \u201eTeine kogu\u201c juhatab lugeja l\u00e4bi aastate maastikest. Autor m\u00f5tiskleb usust, \u00fchiskonnast, armastusest ja eneseks saamisest. Proosaluuletused vahelduvad p\u00e4evikulaadsete tekstidega.<\/p>\n\n\n\n<p><em>L. P.<\/em><\/p>\n\n\n\n<h4 class=\"wp-block-heading\"><br>Raamatud eesti keeles<\/h4>\n\n\n\n<p><em><strong>Luule<\/strong><\/em><br><strong>Merehurmarohi<\/strong>. Tallinn: Kultuurileht, 2017. 79 lk.<br><strong>Teine kogu: armastuse lugu<\/strong>. Tartu: hapax legomenon, 2024. 137 lk. [Proosaluuletused.]<\/p>\n","protected":false},"excerpt":{"rendered":"<p>Kristel Algvere (s\u00fcnd. 10. V 1989) on luuletaja ja keeleteadlane. Algvere on p\u00e4rit Hiiumaalt. Ta on l\u00f5petanud K\u00e4rdla \u00dchisg\u00fcmnaasiumi ning omandanud k\u00f5rghariduse Tartu \u00dclikoolis eesti keele ja kirjanduse erialal. Ta t\u00f6\u00f6tab keeleteaduse nooremteadurina Tartu \u00dclikooli eesti ja \u00fcldkeeleteaduse instituudis. Tema &#8230;<\/p>\n","protected":false},"author":43,"featured_media":0,"parent":6457,"menu_order":0,"comment_status":"closed","ping_status":"closed","template":"","meta":{"_acf_changed":false,"inline_featured_image":false,"footnotes":""},"class_list":["post-8944","page","type-page","status-publish","hentry"],"acf":[],"_links":{"self":[{"href":"https:\/\/sisu.ut.ee\/ewod\/et\/wp-json\/wp\/v2\/pages\/8944","targetHints":{"allow":["GET"]}}],"collection":[{"href":"https:\/\/sisu.ut.ee\/ewod\/et\/wp-json\/wp\/v2\/pages"}],"about":[{"href":"https:\/\/sisu.ut.ee\/ewod\/et\/wp-json\/wp\/v2\/types\/page"}],"author":[{"embeddable":true,"href":"https:\/\/sisu.ut.ee\/ewod\/et\/wp-json\/wp\/v2\/users\/43"}],"replies":[{"embeddable":true,"href":"https:\/\/sisu.ut.ee\/ewod\/et\/wp-json\/wp\/v2\/comments?post=8944"}],"version-history":[{"count":1,"href":"https:\/\/sisu.ut.ee\/ewod\/et\/wp-json\/wp\/v2\/pages\/8944\/revisions"}],"predecessor-version":[{"id":8945,"href":"https:\/\/sisu.ut.ee\/ewod\/et\/wp-json\/wp\/v2\/pages\/8944\/revisions\/8945"}],"up":[{"embeddable":true,"href":"https:\/\/sisu.ut.ee\/ewod\/et\/wp-json\/wp\/v2\/pages\/6457"}],"wp:attachment":[{"href":"https:\/\/sisu.ut.ee\/ewod\/et\/wp-json\/wp\/v2\/media?parent=8944"}],"curies":[{"name":"wp","href":"https:\/\/api.w.org\/{rel}","templated":true}]}}