{"id":8921,"date":"2024-04-03T23:40:31","date_gmt":"2024-04-03T20:40:31","guid":{"rendered":"https:\/\/sisu.ut.ee\/ewod\/?page_id=8921"},"modified":"2026-05-03T15:04:37","modified_gmt":"2026-05-03T12:04:37","slug":"liis-sein","status":"publish","type":"page","link":"https:\/\/sisu.ut.ee\/ewod\/et\/s\/liis-sein\/","title":{"rendered":"Liis Sein"},"content":{"rendered":"<p>Liis Sein (s\u00fcnd. 9. III 1983) on laste- ja n\u00e4itekirjanik.<\/p>\n\n\n\n<p>Sein s\u00fcndis Tartus. Esimesed 13 eluaastat elas ta R\u00f5ngus ja \u00f5ppis sealses keskkoolis. Peale perekonna Tartusse kolimist j\u00e4tkus tema koolitee Tartu Karlova G\u00fcmnaasiumis. 2005. aastal omandas Liis Sein Tallinna \u00dclikoolis bakalaureusekraadi andragoogika erialal ning t\u00f6\u00f6tas aastaid selles valdkonnas, olles koolitusjuht Sisekaitseakadeemias ja Tartu \u00dclikooli Viljandi Kultuurikolled\u017eis. 2017. aastast alates t\u00f6\u00f6tab Liis Sein juhiabina Eesti Lastekirjanduse Keskuses. Liis Sein on 2022. aastast alates Eesti Kirjanike Liidu liige.<\/p>\n\n\n\n<p>Sein j\u00f5udis esimeste kirjat\u00f6\u00f6deni 2008. aastal t\u00e4nu \u00f5pingutele loovkirjutamise koolis Drakadeemia. Sellest ajast saadik on ta kirjutanud mitmeid lavatekste t\u00e4iskasvanutele, mis on leidnud esilet\u00f5stmist Eesti Teatri Agentuuri n\u00e4idendiv\u00f5istlustel.<\/p>\n\n\n\n<p>K\u00f5ige rohkem on Sein kirjutanud lasteraamatuid. Noorele lugejale m\u00f5eldud raamatud on kirjutatud lapsele arusaadavas lihtsas keeles ja on humoorikad. Ta on kirjutanud ka biograafiad lastele Lennart Merest ja <a href=\"https:\/\/sisu.ut.ee\/ewod\/et\/t\/leelo-tungal\/\" data-type=\"page\" data-id=\"7174\">Leelo Tunglast<\/a>. Seina teoseid on ilmunud leedu ja vene keeles.<\/p>\n\n\n\n<p>Seina raamatud on v\u00f5itnud neljal korral Hea Lasteraamatu auhinna (\u201eSaskia otsib v\u00e4rve\u201d, 2019, \u201eKartlik rebasepoeg\u201d, 2021, \u201eMona isep\u00e4ine isa\u201d, 2022 ja \u201eLennart Meri. President\u201d, 2025); \u201eMona isep\u00e4ine isa\u201d valiti ka Rahvusvahelise Noorteraamatukogu (Internationale Jugendbibliothek) kataloogi White Ravens.<\/p>\n\n\n\n<p><em>L. P.<\/em><\/p>\n\n\n\n<h4 class=\"wp-block-heading\"><br>Raamatud eesti keeles<\/h4>\n\n\n\n<p><strong><em>Lasteraamatud<\/em><\/strong><br><strong>Kuidas Saara suureks kasvas<\/strong>. Saue: P\u00e4ike ja Pilv, 2017. 30 lk.<br><strong>Vihmapilve suur soov<\/strong>. Saue: P\u00e4ike ja Pilv, 2018. 32 lk.<br><strong>Saskia otsib v\u00e4rve<\/strong>. Tallinn: Tammerraamat, 2019. 28 lk.<br><strong>Kartlik rebasepoeg<\/strong>. Tallinn: Tammerraamat, 2021. 24 lk.<br><strong>Maruvahva lasteaed: Haraldi ja Freia lood<\/strong>. Tallinn: Tammerraamat, 2021. 66 lk.<br><strong>Minu linn<\/strong>. Saue: P\u00e4ike ja Pilv, 2021. 34 lk.<br><strong>Minu tulevik Eestis: 40 vahvat ametit<\/strong>. Saue: P\u00e4ike ja Pilv, 2021. 64 lk.<br><strong>Ilus karuema<\/strong>. Tallinn: Tammerraamat, 2022. 25 lk.<br><strong>Mona isep\u00e4ine isa<\/strong>. Tallinn: Pegasus, 2022. 86 lk.<br><strong>Paberlaevuke<\/strong>. Laagri: \u00c4rkel, 2022. 34 lk.<br><strong>Minu maailm<\/strong>. Saue: P\u00e4ike ja Pilv, 2024, 34 lk.<br><strong>Mona erakordne ema<\/strong>. Tallinn: Pegasus, 2024, 87 lk.<br>Liis Sein, Pamela Samel, <strong>Miks Jaan?<\/strong> Saue: P\u00e4ike ja Pilv, 2025, 38 lk.<br><strong>Mona t\u00f5stab m\u00e4ssu<\/strong>. Tallinn: Pegasus, 2025, 83 lk.<br><strong>Vapper vanaisa<\/strong>. Tallinn: Tammerraamat, 2025, 56 lk.<\/p>\n\n\n\n<p><strong><em>Biograafiad lastele<\/em><\/strong><br>Liis Sein, Laura Verte, <strong>Lennart Meri : president : \u201eMeist iga\u00fchest s\u00f5ltub Eesti p\u00fcsimine.\u201c<\/strong> Kiili: Herta Kirjastus, 2025, 70 lk.<br>Liis Sein, Laura Verte, <strong>Leelo Tungal : lastekirjanik<\/strong>. Kiili: Herta Kirjastus, 2026, 85 lk.<\/p>\n\n\n\n<p><strong><em>N\u00e4idendid<\/em><\/strong><br><strong>Kummardage lipud: Kaitseliidu Sakala maleva 100. ja Eesti Vabariigi 100. aastap\u00e4evaks p\u00fchendatud n\u00e4idend<\/strong>. Viljandi: Sakala Malev, 2017. 63 lk.<\/p>\n","protected":false},"excerpt":{"rendered":"<p>Liis Sein (s\u00fcnd. 9. III 1983) on laste- ja n\u00e4itekirjanik. Sein s\u00fcndis Tartus. Esimesed 13 eluaastat elas ta R\u00f5ngus ja \u00f5ppis sealses keskkoolis. Peale perekonna Tartusse kolimist j\u00e4tkus tema koolitee Tartu Karlova G\u00fcmnaasiumis. 2005. aastal omandas Liis Sein Tallinna \u00dclikoolis &#8230;<\/p>\n","protected":false},"author":43,"featured_media":0,"parent":6505,"menu_order":0,"comment_status":"closed","ping_status":"closed","template":"","meta":{"_acf_changed":false,"inline_featured_image":false,"footnotes":""},"class_list":["post-8921","page","type-page","status-publish","hentry"],"acf":[],"_links":{"self":[{"href":"https:\/\/sisu.ut.ee\/ewod\/et\/wp-json\/wp\/v2\/pages\/8921","targetHints":{"allow":["GET"]}}],"collection":[{"href":"https:\/\/sisu.ut.ee\/ewod\/et\/wp-json\/wp\/v2\/pages"}],"about":[{"href":"https:\/\/sisu.ut.ee\/ewod\/et\/wp-json\/wp\/v2\/types\/page"}],"author":[{"embeddable":true,"href":"https:\/\/sisu.ut.ee\/ewod\/et\/wp-json\/wp\/v2\/users\/43"}],"replies":[{"embeddable":true,"href":"https:\/\/sisu.ut.ee\/ewod\/et\/wp-json\/wp\/v2\/comments?post=8921"}],"version-history":[{"count":2,"href":"https:\/\/sisu.ut.ee\/ewod\/et\/wp-json\/wp\/v2\/pages\/8921\/revisions"}],"predecessor-version":[{"id":8924,"href":"https:\/\/sisu.ut.ee\/ewod\/et\/wp-json\/wp\/v2\/pages\/8921\/revisions\/8924"}],"up":[{"embeddable":true,"href":"https:\/\/sisu.ut.ee\/ewod\/et\/wp-json\/wp\/v2\/pages\/6505"}],"wp:attachment":[{"href":"https:\/\/sisu.ut.ee\/ewod\/et\/wp-json\/wp\/v2\/media?parent=8921"}],"curies":[{"name":"wp","href":"https:\/\/api.w.org\/{rel}","templated":true}]}}