{"id":8909,"date":"2024-09-10T14:41:16","date_gmt":"2024-09-10T11:41:16","guid":{"rendered":"https:\/\/sisu.ut.ee\/ewod\/?page_id=8909"},"modified":"2026-05-03T14:22:59","modified_gmt":"2026-05-03T11:22:59","slug":"elo-selirand","status":"publish","type":"page","link":"https:\/\/sisu.ut.ee\/ewod\/et\/s\/elo-selirand\/","title":{"rendered":"Elo Selirand"},"content":{"rendered":"<p>Elo Selirand (ps Aliis J\u00f5e, s. 9. VII 1975) on filmi- ja telere\u017eiss\u00f6\u00f6r ning prosaist<\/p>\n\n\n\n<p>Selirand s\u00fcndis ja k\u00e4is koolis Tallinnas ning \u00f5ppis telere\u017eiid Tallinna Pedagoogika\u00fclikoolis. Ta on t\u00f6\u00f6tanud Eesti Raadios ja Eesti Televisioonis, 2003. aastast Eesti Rahvusringh\u00e4\u00e4lingu re\u017eiss\u00f6\u00f6r.<\/p>\n\n\n\n<p>Aliis J\u00f5e pseudon\u00fc\u00fcmi all ilmunud Aliisi-sarja raamatud \u201eViimane laev\u201c (2017), \u201e\u2026kes pole kunagi s\u00f6\u00f6nud homaari\u201c (2018) ja \u201eK\u00f5ik teed viivad Roomast\u201c (2021) keskenduvad \u00fcksikema elup\u00f6\u00f6retele, olles liigitatavad ladusalt loetavateks naistekateks. Elo Seliranna nime all ilmunud ja 2019. aastal <a href=\"https:\/\/sisu.ut.ee\/ewod\/et\/t\/a-h-tammsaare\/\" data-type=\"page\" data-id=\"8618\">A. H. Tammsaare<\/a> nimelise kirjanduspreemia p\u00e4lvinud romaan \u201eTormpuudlane\u201c (2018) vaatleb maagilise realismi v\u00f5tmes elusaatusi \u00fche sajandi v\u00e4ltel. Kriminaalromaani \u201eTormi m\u00e4rgid\u201c (2021) tegevus leiab aset 19. sajandi m\u00f5isaolustikus.<\/p>\n\n\n\n<p>Selirand on kirjutanud mitmeid dokumentaalteoseid (koroonapandeemiast, kromaatilisest kandlest ja puitmaja ehitamisest) ning m\u00e4lestusi t\u00f6\u00f6st Eesti Televisioonis.<\/p>\n\n\n\n<p>Selirand on mitmesuguste telesaadete ja filmide re\u017eiss\u00f6\u00f6r, stsenarist, assistent ja produtsent, muu hulgas l\u00fchim\u00e4ngufilmi \u201eKutsar koputab kolm korda\u201c (2010) re\u017eiss\u00f6\u00f6r ja stsenarist. 2007. aastal p\u00e4lvis ta Eesti Kultuurkapitali audiovisuaalse kunsti sihtkapitali parima taustaj\u00f5u preemia.<\/p>\n\n\n\n<p><em>A. K.<\/em><\/p>\n\n\n\n<h4 class=\"wp-block-heading\"><br>Raamatud eesti keeles<\/h4>\n\n\n\n<p><strong><em>Romaanid<\/em><\/strong><br>Aliis J\u00f5e, <strong>Viimane laev<\/strong>. Tallinn: Varrak, 2017, 191 lk. [2. tr\u00fckk: 2018.]<br><strong>Tormpuudlane<\/strong>. Tallinn: Hea Lugu, 2018, 237 lk<br>Aliis J\u00f5e, <strong>\u2026kes pole kunagi s\u00f6\u00f6nud homaari<\/strong>. Tallinn: Varrak, 2018, 262 lk<br>Aliis J\u00f5e, <strong>Unustamatu \u00d6\u00f6biku villa<\/strong>. Tallinn: Hea Lugu, 2020, 167 lk<br><strong>Tormi m\u00e4rgid<\/strong>. Tallinn: Varrak, 2021, 270 lk<br>Aliis J\u00f5e, <strong>K\u00f5ik teed viivad Roomast<\/strong>. Tallinn: Varrak, 2022, 223 lk<\/p>\n\n\n\n<p><strong><em>Lasteraamatud<\/em><\/strong><br><strong>Punane p\u00e4evik<\/strong>. Tallinn: T\u00e4nap\u00e4ev, 2020, 246 lk<\/p>\n\n\n\n<p><em><strong>Dokumentaalteosed ja m\u00e4lestused<\/strong><\/em><br><strong>Elu eesliinil: koroonalahing Kuressaare haiglas<\/strong>. Tallinn: T\u00e4nap\u00e4ev, 2020, 174 lk<br><strong>Kromaatilise kandle s\u00f5ge lugu : Els Roode m\u00e4lestuste p\u00f5hjal<\/strong>. Tallinn: Eesti Kandleliit, 2024, 176 lk.<br><strong>Seiklus nimega Seve, ehk, Kuidas ehitada maailma parimat puitmaja<\/strong>. Tallinn: Seve Ehituse AS, 2025, 126 lk.<br><strong>Mata mu s\u00fcda telemajja<\/strong>. Tallinn: T\u00e4nap\u00e4ev, 2026, 312 lk. [M\u00e4lestused.]<\/p>\n","protected":false},"excerpt":{"rendered":"<p>Elo Selirand (ps Aliis J\u00f5e, s. 9. VII 1975) on filmi- ja telere\u017eiss\u00f6\u00f6r ning prosaist Selirand s\u00fcndis ja k\u00e4is koolis Tallinnas ning \u00f5ppis telere\u017eiid Tallinna Pedagoogika\u00fclikoolis. Ta on t\u00f6\u00f6tanud Eesti Raadios ja Eesti Televisioonis, 2003. aastast Eesti Rahvusringh\u00e4\u00e4lingu re\u017eiss\u00f6\u00f6r. Aliis &#8230;<\/p>\n","protected":false},"author":43,"featured_media":0,"parent":6505,"menu_order":0,"comment_status":"closed","ping_status":"closed","template":"","meta":{"_acf_changed":false,"inline_featured_image":false,"footnotes":""},"class_list":["post-8909","page","type-page","status-publish","hentry"],"acf":[],"_links":{"self":[{"href":"https:\/\/sisu.ut.ee\/ewod\/et\/wp-json\/wp\/v2\/pages\/8909","targetHints":{"allow":["GET"]}}],"collection":[{"href":"https:\/\/sisu.ut.ee\/ewod\/et\/wp-json\/wp\/v2\/pages"}],"about":[{"href":"https:\/\/sisu.ut.ee\/ewod\/et\/wp-json\/wp\/v2\/types\/page"}],"author":[{"embeddable":true,"href":"https:\/\/sisu.ut.ee\/ewod\/et\/wp-json\/wp\/v2\/users\/43"}],"replies":[{"embeddable":true,"href":"https:\/\/sisu.ut.ee\/ewod\/et\/wp-json\/wp\/v2\/comments?post=8909"}],"version-history":[{"count":1,"href":"https:\/\/sisu.ut.ee\/ewod\/et\/wp-json\/wp\/v2\/pages\/8909\/revisions"}],"predecessor-version":[{"id":8910,"href":"https:\/\/sisu.ut.ee\/ewod\/et\/wp-json\/wp\/v2\/pages\/8909\/revisions\/8910"}],"up":[{"embeddable":true,"href":"https:\/\/sisu.ut.ee\/ewod\/et\/wp-json\/wp\/v2\/pages\/6505"}],"wp:attachment":[{"href":"https:\/\/sisu.ut.ee\/ewod\/et\/wp-json\/wp\/v2\/media?parent=8909"}],"curies":[{"name":"wp","href":"https:\/\/api.w.org\/{rel}","templated":true}]}}