{"id":8878,"date":"2024-04-03T23:40:53","date_gmt":"2024-04-03T20:40:53","guid":{"rendered":"https:\/\/sisu.ut.ee\/ewod\/?page_id=8878"},"modified":"2026-05-03T12:41:46","modified_gmt":"2026-05-03T09:41:46","slug":"imre-siil","status":"publish","type":"page","link":"https:\/\/sisu.ut.ee\/ewod\/et\/s\/imre-siil\/","title":{"rendered":"Imre Siil"},"content":{"rendered":"<p>Imre Siil (s\u00fcndinud 24. III 1957) on riigiametnik, diplomaat ja kirjanik.<\/p>\n\n\n\n<p>Siil l\u00f5petas Kose Keskkooli 1974. aastal. Ta on \u00f5ppinud Eesti P\u00f5llumajanduse Akadeemias maaparandust ja Tartu Riiklikus \u00dclikoolis eesti keele ja kirjanduse erialal, mille l\u00f5petas 1982. aastal. 1992. aastal kaitses Siil Tartu \u00dclikoolis v\u00e4itekirja foneetika ja tehisk\u00f5ne alal ning omandas magistrikraadi. Ta on t\u00f6\u00f6tanud maaparandusvalitsuse jaoskonnajuhatajana, kirjanduse eriklasside \u00f5petajana, Tartu \u00dclikooli foneetikalektorina, K\u00fcberneetika Instituudi teaduri ja uurimisgrupi juhina, Teaduste Akadeemia osakonna teadussekret\u00e4rina, Riigikantselei direktorina ja Eesti Informaatikakeskuse direktorina. Ta on olnud Eesti \u00d5igust\u00f5lke Keskuse n\u00f5ukogu ja Avatud Hariduse Liidu esimees. Samuti on ta t\u00f6\u00f6tanud diplomaadina Soomes ja Prantsusmaal, esindades Eestit Euroopa N\u00f5ukogu juures, ja tegutsenud vabariigi valitsuse eriesindajana rahvusvahelistel l\u00e4bir\u00e4\u00e4kimistel, esindanud Eestit mitmes rahvusvahelises koost\u00f6\u00f6organisatsioonis ja osalenud eksperdina rahvusvaheliste organisatsioonide komisjonides ja missioonidel. Ta on t\u00f6\u00f6tanud diplomaadina Helsingi ja Bukaresti suursaatkonnas ning Eesti konsulina Rumeenias, Moldovas ja Bulgaarias. Imre Siil on avaldanud \u00fcle 70 erialase, teadusliku ja populaarteadusliku artikli.<\/p>\n\n\n\n<p>\u00dclikooli\u00f5pingute ajal toimetas Imre Siil Tartu \u00dclikooli ajalehe kirjandusrubriiki \u201eKrapp\u201d , kuulus Loomingu Raamatukogu v\u00e4ljaande \u201eS\u00f5na\u201d toimkonda ja oli aastatel 1979\u20131981 Tartu Noorte Autorite Koondise esimees. Imre Siil on Kirjanike Liidu liige 2014. aastast.<\/p>\n\n\n\n<p>Siil on avaldanud ohtralt l\u00fchiproosat ja arvustusi v\u00e4ljaannetes Looming, Vikerkaar, Sirp ja Vasar, Noorte H\u00e4\u00e4l, Eesti Ekspress ning mujal. 2022. aastal avaldas ta oma esimese luulekogu \u201eViibe\u201d. Ta on avaldanud ka kolm k\u00f6idet m\u00e4lestusi.<\/p>\n\n\n\n<p>Siili teostes on sageli vaatluse all k\u00f5rgetel kohtadel t\u00f6\u00f6tavad ametnikud, samuti selgema maailmapildita karjeristid. Nemadki satuvad oma eluk\u00e4igul eetiliste valikute ette, mille puhul on lahendusi rohkem kui \u00fcks. Siili loomingulistes tekstides avalduvad organiseeritus, v\u00e4ljapeetud stiil ja selges\u00f5nalisus.<\/p>\n\n\n\n<p>Imre Siili jutte on t\u00f5lgitud vene ja saksa keelde.<\/p>\n\n\n\n<p><em>L. P.<\/em><\/p>\n\n\n\n<h4 class=\"wp-block-heading\"><br>Raamatud eesti keeles<\/h4>\n\n\n\n<p><em><strong>Luule<\/strong><\/em><br><strong>Viibe<\/strong>. Tallinn: EKSA, 2022, 74 lk.<\/p>\n\n\n\n<p><strong><em>Jutud<\/em><\/strong><br><strong>Merer\u00f6\u00f6vlite loss<\/strong>. Tallinn: Pegasus, 2006, 240 lk.<br><strong>Marino Marini kontsert<\/strong>. Tallinn: Eesti Keele Sihtasutus, 2009, 213 lk.<br><strong>L\u00fchiromaan ja karused lood<\/strong>. Tallinn: Eesti Keele Sihtasutus, 2014, 212 lk.<br><strong>Ja teisedki tublid inimesed<\/strong>. Tallinn: Eesti Keele Sihtasutus, 2016, 248 lk.<br><strong>Medalimees<\/strong>: jutustused, n\u00e4idend. Tallinn: I. Siil, 2020, 270 lk.<br><strong>Lugusid endisaja lastest<\/strong>. Tallinn: EKSA, 2021, 215 lk.<br><strong>Randevuu Bertolucci v\u00e4ljakul<\/strong> : 21 novelli. Tallinn: EKSA, 2024, 290 lk.<br><strong>\u00d5nnelimiit ja hingepide<\/strong>. Tallinn: EKSA, 2025, 279 lk.<\/p>\n\n\n\n<p><strong><em>Reisikirjad<\/em><\/strong><br><strong>R\u00e4ndamisi. Minu v\u00e4ike reisiraamat<\/strong>. Tallinn: Go Group, 2016, 263 lk.<br><strong>Rumeenia t\u00f5simeelsed p\u00e4evikud<\/strong>. Tallinn: I. Siil, 2019, 240 lk.<\/p>\n\n\n\n<p><strong><em>M\u00e4lestused<\/em><\/strong><br><strong>Lapsep\u00f5lv N\u00f5ukogude Eestis<\/strong>: 1960.\u20131970. aastad. Tallinn: Hea Lugu, 2022, 223 lk.<br><strong>Noorusaeg N\u00f5ukogude Eestis: m\u00e4lestusi EPA-st, Tartu \u00dclikoolist ja muust elust aastail 1973\u20131992<\/strong>. Tallinn: Hea Lugu, 2023, 296 lk.<br><strong>Vabas Eestis: riiklikult ja diplomaatiliselt<\/strong>. Tallinn: Hea Lugu, 2024, 352 lk.<\/p>\n","protected":false},"excerpt":{"rendered":"<p>Imre Siil (s\u00fcndinud 24. III 1957) on riigiametnik, diplomaat ja kirjanik. Siil l\u00f5petas Kose Keskkooli 1974. aastal. Ta on \u00f5ppinud Eesti P\u00f5llumajanduse Akadeemias maaparandust ja Tartu Riiklikus \u00dclikoolis eesti keele ja kirjanduse erialal, mille l\u00f5petas 1982. aastal. 1992. aastal kaitses &#8230;<\/p>\n","protected":false},"author":43,"featured_media":0,"parent":6505,"menu_order":0,"comment_status":"closed","ping_status":"closed","template":"","meta":{"_acf_changed":false,"inline_featured_image":false,"footnotes":""},"class_list":["post-8878","page","type-page","status-publish","hentry"],"acf":[],"_links":{"self":[{"href":"https:\/\/sisu.ut.ee\/ewod\/et\/wp-json\/wp\/v2\/pages\/8878","targetHints":{"allow":["GET"]}}],"collection":[{"href":"https:\/\/sisu.ut.ee\/ewod\/et\/wp-json\/wp\/v2\/pages"}],"about":[{"href":"https:\/\/sisu.ut.ee\/ewod\/et\/wp-json\/wp\/v2\/types\/page"}],"author":[{"embeddable":true,"href":"https:\/\/sisu.ut.ee\/ewod\/et\/wp-json\/wp\/v2\/users\/43"}],"replies":[{"embeddable":true,"href":"https:\/\/sisu.ut.ee\/ewod\/et\/wp-json\/wp\/v2\/comments?post=8878"}],"version-history":[{"count":2,"href":"https:\/\/sisu.ut.ee\/ewod\/et\/wp-json\/wp\/v2\/pages\/8878\/revisions"}],"predecessor-version":[{"id":8881,"href":"https:\/\/sisu.ut.ee\/ewod\/et\/wp-json\/wp\/v2\/pages\/8878\/revisions\/8881"}],"up":[{"embeddable":true,"href":"https:\/\/sisu.ut.ee\/ewod\/et\/wp-json\/wp\/v2\/pages\/6505"}],"wp:attachment":[{"href":"https:\/\/sisu.ut.ee\/ewod\/et\/wp-json\/wp\/v2\/media?parent=8878"}],"curies":[{"name":"wp","href":"https:\/\/api.w.org\/{rel}","templated":true}]}}