{"id":8837,"date":"2024-04-03T23:40:55","date_gmt":"2024-04-03T20:40:55","guid":{"rendered":"https:\/\/sisu.ut.ee\/ewod\/?page_id=8837"},"modified":"2026-04-29T12:25:19","modified_gmt":"2026-04-29T09:25:19","slug":"mati-sirkel","status":"publish","type":"page","link":"https:\/\/sisu.ut.ee\/ewod\/et\/s\/mati-sirkel\/","title":{"rendered":"Mati Sirkel"},"content":{"rendered":"<figure class=\"wp-block-image alignright size-large is-resized\"><a href=\"https:\/\/sisu.ut.ee\/wp-content\/uploads\/sites\/108\/mati_sirkel_kalju_suur-scaled.jpg\"><img loading=\"lazy\" decoding=\"async\" width=\"752\" height=\"1024\" src=\"https:\/\/sisu.ut.ee\/wp-content\/uploads\/sites\/108\/mati_sirkel_kalju_suur-752x1024.jpg\" alt=\"\" class=\"wp-image-6167\" style=\"aspect-ratio:0.7343691443042639;width:276px;height:auto\" title=\"Foto: Kalju Suur\" srcset=\"https:\/\/sisu.ut.ee\/wp-content\/uploads\/sites\/108\/mati_sirkel_kalju_suur-752x1024.jpg 752w, https:\/\/sisu.ut.ee\/wp-content\/uploads\/sites\/108\/mati_sirkel_kalju_suur-220x300.jpg 220w, https:\/\/sisu.ut.ee\/wp-content\/uploads\/sites\/108\/mati_sirkel_kalju_suur-768x1046.jpg 768w, https:\/\/sisu.ut.ee\/wp-content\/uploads\/sites\/108\/mati_sirkel_kalju_suur-1127x1536.jpg 1127w, https:\/\/sisu.ut.ee\/wp-content\/uploads\/sites\/108\/mati_sirkel_kalju_suur-1503x2048.jpg 1503w, https:\/\/sisu.ut.ee\/wp-content\/uploads\/sites\/108\/mati_sirkel_kalju_suur-1920x2616.jpg 1920w, https:\/\/sisu.ut.ee\/wp-content\/uploads\/sites\/108\/mati_sirkel_kalju_suur-scaled.jpg 1879w\" sizes=\"auto, (max-width: 752px) 100vw, 752px\"><\/a><\/figure>\n\n\n\n<p>Mati Sirkel (12. X 1949) on t\u00f5lkija saksa keelest.<\/p>\n\n\n\n<p>Sirkel s\u00fcndis Paides, \u00f5ppis Rakkes, Tallinnas ja Tartu Riikliku \u00dclikooli ajaloo-keeleteaduskonnas saksa filoloogiat ja kirjandusteooriat. T\u00f6\u00f6tanud ENSV TA Keele ja Kirjanduse Instituudis ja n\u00f5ukogudeaegses suurettev\u00f5ttes Desintegraator, aastast 1982 kutseline t\u00f5lkija. Kirjanike Liidu liige aastast 1989, aastatel 1990-1995 v\u00e4lissekret\u00e4r ja aseesimees, 1995-2004 esimees. 1993-1996 Euroopa Kirjanike Kongressi juhatuse liige. Oli kultuurir\u00fchmituse Wellesto liige.<\/p>\n\n\n\n<p>Peamiselt on Sirkel tuntud kui \u00fcks parimaid ja viljakamaid saksakeelse kirjanduse t\u00f5lkijaid Eestis, kes on muuhulgas t\u00f5lkinud eesti keelde k\u00f5ik Franz Kafka ilukirjanduslikud tekstid. Lisaks ilukirjandusele t\u00f5lkinud ka teaduskirjandust, n\u00e4iteks Johan Huizinga \u201eKultuuriajaloo \u00fclesanne. Valik artikleid, esseid, k\u00f5nesid\u201c (2013) ning on saksa keelde t\u00f5lkinud Lennart Meri \u201ePresidendik\u00f5ned\u201c. T\u00f5lgitud teostele on kirjutanud p\u00f5hjalikke ees- ja j\u00e4rels\u00f5nu. Valiku kirjat\u00f6\u00f6dest pakuvad \u201eOrva-aastad: valik ees-, vahe- ja j\u00e4rels\u00f5nu t\u00f5lgetele ning m\u00f5ned lehelood\u201c (2004) ja \u201eUued orva-aastad\u201c (2009).<\/p>\n\n\n\n<p>Sirkel on p\u00e4lvinud Valget\u00e4he V klassi (2001) ja Riigivapi IV klassi teenetem\u00e4rgi (2006), Eesti Kultuurkapitali kirjanduse sihtkapitali aastapreemia Franz Kafka \u201eHiina m\u00fc\u00fcri ehitamisel: k\u00f5ik l\u00fchemad ja l\u00fchilood\u201c t\u00f5lke (2002) ja Robert Musili \u201eOmadusteta mehe\u201c ja teiste raamatute t\u00f5lkimise eest (2006), Austria Vabariigi t\u00f5lkepreemia (2002), Austria riikliku t\u00f5lkepreemia ilukirjanduslike t\u00f5lgete eest (2005), Austria Teaduse ja Kunsti Auristi (2009), saksa kultuuri vahendamise eest v\u00e4lismaal Friedrich Gundolfi nimelise auhinna(2013), Eesti Vabariigi kultuuripreemia Klaus Militzeri \u201eSaksa ordu ajalugu\u201c, Werner Bergengrueni \u201eNii taevas kui maa peal\u201c, Hermann Brochi \u201eVergiliuse surm\u201c ja Thomas Bernhardi \u201eVanad meistrid\u201c t\u00f5lgete eest (2014) ning Eesti Vabariigi kultuuri elut\u00f6\u00f6preemia (2022).<\/p>\n\n\n\n<p><em>A. K.<\/em><\/p>\n\n\n\n<h4 class=\"wp-block-heading\"><br>Raamatud eesti keeles<\/h4>\n\n\n\n<p><strong><em>Esseed, artiklid<\/em><\/strong><br><strong>Orva-aastad<\/strong>: valik ees-, vahe- ja j\u00e4rels\u00f5nu t\u00f5lgetele ning m\u00f5ned lehelood. Tallinn: Tuum, 2004, 239 lk<strong>.<\/strong><br><strong>Uued orva-aastad<\/strong>: kommentaarium. Tallinn: Tuum, 2009, 220 lk.<br><strong>Vanad vastuseta k\u00fcsimused<\/strong>: esseed, intervjuud, k\u00f5ned. Tallinn: Tuum, 2014, 190 lk.<br><strong>Goethe-aeg ja m\u00f5nda<\/strong>: esseed, saates\u00f5nad, intervjuu + Schleiermacher. Tallinn: Tuum, 2019, 152 lk.<br><strong>J\u00e4relm\u00e4rkmeid eluaegu: varia<\/strong>. Tallinn: Kirjastus Tuum, 2024, 153 lk.<\/p>\n","protected":false},"excerpt":{"rendered":"<p>Mati Sirkel (12. X 1949) on t\u00f5lkija saksa keelest. Sirkel s\u00fcndis Paides, \u00f5ppis Rakkes, Tallinnas ja Tartu Riikliku \u00dclikooli ajaloo-keeleteaduskonnas saksa filoloogiat ja kirjandusteooriat. T\u00f6\u00f6tanud ENSV TA Keele ja Kirjanduse Instituudis ja n\u00f5ukogudeaegses suurettev\u00f5ttes Desintegraator, aastast 1982 kutseline t\u00f5lkija. Kirjanike &#8230;<\/p>\n","protected":false},"author":43,"featured_media":0,"parent":6505,"menu_order":0,"comment_status":"closed","ping_status":"closed","template":"","meta":{"_acf_changed":false,"inline_featured_image":false,"footnotes":""},"class_list":["post-8837","page","type-page","status-publish","hentry"],"acf":[],"_links":{"self":[{"href":"https:\/\/sisu.ut.ee\/ewod\/et\/wp-json\/wp\/v2\/pages\/8837","targetHints":{"allow":["GET"]}}],"collection":[{"href":"https:\/\/sisu.ut.ee\/ewod\/et\/wp-json\/wp\/v2\/pages"}],"about":[{"href":"https:\/\/sisu.ut.ee\/ewod\/et\/wp-json\/wp\/v2\/types\/page"}],"author":[{"embeddable":true,"href":"https:\/\/sisu.ut.ee\/ewod\/et\/wp-json\/wp\/v2\/users\/43"}],"replies":[{"embeddable":true,"href":"https:\/\/sisu.ut.ee\/ewod\/et\/wp-json\/wp\/v2\/comments?post=8837"}],"version-history":[{"count":2,"href":"https:\/\/sisu.ut.ee\/ewod\/et\/wp-json\/wp\/v2\/pages\/8837\/revisions"}],"predecessor-version":[{"id":8841,"href":"https:\/\/sisu.ut.ee\/ewod\/et\/wp-json\/wp\/v2\/pages\/8837\/revisions\/8841"}],"up":[{"embeddable":true,"href":"https:\/\/sisu.ut.ee\/ewod\/et\/wp-json\/wp\/v2\/pages\/6505"}],"wp:attachment":[{"href":"https:\/\/sisu.ut.ee\/ewod\/et\/wp-json\/wp\/v2\/media?parent=8837"}],"curies":[{"name":"wp","href":"https:\/\/api.w.org\/{rel}","templated":true}]}}