{"id":8825,"date":"2024-04-03T23:41:32","date_gmt":"2024-04-03T20:41:32","guid":{"rendered":"https:\/\/sisu.ut.ee\/ewod\/?page_id=8825"},"modified":"2026-04-28T20:13:57","modified_gmt":"2026-04-28T17:13:57","slug":"agu-sisask","status":"publish","type":"page","link":"https:\/\/sisu.ut.ee\/ewod\/et\/s\/agu-sisask\/","title":{"rendered":"Agu Sisask"},"content":{"rendered":"<figure class=\"wp-block-image alignright size-large is-resized\"><a href=\"https:\/\/sisu.ut.ee\/wp-content\/uploads\/sites\/108\/a.sisask.jpg\"><img loading=\"lazy\" decoding=\"async\" width=\"876\" height=\"1024\" src=\"https:\/\/sisu.ut.ee\/wp-content\/uploads\/sites\/108\/a.sisask-876x1024.jpg\" alt=\"\" class=\"wp-image-6190\" style=\"aspect-ratio:0.85547939597606;width:253px;height:auto\" srcset=\"https:\/\/sisu.ut.ee\/wp-content\/uploads\/sites\/108\/a.sisask-876x1024.jpg 876w, https:\/\/sisu.ut.ee\/wp-content\/uploads\/sites\/108\/a.sisask-257x300.jpg 257w, https:\/\/sisu.ut.ee\/wp-content\/uploads\/sites\/108\/a.sisask-768x898.jpg 768w, https:\/\/sisu.ut.ee\/wp-content\/uploads\/sites\/108\/a.sisask-1313x1536.jpg 1313w, https:\/\/sisu.ut.ee\/wp-content\/uploads\/sites\/108\/a.sisask.jpg 1374w\" sizes=\"auto, (max-width: 876px) 100vw, 876px\"><\/a><\/figure>\n\n\n\n<p>Agu Sisask (s\u00fcnd. 20. VIII 1940) on t\u00f5lkija, kirjanik ja luuletaja.<\/p>\n\n\n\n<p>Ta s\u00fcndis Tartus kiriku\u00f5petaja pojana.\u00a0 Sisaski haridustee sai alguse R\u00f5ngu koolist, \u00fche aasta \u00f5ppis ta Elva keskkoolis. Ta l\u00f5petas 1958. aastal\u00a0Tartu 3. Keskkooli. Aastatel 1961\u20131963 \u00f5ppis\u00a0ta EELK konsistooriumi usuteaduse instituudis, kus kuulas ka Uku Masingu ja Elmar Salumaa loenguid ja \u00f5ppis ladina, heebrea ja kreeka keelt. Aastatel 1963\u20131966 ja 1971\u20131974 \u00f5ppis Sisask Leningradi Riikliku \u00dclikooli\u00a0idamaade teaduskonnas, mille l\u00f5petas 1974. aastal jaapani keele ja ajaloo erialal. Ta on olnud aastatel 1966\u20131971\u00a0Eesti Televisiooni\u00a0kunsti- ja kirjandussaadete ning ajalehe Televisioon toimetaja, aastatel 1974\u20131982 Eesti NSV Rahvakontrollikomitee\u00a0esimehe abi, 1982\u20131983 ajakirja Looming peatoimetaja aset\u00e4itja, 1983\u20131994\u00a0Loomingu Raamatukogu\u00a0peatoimetaja. NLKP liige 1971-1989. 1994. aastast alates on Sisask vabakutseline literaat. Kirjanike Liidu liige 1995. aastast.<\/p>\n\n\n\n<p>Ta on t\u00f5lkinud\u00a0jaapani keelest\u00a0eesti keelde jaapani ilukirjandust ning kirjutanud Jaapani-ainelist luulet, proosat ja m\u00e4lestusi. 1985. aastal ilmunud proosaluuletuste kogu \u201eM\u00e4gi ja lehvik\u201c on inspireeritud autori isiklikest kokkupuudetest Jaapani elu- ja vaimulaadiga. Selles raamatus on idamaist nukrust ja tundeh\u00f5rkust, p\u00fc\u00fcdlust s\u00fc\u00fcvida jaapani hinge. Poeemis \u201eDraakonilend\u201c (1987) on orientaalne elutunnetus seostatud eesti ja slaavi folklooriga ning modernsete elementidega. Ka elulooraamatus \u201eKummalised seosed\u201c on olulisel kohal kokkupuuted jaapanlastega.<\/p>\n\n\n\n<p>Sisask on t\u00f5lkinud jaapani keelest kaksteist romaani, nende hulgas Kobo Abe kolm romaani ning Yasunari Kawabata romaanid \u201eM\u00e4e h\u00e4\u00e4l\u201c ja \u201eTuhat kurge\u201c. Ta on mitmetele oma t\u00f5lgetele kirjutanud p\u00f5hjalikud saates\u00f5nad.<\/p>\n\n\n\n<p>Lisaks Jaapani V\u00e4lisministeeriumi aukirjale on talle jaapani kirjanduse tutvustamise ning Jaapani ja Eesti vaheliste s\u00f5prussuhete arendamise eest 2019. aastal annetatud Jaapani keiserlik T\u00f5usva P\u00e4ikese orden kuldsete ja h\u00f5bedaste kiirtega.<\/p>\n\n\n\n<p><em>L. P.<\/em><\/p>\n\n\n\n<h4 class=\"wp-block-heading\"><br>Raamatud eesti keeles<\/h4>\n\n\n\n<p><strong><em>Luule<\/em><\/strong><br><strong>M\u00e4gi ja lehvik<\/strong>. Tallinn: Eesti Raamat, 1985, 55 lk.<br><strong>Draakonilend<\/strong>. Poeem. Tallinn: Eesti Raamat, 1987, 46 lk.<br><strong>Ja mu t\u00e4hendamiss\u00f5naks on vabadus<\/strong>. Tallinn: Loomingu Raamatukogu, 1989, 30 lk.<\/p>\n\n\n\n<p><strong><em>Proosa<\/em><\/strong><br><strong>M\u00f5rv Jaapanis<\/strong>. L\u00fchiromaan. Tallinn: Perioodika, 1994, 93 lk.<br><strong>Yumiko<\/strong>. Tallinn: Pegasus, 2002, 126 lk.<br><strong>Siin, H\u00fcpoloonias<\/strong>. Tallinn: Hotger, 2003, 89 lk.<\/p>\n\n\n\n<p><strong><em>M\u00e4lestused<\/em><\/strong><br><strong>Kummalised seosed<\/strong>. Tallinn: T\u00e4nap\u00e4ev, 2009, 232 lk.<br><strong>Elust ja inimestest<\/strong>. Meenutusteraamat. Tallinn: Tormikiri, 2011, 110 lk.<\/p>\n","protected":false},"excerpt":{"rendered":"<p>Agu Sisask (s\u00fcnd. 20. VIII 1940) on t\u00f5lkija, kirjanik ja luuletaja. Ta s\u00fcndis Tartus kiriku\u00f5petaja pojana.\u00a0 Sisaski haridustee sai alguse R\u00f5ngu koolist, \u00fche aasta \u00f5ppis ta Elva keskkoolis. Ta l\u00f5petas 1958. aastal\u00a0Tartu 3. Keskkooli. Aastatel 1961\u20131963 \u00f5ppis\u00a0ta EELK konsistooriumi usuteaduse &#8230;<\/p>\n","protected":false},"author":43,"featured_media":0,"parent":6505,"menu_order":0,"comment_status":"closed","ping_status":"closed","template":"","meta":{"_acf_changed":false,"inline_featured_image":false,"footnotes":""},"class_list":["post-8825","page","type-page","status-publish","hentry"],"acf":[],"_links":{"self":[{"href":"https:\/\/sisu.ut.ee\/ewod\/et\/wp-json\/wp\/v2\/pages\/8825","targetHints":{"allow":["GET"]}}],"collection":[{"href":"https:\/\/sisu.ut.ee\/ewod\/et\/wp-json\/wp\/v2\/pages"}],"about":[{"href":"https:\/\/sisu.ut.ee\/ewod\/et\/wp-json\/wp\/v2\/types\/page"}],"author":[{"embeddable":true,"href":"https:\/\/sisu.ut.ee\/ewod\/et\/wp-json\/wp\/v2\/users\/43"}],"replies":[{"embeddable":true,"href":"https:\/\/sisu.ut.ee\/ewod\/et\/wp-json\/wp\/v2\/comments?post=8825"}],"version-history":[{"count":2,"href":"https:\/\/sisu.ut.ee\/ewod\/et\/wp-json\/wp\/v2\/pages\/8825\/revisions"}],"predecessor-version":[{"id":8828,"href":"https:\/\/sisu.ut.ee\/ewod\/et\/wp-json\/wp\/v2\/pages\/8825\/revisions\/8828"}],"up":[{"embeddable":true,"href":"https:\/\/sisu.ut.ee\/ewod\/et\/wp-json\/wp\/v2\/pages\/6505"}],"wp:attachment":[{"href":"https:\/\/sisu.ut.ee\/ewod\/et\/wp-json\/wp\/v2\/media?parent=8825"}],"curies":[{"name":"wp","href":"https:\/\/api.w.org\/{rel}","templated":true}]}}