{"id":8770,"date":"2024-04-03T23:41:53","date_gmt":"2024-04-03T20:41:53","guid":{"rendered":"https:\/\/sisu.ut.ee\/ewod\/?page_id=8770"},"modified":"2026-04-28T13:56:05","modified_gmt":"2026-04-28T10:56:05","slug":"reet-sool","status":"publish","type":"page","link":"https:\/\/sisu.ut.ee\/ewod\/et\/s\/reet-sool\/","title":{"rendered":"Reet Sool"},"content":{"rendered":"<p>Reet Sool (1. XII 1951 \u2013 30. XII 2021) oli luuletaja ja kirjandusteadlane.<\/p>\n\n\n\n<p><a><\/a><a><\/a> Sool s\u00fcndis P\u00e4rnus ja l\u00f5petas 1970. aastal P\u00e4rnu 1. Keskkooli. 1976. aastal l\u00f5petas ta Tartu Riikliku \u00dclikooli inglise filoloogina. 1978. aastal astus ta TR\u00dc aspirantuuri ja l\u00f5petas selle 1982. aastal. 1983. aastal kaitses ta Moskva Riiklikus \u00dclikoolis filoloogiakandidaadi kraadi v\u00e4itekirjaga \u201eSatiirilisi tendentse 1960.\u20131970. aastate Ameerika romaanis\u201c. Ta t\u00e4iendas end 1990. aastal Edinburghi \u00dclikoolis inglise ja \u0161oti kirjanduse alal ning 1993. aastal Toronto \u00dclikoolis kanada kirjanduse alal.<\/p>\n\n\n\n<p>Reet Sool t\u00f6\u00f6tas aastatel 1973\u20131974 TR\u00dc raamatukogu bibliograafina ja aastatel 1974\u20131975 Eesti P\u00f5llumajandusakadeemia laborandina. P\u00e4rast \u00fclikooli l\u00f5petamist j\u00e4i ta t\u00f6\u00f6le TR\u00dc filoloogiateaduskonda: aastatel 1976\u20131978 t\u00f6\u00f6tas ta v\u00f5\u00f5rkeelte kateedris \u00f5petajana, 1982\u20131984 inglise filoloogia kateedris \u00f5petajana, 1984\u20131989 vanem\u00f5petajana, 1989\u20131992 dotsendina. Tema \u00f5ppet\u00f6\u00f6 h\u00f5lmas inglise ja ameerika kirjandust ning inglise keelt p\u00f5hikeelena.<\/p>\n\n\n\n<p><a><\/a> 1992. aastast alates j\u00e4tkas ta dotsendina filosoofiateaduskonna germaani-romaani filoloogia osakonna inglise filoloogia \u00f5ppetoolis. Ta juhendas ameerika kirjanduse, kirjandusteooria ja James Joyce\u2019i ainekursuseid.<\/p>\n\n\n\n<p><a><\/a><a><\/a> Aastatel 1993\u20131994 ja 1995 t\u00f6\u00f6tas ta Michigani \u00dclikoolis, 1998. aastal Belfasti Queensi \u00dclikoolis ning aastatel 1999\u20132000 Fulbrighti stipendiumiga California \u00dclikoolis Berkeleys. 2005. aastal oli ta Toronto \u00dclikooli k\u00fclalisuurija. Sool oli Eesti V\u00f5rdleva Kirjandusteaduse Assotsiatsiooni asutajaliige ning P\u00f5hja-Ameerika Balti Keskuse, Eesti Briti-uuringute Keskuse ja Rahvusvahelise V\u00f5rdleva Kirjandusteaduse Assotsiatsiooni liige, samuti Eesti Kanada-uuringute Assotsiatsiooni asutajaliige ja president.<\/p>\n\n\n\n<p><a><\/a> Reet Sool luuletas nii eesti kui inglise keeles. Tema kolm luulekogu j\u00e4rgivad klassikalisi luuletraditsioone. V\u00e4rsivorm on selgekujuline, enamasti kasutab autor l\u00f5ppriime ning m\u00e4ngib leidlikult eesti ja inglise keele mitmet\u00e4henduslike s\u00f5nadega. Ohtrasti leidub motiive ja m\u00f5jutusi antiigist, klassikalisest ingliskeelsest kirjandusest ja m\u00f6\u00f6dunud sajandite Euroopa kultuuriloost. Esineb m\u00e4lupilte USA suurlinnadest ning meeleolusid Eesti v\u00e4ikelinnadest ja loodusest. L\u00e4bivaid teemasid on surmam\u00f5tted argip\u00e4evase meelisklemise varjus ning uni kui paratamatus ja p\u00e4\u00e4setee olmev\u00e4simusest.<\/p>\n\n\n\n<p>1990. aastal ilmus Reet Soola t\u00f5lkes lasteraamat \u201eNigeeria muinasjutte\u201c. 1994. aastal autasustati teda <a href=\"https:\/\/sisu.ut.ee\/ewod\/et\/v\/henrik-visnapuu\/\" data-type=\"page\" data-id=\"6849\">Henrik Visnapuu<\/a> luule t\u00f5lkimise ja tutvustamise eest Henrik Visnapuu auhinnaga. 2015. aastal p\u00e4lvis ta Tartu \u00dclikooli v\u00e4ikese medali.<\/p>\n\n\n\n<p><em>L. P.<\/em><\/p>\n\n\n\n<h4 class=\"wp-block-heading\"><br>Raamatud eesti keeles<\/h4>\n\n\n\n<p><strong><em>Luule<\/em><\/strong><br><strong>Jahe kuu<\/strong>. Tallinn: UMARA, 1997. 111 lk.<br><strong>Murdub \u00e4\u00e4r. River runs<\/strong>. Tallinn: Penikoorem, 2001. 69 lk.<br><strong>\u00d5rn Morpheus. Sweet Morpheus<\/strong>. Tallinn: Varrak, 2007. 123 lk.<\/p>\n","protected":false},"excerpt":{"rendered":"<p>Reet Sool (1. XII 1951 \u2013 30. XII 2021) oli luuletaja ja kirjandusteadlane. Sool s\u00fcndis P\u00e4rnus ja l\u00f5petas 1970. aastal P\u00e4rnu 1. Keskkooli. 1976. aastal l\u00f5petas ta Tartu Riikliku \u00dclikooli inglise filoloogina. 1978. aastal astus ta TR\u00dc aspirantuuri ja l\u00f5petas &#8230;<\/p>\n","protected":false},"author":43,"featured_media":0,"parent":6505,"menu_order":0,"comment_status":"closed","ping_status":"closed","template":"","meta":{"_acf_changed":false,"inline_featured_image":false,"footnotes":""},"class_list":["post-8770","page","type-page","status-publish","hentry"],"acf":[],"_links":{"self":[{"href":"https:\/\/sisu.ut.ee\/ewod\/et\/wp-json\/wp\/v2\/pages\/8770","targetHints":{"allow":["GET"]}}],"collection":[{"href":"https:\/\/sisu.ut.ee\/ewod\/et\/wp-json\/wp\/v2\/pages"}],"about":[{"href":"https:\/\/sisu.ut.ee\/ewod\/et\/wp-json\/wp\/v2\/types\/page"}],"author":[{"embeddable":true,"href":"https:\/\/sisu.ut.ee\/ewod\/et\/wp-json\/wp\/v2\/users\/43"}],"replies":[{"embeddable":true,"href":"https:\/\/sisu.ut.ee\/ewod\/et\/wp-json\/wp\/v2\/comments?post=8770"}],"version-history":[{"count":2,"href":"https:\/\/sisu.ut.ee\/ewod\/et\/wp-json\/wp\/v2\/pages\/8770\/revisions"}],"predecessor-version":[{"id":8773,"href":"https:\/\/sisu.ut.ee\/ewod\/et\/wp-json\/wp\/v2\/pages\/8770\/revisions\/8773"}],"up":[{"embeddable":true,"href":"https:\/\/sisu.ut.ee\/ewod\/et\/wp-json\/wp\/v2\/pages\/6505"}],"wp:attachment":[{"href":"https:\/\/sisu.ut.ee\/ewod\/et\/wp-json\/wp\/v2\/media?parent=8770"}],"curies":[{"name":"wp","href":"https:\/\/api.w.org\/{rel}","templated":true}]}}