{"id":8695,"date":"2024-04-03T23:41:17","date_gmt":"2024-04-03T20:41:17","guid":{"rendered":"https:\/\/sisu.ut.ee\/ewod\/?page_id=8695"},"modified":"2026-04-27T11:39:00","modified_gmt":"2026-04-27T08:39:00","slug":"%d0%b1%d0%be%d1%80%d0%b8%d1%81-%d1%88%d1%82%d0%b5%d0%b9%d0%bd-boriss-stein","status":"publish","type":"page","link":"https:\/\/sisu.ut.ee\/ewod\/et\/sh\/%d0%b1%d0%be%d1%80%d0%b8%d1%81-%d1%88%d1%82%d0%b5%d0%b9%d0%bd-boriss-stein\/","title":{"rendered":"\u0411\u043e\u0440\u0438\u0441 \u0428\u0442\u0435\u0439\u043d (Boriss \u0160tein)"},"content":{"rendered":"<figure class=\"wp-block-image alignright size-large\"><a href=\"https:\/\/sisu.ut.ee\/wp-content\/uploads\/sites\/108\/b._stein_elmar_koster-scaled.jpg\"><img loading=\"lazy\" decoding=\"async\" width=\"789\" height=\"1024\" src=\"https:\/\/sisu.ut.ee\/wp-content\/uploads\/sites\/108\/b._stein_elmar_koster-789x1024.jpg\" alt=\"\" class=\"wp-image-6181\" title=\"Foto: Elmar K\u00f6ster\" srcset=\"https:\/\/sisu.ut.ee\/wp-content\/uploads\/sites\/108\/b._stein_elmar_koster-789x1024.jpg 789w, https:\/\/sisu.ut.ee\/wp-content\/uploads\/sites\/108\/b._stein_elmar_koster-231x300.jpg 231w, https:\/\/sisu.ut.ee\/wp-content\/uploads\/sites\/108\/b._stein_elmar_koster-768x997.jpg 768w, https:\/\/sisu.ut.ee\/wp-content\/uploads\/sites\/108\/b._stein_elmar_koster-1183x1536.jpg 1183w, https:\/\/sisu.ut.ee\/wp-content\/uploads\/sites\/108\/b._stein_elmar_koster-1578x2048.jpg 1578w, https:\/\/sisu.ut.ee\/wp-content\/uploads\/sites\/108\/b._stein_elmar_koster-1920x2492.jpg 1920w, https:\/\/sisu.ut.ee\/wp-content\/uploads\/sites\/108\/b._stein_elmar_koster-scaled.jpg 1972w\" sizes=\"auto, (max-width: 789px) 100vw, 789px\"><\/a><\/figure>\n\n\n\n<p>Boriss \u0160tein (22. I 1933 \u2013 8. III 2017) oli Eesti NSV-s elanud vene luuletaja ja prosaist ning teenekas eesti luule t\u00f5lkija.<\/p>\n\n\n\n<p>Ta s\u00fcndis Leningradis vene juudi perekonnas. \u00d5ppis k\u00f5rgemas s\u00f5jav\u00e4emerekoolis. P\u00e4rast merekooli l\u00f5petamist 1955. aastal suunati Balti laevastiku teenistusse. Ta t\u00f6\u00f6tas laevadel ja Paldiski merev\u00e4ebaasis. \u0160tein hakkas kirjutama romantilisi luuletusi ja l\u00fc\u00fcrilist proosat, mida avaldati laevastiku ajalehes, kuid varsti ka Eesti venekeelsetes ajakirjandusv\u00e4ljaannetes. Tema esimene luulekogu \u201eLuigesaar\u201c (\u041b\u0435\u0431\u0435\u0434\u044c-\u043e\u0441\u0442\u0440\u043e\u0432) ilmus Tallinnas 1966. aastal.<\/p>\n\n\n\n<p>Boriss \u0160tein j\u00e4i p\u00e4rast v\u00e4eteenistusest vabanemist 1973. aastal pikemalt Eestisse. Alates 1972. aastast kuulus N\u00f5ukogude Liidu Kirjanike Liitu. Ta lahkus Eestist 1990. aastal ja asus elama Moskvasse. Sealt siirdus ta Iisraeli, kus suri 2017. aastal. Side Eestiga j\u00e4i alles: 2016. aastal ilmusid ajakirjas Tallinn tema humoorikad ja elutargad novellid.<\/p>\n\n\n\n<p>Boriss \u0160tein pidas Eestis elades v\u00e4ga erinevaid ameteid: oli metsat\u00f6\u00f6line, sadamat\u00f6\u00f6line, elevantide hooldaja loomaaias, teatri kirjandusala juhataja ning kirjandusajakirja Raduga \u00fcks toimetajatest. Aastatel 1973\u20131983 t\u00f6\u00f6tas \u0160tein vaheaegadega Eesti Kirjanike Liidu vene sektsiooni konsultandina. Ta oli l\u00e4hedane tuttav Eestis elanud maineka romaanikirjaniku Sergei Dovlatoviga, kes kasutas \u0160teini \u00fches oma teoses protot\u00fc\u00fcbina.<\/p>\n\n\n\n<p>\u0160teini varast luulet iseloomustab mereromantika, optimism ning harmoonia- ja huumoritunne. Hilisemad luuletused on m\u00f5tlikumad, peegeldavad elu vastuolulisust. Osa tema l\u00fc\u00fcrikast on inspireeritud Tallinna vanalinnast.<\/p>\n\n\n\n<p>Boriss \u0160teini looming on mitmek\u00fclgne. Lisaks luulele ja novellidele kirjutas muinasjutte ja \u00fche n\u00e4idendi, \u201eInimesed ja linnud\u201c (\u041b\u044e\u0434\u0438 \u0438 \u043f\u0442\u0438\u0446\u044b, 1978). 1978. aastal ilmus tema sulest v\u00e4rssidega t\u00e4iendatud olukirjeldus Baikal-Amuuri Magistraali (BAM-i) ehituse argip\u00e4evast.<\/p>\n\n\n\n<p>\u0160tein on t\u00f5lkinud vene keelde Betti Alveri, <a href=\"https:\/\/sisu.ut.ee\/ewod\/et\/a\/hendrik-adamson\/\" data-type=\"page\" data-id=\"7060\">Hendrik Adamsoni<\/a>, <a href=\"https:\/\/sisu.ut.ee\/ewod\/et\/e\/ernst-enno\/\" data-type=\"page\" data-id=\"6792\">Ernst Enno<\/a>, <a href=\"https:\/\/sisu.ut.ee\/ewod\/et\/h\/paul-haavaoks\/\" data-type=\"page\" data-id=\"6906\">Paul Haavaoksa<\/a>, <a href=\"https:\/\/sisu.ut.ee\/ewod\/et\/k\/manivald-kesamaa\/\" data-type=\"page\" data-id=\"7050\">Manivald Kesamaa<\/a>, Juhan Liivi, Ellen Niidu, Arvi Siia, Juhan Smuuli ja <a href=\"https:\/\/sisu.ut.ee\/ewod\/et\/t\/mats-traat\/\" data-type=\"page\" data-id=\"7071\">Mats Traadi<\/a> luulet. Ta on osalenud Eesti vene luuletajate kogumike koostamisel.<\/p>\n\n\n\n<p><em>L. P.<\/em><\/p>\n\n\n\n<h4 class=\"wp-block-heading\"><br>Raamatud vene keeles<\/h4>\n\n\n\n<p><strong><em><strong><em>Luule<\/em><\/strong><\/em><\/strong><br><strong>\u041b\u0435\u0431\u0435\u0434\u044c-\u043e\u0441\u0442\u0440\u043e\u0432<\/strong>: \u0441\u0442\u0438\u0445\u0438. \u0422\u0430\u043b\u043b\u0438\u043d: \u042d\u044d\u0441\u0442\u0438 \u0440\u0430\u0430\u043c\u0430\u0442, 1966. 98 pp.<br><strong>\u0421\u043a\u0432\u043e\u0437\u043d\u044f\u043a\u0438<\/strong>: \u0441\u0442\u0438\u0445\u0438 \u0438 \u043f\u0435\u0440\u0435\u0432\u043e\u0434\u044b.\u00a0\u0422\u0430\u043b\u043b\u0438\u043d: \u042d\u044d\u0441\u0442\u0438 \u0440\u0430\u0430\u043c\u0430\u0442, 1969. 134 pp.<br><strong>\u041f\u043e\u0434\u043e\u0440\u043e\u0436\u043d\u0438\u043a<\/strong>: \u0441\u0442\u0438\u0445\u0438, \u0431\u0430\u043b\u043b\u0430\u0434\u044b, \u043f\u0435\u0440\u0435\u0432\u043e\u0434\u044b.\u00a0\u0422\u0430\u043b\u043b\u0438\u043d: \u042d\u044d\u0441\u0442\u0438 \u0440\u0430\u0430\u043c\u0430\u0442, 1975. 139 pp.<br><strong>\u0412\u0435\u0447\u0435\u0440\u043d\u0438\u0439 \u0432\u0435\u0442\u0435\u0440<\/strong>: \u0441\u0442\u0438\u0445\u0438. \u0422\u0430\u043b\u043b\u0438\u043d: \u042d\u044d\u0441\u0442\u0438 \u0420\u0430\u0430\u043c\u0430\u0442, 1983. 175 pp.<br><strong>\u0416\u0438\u0432\u0443 \u0432 \u0433\u0443\u043c\u0430\u043d\u043d\u043e\u043c \u0410\u0448\u043a\u0435\u043b\u043e\u043d\u0435<\/strong>: \u0441\u0442\u0438\u0445\u0438 \u0440\u0430\u0437\u043d\u044b\u0445 \u043b\u0435\u0442.\u00a0\u0422\u0435\u043b\u044c-\u0410\u0432\u0438\u0432, 2007. 48 pp.<\/p>\n\n\n\n<p><strong><em><strong><em>Romaan<\/em><\/strong><\/em><\/strong><br><strong>\u0412\u043e\u0435\u043d\u043d\u043e-\u044d\u0440\u043e\u0442\u0438\u0447\u0435\u0441\u043a\u0438\u0439 \u0440\u043e\u043c\u0430\u043d \u0438 \u0434\u0440\u0443\u0433\u0438\u0435 \u0438\u0441\u0442\u043e\u0440\u0438\u0438<\/strong>.\u00a0\u0422\u0435\u043b\u044c-\u0410\u0432\u0438\u0432; \u041c\u043e\u0441\u043a\u0432\u0430: \u041a\u043d\u0438\u0433\u0430-\u0421\u044d\u0444\u0435\u0440, 2007. 185 pp.<\/p>\n\n\n\n<p><strong><em><strong><em>L\u00fchiproosa<\/em><\/strong><\/em><\/strong><br><strong>\u041d\u0430\u0447\u0430\u043b\u043e \u043b\u0438\u0447\u043d\u043e\u0439 \u0436\u0438\u0437\u043d\u0438<\/strong>\u00a0[\u0440\u0430\u0441\u0441\u043a\u0430\u0437\u044b \u0434\u043b\u044f \u0441\u0440\u0435\u0434\u043d\u0435\u0433\u043e \u0438 \u0441\u0442\u0430\u0440\u0448\u0435\u0433\u043e \u0448\u043a\u043e\u043b\u044c\u043d\u043e\u0433\u043e \u0432\u043e\u0437\u0440\u0430\u0441\u0442\u0430]. \u0422\u0430\u043b\u043b\u0438\u043d\u043d: \u042d\u044d\u0441\u0442\u0438 \u0440\u0430\u0430\u043c\u0430\u0442, 1977. 48 pp.<br><strong>\u0414\u043e\u043d\u043d\u044b\u0439 \u043b\u0435\u0434<\/strong>: \u043f\u043e\u0432\u0435\u0441\u0442\u044c.\u00a0\u041c\u043e\u0441\u043a\u0432\u0430: \u0421\u043e\u0432\u0435\u0442\u0441\u043a\u0438\u0439 \u043f\u0438\u0441\u0430\u0442\u0435\u043b\u044c, 1981. 215 pp.<br><strong>\u041e\u0442\u043f\u043b\u044b\u0442\u0438\u0435<\/strong>: \u0440\u0430\u0441\u0441\u043a\u0430\u0437\u044b. \u0422\u0430\u043b\u043b\u0438\u043d\u043d: \u042d\u044d\u0441\u0442\u0438 \u0440\u0430\u0430\u043c\u0430\u0442, 1981. 206 pp.<br><strong>\u0422\u043e\u0432\u0430\u0440\u0438\u0449 \u0412\u043e\u043b\u0448\u0435\u0431\u043d\u0438\u043a<\/strong>: \u043f\u0440\u0430\u0432\u0434\u0438\u0432\u0430\u044f \u043d\u043e\u0432\u043e\u0433\u043e\u0434\u043d\u044f\u044f \u0441\u043a\u0430\u0437\u043a\u0430.\u00a0\u0422\u0430\u043b\u043b\u0438\u043d\u043d: \u042d\u044d\u0441\u0442\u0438 \u0440\u0430\u0430\u043c\u0430\u0442, 1982. 11 pp.<br><strong>\u0421\u043e\u043b\u043d\u0446\u0435 \u043d\u0430 \u043f\u0435\u0440\u0435\u043a\u043b\u0430\u0434\u0438\u043d\u0435<\/strong>\u00a0[\u043f\u043e\u0432\u0435\u0441\u0442\u044c]. \u0422\u0430\u043b\u043b\u0438\u043d\u043d: \u042d\u044d\u0441\u0442\u0438 \u0440\u0430\u0430\u0430\u043c\u0430\u0442, 1990. 60 pp.<br><strong>\u041f\u043e\u0440\u0442<\/strong>: \u043f\u043e\u0432\u0435\u0441\u0442\u0438. \u041c\u043e\u0441\u043a\u0432\u0430: \u0421\u043e\u0432\u0435\u0442\u0441\u043a\u0438\u0439 \u043f\u0438\u0441\u0430\u0442\u0435\u043b\u044c, 1991. 318 pp.<br><strong>\u041c\u0430\u043b\u0435\u043d\u044c\u043a\u0438\u0439 \u043c\u0443\u0434\u0440\u0435\u0446<\/strong>: \u0434\u0435\u0442\u0435\u043a\u0442\u0438\u0432\u043d\u0430\u044f \u043f\u043e\u0432\u0435\u0441\u0442\u044c.\u00a0\u041a\u0444\u0430\u0440-\u0421\u0430\u0431\u0430: \u041a\u043d\u0438\u0433\u0430-\u0421\u0435\u0444\u0435\u0440, 2011. 286 pp.<br><strong>\u0421\u043a\u0430\u0437\u043a\u0438 \u0434\u043b\u044f \u0432\u0441\u0435\u0445<\/strong>.\u00a0\u0410\u0448\u043a\u0435\u043b\u043e\u043d: \u0411. \u0428\u0442\u0435\u0439\u043d, 2012. 187 pp.<\/p>\n\n\n\n<p><strong><em><strong><em>Reisikiri<\/em><\/strong><\/em><\/strong><br><strong>\u0422\u0430\u043c, \u0433\u0434\u0435 \u0445\u043e\u0434\u0438\u043b\u0438 \u0438\u0437\u044e\u0431\u0440\u044b: \u0441\u0442\u043e \u0434\u043d\u0435\u0439 \u043d\u0430 \u0411\u0410\u041c-\u0435<\/strong>.\u00a0\u0422\u0430\u043b\u043b\u0438\u043d\u043d: \u042d\u044d\u0441\u0442\u0438 \u0440\u0430\u0430\u043c\u0430\u0442, 1978. 78 pp.<\/p>\n","protected":false},"excerpt":{"rendered":"<p>Boriss \u0160tein (22. I 1933 \u2013 8. III 2017) oli Eesti NSV-s elanud vene luuletaja ja prosaist ning teenekas eesti luule t\u00f5lkija. Ta s\u00fcndis Leningradis vene juudi perekonnas. \u00d5ppis k\u00f5rgemas s\u00f5jav\u00e4emerekoolis. P\u00e4rast merekooli l\u00f5petamist 1955. aastal suunati Balti laevastiku teenistusse. &#8230;<\/p>\n","protected":false},"author":43,"featured_media":0,"parent":6507,"menu_order":0,"comment_status":"closed","ping_status":"closed","template":"","meta":{"_acf_changed":false,"inline_featured_image":false,"footnotes":""},"class_list":["post-8695","page","type-page","status-publish","hentry"],"acf":[],"_links":{"self":[{"href":"https:\/\/sisu.ut.ee\/ewod\/et\/wp-json\/wp\/v2\/pages\/8695","targetHints":{"allow":["GET"]}}],"collection":[{"href":"https:\/\/sisu.ut.ee\/ewod\/et\/wp-json\/wp\/v2\/pages"}],"about":[{"href":"https:\/\/sisu.ut.ee\/ewod\/et\/wp-json\/wp\/v2\/types\/page"}],"author":[{"embeddable":true,"href":"https:\/\/sisu.ut.ee\/ewod\/et\/wp-json\/wp\/v2\/users\/43"}],"replies":[{"embeddable":true,"href":"https:\/\/sisu.ut.ee\/ewod\/et\/wp-json\/wp\/v2\/comments?post=8695"}],"version-history":[{"count":2,"href":"https:\/\/sisu.ut.ee\/ewod\/et\/wp-json\/wp\/v2\/pages\/8695\/revisions"}],"predecessor-version":[{"id":8698,"href":"https:\/\/sisu.ut.ee\/ewod\/et\/wp-json\/wp\/v2\/pages\/8695\/revisions\/8698"}],"up":[{"embeddable":true,"href":"https:\/\/sisu.ut.ee\/ewod\/et\/wp-json\/wp\/v2\/pages\/6507"}],"wp:attachment":[{"href":"https:\/\/sisu.ut.ee\/ewod\/et\/wp-json\/wp\/v2\/media?parent=8695"}],"curies":[{"name":"wp","href":"https:\/\/api.w.org\/{rel}","templated":true}]}}