{"id":8691,"date":"2024-04-03T23:42:21","date_gmt":"2024-04-03T20:42:21","guid":{"rendered":"https:\/\/sisu.ut.ee\/ewod\/?page_id=8691"},"modified":"2026-04-27T10:38:37","modified_gmt":"2026-04-27T07:38:37","slug":"kaie-ilves","status":"publish","type":"page","link":"https:\/\/sisu.ut.ee\/ewod\/et\/i\/kaie-ilves\/","title":{"rendered":"Kaie Ilves"},"content":{"rendered":"<p>Kaie Ilves (s\u00fcnd. 14. X 1966) on ajakirjanik ja kirjanik.<\/p>\n\n\n\n<p>Ilves on s\u00fcndinud L\u00e4\u00e4nemaal, l\u00f5petanud 1985. aastal Lihula Keskkooli ja \u00f5ppinud Tallinna \u00dclikoolis eesti keele ja kirjanduse erialal. Ta on t\u00f6\u00f6tanud \u00f5petajana ja ajakirjanikuna. Ilves t\u00f6\u00f6tab ajakirjanikuna Haapsalus ilmuvas ajalehes \u201eL\u00e4\u00e4ne Elu\u201c.<\/p>\n\n\n\n<p>Kaie Ilves deb\u00fcteeris luuletustega ajakirjas Noorus 1986. aasta m\u00e4rtsis. Temalt on ilmunud kaksteist lasteraamatut. Mitme raamatu tegelased on kassid v\u00f5i muud loomad. Jutud on kirjutatud nii, et nendest tunneksid \u00e4ratundmisr\u00f5\u00f5mu ka t\u00e4iskasvanud lugejad.<\/p>\n\n\n\n<p>Ilveselt on ilmunud kolm luulekogu. 2017. aastal ilmunud luulekogu \u201eEikeegi\u201c kujutab endast kadunud (lapsep\u00f5lve)maailma vabav\u00e4rsilist kirjapanekut. Ka teises luulekogus \u201eKlaasipuhuja\u201c (2019) uitab autor m\u00e4lestustes, kuid teose meeleolu on helgem ja m\u00e4nglevam. Kolmas kogu \u201eIlmak\u00fcla\u201d (2025) kompab une ja \u00e4rkveloleku piire.<\/p>\n\n\n\n<p><em>L. P.<\/em><\/p>\n\n\n\n<h4 class=\"wp-block-heading\"><br>Raamatud eesti keeles<\/h4>\n\n\n\n<p><strong><em>Lasteraamatud<\/em><\/strong><br><strong>T\u00e4di, Motja ja teised<\/strong>. Habaja: Kentaur, 2012. 145 lk.<br><strong>S\u00fcnnip\u00e4ev<\/strong>. Tallinn: Eesti Raamat, 2013. 190 lk.<br><strong>T\u00e4di ja Motja teistmoodi suvi<\/strong>. Habaja: Kentaur, 2013. 128 lk.<br><strong>Vanaisa maja<\/strong>. Tallinn: Eesti Raamat, 2013. 175 lk.<br><strong>T\u00e4di, Motja ja Nipsik<\/strong>. Habaja: Kentaur, 2014. 187 lk.<br><strong>Vigur kellassepp<\/strong>. Tallinn: Eesti Raamat, 2015. 111 lk.<br><strong>Preili P\u00f6\u00f6rane ja teised kassid<\/strong>. Tallinn: P\u00e4ike ja Pilv, 2016. 63 lk.<br><strong>V\u00e4ike roostikukaru<\/strong>. Tallinn: Rahva Raamat, 2019. 31 lk.<br><strong>Ise\u00e4ralik konnapoeg<\/strong>. Tallinn: Rahva Raamat, 2021. 32 lk.<br><strong>Lihtsalt \u00fcks kass<\/strong>. Tallinn: \u00c4rkel, 2022. 91 lk.<br><strong>Amanda hirm<\/strong>. Tallinn: Argo, 2024. 31 lk.<br><strong>Liiga suur siilip\u00f5nn<\/strong>. Tallinn: Argo, 2025. 31 lk.<\/p>\n\n\n\n<p><strong><em>Luule<\/em><\/strong><br><strong>Eikeegi<\/strong>. Tartu: Ilmamaa, 2017. 71 lk.<br><strong>Klaasipuhuja<\/strong>. Haapsalu: K. Ilves-Hion, 2019. 92 lk.<br><strong>Ilmak\u00fcla<\/strong>. Tallinn: Lugu ja Lumm, 2025. 69 lk.<\/p>\n","protected":false},"excerpt":{"rendered":"<p>Kaie Ilves (s\u00fcnd. 14. X 1966) on ajakirjanik ja kirjanik. Ilves on s\u00fcndinud L\u00e4\u00e4nemaal, l\u00f5petanud 1985. aastal Lihula Keskkooli ja \u00f5ppinud Tallinna \u00dclikoolis eesti keele ja kirjanduse erialal. Ta on t\u00f6\u00f6tanud \u00f5petajana ja ajakirjanikuna. Ilves t\u00f6\u00f6tab ajakirjanikuna Haapsalus ilmuvas ajalehes &#8230;<\/p>\n","protected":false},"author":43,"featured_media":0,"parent":6480,"menu_order":0,"comment_status":"closed","ping_status":"closed","template":"","meta":{"_acf_changed":false,"inline_featured_image":false,"footnotes":""},"class_list":["post-8691","page","type-page","status-publish","hentry"],"acf":[],"_links":{"self":[{"href":"https:\/\/sisu.ut.ee\/ewod\/et\/wp-json\/wp\/v2\/pages\/8691","targetHints":{"allow":["GET"]}}],"collection":[{"href":"https:\/\/sisu.ut.ee\/ewod\/et\/wp-json\/wp\/v2\/pages"}],"about":[{"href":"https:\/\/sisu.ut.ee\/ewod\/et\/wp-json\/wp\/v2\/types\/page"}],"author":[{"embeddable":true,"href":"https:\/\/sisu.ut.ee\/ewod\/et\/wp-json\/wp\/v2\/users\/43"}],"replies":[{"embeddable":true,"href":"https:\/\/sisu.ut.ee\/ewod\/et\/wp-json\/wp\/v2\/comments?post=8691"}],"version-history":[{"count":2,"href":"https:\/\/sisu.ut.ee\/ewod\/et\/wp-json\/wp\/v2\/pages\/8691\/revisions"}],"predecessor-version":[{"id":8693,"href":"https:\/\/sisu.ut.ee\/ewod\/et\/wp-json\/wp\/v2\/pages\/8691\/revisions\/8693"}],"up":[{"embeddable":true,"href":"https:\/\/sisu.ut.ee\/ewod\/et\/wp-json\/wp\/v2\/pages\/6480"}],"wp:attachment":[{"href":"https:\/\/sisu.ut.ee\/ewod\/et\/wp-json\/wp\/v2\/media?parent=8691"}],"curies":[{"name":"wp","href":"https:\/\/api.w.org\/{rel}","templated":true}]}}