{"id":8669,"date":"2024-04-03T23:39:20","date_gmt":"2024-04-03T20:39:20","guid":{"rendered":"https:\/\/sisu.ut.ee\/ewod\/?page_id=8669"},"modified":"2026-04-24T23:41:50","modified_gmt":"2026-04-24T20:41:50","slug":"ave-taavet","status":"publish","type":"page","link":"https:\/\/sisu.ut.ee\/ewod\/et\/t\/ave-taavet\/","title":{"rendered":"Ave Taavet"},"content":{"rendered":"<figure class=\"wp-block-image alignright size-large is-resized\"><a href=\"https:\/\/sisu.ut.ee\/wp-content\/uploads\/sites\/108\/ave_taavet_alar_madisson.jpg\"><img loading=\"lazy\" decoding=\"async\" width=\"682\" height=\"1024\" src=\"https:\/\/sisu.ut.ee\/wp-content\/uploads\/sites\/108\/ave_taavet_vaike_alar_madisson-682x1024.jpg\" alt=\"\" class=\"wp-image-6368\" style=\"aspect-ratio:0.6660088901455246;width:236px;height:auto\" title=\"Foto: Alar Madisson\" srcset=\"https:\/\/sisu.ut.ee\/wp-content\/uploads\/sites\/108\/ave_taavet_vaike_alar_madisson-682x1024.jpg 682w, https:\/\/sisu.ut.ee\/wp-content\/uploads\/sites\/108\/ave_taavet_vaike_alar_madisson-200x300.jpg 200w, https:\/\/sisu.ut.ee\/wp-content\/uploads\/sites\/108\/ave_taavet_vaike_alar_madisson-768x1154.jpg 768w, https:\/\/sisu.ut.ee\/wp-content\/uploads\/sites\/108\/ave_taavet_vaike_alar_madisson-1022x1536.jpg 1022w, https:\/\/sisu.ut.ee\/wp-content\/uploads\/sites\/108\/ave_taavet_vaike_alar_madisson-1363x2048.jpg 1363w, https:\/\/sisu.ut.ee\/wp-content\/uploads\/sites\/108\/ave_taavet_vaike_alar_madisson-1920x2885.jpg 1920w, https:\/\/sisu.ut.ee\/wp-content\/uploads\/sites\/108\/ave_taavet_vaike_alar_madisson-scaled.jpg 1704w\" sizes=\"auto, (max-width: 682px) 100vw, 682px\"><\/a><\/figure>\n\n\n\n<p>Ave Taavet (s\u00fcnd. 16. X 1988) on prosaist, animaator, karikaturist ja kirjanduskriitik.<\/p>\n\n\n\n<p>Taavet on \u00f5ppinud Tartu Tamme G\u00fcmnaasiumis ja Tartu Lastekunstikoolis. Ta l\u00f5petas 2007. aastal Hugo Treffneri G\u00fcmnaasiumi. 2011. aastal l\u00f5petas Ave Taavet Tartu \u00dclikoolis ajaloo eriala. 2015. aastal omandas ta magistrikraadi Eesti Kunstiakadeemia animatsiooni osakonnas. Taavet on eesti meedias, sh Vikerkaares avaldanud karikatuure ning illustreerinud teiste kirjanike raamatuid. Ta on ka teinud anima- ja dokumentaalfilme, mis on olnud edukad rahvusvahelistel festivalidel, ning muusikavideosid Eesti artistidele.<\/p>\n\n\n\n<p class=\"Foto: Alar Madisson\">Taaveti esimene raamat \u201eValerahategija\u201d ilmus 2020. aastal ja kujutab endast l\u00fchijuttude kogumikku. Tema jutte iseloomustab argise ja \u00fcleloomuliku segunemine ning huumor. Taaveti teine raamat \u201eKarikaturisti eine\u201d (2021) sisaldab tema karikatuuride paremikku, samuti seitset karikatuuridest inspireeritud l\u00fchijuttu. Kolmas raamat, jutukogu \u201eKasukas\u201d (2024) sisaldab humoorika \u00fchiskonnakriitika k\u00f5rval ka eesti rahvap\u00e4rimusest p\u00e4rit motiive ja tegelasi. Kogus sisalduv novell \u201eTormides\u00f6\u00f6ja\u201d p\u00e4lvis August Gailiti novelliauhinna. Taavet valiti ka 2025-2027. aastal kirjanikupalga saajate hulka.<\/p>\n\n\n\n<p>Taavet tegutseb ka aktiivselt kirjanduskriitikuna. Ta on teinud kaast\u00f6\u00f6d v\u00e4ljaannetele M\u00fc\u00fcrileht, Sirp, Looming, Vikerkaar, KesKus ja V\u00e4rske R\u00f5hk.<\/p>\n\n\n\n<p><em>L. P.<\/em><\/p>\n\n\n\n<h4 class=\"wp-block-heading\"><br>Raamatud eesti keeles<\/h4>\n\n\n\n<p><strong><em>L\u00fchiproosa<\/em><\/strong><br><strong>Valerahategija<\/strong>. Tallinn: Kultuurileht, 2020. 133 lk.<br><strong>Karikaturisti eine.<\/strong> Tallinn: SA Kultuurileht, 2022, 147 lk.<br><strong>Kasukas.<\/strong> Tallinn: Kirjastus Pu\u00e4nt, 2024, 191 lk.<\/p>\n","protected":false},"excerpt":{"rendered":"<p>Ave Taavet (s\u00fcnd. 16. X 1988) on prosaist, animaator, karikaturist ja kirjanduskriitik. Taavet on \u00f5ppinud Tartu Tamme G\u00fcmnaasiumis ja Tartu Lastekunstikoolis. Ta l\u00f5petas 2007. aastal Hugo Treffneri G\u00fcmnaasiumi. 2011. aastal l\u00f5petas Ave Taavet Tartu \u00dclikoolis ajaloo eriala. 2015. aastal omandas &#8230;<\/p>\n","protected":false},"author":43,"featured_media":0,"parent":6510,"menu_order":0,"comment_status":"closed","ping_status":"closed","template":"","meta":{"_acf_changed":false,"inline_featured_image":false,"footnotes":""},"class_list":["post-8669","page","type-page","status-publish","hentry"],"acf":[],"_links":{"self":[{"href":"https:\/\/sisu.ut.ee\/ewod\/et\/wp-json\/wp\/v2\/pages\/8669","targetHints":{"allow":["GET"]}}],"collection":[{"href":"https:\/\/sisu.ut.ee\/ewod\/et\/wp-json\/wp\/v2\/pages"}],"about":[{"href":"https:\/\/sisu.ut.ee\/ewod\/et\/wp-json\/wp\/v2\/types\/page"}],"author":[{"embeddable":true,"href":"https:\/\/sisu.ut.ee\/ewod\/et\/wp-json\/wp\/v2\/users\/43"}],"replies":[{"embeddable":true,"href":"https:\/\/sisu.ut.ee\/ewod\/et\/wp-json\/wp\/v2\/comments?post=8669"}],"version-history":[{"count":3,"href":"https:\/\/sisu.ut.ee\/ewod\/et\/wp-json\/wp\/v2\/pages\/8669\/revisions"}],"predecessor-version":[{"id":8673,"href":"https:\/\/sisu.ut.ee\/ewod\/et\/wp-json\/wp\/v2\/pages\/8669\/revisions\/8673"}],"up":[{"embeddable":true,"href":"https:\/\/sisu.ut.ee\/ewod\/et\/wp-json\/wp\/v2\/pages\/6510"}],"wp:attachment":[{"href":"https:\/\/sisu.ut.ee\/ewod\/et\/wp-json\/wp\/v2\/media?parent=8669"}],"curies":[{"name":"wp","href":"https:\/\/api.w.org\/{rel}","templated":true}]}}