{"id":8618,"date":"2024-04-03T23:42:18","date_gmt":"2024-04-03T20:42:18","guid":{"rendered":"https:\/\/sisu.ut.ee\/ewod\/?page_id=8618"},"modified":"2026-04-24T13:39:29","modified_gmt":"2026-04-24T10:39:29","slug":"a-h-tammsaare","status":"publish","type":"page","link":"https:\/\/sisu.ut.ee\/ewod\/et\/t\/a-h-tammsaare\/","title":{"rendered":"A. H. Tammsaare"},"content":{"rendered":"<figure class=\"wp-block-image alignright size-large is-resized\"><a href=\"https:\/\/sisu.ut.ee\/wp-content\/uploads\/sites\/108\/tammsaare_a._h.jpg\"><img loading=\"lazy\" decoding=\"async\" width=\"620\" height=\"1024\" src=\"https:\/\/sisu.ut.ee\/wp-content\/uploads\/sites\/108\/tammsaare_a._h-620x1024.jpg\" alt=\"\" class=\"wp-image-5895\" style=\"aspect-ratio:0.6054660333313042;width:208px;height:auto\" title=\"Foto: J. &amp; P. Parikas\" srcset=\"https:\/\/sisu.ut.ee\/wp-content\/uploads\/sites\/108\/tammsaare_a._h-620x1024.jpg 620w, https:\/\/sisu.ut.ee\/wp-content\/uploads\/sites\/108\/tammsaare_a._h-182x300.jpg 182w, https:\/\/sisu.ut.ee\/wp-content\/uploads\/sites\/108\/tammsaare_a._h.jpg 726w\" sizes=\"auto, (max-width: 620px) 100vw, 620px\"><\/a><\/figure>\n\n\n\n<p>A. H. Tammsaare (kodanikunimi Anton Hansen, m\u00f5nikord nimetatud ka Anton Hansen Tammsaareks, 20. I 1878 \u2013 1. III 1940) oli proosakirjanik, n\u00e4itekirjanik ja esseist, eesti kirjandusklassik. Tema eepiline romaanipentaloogia \u201eT\u00f5de ja \u00f5igus\u201c on \u00fcks eesti kirjanduse m\u00e4\u00e4ravamaid teoseid.<\/p>\n\n\n\n<p>J\u00e4rvamaal Albu vallas Tammsaare-P\u00f5hja talus k\u00fcmnest lapsest neljandana s\u00fcndinud Anton Hansen valis oma pseudon\u00fc\u00fcmiks isatalu nime. P\u00e4rast erinevate ajalehtede juures ajakirjanikuna t\u00f6\u00f6tamist aastatel 1903\u20131907 \u00f5ppis ta Tartu \u00dclikoolis \u00f5igusteadust, teenides elatist ajakirjaniku ja teatrikriitikuna. Raske tuberkuloosi t\u00f5ttu oli Tammsaare sunnitud 1911. aastal \u00f5pingud katkestama ja elas aasta aega oma venna juures eraldatud metsak\u00fclas P\u00f5hja-Eestis Koitj\u00e4rvel. Haigusest taastumiseks tegi Tammsaare reisi Kaukaasiasse (1912\u20131913), mis oli tema ainus reis v\u00e4ljapoole Eestit. P\u00e4rast keerulist maooperatsiooni 1914. aastal elas Tammsaare oma venna perekonna juures kuni 1919. aastani, mil ta abiellus ja kolis Tallinna. Tammsaare oli elukutseline kirjanik kuni surmani.<\/p>\n\n\n\n<p>Tammsaare deb\u00fcteeris 1900. aastal proosalugudega ajalehes Postimees. Kasutades omaenda kogemusi talus ja erinevates maakohtades elamisest inspiratsioonina milj\u00f6\u00f6, tegelaste ja konfliktide loomisel, kujutab Tammsaare oma lugudes igap\u00e4evast k\u00fclaelu. Tudengip\u00f5lves m\u00f5jutas Tammsaaret teatud m\u00e4\u00e4ral Noor-Eesti liikumine, mis avaldub impressionistlikes \u201e\u00fcli\u00f5pilaslugudes\u201c (\u201ePikad sammud\u201c, 1908, \u201eNoored hinged\u201c, 1909 ja \u201e\u00dcle piiri\u201c, 1910), kus esiplaanil on tegelaste sisemaailma p\u00f5hjalik kujutamine ja p\u00f5hir\u00f5hk on noorte intellektuaalide vahelistel suhetel linnakeskkonnas. Need lood peegeldavad Tammsaare huvi oma aja sotsiaalsete ja sook\u00fcsimuste, sealhulgas naiste emantsipatsiooni vastu. 1915. aastal avaldas Tammsaare kunstiliste muinasjuttude ja miniatuuride kogumiku \u201ePoiss ja liblik\u201c, mis h\u00f5lmab kirjutisi aastatest 1909\u20131915. L\u00fchijutt \u201eVarjundid\u201c (1917), kus Musta mere \u00e4\u00e4res asuvas ranniku\u00e4\u00e4rses pansionaadis toimub traagiline armastuslugu, on tema viimane linnajuttude kogu.<\/p>\n\n\n\n<p>Tammsaare esikromaan \u201eK\u00f5rboja peremees\u201d (1922) keskendub kahele talule, Katkule ja K\u00f5rbojale, ning nende kahe p\u00e4rija varjatud vastastikusele k\u00fclget\u00f5mbele. Pealtn\u00e4ha lihtne lugu K\u00f5rboja talule uue peremehe otsimisest on esitatud keerulises narratiivses vormis ja kasutab piibellikku s\u00fcmboolikat. Laiemal tasandil anal\u00fc\u00fcsib Tammsaare romaan 20. sajandi alguse taasiseseisvunud Eesti Vabariigi k\u00fclaelu probleemistikku.<\/p>\n\n\n\n<p>Tammsaare peateoseks on ajasturomaan \u201eT\u00f5de ja \u00f5igus\u201d, I-V (1926\u20131933), mis esitab umbes 50 aasta pikkuse panoraami Eesti elust, alates 19. sajandi viimasest kolmandikust. See j\u00f5giromaan on kirjutatud tegelaste v\u00f5itlusest nelja erineva j\u00f5uga \u2013 maa, Jumala, \u00fchiskonna ja iseendaga, mis k\u00f5ik viivad allaandmiseni ning t\u00f5de ja \u00f5igus j\u00e4\u00e4vad suhtelisteks m\u00f5isteteks. Kogu teose keskseks tegelaseks on Vargam\u00e4e Andrese poeg Indrek Paas, kelle elutee lapsep\u00f5lvest isatalus l\u00e4bi kooliaastate Tartus ja osalemise 1905. aasta revolutsioonis, aga ka traagiline abielu varases kodanlikus Eesti Vabariigis, mis sunnib teda l\u00f5puks isatalusse tagasi p\u00f6\u00f6rduma, loob raami autori laiaulatuslikele m\u00f5ttearendustele inim\u00fchiskonna ja kultuuri arengu kohta.<\/p>\n\n\n\n<p>P\u00e4rast oma suurteose l\u00f5petamist p\u00f6\u00f6rdus Tammsaare romantilisemate teemade poole ja avaldas romaani \u201eElu ja armastus\u201d (1934), mis on ps\u00fchholoogiline armastuslugu noorest maaneiust ja peenest \u00e4rimehest, kelle moraalselt kahepalgeline isiksus annab aluse romaani paradoksaalsetele eluk\u00e4sitlustele. J\u00e4rgmisel aastal ilmus teos \u201eMa armastasin sakslast\u201d (1935), mis kujutab traagilist suhet eesti noormehe ja baltisaksa neiu vahel, kes ei suuda oma armastuse nimel mineviku sotsiaalseid barj\u00e4\u00e4re murda. Tammsaare viimane teos oli \u201eP\u00f5rgup\u00f5hja uus Vanapagan\u201d (1939). Kasutades eesti m\u00fctoloogiast ja Piiblist p\u00e4rit arhet\u00fc\u00fcpseid tegelasi, loob Tammsaare satiiri rahakeskse kodanliku \u00fchiskonna kohta.<\/p>\n\n\n\n<p>Lisaks proosateostele kirjutas Tammsaare ka kaks n\u00e4idendit. \u201eJuudit\u201d (1921) t\u00f5lgendab vastavat piibliraamatut, kuid Tammsaarel ei ole Juudit ajendatud patriootlikest tunnetest, vaid pigem soovist v\u00f5ita Olovernese armastus ja v\u00f5imuiha. \u201eKuningal on k\u00fclm\u201d (1936) on kibe allegooria 1930. aastate poliitilise t\u00fchjuse kohta.<\/p>\n\n\n\n<p>Tammsaare oli ka esseist ja publitsist, avaldades kogumikud \u201eS\u00f5jam\u00f5tted\u201d (1919) ja \u201eSic Transit\u201d (1924), essee \u201eKeelest ja luulest\u201d (1915) ning \u00fclevaate \u201eHiina ja hiinlane\u201d (1938). Ta t\u00f5lkis eesti keelde Oscar Wilde\u2019i, Selma Lagerl\u00f6fi, Joseph Conradi, H. G. Wellsi, G. B. Shaw\u2019, John Galsworthy, Knut Hamsuni, Fjodor Dostojevski ja paljude teiste teoseid. Tammsaare kogutud teosed ilmusid 18 k\u00f6ites aastatel 1978\u20131993.<\/p>\n\n\n\n<p><em>A. N.<\/em><br><\/p>\n\n\n\n<p>Kadriorus asuva Tammsaare Muuseumi <a href=\"https:\/\/kirjanduskeskus.ee\/tammsaare\/\" target=\"_blank\" rel=\"noreferrer noopener\">koduleht<\/a><br>Tammsaare s\u00fcnnipaigas asuva muuseumi <a href=\"https:\/\/www.vargamae.ee\/en\/\" target=\"_blank\" rel=\"noreferrer noopener\">koduleht<\/a><\/p>\n\n\n\n<h4 class=\"wp-block-heading\"><br>Raamatud eesti keeles<\/h4>\n\n\n\n<p><strong><em>Romaanid<\/em><\/strong><br><strong>K\u00f5rboja peremees<\/strong>. Tallinn: Maa, 1922, 176 lk. [J\u00e4rgnevad tr\u00fckid: 1926, 1926, 1943, 1946, 1958, 1967, 1970, 1976, 1980, 2000, 2004, 2007, 2016, 2018, 2022, 2024, 2025.]<br><strong>T\u00f5de ja \u00f5igus, 1<\/strong>. Tartu: Noor-Eesti, 1926, 605 lk. [J\u00e4rgnevad tr\u00fckid: 1929, 1940, 1942, 1946-1947, 1946, 1947, 1958, 1952, 1964, 1974, 1981, 2003, 2010, 2017, 2018, 2019, 2020, 2025, 2026.]<br><strong>T\u00f5de ja \u00f5igus, 2<\/strong>. Tartu: Noor-Eesti, 1929, 578 lk. [J\u00e4rgnevad tr\u00fckid: 1938, 1947, 1947, 1954, 1965, 1981, 2009, 2012, 2013, 2014, 2019.]<br><strong>T\u00f5de ja \u00f5igus 3<\/strong>. Tallinn: Tartu: Noor-Eesti, 1931, 440 lk. [J\u00e4rgnevad tr\u00fckid: 1947, 1947, 1954, 1968, 1982, 2009, 2012, 2013, 2014, 2017, 2020.]<br><strong>T\u00f5de ja \u00f5igus 4<\/strong>. Tartu: Noor-Eesti, 1932, 454 lk. [J\u00e4rgnevad tr\u00fckid: 1940, 1948, 1948, 1956, 1969, 1983, 2009, 2013, 2014, 2017, 2021.]<br><strong>T\u00f5de ja \u00f5igus 5<\/strong>. Tartu: Noor-Eesti, 1933, 440 lk. [J\u00e4rgnevad tr\u00fckid: 1936, 1948, 1948, 1957, 1969, 1983, 2004, 2013, 2015, 2017, 2021.]<br><strong>Elu ja armastus<\/strong>. Tartu: Noor-Eesti, 1934, 384 lk. [J\u00e4rgnevad tr\u00fckid: Toronto: Orto, 1951, 351 lk; 3. tr\u00fckk: Tallinn: Eesti Raamat, 1966, 386 lk; 4. tr\u00fckk: \u2019Kogutud teosed, 11. k\u00f6ide\u2019, Tallinn: Eesti Raamat, 1984, 344 lk; 5. tr\u00fckk: Tallinn: Hea Lugu, 2014, 303 lk; 2019, 2024.]<br><strong>Ma armastasin sakslast<\/strong>. Tartu: Noor-Eesti, 1935, 272 lk. [J\u00e4rgnevad tr\u00fckid: 1956, 1964, 1984, 2007, 2014, 2022.]<br><strong>P\u00f5rgup\u00f5hja uus vanapagan<\/strong>. Tartu: Noor-Eesti, 1939, 296 lk. [J\u00e4rgnevad tr\u00fckid: 1940, 1946, 1946, 1952, 1954, 1970, 1970, 1975, 1985, 2000, 2018, 2024.]<br><strong>T\u00f5de ja \u00f5igus: algus<\/strong>. Koostaja Kaupo Meiel. [Tallinn]: Postimees, 2019, 127 lk. [Raamat toob kokku tsitaadid Anton Hansen Tammsaare romaani \u201eT\u00f5de ja \u00f5igus\u201d esimesest osast ning kaadrid re\u017eiss\u00f6\u00f6r Tanel Toomi samanimelisest filmist.<\/p>\n\n\n\n<p><strong><em>L\u00fchiproosa<\/em><\/strong><br><strong>Raha-auk: Pildid L\u00e4\u00e4nemaalt<\/strong>. Tallinn: S\u00f5numed, 1907, 92 lk. [2. tr\u00fckk: Tallinn: Maa, 1914, 123 lk; 3. tr\u00fckk: Tartu: Noor-Eesti, 1920, 123 lk.]<br><strong>Uurimisel<\/strong>. Tallinn: [s.n.], 1907, 110 lk. [2. tr\u00fckk: Tartu: Noor-Eesti, 1922, 106 lk.]<br><strong>Pikad sammud: uudisjutt<\/strong>. Tartu: Noor-Eesti, 1908, 139 lk. [2. tr\u00fckk: Tallinn: Varrak, 1921, 112 lk; e-raamat: Tallinn: Digira, 2015.]<br><strong>Noored hinged<\/strong>. Tartu: Noor-Eesti, 1909, 221 lk. [2. tr\u00fckk: Tartu: Noor-Eesti, 1923, 116 lk; 3. tr\u00fckk: \u2019Kogutud teosed, 4. k\u00f6ide: Novellid (1922-1939); Meie rebane\u2019, Tallinn: Eesti Raamat, 1979, 303 lk; e-raamat: Tallinn: Digira, 2014.]<br><strong>\u00dcle piiri<\/strong>. Tartu: Noor-Eesti, 1910, 163 lk. [2. tr\u00fckk: Tallinn: Varrak, 1923, 163 lk.]<br><strong>Wanad ja noored: kolm novelli<\/strong>. Tartu: Noor-Eesti, 1913, 165 lk.<br><strong>Poiss ja liblik<\/strong>. Jurjev: Noor-Eesti, 1915, 102 lk. [2., t\u00e4iendatud tr\u00fckk: Tallinn: Tallinna Eesti Kirjastus-\u00dchisus, 1922, 130 lk.]<br><strong>K\u00e4rbes<\/strong>. Tallinn: Maa, 1917, 184 lk. [2. tr\u00fckk: Tallinn: Varrak, 1924, 190 lk; e-raamat: Tallinn: Digira, 2011.]<br><strong>Varjundid<\/strong>. Tartu: Noor-Eesti, 1917, 131 lk. [2. tr\u00fckk: Tallinn: Varrak, 1923, 125 lk.]<br><strong>P\u00f6ialpoiss<\/strong>. Tallinn: Varrak, 1923, 183 lk.<br><strong>Kaks paari ja \u00fcksainus: ning teised jutustused<\/strong>. Tartu: Noor-Eesti, 1924, 103 lk. [E-raamat: Tartu: Eesti Kirjandusmuuseum; Tallinn: Digira, 2014.]<br><strong>Vanad ja noored: jutustus<\/strong>. Tallinn: Varrak, 1924, 113 lk. [J\u00e4rgmised tr\u00fckid: Tartu: Noor-Eesti, 1936, 99 lk; Tallinn: Ilukirjandus ja Kunst, 1948, 108 lk; e-raamat: Tallinn: Digira, 2012.]<br><strong>T\u00e4htis p\u00e4ev ja T\u00f5si jah<\/strong>. Tallinn: T\u00f6\u00f6kool, 1925, 15 lk. [Lastelood.]<br><strong>Meie rebane<\/strong>. Tartu: Noor-Eesti, 1932, 136 lk. [Noortejutustus. J\u00e4rgnevad tr\u00fckid: 1948, 1955, 1974, 1979, 2016.]<br><strong>Valitud novellid ja miniatuurid<\/strong>. Tallinn: Ilukirjandus ja Kunst, 1945, 342 lk.<br><strong>Valitud jutustused<\/strong>. Tallinn: Ilukirjandus ja Kunst, 1949, 583 lk.<br><strong>T\u00e4htis p\u00e4ev<\/strong>. Tallinn: Eesti Riiklik Kirjastus, 1956, 23 lk. [Lastelugu. J\u00e4rgmised tr\u00fckid: Tallinn: Eesti Raamat, 1976, 23 lk; Tallinn: Tiritamm, 2008, 22 lk; Tallinn: Hea Lugu, 2016, 23 lk.]<br><strong>Jutustused. 1<\/strong>. Stockholm: Vaba Eesti, 1957, 315 lk.<br><strong>Elavad nukud: novelle<\/strong>. Tallinn: Ajalehtede-Ajakirjade Kirjastus (Loomingu Raamatukogu), 1958, 60 lk.<br><strong>Jutustused. 1<\/strong>. Tallinn: Eesti Riiklik Kirjastus, 1959, 408 lk.<br><strong>Jutustused. 2<\/strong>. Tallinn: Eesti Riiklik Kirjastus, 1960, 536 lk.<br><strong>Jutustused. 3<\/strong>: Novellid, miniatuurid ja reisikirjad. Tallinn: Eesti Riiklik Kirjastus, 1962, 512 lk.<br><strong>Jutustusi ja novelle<\/strong>. Tallinn: Eesti Raamat, 1976, 188 lk.<br><strong>Miniatuure<\/strong>. Tallinn: Eesti Raamat, 1977, 48 lk.<br><strong>Miniatuure, novelle, jutustusi<\/strong>. Tallinn: Eesti Raamat, 1977, 488 lk.<br><strong>Vanaisa surm<\/strong>. Tallinn: Eesti Raamat, 1978, 25 lk.<br><strong>T\u00f5de<\/strong>. Valik l\u00fchiproosat ja publitsistikat. Koostanud Maire Kasemaa. [Tallinn]: Hea Lugu, 2023. 190 lk.<br><strong>A. H. Tammsaare \u00fctlemisi<\/strong>. Koostanud Maarja Vaino. [Tallinn]: Tammerraamat, 2018. 167 lk.<\/p>\n\n\n\n<p><strong><em>N\u00e4idendid<\/em><\/strong><br><strong>Juudit: nelja waatusega n\u00e4idend<\/strong>. Tallinn: Varrak, 1921, 112 lk. [J\u00e4rgnevad tr\u00fckid: 1936, 1968, 1974, 1985, 2021, 2025.]<br><strong>Kuningal on k\u00fclm: n\u00e4idend 3 vaatuses 4 pildis<\/strong>. Tartu: Noor-Eesti, 1936, 107 lk. [2. tr\u00fckk: \u2019Juudit; Kuningal on k\u00fclm: n\u00e4idendid\u2019, Tallinn: Eesti Raamat, 1968, 188 lk; 3. tr\u00fckk: \u2019Kogutud teosed, 14. k\u00f6ide: N\u00e4idendid; Vested; Varia\u2019, Tallinn: Eesti Raamat, 1985, 264 lk; e-raamat: Tallinn: Digira, 2013.]<\/p>\n\n\n\n<p><strong><em>Esseed ja artiklid<\/em><\/strong><br><strong>Keelest ja luulest<\/strong>. Tallinn: Maa, 1915, 62 lk. [E-raamat: Tallinn: Digira, 2015.]<br><strong>S\u00f5jam\u00f5tted<\/strong>. Tartu: Noor-Eesti, 1919, 244 lk. [2. tr\u00fckk: 2023 (sari \u2018Eesti m\u00f5ttelugu\u2019).]<br><strong>Sic transit\u2026<\/strong>. Tartu: Noor-Eesti, 1924, 133 lk. [2. tr\u00fckk: Muraste: Matrix Kirjastus, 2004, 143 lk.]<br><strong>Hiina ja hiinlane<\/strong>. Tartu: Noor-Eesti, 1938, 90 lk. [E-raamat: Tallinn: Digira, 2015.]<br><strong>Valitud artiklid<\/strong>. Tallinn: Eesti Raamat, 1976, 528 lk.<br><strong>M\u00f5tteid ja m\u00f5tisklusi<\/strong>. Tallinn: Perioodika (Loomingu Raamatukogu), 1978, 124 lk.<br><strong>Armastusest ja lapselikkusest<\/strong>. Koostaja ja j\u00e4rels\u00f5na Maarja Vaino. Tartu: Ilmamaa, 2011, 526 lk. [Sarjas \u2019Eesti m\u00f5ttelugu\u2019.]<br><strong>Kirjad t\u00fctrele<\/strong>. Tallinn: Varrak, 2008, 102 lk.<br><strong>T\u00f5de<\/strong>. Valik l\u00fchiproosat ja publitsistikat. Koostanud Maire Kasemaa. [Tallinn]: Hea Lugu, 2023. 190 lk.<\/p>\n\n\n\n<p><strong><em>Kogutud teosed<\/em><\/strong><br><strong>Kogutud teosed, 1. k\u00f6ide: Jutustused: l\u00fchiproosa (1900-1907)<\/strong>. Tallinn: Eesti Raamat, 1978, 511 lk.<br><strong>Kogutud teosed, 2. k\u00f6ide: Jutustused (1907-1910)<\/strong>. Tallinn: Eesti Raamat, 1978, 360 lk.<br><strong>Kogutud teosed, 3. k\u00f6ide: Miniatuurid, jutustused, novellid (1909-1921)<\/strong>. Tallinn: Eesti Raamat, 1979, 325 lk.<br><strong>Kogutud teosed, 4. k\u00f6ide: Novellid (1922-1939); Meie rebane<\/strong>. Tallinn: Eesti Raamat, 1979, 303 lk.<br><strong>Kogutud teosed, 5. k\u00f6ide: K\u00f5rboja peremees<\/strong>. Tallinn: Eesti Raamat, 1980, 216 lk.<br><strong>Kogutud teosed, 6. k\u00f6ide: T\u00f5de ja \u00f5igus. 1<\/strong>. Tallinn: Eesti Raamat, 1981, 526 lk.<br><strong>Kogutud teosed, 7. k\u00f6ide: T\u00f5de ja \u00f5igus. 2<\/strong>. Tallinn: Eesti Raamat, 1981, 400 lk.<br><strong>Kogutud teosed, 8. k\u00f6ide: T\u00f5de ja \u00f5igus. 3<\/strong>. Tallinn: Eesti Raamat, 1982, 256 lk.<br><strong>Kogutud teosed, 9. k\u00f6ide: T\u00f5de ja \u00f5igus. 4<\/strong>. Tallinn: Eesti Raamat, 1983, 416 lk.<br><strong>Kogutud teosed, 10. k\u00f6ide: T\u00f5de ja \u00f5igus. 5<\/strong>. Tallinn: Eesti Raamat, 1983, 464 lk.<br><strong>Kogutud teosed, 11. k\u00f6ide: Elu ja armastus: romaan<\/strong>. Tallinn: Eesti Raamat, 1984, 344 lk.<br><strong>Kogutud teosed, 12. k\u00f6ide: Ma armastasin sakslast: romaan<\/strong>. Tallinn: Eesti Raamat, 1984, 208 lk.<br><strong>Kogutud teosed, 13. k\u00f6ide: P\u00f5rgup\u00f5hja uus Vanapagan<\/strong>. Tallinn: Eesti Raamat, 1985, 239 lk.<br><strong>Kogutud teosed, 14. k\u00f6ide: N\u00e4idendid; Vested; Varia<\/strong>. Tallinn: Eesti Raamat, 1985, 264 lk.<br><strong>Kogutud teosed, 15. k\u00f6ide: Publitsistika. 1.: (1902-1914)<\/strong>. Tallinn: Eesti Raamat, 1986, 447 lk.<br><strong>Kogutud teosed, 16. k\u00f6ide: Publitsistika. 2.: (1914-1925)<\/strong>. Tallinn: Eesti Raamat, 1988, 803 lk.<br><strong>Kogutud teosed, 17. k\u00f6ide: Publitsistika. 3.: (1926-1940)<\/strong>. Tallinn: Eesti Raamat, 1990, 766 lk.<br><strong>Kogutud teosed, 18. k\u00f6ide: Kirjad (1896-1940)<\/strong>. Tallinn: Eesti Raamat, 1993, 557 lk.<\/p>\n\n\n\n<p><\/p>\n","protected":false},"excerpt":{"rendered":"<p>A. H. Tammsaare (kodanikunimi Anton Hansen, m\u00f5nikord nimetatud ka Anton Hansen Tammsaareks, 20. I 1878 \u2013 1. III 1940) oli proosakirjanik, n\u00e4itekirjanik ja esseist, eesti kirjandusklassik. Tema eepiline romaanipentaloogia \u201eT\u00f5de ja \u00f5igus\u201c on \u00fcks eesti kirjanduse m\u00e4\u00e4ravamaid teoseid. J\u00e4rvamaal Albu &#8230;<\/p>\n","protected":false},"author":43,"featured_media":0,"parent":6510,"menu_order":0,"comment_status":"closed","ping_status":"closed","template":"","meta":{"_acf_changed":false,"inline_featured_image":false,"footnotes":""},"class_list":["post-8618","page","type-page","status-publish","hentry"],"acf":[],"_links":{"self":[{"href":"https:\/\/sisu.ut.ee\/ewod\/et\/wp-json\/wp\/v2\/pages\/8618","targetHints":{"allow":["GET"]}}],"collection":[{"href":"https:\/\/sisu.ut.ee\/ewod\/et\/wp-json\/wp\/v2\/pages"}],"about":[{"href":"https:\/\/sisu.ut.ee\/ewod\/et\/wp-json\/wp\/v2\/types\/page"}],"author":[{"embeddable":true,"href":"https:\/\/sisu.ut.ee\/ewod\/et\/wp-json\/wp\/v2\/users\/43"}],"replies":[{"embeddable":true,"href":"https:\/\/sisu.ut.ee\/ewod\/et\/wp-json\/wp\/v2\/comments?post=8618"}],"version-history":[{"count":3,"href":"https:\/\/sisu.ut.ee\/ewod\/et\/wp-json\/wp\/v2\/pages\/8618\/revisions"}],"predecessor-version":[{"id":8627,"href":"https:\/\/sisu.ut.ee\/ewod\/et\/wp-json\/wp\/v2\/pages\/8618\/revisions\/8627"}],"up":[{"embeddable":true,"href":"https:\/\/sisu.ut.ee\/ewod\/et\/wp-json\/wp\/v2\/pages\/6510"}],"wp:attachment":[{"href":"https:\/\/sisu.ut.ee\/ewod\/et\/wp-json\/wp\/v2\/media?parent=8618"}],"curies":[{"name":"wp","href":"https:\/\/api.w.org\/{rel}","templated":true}]}}