{"id":8601,"date":"2024-09-08T13:44:42","date_gmt":"2024-09-08T10:44:42","guid":{"rendered":"https:\/\/sisu.ut.ee\/ewod\/?page_id=8601"},"modified":"2026-04-24T11:42:59","modified_gmt":"2026-04-24T08:42:59","slug":"tiit-tarlap","status":"publish","type":"page","link":"https:\/\/sisu.ut.ee\/ewod\/et\/t\/tiit-tarlap\/","title":{"rendered":"Tiit Tarlap"},"content":{"rendered":"<p>Tiit Tarlap (13. XI 1954\u201324. II 2017) oli ulme- ja seiklusjuttude autor.<\/p>\n\n\n\n<p>Ta elas P\u00e4rnumaal Sindis. Tarlapi esimene ulmejutt \u201eT\u00e4nav akna taga\u201d ilmus 1988. aastal ajakirjas Noorus. Tema loomingut on ilmunud maakonnalehtedes j\u00e4rjejuttudena. M\u00f5ned lood on ilmunud ajakirjades Horisont ja Favoriit.<\/p>\n\n\n\n<p>Tarlapi esimene raamat, jutukogumik \u201eViiking, kes armastas haisid\u201d ilmus 2001. aastal. 2002. aastal ilmunud \u201eEesti ulme antoloogia\u201c sisaldab Tarlapi loomingut. Ulmev\u00e4liselt on Tiit Tarlapi k\u00f5ige tuntum teos 1993. aastal avaldatud \u201eT\u0161ernob\u00f5l 1986\u201c, mis jutustab T\u0161ornob\u00f5li tuumaelektrijaama avarii tagaj\u00e4rgede likvideerimisest, kuhu Tarlap sunniviisil saadeti. See raamat on ilmunud t\u00f5lgetena inglise ja jaapani keeles.<\/p>\n\n\n\n<p>2005. aastal kirjastas Tarlap P\u00e4rnu T\u0161ornob\u00f5li veteranide abiga oma kahest l\u00fchiromaanist koosneva kogumiku \u201eKurjuse tund. Koidiku lapsed\u201c. 2009. aastal ilmus Tarlapi romaan \u201eMeie, kromanjoonlased\u201d. P\u00e4rast seda avaldas Tarlap peaaegu igal aastal \u00fche raamatu. Tarlapi loomingule on iseloomulikud seikluslikkus, mehiste v\u00e4\u00e4rtuste \u00fclistamine, \u00fchiskonnakriitika ning autori leppimatus maailmas vohava valskuse ja ebainimlikkusega. Tarlapi ulme \u00fcks tunnusjooni on tugev kriminaalkirjanduslik alge.<\/p>\n\n\n\n<p>Tiit Tarlap p\u00e4lvis kahel korral ulmekirjanduse auhinna Stalker: l\u00fchiromaani \u201eVihkamise suund\u201d ja romaani \u201eL\u00f5hestusjoon\u201d eest.<\/p>\n\n\n\n<p><em>L. P.<\/em><\/p>\n\n\n\n<h4 class=\"wp-block-heading\"><br>Raamatud eesti keeles<\/h4>\n\n\n\n<p><em><strong>Romaanid<\/strong><\/em><br><strong>Kurjuse tund; Koidiku lapsed<\/strong>. P\u00e4rnu: T. Tarlap, 2005. 279 lk.<br><strong>Meie, kromanjoonlased<\/strong>. P\u00e4rnu: Jumalikud Ilmutused, 2009. 407 lk.<br><strong>Tuleriitade \u00f6\u00f6<\/strong>. Tartu: Fantaasia, 2010. 501 lk.<br><strong>Roheliste lippude reservaat<\/strong>. P\u00e4rnu: P\u00e4rnumaa T\u0161ernob\u00f5li \u00dchendus \u201eGamma\u201d, 2011. 300 lk.<br><strong>L\u00f5hestusjoon<\/strong>. Tallinn: Varrak, 2012. 574 lk.<br><strong>Aegade julm laul<\/strong>. Tallinn: Varrak, 2013. 362 lk.<br><strong>\u00c4raneetute p\u00e4rijad<\/strong>. Tallinn: Varrak, 2015. 327 lk.<br><strong>Rajake t\u00e4hetolmus<\/strong>. Tartu: Fantaasia, 2016. 335 lk.<br><strong>Tiidu duubel<\/strong>. P\u00e4rnu: Hea Tegu; [Tallinn]: MJ Konsult, 2024. 391 lk + 1 CD. [Kolm juttu, 12 peat\u00fckki l\u00f5petamata j\u00e4\u00e4nud romaanist ja CD autorilauludega.]<\/p>\n\n\n\n<p><em><strong>Jutud<\/strong><\/em><br><strong>Viiking, kes armastas haisid<\/strong>. Viis eriskummalist seikluslugu. P\u00e4rnu: T. Tarlap, 2001. 302 lk.<br><strong>Haldjatants<\/strong>. Jutukogu. Tartu: Fantaasia, 2014. 288 lk.<br><strong>Tiidu duubel<\/strong>. P\u00e4rnu: Hea Tegu; [Tallinn]: MJ Konsult, 2024. 391 lk + 1 CD. [Kolm juttu, 12 peat\u00fckki l\u00f5petamata j\u00e4\u00e4nud romaanist ja CD autorilauludega.]<\/p>\n\n\n\n<p><em><strong>M\u00e4lestused<\/strong><\/em><br><strong>T\u0161ernob\u00f5l 1986<\/strong>. P\u00e4rnu: Juks, 1993. 68 lk.<\/p>\n","protected":false},"excerpt":{"rendered":"<p>Tiit Tarlap (13. XI 1954\u201324. II 2017) oli ulme- ja seiklusjuttude autor. Ta elas P\u00e4rnumaal Sindis. Tarlapi esimene ulmejutt \u201eT\u00e4nav akna taga\u201d ilmus 1988. aastal ajakirjas Noorus. Tema loomingut on ilmunud maakonnalehtedes j\u00e4rjejuttudena. M\u00f5ned lood on ilmunud ajakirjades Horisont ja &#8230;<\/p>\n","protected":false},"author":43,"featured_media":0,"parent":6510,"menu_order":0,"comment_status":"closed","ping_status":"closed","template":"","meta":{"_acf_changed":false,"inline_featured_image":false,"footnotes":""},"class_list":["post-8601","page","type-page","status-publish","hentry"],"acf":[],"_links":{"self":[{"href":"https:\/\/sisu.ut.ee\/ewod\/et\/wp-json\/wp\/v2\/pages\/8601","targetHints":{"allow":["GET"]}}],"collection":[{"href":"https:\/\/sisu.ut.ee\/ewod\/et\/wp-json\/wp\/v2\/pages"}],"about":[{"href":"https:\/\/sisu.ut.ee\/ewod\/et\/wp-json\/wp\/v2\/types\/page"}],"author":[{"embeddable":true,"href":"https:\/\/sisu.ut.ee\/ewod\/et\/wp-json\/wp\/v2\/users\/43"}],"replies":[{"embeddable":true,"href":"https:\/\/sisu.ut.ee\/ewod\/et\/wp-json\/wp\/v2\/comments?post=8601"}],"version-history":[{"count":3,"href":"https:\/\/sisu.ut.ee\/ewod\/et\/wp-json\/wp\/v2\/pages\/8601\/revisions"}],"predecessor-version":[{"id":8606,"href":"https:\/\/sisu.ut.ee\/ewod\/et\/wp-json\/wp\/v2\/pages\/8601\/revisions\/8606"}],"up":[{"embeddable":true,"href":"https:\/\/sisu.ut.ee\/ewod\/et\/wp-json\/wp\/v2\/pages\/6510"}],"wp:attachment":[{"href":"https:\/\/sisu.ut.ee\/ewod\/et\/wp-json\/wp\/v2\/media?parent=8601"}],"curies":[{"name":"wp","href":"https:\/\/api.w.org\/{rel}","templated":true}]}}