{"id":8554,"date":"2024-04-03T23:42:25","date_gmt":"2024-04-03T20:42:25","guid":{"rendered":"https:\/\/sisu.ut.ee\/ewod\/?page_id=8554"},"modified":"2026-04-23T15:21:24","modified_gmt":"2026-04-23T12:21:24","slug":"triin-tasuja","status":"publish","type":"page","link":"https:\/\/sisu.ut.ee\/ewod\/et\/t\/triin-tasuja\/","title":{"rendered":"Triin Tasuja"},"content":{"rendered":"<p>Triin Tasuja (s\u00fcndinud 28. VII 1989) on luuletaja.<\/p>\n\n\n\n<p>Tasuja on s\u00fcndinud L\u00e4\u00e4ne-Virumaal. Ta on k\u00e4inud koolis Tamsalus ja \u00f5ppinud antropoloogiat Tallinna \u00dclikoolis. Ta elab Tallinnas ja on Eesti Kirjanike Liidu liige alates 2014. aastast.<\/p>\n\n\n\n<p>Triin Tasuja esimene luulekogu \u201eProvintsiluule\u201c (2009) t\u00f5i 20-aastasele autorile Betti Alveri deb\u00fc\u00fcdiauhinna, mida jagas Sandra J\u00f5gevaga. \u201eProvintsiluule\u201d tekstides segunevad teismelise \u00e4ngistus ja romantika. Tunda on m\u00e4ssumeelt ja sisemist loomesundi. 2011. aastal avaldatud luulekogu \u201eArmastust on ja armastust pole\u201c ja 2014. aastal ilmunud luulekogu \u201eVastuseta kirjad\u201c on samuti v\u00e4ga isiklikud. Tasuja luulele on iseloomulik mina-vormi kasutamine. Tema luuletusi on arvustustes kirjeldatud kui l\u00fc\u00fcrilist autobiograafiat. 2020. aastal ilmus Tasujalt luulekogu \u201eSeksistentsialism\u201c. Hoolimata valust, mida romantiline armastus p\u00f5hjustab, v\u00e4\u00e4rtustatakse \u201eSeksistentsialismis\u201d armastuse poole p\u00fc\u00fcdlemist.<\/p>\n\n\n\n<p><em>L. P.<\/em><\/p>\n\n\n\n<h4 class=\"wp-block-heading\"><br>Raamatud eesti keeles<\/h4>\n\n\n\n<p><strong><em>Luule<\/em><\/strong><br><strong>Provintsiluule<\/strong>. Tartu: V\u00e4rske R\u00f5hk, 2009. 62 lk.<br><strong>Armastust on ja armastust pole<\/strong>. P\u00e4rnu: Ji, 2011. 79 lk.<br><strong>Vastuseta kirjad<\/strong>. Tallinn: Kite MT\u00dc, 2014. 64 lk.<br><strong>Seksistentsialism<\/strong>. Tallinn: Koobakene, 2020. 62 lk.<\/p>\n","protected":false},"excerpt":{"rendered":"<p>Triin Tasuja (s\u00fcndinud 28. VII 1989) on luuletaja. Tasuja on s\u00fcndinud L\u00e4\u00e4ne-Virumaal. Ta on k\u00e4inud koolis Tamsalus ja \u00f5ppinud antropoloogiat Tallinna \u00dclikoolis. Ta elab Tallinnas ja on Eesti Kirjanike Liidu liige alates 2014. aastast. Triin Tasuja esimene luulekogu \u201eProvintsiluule\u201c (2009) &#8230;<\/p>\n","protected":false},"author":43,"featured_media":0,"parent":6510,"menu_order":0,"comment_status":"closed","ping_status":"closed","template":"","meta":{"_acf_changed":false,"inline_featured_image":false,"footnotes":""},"class_list":["post-8554","page","type-page","status-publish","hentry"],"acf":[],"_links":{"self":[{"href":"https:\/\/sisu.ut.ee\/ewod\/et\/wp-json\/wp\/v2\/pages\/8554","targetHints":{"allow":["GET"]}}],"collection":[{"href":"https:\/\/sisu.ut.ee\/ewod\/et\/wp-json\/wp\/v2\/pages"}],"about":[{"href":"https:\/\/sisu.ut.ee\/ewod\/et\/wp-json\/wp\/v2\/types\/page"}],"author":[{"embeddable":true,"href":"https:\/\/sisu.ut.ee\/ewod\/et\/wp-json\/wp\/v2\/users\/43"}],"replies":[{"embeddable":true,"href":"https:\/\/sisu.ut.ee\/ewod\/et\/wp-json\/wp\/v2\/comments?post=8554"}],"version-history":[{"count":2,"href":"https:\/\/sisu.ut.ee\/ewod\/et\/wp-json\/wp\/v2\/pages\/8554\/revisions"}],"predecessor-version":[{"id":8556,"href":"https:\/\/sisu.ut.ee\/ewod\/et\/wp-json\/wp\/v2\/pages\/8554\/revisions\/8556"}],"up":[{"embeddable":true,"href":"https:\/\/sisu.ut.ee\/ewod\/et\/wp-json\/wp\/v2\/pages\/6510"}],"wp:attachment":[{"href":"https:\/\/sisu.ut.ee\/ewod\/et\/wp-json\/wp\/v2\/media?parent=8554"}],"curies":[{"name":"wp","href":"https:\/\/api.w.org\/{rel}","templated":true}]}}