{"id":8531,"date":"2024-04-03T23:41:01","date_gmt":"2024-04-03T20:41:01","guid":{"rendered":"https:\/\/sisu.ut.ee\/ewod\/?page_id=8531"},"modified":"2026-04-23T12:44:46","modified_gmt":"2026-04-23T09:44:46","slug":"marina-tervonen","status":"publish","type":"page","link":"https:\/\/sisu.ut.ee\/ewod\/et\/t\/marina-tervonen\/","title":{"rendered":"\u041c\u0430\u0440\u0438\u043d\u0430 \u0422\u0435\u0440\u0432\u043e\u043d\u0435\u043d (Marina Tervonen)"},"content":{"rendered":"<p>Marina Tervonen (s\u00fcnd. 3. X 1953) on Eestis elav luuletaja ja t\u00f5lkija, kes kirjutab peamiselt vene keeles.<\/p>\n\n\n\n<p>Tervonen on s\u00fcndinud Tallinnas. Ta on \u00f5ppinud raamatukogut\u00f6\u00f6tajaks- bibliograafiks. Esmakordselt ilmusid tema luuletused 1981. aastal venekeelses ajakirjas Tallinn. 1986. aastast alates t\u00f6\u00f6tas Tervonen pikemat aega Eesti venekeelse kirjandusajakirja Raduga toimetuses, milles avaldas nii oma luuletusi kui t\u00f5lkeid eesti luulest ja proosast. Marina Tervonen on 2005. aastast Eesti Kirjanike Liidu liige.<\/p>\n\n\n\n<p>1997. aastal ilmus Tervonenilt koost\u00f6\u00f6s Doris Karevaga kakskeelne luulekogu \u201eKammertoon\u201c, milles leidub kahe autori vastastikuseid t\u00f5lkeid. 2003. aastal avaldatud eesti- ja venekeelse luulevalimiku \u201e\u00dcletamine\u201c eest p\u00e4lvis Tervonen kultuurkapitali aastapreemia. Selles raamatus ei ole t\u00f5lkeid. Osa luuletusi on Tervonen kirjutanud vene keeles ja need toovad selgelt esile \u201evenekeelse hinge\u201c. Need on f\u00fc\u00fcsilisemad (paatoslikumad), seevastu eestikeelsed luuletused on metaf\u00fc\u00fcsilisemad. M\u00f5lemat poolt \u00fchendab religioossusele kalduv pihtimuslikkus. Autor peab luulet vahendiks, mille kaudu saab \u00fchenduse ja k\u00f5nev\u00f5ime sealpoolsusega.<\/p>\n\n\n\n<p>Marina Tervonen on viljakas eestikeelse kirjanduse t\u00f5lkija vene keelde. Ta on vahendanud vene keelde Marie Underi ja Doris Kareva luuletusi ning Rein Veidemanni proosaraamatuid, samuti mitme autori lasteraamatuid.<\/p>\n\n\n\n<p><em>L. P.<\/em><\/p>\n\n\n\n<h4 class=\"wp-block-heading\"><br>Raamatud eesti keeles<\/h4>\n\n\n\n<p><strong><em>Luule<\/em><\/strong><br>Doris Kareva, Marina Tervonen, <strong>Kammertoon = \u041a\u0430\u043c\u0435\u0440\u0442\u043e\u043d<\/strong>. Tallinn: D. Kareva; M. Tervonen, 1997. 125 lk.<br><strong>\u041f\u0440\u0435\u043e\u0434\u043e\u043b\u0435\u043d\u0438\u0435 = \u00dcletamine<\/strong>. \u0422\u0430\u043b\u043b\u0438\u043d\u043d: \u041c. \u0422\u0435\u0440\u0432\u043e\u043d\u0435\u043d, 2003. 76 lk.<\/p>\n","protected":false},"excerpt":{"rendered":"<p>Marina Tervonen (s\u00fcnd. 3. X 1953) on Eestis elav luuletaja ja t\u00f5lkija, kes kirjutab peamiselt vene keeles. Tervonen on s\u00fcndinud Tallinnas. Ta on \u00f5ppinud raamatukogut\u00f6\u00f6tajaks- bibliograafiks. Esmakordselt ilmusid tema luuletused 1981. aastal venekeelses ajakirjas Tallinn. 1986. aastast alates t\u00f6\u00f6tas Tervonen &#8230;<\/p>\n","protected":false},"author":43,"featured_media":0,"parent":6510,"menu_order":0,"comment_status":"closed","ping_status":"closed","template":"","meta":{"_acf_changed":false,"inline_featured_image":false,"footnotes":""},"class_list":["post-8531","page","type-page","status-publish","hentry"],"acf":[],"_links":{"self":[{"href":"https:\/\/sisu.ut.ee\/ewod\/et\/wp-json\/wp\/v2\/pages\/8531","targetHints":{"allow":["GET"]}}],"collection":[{"href":"https:\/\/sisu.ut.ee\/ewod\/et\/wp-json\/wp\/v2\/pages"}],"about":[{"href":"https:\/\/sisu.ut.ee\/ewod\/et\/wp-json\/wp\/v2\/types\/page"}],"author":[{"embeddable":true,"href":"https:\/\/sisu.ut.ee\/ewod\/et\/wp-json\/wp\/v2\/users\/43"}],"replies":[{"embeddable":true,"href":"https:\/\/sisu.ut.ee\/ewod\/et\/wp-json\/wp\/v2\/comments?post=8531"}],"version-history":[{"count":2,"href":"https:\/\/sisu.ut.ee\/ewod\/et\/wp-json\/wp\/v2\/pages\/8531\/revisions"}],"predecessor-version":[{"id":8534,"href":"https:\/\/sisu.ut.ee\/ewod\/et\/wp-json\/wp\/v2\/pages\/8531\/revisions\/8534"}],"up":[{"embeddable":true,"href":"https:\/\/sisu.ut.ee\/ewod\/et\/wp-json\/wp\/v2\/pages\/6510"}],"wp:attachment":[{"href":"https:\/\/sisu.ut.ee\/ewod\/et\/wp-json\/wp\/v2\/media?parent=8531"}],"curies":[{"name":"wp","href":"https:\/\/api.w.org\/{rel}","templated":true}]}}