{"id":8528,"date":"2024-04-03T23:40:22","date_gmt":"2024-04-03T20:40:22","guid":{"rendered":"https:\/\/sisu.ut.ee\/ewod\/?page_id=8528"},"modified":"2026-04-23T12:37:34","modified_gmt":"2026-04-23T09:37:34","slug":"berend-heinrich-von-tiesenhausen","status":"publish","type":"page","link":"https:\/\/sisu.ut.ee\/ewod\/et\/t\/berend-heinrich-von-tiesenhausen\/","title":{"rendered":"Berend Heinrich von Tiesenhausen"},"content":{"rendered":"<p>Berend Heinrich von Tiesenhausen (ka Bernd, Berndt, 11. XII 1703 \u2013 17. I 1789) oli populaarse laulu \u201eTiiu, tasane ja helde\u201d v\u00f5imalik autor.<\/p>\n\n\n\n<p><a><\/a> Ta kuulus baltisakslaste Tiesenhausenite suurde ja kuulsasse suguv\u00f5ssa, kes olid tulnud Saksamaalt praeguse Eesti ja L\u00e4ti aladele koos esimeste ristiusu toojatega 13. sajandi algul. Berend Heinrich von Tiesenhausen s\u00fcndis Alam-Saksimaal, suri Tallinnas. Tema isa, kindralmajor Hans Heinrich von Tiesenhausen oli saanud Rootsi kuningannalt Kristinalt 1654. aastal parunitiitli ja talle kuulus Eestis mitu m\u00f5isat.<\/p>\n\n\n\n<p>Ka Berend Heinrich von Tiesenhausen valis s\u00f5jav\u00e4elase elukutse. Ta j\u00f5udis teenistuses kaptenikraadini. Aastatel 1741\u20131744 ja 1772\u20131774 oli ta Eestimaa r\u00fc\u00fctelkonna peamees. Ta oli hiljem Eestimaa maan\u00f5unik ja tegelik riigin\u00f5unik. Talle kuulus arvukalt m\u00f5isaid Eestimaa kubermangus.<\/p>\n\n\n\n<p>1759. aastal sai Berend Heinrich von Tiesenhausen Vene keisririigi krahviks.<\/p>\n\n\n\n<p>Berend Heinrich von Tiesenhausenit \u00fcldiselt peetakse eestikeelse luuletuse \u201eMinno r\u00f6mo olli Rosi\u2019\u201c autoriks. Luuletus ilmus ajakirja \u201eDer teutsche Merkur\u201c 1788. aasta teises numbris. Teost tuntakse ka esimese v\u00e4rsirea s\u00f5nade \u201eTiiu, tasane ja helde\u201c j\u00e4rgi, samuti pealkirja all \u201eTiiu\u201c. Hiljem ilmus luuletus saksa keelde t\u00f5lgituna mitmes kogumikus. Luuletus on t\u00f5lgitud ka vene keelde, seda on viisistanud mitu heliloojat ja sellest sai populaarne koorilaul. Kirjandusloolase Jaan Roosi andmetel ent pole laulu autoriks Tiesenhausen, vaid keegi turndmatu \u201eEestimaa daam\u201d ja laul ilmus 1784. aastal \u00fches Leipzigis tr\u00fckitud noodiraamatus (Jaan Roos, ajakiri \u201eEesti Kirjandus\u201d, nr 4, 1939).<\/p>\n\n\n\n<p><em>L. P.<\/em><\/p>\n","protected":false},"excerpt":{"rendered":"<p>Berend Heinrich von Tiesenhausen (ka Bernd, Berndt, 11. XII 1703 \u2013 17. I 1789) oli populaarse laulu \u201eTiiu, tasane ja helde\u201d v\u00f5imalik autor. Ta kuulus baltisakslaste Tiesenhausenite suurde ja kuulsasse suguv\u00f5ssa, kes olid tulnud Saksamaalt praeguse Eesti ja L\u00e4ti aladele &#8230;<\/p>\n","protected":false},"author":43,"featured_media":0,"parent":6510,"menu_order":0,"comment_status":"closed","ping_status":"closed","template":"","meta":{"_acf_changed":false,"inline_featured_image":false,"footnotes":""},"class_list":["post-8528","page","type-page","status-publish","hentry"],"acf":[],"_links":{"self":[{"href":"https:\/\/sisu.ut.ee\/ewod\/et\/wp-json\/wp\/v2\/pages\/8528","targetHints":{"allow":["GET"]}}],"collection":[{"href":"https:\/\/sisu.ut.ee\/ewod\/et\/wp-json\/wp\/v2\/pages"}],"about":[{"href":"https:\/\/sisu.ut.ee\/ewod\/et\/wp-json\/wp\/v2\/types\/page"}],"author":[{"embeddable":true,"href":"https:\/\/sisu.ut.ee\/ewod\/et\/wp-json\/wp\/v2\/users\/43"}],"replies":[{"embeddable":true,"href":"https:\/\/sisu.ut.ee\/ewod\/et\/wp-json\/wp\/v2\/comments?post=8528"}],"version-history":[{"count":1,"href":"https:\/\/sisu.ut.ee\/ewod\/et\/wp-json\/wp\/v2\/pages\/8528\/revisions"}],"predecessor-version":[{"id":8529,"href":"https:\/\/sisu.ut.ee\/ewod\/et\/wp-json\/wp\/v2\/pages\/8528\/revisions\/8529"}],"up":[{"embeddable":true,"href":"https:\/\/sisu.ut.ee\/ewod\/et\/wp-json\/wp\/v2\/pages\/6510"}],"wp:attachment":[{"href":"https:\/\/sisu.ut.ee\/ewod\/et\/wp-json\/wp\/v2\/media?parent=8528"}],"curies":[{"name":"wp","href":"https:\/\/api.w.org\/{rel}","templated":true}]}}