{"id":8523,"date":"2024-04-03T23:42:11","date_gmt":"2024-04-03T20:42:11","guid":{"rendered":"https:\/\/sisu.ut.ee\/ewod\/?page_id=8523"},"modified":"2026-04-23T12:31:53","modified_gmt":"2026-04-23T09:31:53","slug":"aino-tigane","status":"publish","type":"page","link":"https:\/\/sisu.ut.ee\/ewod\/et\/t\/aino-tigane\/","title":{"rendered":"Aino Tigane"},"content":{"rendered":"<figure class=\"wp-block-image alignright size-large is-resized\"><a href=\"https:\/\/sisu.ut.ee\/wp-content\/uploads\/sites\/108\/a._tigane-scaled.jpg\"><img loading=\"lazy\" decoding=\"async\" width=\"701\" height=\"1024\" src=\"https:\/\/sisu.ut.ee\/wp-content\/uploads\/sites\/108\/a._tigane-701x1024.jpg\" alt=\"\" class=\"wp-image-6231\" style=\"aspect-ratio:0.6845624450953468;width:217px;height:auto\" srcset=\"https:\/\/sisu.ut.ee\/wp-content\/uploads\/sites\/108\/a._tigane-701x1024.jpg 701w, https:\/\/sisu.ut.ee\/wp-content\/uploads\/sites\/108\/a._tigane-205x300.jpg 205w, https:\/\/sisu.ut.ee\/wp-content\/uploads\/sites\/108\/a._tigane-768x1121.jpg 768w, https:\/\/sisu.ut.ee\/wp-content\/uploads\/sites\/108\/a._tigane-1052x1536.jpg 1052w, https:\/\/sisu.ut.ee\/wp-content\/uploads\/sites\/108\/a._tigane-1403x2048.jpg 1403w, https:\/\/sisu.ut.ee\/wp-content\/uploads\/sites\/108\/a._tigane-1920x2803.jpg 1920w, https:\/\/sisu.ut.ee\/wp-content\/uploads\/sites\/108\/a._tigane-scaled.jpg 1754w\" sizes=\"auto, (max-width: 701px) 100vw, 701px\"><\/a><\/figure>\n\n\n\n<p>Aino Tigane (12. V 1912\u201312. X 1991) oli lastekirjanik.<\/p>\n\n\n\n<p>Ta s\u00fcndis Tartus k\u00e4sit\u00f6\u00f6liste t\u00fctrena ja \u00f5ppis Tartus Eesti Noorsoo Kasvatuse Seltsi T\u00fctarlaste G\u00fcmnaasiumis, kus tegi kaast\u00f6\u00f6d kooli kirjandusalmanahhile. P\u00e4rast g\u00fcmnaasiumi l\u00f5petamist 1930. aastal t\u00f6\u00f6tas ta kuni 1941. aastani kirjastuses Loodus korrektorina. Aastatel 1941\u20131946 oli ta Vanemuise teatri tantsija ja n\u00e4itleja, aastatel 1947\u20131948 t\u00f6\u00f6tas Tallinna Noorsooteatris. Alates 1948. aastast elas ta vabakutselise kirjanikuna Tallinnas. Tigane oli 1948. aastast Eesti Kirjanike Liidu liige. Kirjanik <a href=\"https:\/\/sisu.ut.ee\/ewod\/et\/t\/leida-tigane\/\" data-type=\"page\" data-id=\"8516\">Leida Tigane<\/a> oli tema vanem \u00f5de. Ta oli abielus lastekirjaniku Elar Kuusiga.<\/p>\n\n\n\n<p>Aino Tigane avaldas novelle ja f\u00f6ljetone ajakirjanduses alates 1930. aastatest. Tema raamatudeb\u00fc\u00fct toimus 1941. aastal, kui ilmus tema raamat \u201eK\u00fclaline metsast\u201c, mis oli p\u00e4lvinud kirjastuse Loodus 1940. aasta lasteraamatute v\u00f5istlusel kolmanda koha. P\u00e4rast Teist maailmas\u00f5da ilmus Tigase sulest arvukalt lasteraamatuid, milles kajastuvad tollased olud ja arusaamad. Tema teoseid iseloomustab optimistlik toon, need on lihtsalt loetavad. Autor kirjutab argip\u00e4evaseid lugusid lastest, loodusest ja loomadest. Lugude intriigi kujundab m\u00f5ni kodus v\u00f5i koolis esinev tavap\u00e4rane v\u00e4\u00e4rn\u00e4htus. Aino Tigase viljakam loomeperiood kestis 1946. aastast 1963. aastani.<\/p>\n\n\n\n<p><em>L. P.<\/em><\/p>\n\n\n\n<h4 class=\"wp-block-heading\"><br>Raamatud eesti keeles<\/h4>\n\n\n\n<p><strong><em>Lasteraamatud<\/em><\/strong><br><strong>K\u00fclaline metsast<\/strong> [loomajutt]. Tallinn: Pedagoogiline Kirjastus, 1941. 46 lk.<br><strong>Esimene veerandaasta<\/strong>. Tallinn: Ilukirjandus ja Kunst, 1946. 72 lk.<br><strong>Keerds\u00f5lm: lugu pioneeridest<\/strong>. Tallinn: Ilukirjandus ja Kunst, 1948. 148 lk.<br><strong>Lugu v\u00e4ikesest Annest<\/strong>. Tallinn: Ilukirjandus ja Kunst, 1949. 23 lk.<br><strong>Klassi noorim<\/strong> [jutustus]. Tallinn: Eesti Riiklik Kirjastus, 1950. 147 lk.<br><strong>Meid kutsub signaal<\/strong>. Tallinn: Eesti Riiklik Kirjastus, 1953. 204 lk.<br>Aino Tigane, Elar Kuus, <strong>Meie Ott<\/strong>. Tallinn: Eesti Riiklik Kirjastus, 1959. 164 lk.<br><strong>Eeskuju ja tagakuju<\/strong>. Tallinn: Eesti Riiklik Kirjastus, 1963. 40 lk.<br><strong>Siledad omad, karvane v\u00f5\u00f5ras<\/strong> [jutud]. Tallinn: Eesti Raamat, 1972. 119 lk.<br><strong>Siledad ja karvased<\/strong> [jutustused]. Tallinn: Eesti Raamat, 1987. 109 lk.<\/p>\n","protected":false},"excerpt":{"rendered":"<p>Aino Tigane (12. V 1912\u201312. X 1991) oli lastekirjanik. Ta s\u00fcndis Tartus k\u00e4sit\u00f6\u00f6liste t\u00fctrena ja \u00f5ppis Tartus Eesti Noorsoo Kasvatuse Seltsi T\u00fctarlaste G\u00fcmnaasiumis, kus tegi kaast\u00f6\u00f6d kooli kirjandusalmanahhile. P\u00e4rast g\u00fcmnaasiumi l\u00f5petamist 1930. aastal t\u00f6\u00f6tas ta kuni 1941. aastani kirjastuses Loodus &#8230;<\/p>\n","protected":false},"author":43,"featured_media":0,"parent":6510,"menu_order":0,"comment_status":"closed","ping_status":"closed","template":"","meta":{"_acf_changed":false,"inline_featured_image":false,"footnotes":""},"class_list":["post-8523","page","type-page","status-publish","hentry"],"acf":[],"_links":{"self":[{"href":"https:\/\/sisu.ut.ee\/ewod\/et\/wp-json\/wp\/v2\/pages\/8523","targetHints":{"allow":["GET"]}}],"collection":[{"href":"https:\/\/sisu.ut.ee\/ewod\/et\/wp-json\/wp\/v2\/pages"}],"about":[{"href":"https:\/\/sisu.ut.ee\/ewod\/et\/wp-json\/wp\/v2\/types\/page"}],"author":[{"embeddable":true,"href":"https:\/\/sisu.ut.ee\/ewod\/et\/wp-json\/wp\/v2\/users\/43"}],"replies":[{"embeddable":true,"href":"https:\/\/sisu.ut.ee\/ewod\/et\/wp-json\/wp\/v2\/comments?post=8523"}],"version-history":[{"count":2,"href":"https:\/\/sisu.ut.ee\/ewod\/et\/wp-json\/wp\/v2\/pages\/8523\/revisions"}],"predecessor-version":[{"id":8526,"href":"https:\/\/sisu.ut.ee\/ewod\/et\/wp-json\/wp\/v2\/pages\/8523\/revisions\/8526"}],"up":[{"embeddable":true,"href":"https:\/\/sisu.ut.ee\/ewod\/et\/wp-json\/wp\/v2\/pages\/6510"}],"wp:attachment":[{"href":"https:\/\/sisu.ut.ee\/ewod\/et\/wp-json\/wp\/v2\/media?parent=8523"}],"curies":[{"name":"wp","href":"https:\/\/api.w.org\/{rel}","templated":true}]}}