{"id":8516,"date":"2024-04-03T23:42:14","date_gmt":"2024-04-03T20:42:14","guid":{"rendered":"https:\/\/sisu.ut.ee\/ewod\/?page_id=8516"},"modified":"2026-04-21T18:21:10","modified_gmt":"2026-04-21T15:21:10","slug":"leida-tigane","status":"publish","type":"page","link":"https:\/\/sisu.ut.ee\/ewod\/et\/t\/leida-tigane\/","title":{"rendered":"Leida Tigane"},"content":{"rendered":"<figure class=\"wp-block-image alignright size-large is-resized\"><a href=\"https:\/\/sisu.ut.ee\/wp-content\/uploads\/sites\/108\/leida_tigane_heinrich_riedel.jpg\"><img loading=\"lazy\" decoding=\"async\" width=\"691\" height=\"1024\" src=\"https:\/\/sisu.ut.ee\/wp-content\/uploads\/sites\/108\/leida_tigane_heinrich_riedel-691x1024.jpg\" alt=\"\" class=\"wp-image-6162\" style=\"aspect-ratio:0.6748102044815962;width:255px;height:auto\" title=\"Foto: Heinrich Riedel\" srcset=\"https:\/\/sisu.ut.ee\/wp-content\/uploads\/sites\/108\/leida_tigane_heinrich_riedel-691x1024.jpg 691w, https:\/\/sisu.ut.ee\/wp-content\/uploads\/sites\/108\/leida_tigane_heinrich_riedel-203x300.jpg 203w, https:\/\/sisu.ut.ee\/wp-content\/uploads\/sites\/108\/leida_tigane_heinrich_riedel-768x1137.jpg 768w, https:\/\/sisu.ut.ee\/wp-content\/uploads\/sites\/108\/leida_tigane_heinrich_riedel-1037x1536.jpg 1037w, https:\/\/sisu.ut.ee\/wp-content\/uploads\/sites\/108\/leida_tigane_heinrich_riedel.jpg 1056w\" sizes=\"auto, (max-width: 691px) 100vw, 691px\"><\/a><\/figure>\n\n\n\n<p>Leida Tigane (21.\/8. V 1908 \u2013 13. II 1983) oli prosaist ja lastekirjanik.<\/p>\n\n\n\n<p>S\u00fcndis ja \u00f5ppis Tartus, l\u00f5petas Eesti Noorsoo Kasvatuse Seltsi t\u00fctarlasteg\u00fcmnaasiumi (1927). T\u00f6\u00f6tas tr\u00fckiladujana, lasteajakirja P\u00e4ike toimetajana, kirjastuses Teaduslik Kirjandus, Postimehes ning kultuurilehes Sirp ja Vasar. Kirjanike Liidu liige (1945), NLKP liige (1949). Suri Tallinnas, maetud Tallinna Metsakalmistule. Tema \u00f5de oli lastekirjanik Aino Tigane (1912-1991).<\/p>\n\n\n\n<p>Kirjandusse tuli ajakirjanduses avaldatud lastejuttudega 1927. aastal, eraldi raamatuna ilmusid \u201eLugu kahest laisast varesest\u201c (1936) ja \u201eMetsatalu vahvad loomad\u201c (1938). 1930. aastatel paistab eesk\u00e4tt siiski silma t\u00e4iskasvanutele m\u00f5eldud ajaviitelise dominandiga romaanidega: esikraamatuna ilmus \u201ePalun seda h\u00e4rrat\u201c (1935), millele j\u00e4rgnesid romaanid \u201eMarga m\u00fc\u00fcb mehi\u201c (1937), \u201eSeitse pastlapaari\u201c (1938) ja \u201eS\u00f5ber merir\u00f6\u00f6vel\u201c (1939). Romaanide peategelane enamasti neiu, kes soovib abielluda, mille teoks tegemine loob mitmesuguseid koomilisi olukordi. Huumor ja koomika on \u00fcks Tigasele iseloomulikke v\u00f5tteid. On elavalt kujutanud agulimilj\u00f6\u00f6d ning leidnud v\u00e4rvikaid t\u00fc\u00fcpe ka taluolustikus. Viimases leiavad aset ka Tigase romaanidest kunstiliselt kaalukama \u201eSeitsme pastlapaari\u201c s\u00fcndmused, kus p\u00f5rkuvad koomilistes vastuoludes noore, linnast tulnud g\u00fcmnaasiumit\u00fcdruku ning alalhoidlikuma meelelaadiga taluelanike eluvaade.<\/p>\n\n\n\n<p>P\u00e4rast Teist maailmas\u00f5da keskendus Tigane lastekirjandusele, ilmusid n\u00e4iteks \u201eVanaema maja\u201c (1946), \u201eKelleks ma tahan saada\u201c (1948), \u201eMina oskan paremini\u201c (1952), \u201eJutte lastele\u201c (1955). Suure populaarsuse saavutas eesti rahvajutu motiividele toetuv \u201ePeremees ja sulane\u201c (1958). Loomingust annavad \u00fclevaate valikkogud \u201eTera siit ja teine sealt\u201c (1968) ning \u201eVikerkaar\u201c (1978). Loomingust leiab nii loomajutte kui ka kaasaja laste elu-olu kujutavaid jutte. Tigasele on iseloomulik haarav s\u00fc\u017eee ning humoorikas ja optimistlik maailman\u00e4gemine, milles omal kohal ka \u00f5petlik aspekt.<\/p>\n\n\n\n<p>Tigane p\u00e4lvis 1932 kolmanda auhinna Vaba Maa kirjandusv\u00f5istlusel humoreskiga \u201eJ\u00e4nesejaht\u201c, teise auhinna Looduse romaaniv\u00f5istlusel romaani \u201eSeitse pastlapaari\u201c (1938) eest ning teise auhinna romaani \u201eS\u00f5ber merir\u00f6\u00f6vel\u201c (1939) eest P\u00e4evalehe joonealuste romaanide v\u00f5istlusel. Jutustus \u201eHunt ja kutsikas\u201c (1943) p\u00e4lvis teise auhinna 1940. aasta lasteraamatute v\u00f5istlusel.<\/p>\n\n\n\n<p><em>A. K.<\/em><\/p>\n\n\n\n<h4 class=\"wp-block-heading\"><br>Raamatud eesti keeles<\/h4>\n\n\n\n<p><em><strong>Romaanid<\/strong><\/em><br><strong>Palun seda h\u00e4rrat\u2026<\/strong>. Tartu: Noor-Eesti, 1935, 163 lk. [2. tr\u00fckk: 2015.]<br><strong>Marga m\u00fc\u00fcb mehi<\/strong>. Tallinn: Kuldkiri, 1937, 152 lk.<br><strong>Seitse pastlapaari<\/strong>. Tallinn, Tartu: Loodus, 1938, 320 lk. [2. tr\u00fckk: 1974.]<br><strong>S\u00f5ber merir\u00f6\u00f6vel<\/strong>. Tallinn: Tallinna Eesti Kirjastus-\u00dchisus, 1939, 160 lk. [J\u00e4rgnevad tr\u00fckid: 2012, 2022.]<\/p>\n\n\n\n<p><em><strong>Lastekirjandus<\/strong><\/em><br><strong>Lugu lahest laisast varesest<\/strong>. Tartu: Loodus, 1936, 48 lk. [J\u00e4rgmised tr\u00fckid: 1959, 2003.]<br><strong>Metsatalu vahvad loomad<\/strong>. Tartu, Tallinn: Loodus, 1938, 40 lk. [2. tr\u00fckk: 1946.]<br><strong>Hunt ja kutsikas<\/strong>. Tallinn: Eesti Kirjastus, 1943, 31 lk. [2. tr\u00fckk: 1948.]<br><strong>Vanaema maja<\/strong>. Tallinn: Ilukirjandus ja Kunst, 1946, 44 lk. [2. tr\u00fckk: 1980.]<br><strong>Kelleks ma tahan saada<\/strong>. Tallinn: Ilukirjandus ja Kunst, 1948, 36 lk.<br><strong>Mina oskan paremini<\/strong>. Tallinn: Eesti Riiklik Kirjastus, 1952, 39 lk.<br><strong>Jutte lastele<\/strong>. Tallinn: Eesti Riiklik Kirjastus, 1955, 32 lk.<br><strong>Peremees ja sulane<\/strong>: jutte rahvajuttude aineil. Tallinn: Eesti Riiklik Kirjastus, 1958, 24 lk. [J\u00e4rgmised tr\u00fckid: 1960, 1989, 2011.]<br><strong>Tera siit ja teine sealt<\/strong>. Tallinn: Eesti Raamat, 1968, 168 lk.<br><strong>Vares keedab hernesuppi<\/strong>. Tallinn: TEA Kirjastus, 2009, 37 lk.<br><strong>Orav Pikkhamba s\u00f6\u00f6kla<\/strong>. Tallinn: TEA Kirjastus, 2010, 31 lk.<\/p>\n","protected":false},"excerpt":{"rendered":"<p>Leida Tigane (21.\/8. V 1908 \u2013 13. II 1983) oli prosaist ja lastekirjanik. S\u00fcndis ja \u00f5ppis Tartus, l\u00f5petas Eesti Noorsoo Kasvatuse Seltsi t\u00fctarlasteg\u00fcmnaasiumi (1927). T\u00f6\u00f6tas tr\u00fckiladujana, lasteajakirja P\u00e4ike toimetajana, kirjastuses Teaduslik Kirjandus, Postimehes ning kultuurilehes Sirp ja Vasar. Kirjanike Liidu &#8230;<\/p>\n","protected":false},"author":43,"featured_media":0,"parent":6510,"menu_order":0,"comment_status":"closed","ping_status":"closed","template":"","meta":{"_acf_changed":false,"inline_featured_image":false,"footnotes":""},"class_list":["post-8516","page","type-page","status-publish","hentry"],"acf":[],"_links":{"self":[{"href":"https:\/\/sisu.ut.ee\/ewod\/et\/wp-json\/wp\/v2\/pages\/8516","targetHints":{"allow":["GET"]}}],"collection":[{"href":"https:\/\/sisu.ut.ee\/ewod\/et\/wp-json\/wp\/v2\/pages"}],"about":[{"href":"https:\/\/sisu.ut.ee\/ewod\/et\/wp-json\/wp\/v2\/types\/page"}],"author":[{"embeddable":true,"href":"https:\/\/sisu.ut.ee\/ewod\/et\/wp-json\/wp\/v2\/users\/43"}],"replies":[{"embeddable":true,"href":"https:\/\/sisu.ut.ee\/ewod\/et\/wp-json\/wp\/v2\/comments?post=8516"}],"version-history":[{"count":2,"href":"https:\/\/sisu.ut.ee\/ewod\/et\/wp-json\/wp\/v2\/pages\/8516\/revisions"}],"predecessor-version":[{"id":8519,"href":"https:\/\/sisu.ut.ee\/ewod\/et\/wp-json\/wp\/v2\/pages\/8516\/revisions\/8519"}],"up":[{"embeddable":true,"href":"https:\/\/sisu.ut.ee\/ewod\/et\/wp-json\/wp\/v2\/pages\/6510"}],"wp:attachment":[{"href":"https:\/\/sisu.ut.ee\/ewod\/et\/wp-json\/wp\/v2\/media?parent=8516"}],"curies":[{"name":"wp","href":"https:\/\/api.w.org\/{rel}","templated":true}]}}