{"id":8490,"date":"2024-04-03T23:40:22","date_gmt":"2024-04-03T20:40:22","guid":{"rendered":"https:\/\/sisu.ut.ee\/ewod\/?page_id=8490"},"modified":"2026-04-21T15:45:08","modified_gmt":"2026-04-21T12:45:08","slug":"jaak-tomberg","status":"publish","type":"page","link":"https:\/\/sisu.ut.ee\/ewod\/et\/t\/jaak-tomberg\/","title":{"rendered":"Jaak Tomberg"},"content":{"rendered":"<figure class=\"wp-block-image alignright size-large is-resized\"><a href=\"https:\/\/sisu.ut.ee\/wp-content\/uploads\/sites\/108\/tomberg_vaike.jpg\"><img loading=\"lazy\" decoding=\"async\" width=\"674\" height=\"1024\" src=\"https:\/\/sisu.ut.ee\/wp-content\/uploads\/sites\/108\/tomberg_vaike-674x1024.jpg\" alt=\"\" class=\"wp-image-6421\" style=\"aspect-ratio:0.6581954327916405;width:237px;height:auto\" title=\"Foto: Kr\u00f5\u00f5t Tarkmeel\" srcset=\"https:\/\/sisu.ut.ee\/wp-content\/uploads\/sites\/108\/tomberg_vaike-674x1024.jpg 674w, https:\/\/sisu.ut.ee\/wp-content\/uploads\/sites\/108\/tomberg_vaike-198x300.jpg 198w, https:\/\/sisu.ut.ee\/wp-content\/uploads\/sites\/108\/tomberg_vaike-768x1166.jpg 768w, https:\/\/sisu.ut.ee\/wp-content\/uploads\/sites\/108\/tomberg_vaike.jpg 852w\" sizes=\"auto, (max-width: 674px) 100vw, 674px\"><\/a><\/figure>\n\n\n\n<p>Jaak Tomberg (s\u00fcndinud 30. VI 1980) on kirjandusteadlane.<\/p>\n\n\n\n<p>Tomberg on s\u00fcndinud Tartus ja \u00f5ppinud Tartu Miina H\u00e4rma G\u00fcmnaasiumis. Ta on Tartu \u00dclikoolis kaitsnud magistrit\u00f6\u00f6 \u201eEkstrapolatiivne kirjutamine: tulevikukirjutuse poeetikast\u201d (2004) ja doktorit\u00f6\u00f6 \u201eKirjanduse lepitav otstarve\u201c (2009). Tomberg kuulub n\u00fc\u00fcdiskultuuri uurimise t\u00f6\u00f6r\u00fchma ning t\u00f6\u00f6tab kaasprofessorina Tartu \u00dclikooli kirjanduse osakonnas.<\/p>\n\n\n\n<p>Tema peamised uurimisteemad on seotud kirjandusteooria ning ulmekirjandusega, aga ka kirjanduse poeetika ja filosoofiaga. \u00dcheks Tombergi huvialaks on olnud k\u00fcberpunk ning William Gibsoni looming. Tomberg on t\u00f5lkinud kirjandusteooriat, kirjutanud kirjandus- ja kultuurikriitikat, n\u00e4idendeid (n\u00e4iteks \u201eAurora temporalis\u201c, koos Andreas W-ga, esietendus 2002 Tartu Teatrilabori poolt) ning l\u00fchiproosat (k\u00fcmneosaline jutuseeria \u201eFaddei Bulgarini k\u00fcmme soont\u201d proosakogumikus \u201eMitte-Tartu\u201d, 2012). Jaak Tomberg on olnud ka Tartu avangard-ajakirja VIHIK toimetaja.<\/p>\n\n\n\n<p>Tomberg on p\u00e4lvinud ajalehe Sirp aastapreemia (2009), Science Fiction Research Associationi aastaauhinna parima teadusartikli eest (ajakirjas Science Fiction Studies 2014. aastal ilmunud \u201eOn the \u201cDouble Vision\u201d of mimetic realism and science-fictional estrangement in William Gibson\u2019s \u201cBigend trilogy\u201d\u201d), Tartu Kultuurikajastaja aunimetuse (2017) ja Tartu \u00dclikooli aum\u00e4rgi (2023).<\/p>\n\n\n\n<p><em>A. K.<\/em><\/p>\n\n\n\n<h4 class=\"wp-block-heading\"><br>Raamatud eesti keeles<\/h4>\n\n\n\n<p><strong><em>Kirjandusuurimused<\/em><\/strong><br><strong>Ekstrapolatiivne kirjutamine: tulevikukirjutuse poeetikast<\/strong>. Tartu: Tartu \u00dclikooli Kirjastus, 2004, 108 lk<br><strong>Kirjanduse lepitav otstarve<\/strong>. Tartu: Tartu \u00dclikooli Kirjastus, 2009, 167 lk [2. tr 2011]<br><strong>Kuidas t\u00e4ita soovi: realism, teadusulme ja utoopiline kujutlusv\u00f5ime<\/strong>. Tartu: Tartu \u00dclikooli Kirjastus, 2023, 307 lk<\/p>\n","protected":false},"excerpt":{"rendered":"<p>Jaak Tomberg (s\u00fcndinud 30. VI 1980) on kirjandusteadlane. Tomberg on s\u00fcndinud Tartus ja \u00f5ppinud Tartu Miina H\u00e4rma G\u00fcmnaasiumis. Ta on Tartu \u00dclikoolis kaitsnud magistrit\u00f6\u00f6 \u201eEkstrapolatiivne kirjutamine: tulevikukirjutuse poeetikast\u201d (2004) ja doktorit\u00f6\u00f6 \u201eKirjanduse lepitav otstarve\u201c (2009). Tomberg kuulub n\u00fc\u00fcdiskultuuri uurimise t\u00f6\u00f6r\u00fchma &#8230;<\/p>\n","protected":false},"author":43,"featured_media":0,"parent":6510,"menu_order":0,"comment_status":"closed","ping_status":"closed","template":"","meta":{"_acf_changed":false,"inline_featured_image":false,"footnotes":""},"class_list":["post-8490","page","type-page","status-publish","hentry"],"acf":[],"_links":{"self":[{"href":"https:\/\/sisu.ut.ee\/ewod\/et\/wp-json\/wp\/v2\/pages\/8490","targetHints":{"allow":["GET"]}}],"collection":[{"href":"https:\/\/sisu.ut.ee\/ewod\/et\/wp-json\/wp\/v2\/pages"}],"about":[{"href":"https:\/\/sisu.ut.ee\/ewod\/et\/wp-json\/wp\/v2\/types\/page"}],"author":[{"embeddable":true,"href":"https:\/\/sisu.ut.ee\/ewod\/et\/wp-json\/wp\/v2\/users\/43"}],"replies":[{"embeddable":true,"href":"https:\/\/sisu.ut.ee\/ewod\/et\/wp-json\/wp\/v2\/comments?post=8490"}],"version-history":[{"count":2,"href":"https:\/\/sisu.ut.ee\/ewod\/et\/wp-json\/wp\/v2\/pages\/8490\/revisions"}],"predecessor-version":[{"id":8493,"href":"https:\/\/sisu.ut.ee\/ewod\/et\/wp-json\/wp\/v2\/pages\/8490\/revisions\/8493"}],"up":[{"embeddable":true,"href":"https:\/\/sisu.ut.ee\/ewod\/et\/wp-json\/wp\/v2\/pages\/6510"}],"wp:attachment":[{"href":"https:\/\/sisu.ut.ee\/ewod\/et\/wp-json\/wp\/v2\/media?parent=8490"}],"curies":[{"name":"wp","href":"https:\/\/api.w.org\/{rel}","templated":true}]}}