{"id":8485,"date":"2024-04-03T23:41:59","date_gmt":"2024-04-03T20:41:59","guid":{"rendered":"https:\/\/sisu.ut.ee\/ewod\/?page_id=8485"},"modified":"2026-04-21T15:37:51","modified_gmt":"2026-04-21T12:37:51","slug":"ilmar-tomusk","status":"publish","type":"page","link":"https:\/\/sisu.ut.ee\/ewod\/et\/t\/ilmar-tomusk\/","title":{"rendered":"Ilmar Tomusk"},"content":{"rendered":"<figure class=\"wp-block-image alignright size-large\"><a href=\"https:\/\/sisu.ut.ee\/wp-content\/uploads\/sites\/108\/ilmar_tomusk_alar_madisson.jpg\"><img loading=\"lazy\" decoding=\"async\" width=\"1024\" height=\"716\" src=\"https:\/\/sisu.ut.ee\/wp-content\/uploads\/sites\/108\/ilmar_tomusk_vaike2_alar_madisson-1024x716.jpg\" alt=\"\" class=\"wp-image-6270\" title=\"Foto: Alar Madisson\" srcset=\"https:\/\/sisu.ut.ee\/wp-content\/uploads\/sites\/108\/ilmar_tomusk_vaike2_alar_madisson-1024x716.jpg 1024w, https:\/\/sisu.ut.ee\/wp-content\/uploads\/sites\/108\/ilmar_tomusk_vaike2_alar_madisson-300x210.jpg 300w, https:\/\/sisu.ut.ee\/wp-content\/uploads\/sites\/108\/ilmar_tomusk_vaike2_alar_madisson-768x537.jpg 768w, https:\/\/sisu.ut.ee\/wp-content\/uploads\/sites\/108\/ilmar_tomusk_vaike2_alar_madisson-1536x1074.jpg 1536w, https:\/\/sisu.ut.ee\/wp-content\/uploads\/sites\/108\/ilmar_tomusk_vaike2_alar_madisson-2048x1432.jpg 2048w, https:\/\/sisu.ut.ee\/wp-content\/uploads\/sites\/108\/ilmar_tomusk_vaike2_alar_madisson-1920x1343.jpg 1920w\" sizes=\"auto, (max-width: 1024px) 100vw, 1024px\"><\/a><\/figure>\n\n\n\n<p>Ilmar Tomusk (s\u00fcnd. 28. VI 1964) on riigiametnik ja lastekirjanik.<\/p>\n\n\n\n<p>Tomusk s\u00fcndis Tallinnas ja \u00f5ppis aastatel 1971\u20131982 Tallinna 32. Keskkoolis. P\u00e4rast keskkooli l\u00f5petamist asus ta \u00f5ppima kehalise kasvatuse \u00f5petajaks, kuid v\u00f5eti \u00f5pingute ajal s\u00f5jav\u00e4kke ja ajateenistusest vabanenuna vahetas \u00f5pitavat eriala. Ta l\u00f5petas 1989. aastal Tallinna Pedagoogilise Instituudi eesti keele ja kirjanduse \u00f5petajana. Ta suunati t\u00f6\u00f6le Kadrina keskkooli. Ta on alates 1995. aasta 5. oktoobrist Keeleinspektsiooni peadirektor. Ilmar Tomuskil on 2002. aastast doktorikraad haldusjuhtimises. Ta on avaldanud artikleid keele ja poliitika teemal ning koostanud soome keele \u00f5pikuid. Ilmar Tomusk on Eesti Kirjanike Liidu liige 2017. aastast.<\/p>\n\n\n\n<p>Peaaegu 20 aasta jooksul on Tomusk avaldanud ligi 60 lasteraamatut ja temast on kiiresti saanud \u00fcks armastatumaid ja loetumaid eesti lastekirjanikke. Ta on oma raamatute eest p\u00e4lvinud arvukalt auhindu \u2013 Nukitsa auhinna viis korda, Kultuurkapitali kirjanduse sihtkapitali aastaauhinna (2011), Hea Lasteraamatu Auhinna (2023, 2024), sissekande IBBY aunimekirja (2024), Aasta Rosina (2019) ja palju teisi.<\/p>\n\n\n\n<p>Tema raamatuid on t\u00f5lgitud vene, ukraina ja inglise keelde.<\/p>\n\n\n\n<p>2004. aastal autasustati teda Valget\u00e4he V klassi ordeniga ja 2026. aastal Valget\u00e4he III klassi ordeniga.<\/p>\n\n\n\n<p><em>L. P.<\/em><\/p>\n\n\n\n<h4 class=\"wp-block-heading\"><br>Raamatud eesti keeles<\/h4>\n\n\n\n<p><strong><em>Lasteraamatud<\/em><\/strong><br><strong>Tere, Volli!<\/strong>. Tallinn: T\u00e4nap\u00e4ev, 2007. 124 lk. [2. tr\u00fckk: 2023.]<br><strong>Vend Johannes<\/strong>. Tallinn: T\u00e4nap\u00e4ev, 2009. 182 lk.<br><strong>L\u00f5puaktus<\/strong>. Tallinn: Tammerraamat, 2010. 119 lk.<br><strong>P\u00f6\u00f6rane puhkus Parakatkus<\/strong>. Tallinn: Tammerraamat, 2010. 159 lk. [J\u00e4rgnevad tr\u00fckid: 2018, 2021.]<br><strong>Inglid kuuendas B-s<\/strong>. Tallinn: Tammerraamat, 2011. 118 lk.<br><strong>Volli vanad vigurid<\/strong>. Tallinn: T\u00e4nap\u00e4ev, 2011. 138 lk.<br><strong>Kolmanda A kriminalistid<\/strong>. Tallinn: Tammerraamat, 2012. 93 lk. [2. tr\u00fckk: 2025.]<br><strong>Kriminaalne koolipapa. Viienda A kriminalistid<\/strong>. Tallinn: Tammerraamat, 2013. 132 lk. [2. tr\u00fckk: 2025.]<br><strong>Kriminaalsed viineripirukad. Neljanda A kriminalistid<\/strong>. Tallinn: Tammerraamat, 2013. 115 lk. [2. tr\u00fckk: 2025.]<br><strong>Mauno saladuslik kadumine<\/strong>. V\u00e4ga kriminaalne lugu. Tallinn: Tammerraamat, 2013. 76 lk.<br><strong>Volli kasvab suureks<\/strong>. Tallinn: T\u00e4nap\u00e4ev, 2013. 162 lk. [2. tr\u00fckk: 2022.]<br><strong>Kriminaalne suvevaheaeg. Kuuenda A kriminalistid<\/strong>. Tallinn: Tammerraamat, 2014. 118 lk. [2. tr\u00fckk: 2026.]<br><strong>Kriminaalsed automatkajad<\/strong>. Meistriklass. Tallinn: Tammerraamat, 2014. 142 lk. [2. tr\u00fckk: 2023.]<br><strong>Nuustik<\/strong>. Tallinn: Tammerraamat, 2014. 135 lk.<br><strong>Volli l\u00e4heb t\u00f6\u00f6le<\/strong>. Tallinn: T\u00e4nap\u00e4ev, 2014. 147 lk.<br><strong>Digip\u00f6\u00f6rane kool<\/strong>. Tallinn: Tammerraamat, 2015. 172 lk. [2. tr\u00fckk: 2023.]<br><strong>Kriminaalne pangapresident. Kriminalistid on tagasi<\/strong>. Tallinn: Tammerraamat, 2015. 129 lk. [2. tr\u00fckk: 2023.]<br><strong>Rasmuse vuntsid<\/strong>. Tallinn: Tammerraamat, 2015. 69 lk.<br><strong>Algaja ajar\u00e4nduri seiklused<\/strong>. Tallinn: Tammerraamat, 2016. 224 lk.<br><strong>Amanda patsid<\/strong>. Tallinn: Tammerraamat, 2016. 70 lk.<br><strong>Isamoodi unejutud<\/strong>. Tallinn: Tammerraamat, 2017. 101 lk. [2. tr\u00fckk: 2022.]<br><strong>Seiklused paralleelmaailmas<\/strong>. Tallinn: Tammerraamat, 2017. 224 lk.<br><strong>Triinu tomat<\/strong>. Tallinn: Tammerraamat, 2017. 70 lk.<br><strong>Hundi s\u00f5brad<\/strong>. Tallinn: Tammerraamat, 2018. 26 lk.<br><strong>K\u00f5ik emad on head<\/strong>. Tallinn: Elford Press, 2018. 64 lk.<br><strong>P\u00e4iksemetsa vanadekodu kriminalistid. Kribu ja Krabu tegutsevad j\u00e4lle<\/strong>. Tallinn: Tammerraamat, 2018. 120 lk. [2. tr\u00fckk: 2024.]<br><strong>Universumi saladused<\/strong>. Tallinn: Tammerraamat, 2018. 211 lk.<br><strong>K\u00f5rvalised isikud<\/strong>. Tallinn: Tammerraamat, 2019. 87 lk.<br><strong>Porgandipirukas<\/strong>. Tallinn: Tammerraamat, 2019. 38 lk.<br><strong>Tulnukate r\u00fcnnak<\/strong>. Tallinn: Tammerraamat, 2019. 223 lk.<br><strong>V\u00e4ike Vunts<\/strong>. Tallinn: Tammerraamat, 2019. 26 lk.<br><strong>Footoni seiklused<\/strong>. Tallinn: Tammerraamat, 2020. 80 lk.<br><strong>Kes tahab saada kummituseks?<\/strong> Tallinn: Tammerraamat, 2020. 105 lk.<br><strong>K\u00f5ik isad teevad pannkooke<\/strong>. Tallinn: Elford Press, 2020. 63 lk.<br><strong>Linnutee s\u00fcdames<\/strong>. Tallinn: Tammerraamat, 2020. 235 lk.<br><strong>Vapper siil<\/strong>. Tallinn: Tammerraamat, 2020. 26 lk.<br><strong>Matemaatiline s\u00f5ber: ajukiip<\/strong>. Tallinn: Tammerraamat, 2021. 78 lk.<br><strong>Kops l\u00e4ks \u00fcle maksa<\/strong>. Tallinn: Tammerraamat, 2021, 88 lk.<br><strong>Matemaatiline s\u00f5ber. Peaaegu tavaline poiss<\/strong>. Tallinn: Tammerraamat, 2021, 86 lk.<br>Ilmar Tomusk, Georg Voldemar Tomusk, <strong>P\u00e4\u00e4stetud j\u00f5ulud<\/strong>. Tallinn: Tammerraamat, 2021, 34 lk.<br><strong>Matemaatiline s\u00f5ber. Vanat\u00e4di Laine<\/strong>. Tallinn: Tammerraamat, 2022, 94 lk.<br><strong>Kullakallis kass<\/strong>. Tallinn: Tammerraamat, 2022, 26 lk.<br><strong>Julius, mida sina suvel tegid?<\/strong> Tallinn: Tammerraamat, 2022, 64 lk.<br><strong>Matemaatiline s\u00f5ber. Marss Marsile<\/strong>. Tallinn: Tammerraamat, 2023, 91 lk.<br><strong>Uks<\/strong>. Tallinn: Tammerraamat, 2023, 109 lk.<br><strong>Isa preemia<\/strong>. Tallinn: Tammerraamat, 2023, 22 lk.<br><strong>Karmeli lapsed<\/strong>. Rakvere: EEKBKL Rakvere Karmeli Kogudus, 2024, 67 lk.<br><strong>Kukeleegu!<\/strong> Tallinn: Tammerraamat, 2024, 41 lk.<br><strong>Matemaatiline s\u00f5ber. Kuldplaneet<\/strong>. Tallinn: Tammerraamat, 2024, 106 lk.<br><strong>Matemaatiline s\u00f5ber. Uus \u00f5petaja<\/strong>. Tallinn: Tammerraamat, 2024, 100 lk.<br><strong>Paul hakkab inseneriks<\/strong>. Tallinn: Rahva Raamat, 2024, 95 lk.<br><strong>Traktor, printsess ja teised putukad<\/strong>. Tallinn: Tammerraamat, 2024, 72 lk.<br><strong>Matemaatiline s\u00f5ber. Tagasi koju<\/strong>. Tallinn: Tammerraamat, 2025, 112 lk.<br><strong>Ruudulise s\u00e4rgiga mees<\/strong>. Tallinn: Tammerraamat, 2025, 73 lk.<br><strong>Seiklus raamatumetsas<\/strong>. Tallinn: Tammerraamat, 2025, 42 lk.<br><strong>Vastik kassikasvataja<\/strong>. Tallinn: Tammerraamat, 2025, 78 lk.<br><strong>Esimene \u00f5petaja<\/strong>. Tallinn: Tammerraamat, 2026, 88 lk.<br><strong>Kui me oleksime v\u00e4iksed<\/strong>. Tallinn: Tammerraamat, 2026, 71 lk.<\/p>\n\n\n\n<p><strong><em>Varia<\/em><\/strong><br><strong>Soome keel: \u00f5pik keskkoolile<\/strong>. Tallinn: Koolibri, 1994. 288 lk.<br><strong>Keel ja poliitika. Artiklid ja ettekanded 1996\u20132003<\/strong>. Tallinn: Eesti Keele Sihtasutus, 2004. 187 lk.<br><strong>Keel ja poliitika II. Artiklid ja ettekanded 2003\u20132009<\/strong>. Tallinn: Eesti Keele Sihtasutus, 2009. 271 lk.<br><strong>Kuue kuuga tankistiks. M\u00e4lestusi N\u00f5ukogude merejalav\u00e4est 1982\u20131984<\/strong>. Tallinn: Tammerraamat, 2013. 199 lk.<br>Sergei Kraana, <strong>Juriidiliselt on k\u00f5ik korrektne<\/strong>. Koostanud, t\u00f5lkinud ja toimetanud J\u00fcrgen Topsik. Tallinn: T\u00e4nap\u00e4ev, 2013. 380 lk.<br>Voldemar Tomusk, Ilmar Tomusk, <strong>Kiisaelmar. Kangelaseepos<\/strong>. Tallinn: I. Tomusk, 2015. 73 lk.<br><strong>Keel ja poliitika III. Artiklid ja ettekanded 2009\u20132017<\/strong>. Tallinn: Eesti Keele Sihtasutus, 2017. 223 lk.<br><strong>Keel ja poliitika IV. Artiklid ja ettekanded 2018\u20132021<\/strong>. Tallinn: EKSA, 2021, 200 lk.<\/p>\n","protected":false},"excerpt":{"rendered":"<p>Ilmar Tomusk (s\u00fcnd. 28. VI 1964) on riigiametnik ja lastekirjanik. Tomusk s\u00fcndis Tallinnas ja \u00f5ppis aastatel 1971\u20131982 Tallinna 32. Keskkoolis. P\u00e4rast keskkooli l\u00f5petamist asus ta \u00f5ppima kehalise kasvatuse \u00f5petajaks, kuid v\u00f5eti \u00f5pingute ajal s\u00f5jav\u00e4kke ja ajateenistusest vabanenuna vahetas \u00f5pitavat eriala. &#8230;<\/p>\n","protected":false},"author":43,"featured_media":0,"parent":6510,"menu_order":0,"comment_status":"closed","ping_status":"closed","template":"","meta":{"_acf_changed":false,"inline_featured_image":false,"footnotes":""},"class_list":["post-8485","page","type-page","status-publish","hentry"],"acf":[],"_links":{"self":[{"href":"https:\/\/sisu.ut.ee\/ewod\/et\/wp-json\/wp\/v2\/pages\/8485","targetHints":{"allow":["GET"]}}],"collection":[{"href":"https:\/\/sisu.ut.ee\/ewod\/et\/wp-json\/wp\/v2\/pages"}],"about":[{"href":"https:\/\/sisu.ut.ee\/ewod\/et\/wp-json\/wp\/v2\/types\/page"}],"author":[{"embeddable":true,"href":"https:\/\/sisu.ut.ee\/ewod\/et\/wp-json\/wp\/v2\/users\/43"}],"replies":[{"embeddable":true,"href":"https:\/\/sisu.ut.ee\/ewod\/et\/wp-json\/wp\/v2\/comments?post=8485"}],"version-history":[{"count":2,"href":"https:\/\/sisu.ut.ee\/ewod\/et\/wp-json\/wp\/v2\/pages\/8485\/revisions"}],"predecessor-version":[{"id":8488,"href":"https:\/\/sisu.ut.ee\/ewod\/et\/wp-json\/wp\/v2\/pages\/8485\/revisions\/8488"}],"up":[{"embeddable":true,"href":"https:\/\/sisu.ut.ee\/ewod\/et\/wp-json\/wp\/v2\/pages\/6510"}],"wp:attachment":[{"href":"https:\/\/sisu.ut.ee\/ewod\/et\/wp-json\/wp\/v2\/media?parent=8485"}],"curies":[{"name":"wp","href":"https:\/\/api.w.org\/{rel}","templated":true}]}}