{"id":8471,"date":"2024-04-03T23:39:56","date_gmt":"2024-04-03T20:39:56","guid":{"rendered":"https:\/\/sisu.ut.ee\/ewod\/?page_id=8471"},"modified":"2026-04-21T14:19:33","modified_gmt":"2026-04-21T11:19:33","slug":"tiia-toomet","status":"publish","type":"page","link":"https:\/\/sisu.ut.ee\/ewod\/et\/t\/tiia-toomet\/","title":{"rendered":"Tiia Toomet"},"content":{"rendered":"<figure class=\"wp-block-image alignright size-large is-resized\"><a href=\"https:\/\/sisu.ut.ee\/wp-content\/uploads\/sites\/108\/tiia_toomet_kalju_suur-scaled.jpg\"><img loading=\"lazy\" decoding=\"async\" width=\"755\" height=\"1024\" src=\"https:\/\/sisu.ut.ee\/wp-content\/uploads\/sites\/108\/tiia_toomet_kalju_suur-755x1024.jpg\" alt=\"\" class=\"wp-image-6122\" style=\"aspect-ratio:0.7373020268980536;width:259px;height:auto\" title=\"Foto: Kalju Suur\" srcset=\"https:\/\/sisu.ut.ee\/wp-content\/uploads\/sites\/108\/tiia_toomet_kalju_suur-755x1024.jpg 755w, https:\/\/sisu.ut.ee\/wp-content\/uploads\/sites\/108\/tiia_toomet_kalju_suur-221x300.jpg 221w, https:\/\/sisu.ut.ee\/wp-content\/uploads\/sites\/108\/tiia_toomet_kalju_suur-768x1042.jpg 768w, https:\/\/sisu.ut.ee\/wp-content\/uploads\/sites\/108\/tiia_toomet_kalju_suur-1133x1536.jpg 1133w, https:\/\/sisu.ut.ee\/wp-content\/uploads\/sites\/108\/tiia_toomet_kalju_suur-1510x2048.jpg 1510w, https:\/\/sisu.ut.ee\/wp-content\/uploads\/sites\/108\/tiia_toomet_kalju_suur-1920x2604.jpg 1920w, https:\/\/sisu.ut.ee\/wp-content\/uploads\/sites\/108\/tiia_toomet_kalju_suur-scaled.jpg 1888w\" sizes=\"auto, (max-width: 755px) 100vw, 755px\"><\/a><\/figure>\n\n\n\n<p>Tiia Toomet (s. 9. II 1947) on eesti lastekirjanik, luuletaja ja prosaist.<\/p>\n\n\n\n<p>Ta s\u00fcndis Tallinnas ja l\u00f5petas 1965. aastal Tallinna 7. keskkooli, 1970. aastal Tartu Riikliku \u00dclikooli ajaloo-keeleteaduskonna ajaloolasena ning 1978 Eesti Riiklikus Kunstiinstituudis tekstiilikunsti eriala. Toomet t\u00f6\u00f6tas aastatel 1970\u20131973 Tartu \u00fclikooli kunstikabineti laborandina ning 1982\u20131983 kodunduskabineti \u00f5petajana. Sealt alates oli k\u00fcmmekond aastat vabakutseline ning aastatel 1994\u20132007 Tartu m\u00e4nguasjamuuseumi \u00fcks asutaja ning direktor. 1985. aastast on Tiia Toomet Eesti Kirjanike Liidu liige. 1969. aastast abielus kirjanik Jaan Kaplinskiga. Neil on kolm poega ja \u00fcks t\u00fctar.<\/p>\n\n\n\n<p>Tiia Toometi esimene l\u00fchijutt (\u201eSimmo\u201c) ilmus 1965. aastal ajakirjas Noorus. Alates 1970. aastate keskpaigast on ta v\u00e4lja andnud hulga lasteraamatuid, millest paljud on p\u00e4lvinud t\u00e4helepanu ka Eestist v\u00e4ljaspool. Toometi looming on ammutanud inspiratsiooni ajaloost ning suunatud mineviku meenutamisele. Olnut \u00fclem\u00e4\u00e4ra \u00fclistamata suudab ta oma lugudes luua sooja pildi esivanemate aegadest ja asjust ning tuua need t\u00e4nap\u00e4eva lapsele l\u00e4hemale. Tema raamatud, eriti need, mis meenutavad vana aja tegemisi ja elu, on koolilaste soovituslike teoste nimekirjas. Samuti on Toomet hinnatud erialaasjatundjana koostanud \u00fche esimese iseseisvumisj\u00e4rgse ajaloo\u00f5piku (eesti ajaloo \u00f5pik 5. klassile, 1993).<\/p>\n\n\n\n<p>Lastekirjanduse k\u00f5rval ja j\u00e4rel on Toometil ilmunud ka luulekogusid, milles p\u00f5imub argip\u00e4ev igavikuga, samuti hinnatud jutukogusid t\u00e4iskasvanuile.<\/p>\n\n\n\n<p>Tema loomingut on t\u00f5lgitud vene, inglise, hollandi, ka araabia keelde.<\/p>\n\n\n\n<p>1996. aastal p\u00e4lvis Toomet raamatu \u201eKaltsutitt ja puuhobune\u201c eest Eesti Kultuurkapitali kirjanduse sihtkapitali aastapreemia, 1997. aastal jutukogu \u201eIsamaa suvi\u201c eest Virumaa kirjandusauhinna. 2004. aastal sai ta Tartu medali ja 2005. aastal Valget\u00e4he IV klassi teenetem\u00e4rgi. 2007. aastal anti talle Eesti Kultuurkapitali rahvakultuuri sihtkapitali aastapreemia m\u00e4nguasjamuuseumi rajamise eest. 2012. aastal valiti Toomet veebik\u00fcsitluse p\u00f5hjal kolme tartlase hulka, kelle j\u00e4ljed lisati Tartu teerajajate alleele ning 2016. aastal Tartu linna aukodanikuks ja Tartu Suurt\u00e4he kavaleriks.<\/p>\n\n\n\n<p><em>M. K.<\/em><\/p>\n\n\n\n<h4 class=\"wp-block-heading\"><br>Raamatud eesti keeles<\/h4>\n\n\n\n<p><strong><em>Luule<\/em><\/strong><br><strong>Argip\u00e4eva \u00f5htu. <\/strong>Tallinn: Eesti Raamat, 1987, 82 lk.<br><strong>Vaba valik. <\/strong>Tallinn: Eesti Raamat, 1991, 55 lk.<\/p>\n\n\n\n<p><strong><em>L\u00fchiproosa<\/em><\/strong><br><strong>Isamaa suvi. <\/strong>Tartu: Ilmamaa, 1997, 166 lk.<br><strong>Maailma keskpunkt. <\/strong>Tallinn: Tammerraamat, 2018, 326 lk.<\/p>\n\n\n\n<p><strong><em>Lastekirjandus<\/em><\/strong><br>Jaan Kaplinski, Tiia Toomet, <strong>Kuhu need v\u00e4rvid j\u00e4\u00e4vad. <\/strong>Illustreerinud Edgar Valter. Tallinn: Eesti Raamat, 1975, 40 lk.<br><strong>V\u00e4rviline kosmoselugu. <\/strong>Tallinn: Kunst, 1979, 28 lk.<br><strong>Kuidas panna n\u00f6\u00f6pe. <\/strong>Tallinn: Eesti Raamat, 1979, 48 lk.<br><strong>Vana aja lood. <\/strong>Tallinn: Eesti Raamat, 1983, 40 lk. [2. tr\u00fckk: 2022.]<br><strong>Ahvipoeg, kes ei tahtnud areneda. <\/strong>Tallinn: Eesti Raamat, 1984, 20 lk.<br><strong>Lapikirja ja lastekirja. <\/strong>Tallinn: Kunst, 1984, 22 lk [inglise ja saksa keeles, 1987, hollandi keeles 1989].<br><strong>Kodused asjad. <\/strong>Tallinn: Eesti Raamat, 1987, 56 lk.<br><strong>Karjakuninga m\u00e4ngud. <\/strong>Tallinn: ERKI, 1989, 16 lk; Karrup, 2016, 20 lk.<br><strong>Kaur, k\u00f5ige noorem vanem vend. <\/strong>Tallinn: Eesti Raamat, 1991, 63 lk.<br><strong>Kaltsutitt ja puuhobune. <\/strong>Tallinn: Koolibri, 1996, 110 lk.<br><strong>Nukuraamat. <\/strong>Tallinn: Kunst, 1997, 80 lk.<br><strong>Vana aja koolilood. <\/strong>Illustreerinud Jaan Tammsaar. Tallinn: Varrak, 2001, 64 lk. [2. tr\u00fckk: 2018].<br><strong>Kus on kodu?. <\/strong>Tallinn: TEA, 2007, 38 lk [2. tr\u00fckk 2013, 3. tr\u00fckk 2016].<br><strong>K\u00f5ige paremad asjad. <\/strong>Tallinn: TEA, 2007, 56 lk.<br><strong>Supers\u00fcnnip\u00e4ev. <\/strong>Tallinn: T\u00e4nap\u00e4ev, 2007, 116 lk.<br><strong>Lugemistund. <\/strong>Tallinn: TEA, 2008, 136 lk.<br><strong>Karu Lillek\u00e4pa kevad\u00fcllatused. <\/strong>Tallinn: Karrup, 2008, 8 lk.<br><strong>Karu Lillek\u00e4pa suvejuhtumised. <\/strong>Tallinn: Karrup 2008, 8 lk.<br><strong>Karu Lillek\u00e4pa s\u00fcgissajud. <\/strong>Tallinn: Karrup 2008, 8 lk.<br><strong>Karu Lillek\u00e4pa talver\u00f5\u00f5mud. <\/strong>Tallinn: Karrup 2008, 8 lk.<br><strong>Suur karuraamat. <\/strong>Tallinn: T\u00e4nap\u00e4ev, 2009, 205 lk.<br><strong>Karu Lillek\u00e4pa t\u00f6\u00f6-\u00f6\u00f6d. <\/strong>Tallinn: TEA, 2010, 70 lk.<br><strong>M\u00e4nguasjad jutustavad. 20. sajandi Eesti m\u00e4nguasjade lood <\/strong>Tallinn: Tammerraamat, 2010, 255 lk.<br><strong>Minu kodu on Eestimaa. <\/strong>Tallinn: Tammerraamat, 2014, 143 lk.<br><strong>Mailill ja \u00fclane. <\/strong>Tallinn: Tammerraamat, 2015, 56 lk.<br><strong>Vingus n\u00e4oga klouni pihtimus. <\/strong>Tartu: Petrone Print, 2017, 96 lk.<br><strong>Mamma, papa ja nende lapsed. <\/strong>Tallinn: Varrak, 2018, 96 lk.<\/p>\n\n\n\n<p><em><strong>\u00d5pik<\/strong><\/em><br><strong>Me elame ajaloos. Eesti ajaloo \u00f5pik 5. klassile <\/strong>Tallinn: Koolibri, 1993, 272 lk.<\/p>\n","protected":false},"excerpt":{"rendered":"<p>Tiia Toomet (s. 9. II 1947) on eesti lastekirjanik, luuletaja ja prosaist. Ta s\u00fcndis Tallinnas ja l\u00f5petas 1965. aastal Tallinna 7. keskkooli, 1970. aastal Tartu Riikliku \u00dclikooli ajaloo-keeleteaduskonna ajaloolasena ning 1978 Eesti Riiklikus Kunstiinstituudis tekstiilikunsti eriala. Toomet t\u00f6\u00f6tas aastatel 1970\u20131973 &#8230;<\/p>\n","protected":false},"author":43,"featured_media":0,"parent":6510,"menu_order":0,"comment_status":"closed","ping_status":"closed","template":"","meta":{"_acf_changed":false,"inline_featured_image":false,"footnotes":""},"class_list":["post-8471","page","type-page","status-publish","hentry"],"acf":[],"_links":{"self":[{"href":"https:\/\/sisu.ut.ee\/ewod\/et\/wp-json\/wp\/v2\/pages\/8471","targetHints":{"allow":["GET"]}}],"collection":[{"href":"https:\/\/sisu.ut.ee\/ewod\/et\/wp-json\/wp\/v2\/pages"}],"about":[{"href":"https:\/\/sisu.ut.ee\/ewod\/et\/wp-json\/wp\/v2\/types\/page"}],"author":[{"embeddable":true,"href":"https:\/\/sisu.ut.ee\/ewod\/et\/wp-json\/wp\/v2\/users\/43"}],"replies":[{"embeddable":true,"href":"https:\/\/sisu.ut.ee\/ewod\/et\/wp-json\/wp\/v2\/comments?post=8471"}],"version-history":[{"count":2,"href":"https:\/\/sisu.ut.ee\/ewod\/et\/wp-json\/wp\/v2\/pages\/8471\/revisions"}],"predecessor-version":[{"id":8474,"href":"https:\/\/sisu.ut.ee\/ewod\/et\/wp-json\/wp\/v2\/pages\/8471\/revisions\/8474"}],"up":[{"embeddable":true,"href":"https:\/\/sisu.ut.ee\/ewod\/et\/wp-json\/wp\/v2\/pages\/6510"}],"wp:attachment":[{"href":"https:\/\/sisu.ut.ee\/ewod\/et\/wp-json\/wp\/v2\/media?parent=8471"}],"curies":[{"name":"wp","href":"https:\/\/api.w.org\/{rel}","templated":true}]}}