{"id":8466,"date":"2024-04-03T23:42:30","date_gmt":"2024-04-03T20:42:30","guid":{"rendered":"https:\/\/sisu.ut.ee\/ewod\/?page_id=8466"},"modified":"2026-04-21T14:09:34","modified_gmt":"2026-04-21T11:09:34","slug":"jaan-tooming","status":"publish","type":"page","link":"https:\/\/sisu.ut.ee\/ewod\/et\/t\/jaan-tooming\/","title":{"rendered":"Jaan Tooming"},"content":{"rendered":"<figure class=\"wp-block-image alignright size-large is-resized\"><a href=\"https:\/\/sisu.ut.ee\/wp-content\/uploads\/sites\/108\/jaan_tooming_peeter_tooming.jpg\"><img loading=\"lazy\" decoding=\"async\" width=\"843\" height=\"1024\" src=\"https:\/\/sisu.ut.ee\/wp-content\/uploads\/sites\/108\/jaan_tooming_peeter_tooming-843x1024.jpg\" alt=\"\" class=\"wp-image-6326\" style=\"aspect-ratio:0.8232335011416352;width:252px;height:auto\" title=\"Foto: Peeter Tooming\" srcset=\"https:\/\/sisu.ut.ee\/wp-content\/uploads\/sites\/108\/jaan_tooming_peeter_tooming-843x1024.jpg 843w, https:\/\/sisu.ut.ee\/wp-content\/uploads\/sites\/108\/jaan_tooming_peeter_tooming-247x300.jpg 247w, https:\/\/sisu.ut.ee\/wp-content\/uploads\/sites\/108\/jaan_tooming_peeter_tooming-768x932.jpg 768w, https:\/\/sisu.ut.ee\/wp-content\/uploads\/sites\/108\/jaan_tooming_peeter_tooming-1265x1536.jpg 1265w, https:\/\/sisu.ut.ee\/wp-content\/uploads\/sites\/108\/jaan_tooming_peeter_tooming-1687x2048.jpg 1687w, https:\/\/sisu.ut.ee\/wp-content\/uploads\/sites\/108\/jaan_tooming_peeter_tooming.jpg 1868w\" sizes=\"auto, (max-width: 843px) 100vw, 843px\"><\/a><\/figure>\n\n\n\n<p>Jaan Tooming (28. III 1946 \u2013 5. IV 2024) oli teatrilavastaja, n\u00e4itleja ja kirjanik.<\/p>\n\n\n\n<p>Tooming s\u00fcndis Tallinnas kirjanik <a href=\"https:\/\/sisu.ut.ee\/ewod\/et\/t\/osvald-tooming\/\" data-type=\"page\" data-id=\"8461\">Osvald Toominga<\/a> pojana. Jaan Tooming l\u00f5petas 1964. aastal Tallinna 7. Keskkooli ja 1968. aastal Tallinna Riikliku Konservatooriumi lavakunsti erialal. Aastatel 1968\u20131969 oli ta Eesti Riikliku Noorsooteatri n\u00e4itleja ning aastatel 1969\u20132009 teatri Vanemuine n\u00e4itleja ja lavastaja, aastatel 1979\u20131983 \u00fchtlasi teatri Ugala pean\u00e4itejuht. Tooming juhendas aastatel 1972\u20131976 ja 1985\u20131989 (koos \u00dclo Vilimaaga) Vanemuise \u00f5ppestuudiot. P\u00f5hiosa tema loomingulisest tegevusest oli seotud Tartuga. 2005. aastal asutas Tooming teatri Sagar Sagitta.<\/p>\n\n\n\n<p>Ta lavastas ka Soomes ja Saksamaal, tegi telelavastusi (\u201eEluj\u00f5gi\u201c, 1970; \u201eEbajumal\u201c, 1991) ja filme (\u201eV\u00e4rvilised unen\u00e4od\u201c, koos Virve Aruojaga, 1975, Tallinnfilm; \u201eP\u00f5rgup\u00f5hja uus Vanapagan\u201c, 1978; \u201eMees ja m\u00e4nd\u201c, 1980, m\u00f5lemad Eesti Telefilm) ning m\u00e4ngis filmides. Tooming oli 1977. aastast Eesti Teatriliidu liige, 1993. aastast Eesti Lavastajate Liidu liige ja 2009. aastast Kirjanike Liidu liige. Tema vend oli fotograaf Peeter Tooming, poeg on filosoof Uku Tooming.<\/p>\n\n\n\n<p>Jaan Toominga luuletusi ilmus ajakirjas Looming alates 1972. aastast pseudon\u00fc\u00fcmi all Lapard. Tema esimene luulekogu \u201eRist on kasvanud k\u00f5iksusest l\u00e4bi\u201c ilmus 1999. aastal. J\u00e4rgnesid mitmes laadis ja erinevates \u017eanrides ilukirjandusteosed: m\u00e4rkmikromaan, luule- ja esseekogud. Temalt ilmus rohkesti kultuuri- ja \u00fchiskonnakriitilisi s\u00f5nav\u00f5tte. Nagu tema lavastusi, iseloomustab ka tema kirjutatud tekste ekspressiivsus ning m\u00e4ssumeelsus k\u00f5ige madala ja keskp\u00e4rase vastu. Jaan Tooming on k\u00f5nelenud Uku Masingu tugevast m\u00f5just tema loomingule ja isiksusele.<\/p>\n\n\n\n<p>2001. aastal p\u00e4lvis Tooming Valget\u00e4he IV klassi teenetem\u00e4rgi, 2004. aastal Eesti Rahvuskultuuri Fondi elut\u00f6\u00f6 t\u00e4nuauhinna, 2012. aastal Eesti Vabariigi kultuuripreemia elut\u00f6\u00f6 eest.<\/p>\n\n\n\n<p><em>L. P.<\/em><\/p>\n\n\n\n<h4 class=\"wp-block-heading\"><br>Raamatud eesti keeles<\/h4>\n\n\n\n<p><strong><em>Luule<\/em><\/strong><br><strong>Rist on kasvanud k\u00f5iksusest l\u00e4bi<\/strong>. Tallinn: Logos, 1999. 63 lk.<br><strong>Huum<\/strong>: luule ja lausumised 1975\u20132005. Tartu: Ilmamaa, 2006. 135 lk.<br><strong>Yles- ja allavoolu<\/strong>: m\u00f5tisklusi v\u00e4rsis ja proosas, enamik kirja pandud 20. sajandi viimasel k\u00fcmnendil ja 21. sajandi algul. Tartu: Johannes Esto \u00dching, 2009. 182 lk.<\/p>\n\n\n\n<p><strong><em>Proosa<\/em><\/strong><br><strong>Hommikum\u00f5lgutused<\/strong>: pojale Ukule. Tartu: Johannes Esto \u00dching, 2007. 48 lk.<br><strong>Teekond m\u00e4e s\u00fcdamesse<\/strong>: m\u00e4rkmikromaan. Tallinn: Varrak, 2007. 165 lk.<br><strong>Valge pilv ja rohuk\u00f5rs<\/strong>: aastal\u00f5pu 10 m\u00f5lgutust [m\u00f5tisklused, laulud, killud, palved]. Tartu: Johannes Esto \u00dching, 2007. 55 lk.<\/p>\n\n\n\n<p><strong><em>Esseed<\/em><\/strong><br><strong>Religioossed motiivid minu loomingus<\/strong>. Tallinn: Eesti Teatriliit, 2011. 269 lk.<br><strong>Teater kui saladus: \u0161amaanid, n\u00e4itlejad, n\u00e4idendid<\/strong>. Tartu: Ilmamaa, 2015. 173 lk.<\/p>\n","protected":false},"excerpt":{"rendered":"<p>Jaan Tooming (28. III 1946 \u2013 5. IV 2024) oli teatrilavastaja, n\u00e4itleja ja kirjanik. Tooming s\u00fcndis Tallinnas kirjanik Osvald Toominga pojana. Jaan Tooming l\u00f5petas 1964. aastal Tallinna 7. Keskkooli ja 1968. aastal Tallinna Riikliku Konservatooriumi lavakunsti erialal. Aastatel 1968\u20131969 oli &#8230;<\/p>\n","protected":false},"author":43,"featured_media":0,"parent":6510,"menu_order":0,"comment_status":"closed","ping_status":"closed","template":"","meta":{"_acf_changed":false,"inline_featured_image":false,"footnotes":""},"class_list":["post-8466","page","type-page","status-publish","hentry"],"acf":[],"_links":{"self":[{"href":"https:\/\/sisu.ut.ee\/ewod\/et\/wp-json\/wp\/v2\/pages\/8466","targetHints":{"allow":["GET"]}}],"collection":[{"href":"https:\/\/sisu.ut.ee\/ewod\/et\/wp-json\/wp\/v2\/pages"}],"about":[{"href":"https:\/\/sisu.ut.ee\/ewod\/et\/wp-json\/wp\/v2\/types\/page"}],"author":[{"embeddable":true,"href":"https:\/\/sisu.ut.ee\/ewod\/et\/wp-json\/wp\/v2\/users\/43"}],"replies":[{"embeddable":true,"href":"https:\/\/sisu.ut.ee\/ewod\/et\/wp-json\/wp\/v2\/comments?post=8466"}],"version-history":[{"count":2,"href":"https:\/\/sisu.ut.ee\/ewod\/et\/wp-json\/wp\/v2\/pages\/8466\/revisions"}],"predecessor-version":[{"id":8469,"href":"https:\/\/sisu.ut.ee\/ewod\/et\/wp-json\/wp\/v2\/pages\/8466\/revisions\/8469"}],"up":[{"embeddable":true,"href":"https:\/\/sisu.ut.ee\/ewod\/et\/wp-json\/wp\/v2\/pages\/6510"}],"wp:attachment":[{"href":"https:\/\/sisu.ut.ee\/ewod\/et\/wp-json\/wp\/v2\/media?parent=8466"}],"curies":[{"name":"wp","href":"https:\/\/api.w.org\/{rel}","templated":true}]}}