{"id":8432,"date":"2024-04-03T23:39:39","date_gmt":"2024-04-03T20:39:39","guid":{"rendered":"https:\/\/sisu.ut.ee\/ewod\/?page_id=8432"},"modified":"2026-04-21T12:19:30","modified_gmt":"2026-04-21T09:19:30","slug":"albert-trapeez","status":"publish","type":"page","link":"https:\/\/sisu.ut.ee\/ewod\/et\/t\/albert-trapeez\/","title":{"rendered":"Albert Trapee\u017e"},"content":{"rendered":"<p>Albert Trapee\u017e on v\u00e4ljam\u00f5eldud elulooga fiktsionaalne isik. Enamik Albert Trapee\u017ei nime all avaldatust p\u00e4rineb Leonhard (Leo) Lapinilt (29. XII 1947 \u2013 28. II 2022). Leonhard Lapin oli arhitekt, kunstnik, arhitektuuriajaloolane ja luuletaja.<\/p>\n\n\n\n<p>Leonhard Lapin l\u00f5petas 1965. aastal R\u00e4pinas keskkooli. Aastatel 1966\u20131971 \u00f5ppis ta Tallinnas Eesti NSV Riiklikus Kunstiinstituudis arhitektuuri. Aastatel 1971\u20131974 t\u00f6\u00f6tas Lapin Tallinna restaureerimisvalitsuses arhitektina. Ta oli alates 1977. aastast Eesti Kunstnike Liidu ja alates 1982. aastast Eesti Arhitektide Liidu liige. Alates 1990. aastast oli Lapin Eesti Kunstiakadeemia \u00f5ppej\u00f5ud, 1995. aastast professor. Aastatel 1991\u20131993 oli ta ajakirja Ehituskunst peatoimetaja.<\/p>\n\n\n\n<p>Leonhard Lapin sai 1970. aastatel tuntuks oma joonistuste ja graafikaga. Eesti avangardkunsti juhtiva esindajana saavutas ta kiiresti tuntuse N\u00f5ukogude Liidus ja L\u00e4\u00e4nemere regioonis. Ta esines esimeste happeningide ja performance\u2019idega Eestis.<\/p>\n\n\n\n<p>Albert Trapee\u017ei nime all kirjutas Lapin alates 1970. aastatest sihip\u00e4raselt luulet, mis ei sobinud N\u00f5ukogude Eestis aktsepteeritavate normidega ning mille kohta oli ette teada, et seda t\u00f5en\u00e4oliselt ei avaldata. Trapee\u017ei laulutekste kasutas Eesti legendaarne punkansambel Propeller, samuti ilmus tema luuletusi omakirjastuslikes v\u00e4ljaannetes ja ajakirjades. Trapee\u017ei tekste ilmus ka teiste kirjanike, n\u00e4iteks Tiit K\u00e4ndleri ja <a href=\"https:\/\/sisu.ut.ee\/ewod\/et\/v\/toomas-vint\/\" data-type=\"page\" data-id=\"7869\">Toomas Vindi<\/a> raamatutes. P\u00e4rast Eesti taasiseseisvumist on Trapee\u017ei luulest ilmunud mitmeid kogumikke.<\/p>\n\n\n\n<p>Trapee\u017e viljeles erootilist vemmalv\u00e4rssi, punkluulet ja juhuluulet ning leiutas Jaapani haiku sarnase eesti luulevormi hauku.<\/p>\n\n\n\n<p><em>L. P.<\/em><\/p>\n\n\n\n<h4 class=\"wp-block-heading\"><br>Raamatud eesti keeles<\/h4>\n\n\n\n<p><em><strong>Luule<\/strong><\/em><br><strong>Sitased seitsmek\u00fcmnendad<\/strong>: ebatsensuurset luulet a. 1969\u20131977. Tallinn: L. Lapin, 1993. 61 lk.<br><strong>H\u00e4\u00e4litsusi ja s\u00f5nu<\/strong>: poeem 13. h\u00e4\u00e4lele: hinget\u00f5mme aastaist 1984\u20131985. Tallinn, 1995. 87 lk.<br><strong>Kaunimad laulud<\/strong>: luulet m\u00f6\u00f6dunud sajandist. Tallinn: Umara, 2000. 110 lk.<br><strong>V\u00f5ta suhu s\u00f5na<\/strong>. Tallinn: Eesti Keele Sihtasutus, 2011. 91 lk.<br><strong>Armastades<\/strong>. Tallinn: Eesti Keele Sihtasutus, 2012. 48 lk.<br><strong>Kollased sandaalid<\/strong> [elagu skandaalid]. Tallinn: N\u00e4o Kirik, 2018. 79 lk.<\/p>\n","protected":false},"excerpt":{"rendered":"<p>Albert Trapee\u017e on v\u00e4ljam\u00f5eldud elulooga fiktsionaalne isik. Enamik Albert Trapee\u017ei nime all avaldatust p\u00e4rineb Leonhard (Leo) Lapinilt (29. XII 1947 \u2013 28. II 2022). Leonhard Lapin oli arhitekt, kunstnik, arhitektuuriajaloolane ja luuletaja. Leonhard Lapin l\u00f5petas 1965. aastal R\u00e4pinas keskkooli. Aastatel &#8230;<\/p>\n","protected":false},"author":43,"featured_media":0,"parent":6510,"menu_order":0,"comment_status":"closed","ping_status":"closed","template":"","meta":{"_acf_changed":false,"inline_featured_image":false,"footnotes":""},"class_list":["post-8432","page","type-page","status-publish","hentry"],"acf":[],"_links":{"self":[{"href":"https:\/\/sisu.ut.ee\/ewod\/et\/wp-json\/wp\/v2\/pages\/8432","targetHints":{"allow":["GET"]}}],"collection":[{"href":"https:\/\/sisu.ut.ee\/ewod\/et\/wp-json\/wp\/v2\/pages"}],"about":[{"href":"https:\/\/sisu.ut.ee\/ewod\/et\/wp-json\/wp\/v2\/types\/page"}],"author":[{"embeddable":true,"href":"https:\/\/sisu.ut.ee\/ewod\/et\/wp-json\/wp\/v2\/users\/43"}],"replies":[{"embeddable":true,"href":"https:\/\/sisu.ut.ee\/ewod\/et\/wp-json\/wp\/v2\/comments?post=8432"}],"version-history":[{"count":2,"href":"https:\/\/sisu.ut.ee\/ewod\/et\/wp-json\/wp\/v2\/pages\/8432\/revisions"}],"predecessor-version":[{"id":8435,"href":"https:\/\/sisu.ut.ee\/ewod\/et\/wp-json\/wp\/v2\/pages\/8432\/revisions\/8435"}],"up":[{"embeddable":true,"href":"https:\/\/sisu.ut.ee\/ewod\/et\/wp-json\/wp\/v2\/pages\/6510"}],"wp:attachment":[{"href":"https:\/\/sisu.ut.ee\/ewod\/et\/wp-json\/wp\/v2\/media?parent=8432"}],"curies":[{"name":"wp","href":"https:\/\/api.w.org\/{rel}","templated":true}]}}