{"id":8427,"date":"2024-04-03T23:42:27","date_gmt":"2024-04-03T20:42:27","guid":{"rendered":"https:\/\/sisu.ut.ee\/ewod\/?page_id=8427"},"modified":"2026-04-21T12:06:21","modified_gmt":"2026-04-21T09:06:21","slug":"jaak-treiman","status":"publish","type":"page","link":"https:\/\/sisu.ut.ee\/ewod\/et\/t\/jaak-treiman\/","title":{"rendered":"Jaak Treiman"},"content":{"rendered":"<figure class=\"wp-block-image alignright size-large is-resized\"><a href=\"https:\/\/sisu.ut.ee\/wp-content\/uploads\/sites\/108\/jaak_treiman-scaled.jpg\"><img loading=\"lazy\" decoding=\"async\" width=\"748\" height=\"1024\" src=\"https:\/\/sisu.ut.ee\/wp-content\/uploads\/sites\/108\/jaak_treiman-748x1024.jpg\" alt=\"\" class=\"wp-image-6403\" style=\"aspect-ratio:0.7304700559403605;width:228px;height:auto\" srcset=\"https:\/\/sisu.ut.ee\/wp-content\/uploads\/sites\/108\/jaak_treiman-748x1024.jpg 748w, https:\/\/sisu.ut.ee\/wp-content\/uploads\/sites\/108\/jaak_treiman-219x300.jpg 219w, https:\/\/sisu.ut.ee\/wp-content\/uploads\/sites\/108\/jaak_treiman-768x1051.jpg 768w, https:\/\/sisu.ut.ee\/wp-content\/uploads\/sites\/108\/jaak_treiman-1122x1536.jpg 1122w, https:\/\/sisu.ut.ee\/wp-content\/uploads\/sites\/108\/jaak_treiman-1496x2048.jpg 1496w, https:\/\/sisu.ut.ee\/wp-content\/uploads\/sites\/108\/jaak_treiman-1920x2628.jpg 1920w, https:\/\/sisu.ut.ee\/wp-content\/uploads\/sites\/108\/jaak_treiman-scaled.jpg 1870w\" sizes=\"auto, (max-width: 748px) 100vw, 748px\"><\/a><\/figure>\n\n\n\n<p>Jaak Treiman (s\u00fcnd. 27. VII 1943) on v\u00e4liseesti advokaat ja diplomaat, kes kirjanikuna on tuntud eesk\u00e4tt oma m\u00e4lestusteraamatuga \u201eV\u00f5lulehviku tuules. \u00dche eesti pere lugu kolmel mandril\u201c (2018).<\/p>\n\n\n\n<p>Jaak Treiman s\u00fcndis V\u00f5rus. Teise maailmas\u00f5ja ajal, mil Eestis kestis Saksa okupatsioon, p\u00f5genes tema isa mobilisatsiooni eest paadiga Rootsi. Ema koos rinnalapsest pojaga lahkus Eestist salaja 1943. aasta s\u00fcgisel Tallinnast Helsingisse suunduva s\u00f6elaeva pardal. M\u00f5ned aastad elas perekond Rootsis Stockholmis. 1947. aastal emigreerusid Treimanid Austraaliasse, kus nad elatusid k\u00e4rgpaberist meisterdatud kaunistuste tootmisest ja m\u00fc\u00fcgist. Jaak Treimani isa ei olnud rahul Austraalias v\u00f5imule tulnud vasakpoolse valitsuse tegevusega. Uus kodu \u00f5nnestus rajada 1951. aastal Los Angelesesse USA-s.<\/p>\n\n\n\n<p>Jaak Treiman l\u00f5petas 1964. aastal L\u00f5una-California \u00dclikooli politoloogia ja 1967. aastal \u00f5igusteaduse alal. 1969. aastal omandas ta magistrikraadi rahvusvahelise \u00f5iguse alal Chicago \u00fclikoolis. Ta on sestsaadik t\u00f6\u00f6tanud advokaadina. Ta on Eesti \u00dcli\u00f5pilaste Seltsi P\u00f5hjala vilistlane. P\u00e4rast aukonsul Ernst Lauri surma m\u00e4\u00e4rati Treiman 1986. aasta 6. m\u00e4rtsil Eesti aukonsuliks Los Angeleses, kellena ta tegutseb siiani, olles seega pikima ametis oldud ajaga Eesti Vabariigi diplomaat. 2006. aastal tunnustati teda Riigivapi IV klassi teenetem\u00e4rgiga.<\/p>\n\n\n\n<p>2018. aastal ilmus Eestis Treimani m\u00e4lestusteraamat \u201eV\u00f5lulehviku tuules. \u00dche eesti pere lugu kolmel mandril\u201c, mis koondab Jaak Treimani vanemate ja tema enda eluloolisi kirjapanekuid pikast perioodist alates 20. sajandi algk\u00fcmnenditest kuni kaasajani. Treiman ei ole k\u00e4inud eestikeelses koolis. Ta valdab h\u00e4sti eesti k\u00f5nekeelt, kuid v\u00e4ljendab end kirjalikult inglise keeles. Treimani kui inglise keele kirjanduslike stiiliregistrite hea tundja sulest p\u00e4rineb kunstiliste omaduste poolest huvipakkuvaid m\u00e4lestusl\u00f5ike, mida t\u00f5lkija Merike Pilter on vahendanud eesti keelde.<\/p>\n\n\n\n<p><em>L. P.<\/em><\/p>\n\n\n\n<h4 class=\"wp-block-heading\"><br>Raamatud eesti keeles<\/h4>\n\n\n\n<p><strong><em>M\u00e4lestused<\/em><\/strong><br><strong>V\u00f5lulehviku tuules: \u00fcle 30 aasta Eesti aukonsulina teeninud Jaak Treimani pere lugu kolmel mandril<\/strong>. Inglise keelest t\u00f5lkinud Merike Pilter. Tallinn: Tammerraamat, 2018. 239 lk.<\/p>\n\n\n\n<p><strong><em>Reisijuht<\/em><\/strong><br><strong>A diplomatic guide to Los Angeles: discovering its sites and character<\/strong>. Woodland Hills: Velak, 2011. 249 lk.<\/p>\n","protected":false},"excerpt":{"rendered":"<p>Jaak Treiman (s\u00fcnd. 27. VII 1943) on v\u00e4liseesti advokaat ja diplomaat, kes kirjanikuna on tuntud eesk\u00e4tt oma m\u00e4lestusteraamatuga \u201eV\u00f5lulehviku tuules. \u00dche eesti pere lugu kolmel mandril\u201c (2018). Jaak Treiman s\u00fcndis V\u00f5rus. Teise maailmas\u00f5ja ajal, mil Eestis kestis Saksa okupatsioon, p\u00f5genes &#8230;<\/p>\n","protected":false},"author":43,"featured_media":0,"parent":6510,"menu_order":0,"comment_status":"closed","ping_status":"closed","template":"","meta":{"_acf_changed":false,"inline_featured_image":false,"footnotes":""},"class_list":["post-8427","page","type-page","status-publish","hentry"],"acf":[],"_links":{"self":[{"href":"https:\/\/sisu.ut.ee\/ewod\/et\/wp-json\/wp\/v2\/pages\/8427","targetHints":{"allow":["GET"]}}],"collection":[{"href":"https:\/\/sisu.ut.ee\/ewod\/et\/wp-json\/wp\/v2\/pages"}],"about":[{"href":"https:\/\/sisu.ut.ee\/ewod\/et\/wp-json\/wp\/v2\/types\/page"}],"author":[{"embeddable":true,"href":"https:\/\/sisu.ut.ee\/ewod\/et\/wp-json\/wp\/v2\/users\/43"}],"replies":[{"embeddable":true,"href":"https:\/\/sisu.ut.ee\/ewod\/et\/wp-json\/wp\/v2\/comments?post=8427"}],"version-history":[{"count":2,"href":"https:\/\/sisu.ut.ee\/ewod\/et\/wp-json\/wp\/v2\/pages\/8427\/revisions"}],"predecessor-version":[{"id":8430,"href":"https:\/\/sisu.ut.ee\/ewod\/et\/wp-json\/wp\/v2\/pages\/8427\/revisions\/8430"}],"up":[{"embeddable":true,"href":"https:\/\/sisu.ut.ee\/ewod\/et\/wp-json\/wp\/v2\/pages\/6510"}],"wp:attachment":[{"href":"https:\/\/sisu.ut.ee\/ewod\/et\/wp-json\/wp\/v2\/media?parent=8427"}],"curies":[{"name":"wp","href":"https:\/\/api.w.org\/{rel}","templated":true}]}}