{"id":8402,"date":"2026-04-20T11:46:49","date_gmt":"2026-04-20T08:46:49","guid":{"rendered":"https:\/\/sisu.ut.ee\/ewod\/?page_id=8402"},"modified":"2026-04-20T11:47:09","modified_gmt":"2026-04-20T08:47:09","slug":"brigitta-davidjants","status":"publish","type":"page","link":"https:\/\/sisu.ut.ee\/ewod\/et\/d\/brigitta-davidjants\/","title":{"rendered":"Brigitta Davidjants"},"content":{"rendered":"<p>Brigitta Davidjants (s\u00fcnd. 13. VII 1983) on muusikateadlane ja kirjanik.<\/p>\n\n\n\n<p>Tema isa Artem Davidjants on Bakuus s\u00fcndinud armeenlane, kauaaegne Tallinna Pedagoogilise Instituudi \u00f5ppej\u00f5ud, endise kirjastuse Pangloss direktor, Eestis tegutsevate armeenlaste kultuuriseltsi juht ja Eesti Armeenia Rahvus\u00fchingu esimees. Ema Inge Davidjants on Riias s\u00fcndinud eestlanna. \u00dcks Brigitta Davidjantsi vanaisa on l\u00e4tlane.<\/p>\n\n\n\n<p>Birgitta Davidjants on \u00f5ppinud Eesti Muusika- ja Teatriakadeemias, Jerevani konservatooriumis, Ankara \u00dclikoolis ja Helsingi \u00dclikoolis. 2016. aastal kaitses Eesti Muusika- ja Teatriakadeemias muusikateadlasena doktoriv\u00e4itekirja \u201eArmenian national identity construction: from diaspora to music\u201d. Davidjants t\u00f6\u00f6tab Eesti Muusika- ja Teatriakadeemias teaduri ja \u00f5ppekava koordinaatorina. Aastatel 2012\u20132016 oli ta osakoormusega Tallinna \u00dclikooli lektor. Alates 2019. aastast on ta olnud k\u00fclalislektor ka Eesti Kunstiakadeemias, kus ta on \u00f5petanud loovkirjutamist.<\/p>\n\n\n\n<p>Brigitta Davidjants on oma loomingus sageli puudutanud rahvuslikke ja kultuurilisi identiteedi teemasid. Kuigi teemad on t\u00f5sised, saadab tema jutustajah\u00e4\u00e4lt alati huumor. Elavat vastukaja leidnud, Loomingu Raamatukogus ilmunud jutukogu \u201ePlahvatus n\u00e4tsuputkas ja teisi jutte\u201c k\u00e4sitleb humoorikalt 1980. ja 1990. aastate Tallinna ning identiteediotsinguid. Tema jutuloomingut on avaldatud 2023. aasta kogumikus \u201eEesti novell\u201d.<\/p>\n\n\n\n<p>2025. aastal ilmus New Yorgis inglise keeles kirjastuselt Bloomsbury Academic Davidjantsi monograafia \u201eJ.M.K.E.: To The Cold Land\u201d, mis k\u00e4sitleb omaaegset pungiliikumist, keskendudes ansambli J.M.K.E. fenomenile ja nende albumi \u201eK\u00fclmale maale\u201d saamisloole. Raamat ilmus sarjas 33 1\/3 Europe, mille iga raamat keskendub \u00fchele popkultuurilooliselt olulisele albumile Euroopas.<\/p>\n\n\n\n<p>Davidjants on t\u00f5lkinud vene ja inglise keelest eesti keelde Anna Politkovskaja raamatu \u201eVene p\u00e4evik\u201d, armeenia keelest muinasjutte raamatus \u201eMuinasjutusild: armeenia, aseri ja gruusia muinasjutud\u201d ning inglise keelest Sofka Zinovieffi teose \u201ePunane printsess: revolutsiooniline elu\u201d.<\/p>\n\n\n\n<p>2025. aastal p\u00e4lvis ta Friedebert Tuglase novelliauhinna novelli \u201eVaikusesse\u201d eest. Samal aastal tunnustati teda ajakirja Looming aastapreemiaga ning Eesti Kultuurkapitali stipendiumiga \u201eEla ja s\u00e4ra\u201d.<\/p>\n\n\n\n<p><em>L. P.<\/em><\/p>\n\n\n\n<h4 class=\"wp-block-heading\"><br>Raamatud eesti keeles<\/h4>\n\n\n\n<p><strong><em>Romaanid<\/em><\/strong><br><strong>(Mitte just) armastuslugu<\/strong>. Tallinn: Varrak, 2017, 165 lk.<br><strong>Armastuseta<\/strong>. Tallinn: T\u00e4nap\u00e4ev, 2019, 165 lk.<\/p>\n\n\n\n<p><em><strong>L\u00fchiproosa<\/strong><\/em><br><strong>Plahvatus n\u00e4tsuputkas ja teisi jutte<\/strong>. Tallinn: SA Kultuurileht [Loomingu Raamatukogu], 2025, 76 lk. <\/p>\n\n\n\n<p><em><strong>Publitsistika<\/strong><\/em><br><strong>Ida l\u00e4\u00e4nepiiril: T\u00fcrgi, Armeenia, Gruusia<\/strong>. Tallinn: Go Group, 2010, 149 lk.<br><strong>Minu Armeenia: aus vastus<\/strong>. Tartu: Petrone Print, 2017, 183 lk.<\/p>\n","protected":false},"excerpt":{"rendered":"<p>Brigitta Davidjants (s\u00fcnd. 13. VII 1983) on muusikateadlane ja kirjanik. Tema isa Artem Davidjants on Bakuus s\u00fcndinud armeenlane, kauaaegne Tallinna Pedagoogilise Instituudi \u00f5ppej\u00f5ud, endise kirjastuse Pangloss direktor, Eestis tegutsevate armeenlaste kultuuriseltsi juht ja Eesti Armeenia Rahvus\u00fchingu esimees. Ema Inge Davidjants &#8230;<\/p>\n","protected":false},"author":43,"featured_media":0,"parent":6468,"menu_order":0,"comment_status":"closed","ping_status":"closed","template":"","meta":{"_acf_changed":false,"inline_featured_image":false,"footnotes":""},"class_list":["post-8402","page","type-page","status-publish","hentry"],"acf":[],"_links":{"self":[{"href":"https:\/\/sisu.ut.ee\/ewod\/et\/wp-json\/wp\/v2\/pages\/8402","targetHints":{"allow":["GET"]}}],"collection":[{"href":"https:\/\/sisu.ut.ee\/ewod\/et\/wp-json\/wp\/v2\/pages"}],"about":[{"href":"https:\/\/sisu.ut.ee\/ewod\/et\/wp-json\/wp\/v2\/types\/page"}],"author":[{"embeddable":true,"href":"https:\/\/sisu.ut.ee\/ewod\/et\/wp-json\/wp\/v2\/users\/43"}],"replies":[{"embeddable":true,"href":"https:\/\/sisu.ut.ee\/ewod\/et\/wp-json\/wp\/v2\/comments?post=8402"}],"version-history":[{"count":1,"href":"https:\/\/sisu.ut.ee\/ewod\/et\/wp-json\/wp\/v2\/pages\/8402\/revisions"}],"predecessor-version":[{"id":8403,"href":"https:\/\/sisu.ut.ee\/ewod\/et\/wp-json\/wp\/v2\/pages\/8402\/revisions\/8403"}],"up":[{"embeddable":true,"href":"https:\/\/sisu.ut.ee\/ewod\/et\/wp-json\/wp\/v2\/pages\/6468"}],"wp:attachment":[{"href":"https:\/\/sisu.ut.ee\/ewod\/et\/wp-json\/wp\/v2\/media?parent=8402"}],"curies":[{"name":"wp","href":"https:\/\/api.w.org\/{rel}","templated":true}]}}