{"id":8398,"date":"2026-04-20T11:40:55","date_gmt":"2026-04-20T08:40:55","guid":{"rendered":"https:\/\/sisu.ut.ee\/ewod\/?page_id=8398"},"modified":"2026-04-20T11:41:38","modified_gmt":"2026-04-20T08:41:38","slug":"jetta-ollik-andevei","status":"publish","type":"page","link":"https:\/\/sisu.ut.ee\/ewod\/et\/o\/jetta-ollik-andevei\/","title":{"rendered":"Jetta Ollik-Andevei"},"content":{"rendered":"<p>Jetta Ollik-Andevei (kodanikunimega Henriette Ollik-Parve, 22. IV 1897 \u2013 2. VI 1986) oli pedagoog ning laste- ja noortekirjanik.<\/p>\n\n\n\n<p>Ta s\u00fcndis L\u00e4\u00e4nemaal V\u00f5nnu m\u00f5isa Kabrametsa k\u00fclas. Ollik-Andevei l\u00f5petas 1918. aastal Tallinna Linna T\u00fctarlaste Kommertsg\u00fcmnaasiumi. Ta \u00f5ppis aastatel 1919\u20131929 Tartu \u00dclikooli p\u00f5llumajandusteaduskonnas. Ta kuulus \u00fcli\u00f5pilaskorporatsiooni Filiae Patriae. Ollik-Andevei t\u00f6\u00f6tas \u00f5petajana Elfriede Lenderi T\u00fctarlasteg\u00fcmnaasiumis ja Riigi Kunstt\u00f6\u00f6stuskoolis. Vahetult Teise maailmas\u00f5ja j\u00e4rel t\u00f6\u00f6tas ta p\u00f5llumajanduses, hiljem j\u00e4tkas \u00f5petajat\u00f6\u00f6d Parila ja Lohusalu algkoolis. Aastatel 1956\u20131960 oli ta Hatu algkooli juhataja, seej\u00e4rel V\u00e4\u00e4na 8-klassilise kooli \u00f5petaja.<\/p>\n\n\n\n<p>Jetta Ollik-Andevei sulest on ilmunud lihtsakoelisi jutukesi mudilastele ning s\u00fcdamlikke ja ladusalt kirjutatud lastelugusid ja muinasjutte. 1930. aastate teises pooles kirjutatud noorsooromaanid \u201eErni\u201d ja kaheosaline \u201eAlati valmis\u201d on k\u00f6itvalt kirjutatud, kuid kohati didaktilised. K\u00f5rvuti noorsoo kasvatamise teemaga iseloomustab tema romaane seikluslikkus, mis v\u00f5itis nendele populaarsuse kaasaegsete koolinoorte hulgas. Jetta Ollik-Andevei avaldas l\u00fchiproosat lastele ja t\u00e4iskasvanutele ka ajakirjanduses. Lisaks on temalt ilmunud kultuurilooliselt olulised m\u00e4lestused Ants Laikmaast (1965. aastal Loomingus) ning romaan \u201eBumerang\u201d (1969 j\u00e4rjejutuna ajalehes Harju Elu). Hulk m\u00e4lestusi, novelle, n\u00e4idendeid ja lastejutte on j\u00e4\u00e4nud k\u00e4sikirja, mida s\u00e4ilitatakse Kirjandusmuuseumis.<\/p>\n\n\n\n<p>Ollik-Andevei varasemaid raamatuid \u201eJ\u00f5ulujutuke\u201d ja \u201eSohvapadi\u201d on illustreerinud nimekad graafikud G\u00fcnther Reindorff ja Paul Luhtein.<\/p>\n\n\n\n<p><em>L. P.<\/em><\/p>\n\n\n\n<h4 class=\"wp-block-heading\"><br>Raamatud eesti keeles<\/h4>\n\n\n\n<p><em><strong>Noorsooromaanid<\/strong><\/em><br><strong>Erni<\/strong>. Tallinn: Rahva\u00fclikool, 1936, 143 lk.<br><strong>Alati valmis!<\/strong> [Esimene ja teine osa]. Tartu: Turist, 1937\u20131938, 416 lk.<\/p>\n\n\n\n<p><em><strong>Lastejutud<\/strong><\/em><br><strong>J\u00f5ulujutuke<\/strong>: jutud. Tallinn, 1929, 10 lk.<br><strong>Sohvapadi<\/strong>. Tallinn, 1929, 12 lk.<br><strong>Noorik Tiipajalg ja Pisisibli; Tasumine<\/strong>. Tallinn, 1930, 24 lk.<br><strong>Kalap\u00fc\u00fck Pirital<\/strong> [jutt mudilastele]. Tallinn: J. Ollik-Andevei, 1931, 11 lk.<br><strong>Lihav\u00f5tte kuldmuna<\/strong>: jutud lastele 8\u201314 a. Tartu: Noor-Eesti, 1935, 76 lk.<br><strong>N\u00f5iutud loss<\/strong>: muinasjutt. Tartu: Noor-Eesti, 1937, 24 lk.<\/p>\n\n\n\n<p><\/p>\n","protected":false},"excerpt":{"rendered":"<p>Jetta Ollik-Andevei (kodanikunimega Henriette Ollik-Parve, 22. IV 1897 \u2013 2. VI 1986) oli pedagoog ning laste- ja noortekirjanik. Ta s\u00fcndis L\u00e4\u00e4nemaal V\u00f5nnu m\u00f5isa Kabrametsa k\u00fclas. Ollik-Andevei l\u00f5petas 1918. aastal Tallinna Linna T\u00fctarlaste Kommertsg\u00fcmnaasiumi. Ta \u00f5ppis aastatel 1919\u20131929 Tartu \u00dclikooli p\u00f5llumajandusteaduskonnas. &#8230;<\/p>\n","protected":false},"author":43,"featured_media":0,"parent":6499,"menu_order":0,"comment_status":"closed","ping_status":"closed","template":"","meta":{"_acf_changed":false,"inline_featured_image":false,"footnotes":""},"class_list":["post-8398","page","type-page","status-publish","hentry"],"acf":[],"_links":{"self":[{"href":"https:\/\/sisu.ut.ee\/ewod\/et\/wp-json\/wp\/v2\/pages\/8398","targetHints":{"allow":["GET"]}}],"collection":[{"href":"https:\/\/sisu.ut.ee\/ewod\/et\/wp-json\/wp\/v2\/pages"}],"about":[{"href":"https:\/\/sisu.ut.ee\/ewod\/et\/wp-json\/wp\/v2\/types\/page"}],"author":[{"embeddable":true,"href":"https:\/\/sisu.ut.ee\/ewod\/et\/wp-json\/wp\/v2\/users\/43"}],"replies":[{"embeddable":true,"href":"https:\/\/sisu.ut.ee\/ewod\/et\/wp-json\/wp\/v2\/comments?post=8398"}],"version-history":[{"count":1,"href":"https:\/\/sisu.ut.ee\/ewod\/et\/wp-json\/wp\/v2\/pages\/8398\/revisions"}],"predecessor-version":[{"id":8399,"href":"https:\/\/sisu.ut.ee\/ewod\/et\/wp-json\/wp\/v2\/pages\/8398\/revisions\/8399"}],"up":[{"embeddable":true,"href":"https:\/\/sisu.ut.ee\/ewod\/et\/wp-json\/wp\/v2\/pages\/6499"}],"wp:attachment":[{"href":"https:\/\/sisu.ut.ee\/ewod\/et\/wp-json\/wp\/v2\/media?parent=8398"}],"curies":[{"name":"wp","href":"https:\/\/api.w.org\/{rel}","templated":true}]}}