{"id":8376,"date":"2024-04-03T23:41:19","date_gmt":"2024-04-03T20:41:19","guid":{"rendered":"https:\/\/sisu.ut.ee\/ewod\/?page_id=8376"},"modified":"2026-04-14T23:08:14","modified_gmt":"2026-04-14T20:08:14","slug":"ilmar-trull","status":"publish","type":"page","link":"https:\/\/sisu.ut.ee\/ewod\/et\/t\/ilmar-trull\/","title":{"rendered":"Ilmar Trull"},"content":{"rendered":"<figure class=\"wp-block-image alignright size-large is-resized\"><a href=\"https:\/\/sisu.ut.ee\/wp-content\/uploads\/sites\/108\/ilmar_trull-scaled.jpg\"><img loading=\"lazy\" decoding=\"async\" width=\"710\" height=\"1024\" src=\"https:\/\/sisu.ut.ee\/wp-content\/uploads\/sites\/108\/ilmar_trull-710x1024.jpg\" alt=\"\" class=\"wp-image-6191\" style=\"aspect-ratio:0.6933521542531744;width:278px;height:auto\" srcset=\"https:\/\/sisu.ut.ee\/wp-content\/uploads\/sites\/108\/ilmar_trull-710x1024.jpg 710w, https:\/\/sisu.ut.ee\/wp-content\/uploads\/sites\/108\/ilmar_trull-208x300.jpg 208w, https:\/\/sisu.ut.ee\/wp-content\/uploads\/sites\/108\/ilmar_trull-768x1108.jpg 768w, https:\/\/sisu.ut.ee\/wp-content\/uploads\/sites\/108\/ilmar_trull-1064x1536.jpg 1064w, https:\/\/sisu.ut.ee\/wp-content\/uploads\/sites\/108\/ilmar_trull-1419x2048.jpg 1419w, https:\/\/sisu.ut.ee\/wp-content\/uploads\/sites\/108\/ilmar_trull-1920x2771.jpg 1920w, https:\/\/sisu.ut.ee\/wp-content\/uploads\/sites\/108\/ilmar_trull-scaled.jpg 1774w\" sizes=\"auto, (max-width: 710px) 100vw, 710px\"><\/a><\/figure>\n\n\n\n<p>Ilmar Trull (s\u00fcnd. 21. II 1957) on lastekirjanik ja luuletaja, samuti illustraator ja karikaturist.<\/p>\n\n\n\n<p>Trull s\u00fcndis Tallinnas. Ta \u00f5ppis aastatel 1964\u20131975 Tallinna 7. keskkoolis\u00a0 ja 1976\u20131978 Tartu \u00dclikoolis inglise keelt. P\u00e4rast s\u00f5jav\u00e4eteenistust pidas Trull mitmeid ameteid. Aastatel 1985\u20131995 t\u00f6\u00f6tas ta huumoriajakirja Pikker osakonna- ja tegevtoimetajana. Oli aastatel 1993\u20131996 rists\u00f5naajakirja\u00a0<a href=\"https:\/\/et.wikipedia.org\/wiki\/Ristik_(ajakiri)\">Ristik<\/a>\u00a0peatoimetaja. Trull on Eesti Kirjanike Liidu liige alates 1996. aastast ja ta elab vabakutselise kirjanikuna Tallinnas.<\/p>\n\n\n\n<p>Ilmar Trull deb\u00fcteeris 1977. aastal luuletuste ja lastelauludega perioodikas ja kogumikes ning avaldas oma esimese t\u00e4iskasvanutele m\u00f5eldud luulekogu 1984. aastal. Avaldas 1991. aastal koos Mart Juurega huumorikogumiku \u201cKuumad k\u00e4kid k\u00fclmas \u00f6\u00f6s\u201d ajakirjas Pikker ilmunud paladest. Tunnustuse t\u00f5i Trullile lasteluule. Trull on lasteajakirjade T\u00e4heke ja Hea Laps kauaaegne kaast\u00f6\u00f6line. Alates 1996. aastast varustab ta n\u00e4dalalehe Eesti Ekspress lastelehek\u00fclge luuletustega ning joonistab neile ise ka pildid juurde. Ajakirjanduses ilmunud luuletuste paremikust s\u00fcnnib iga aasta-paari j\u00e4rel kogumik. Trulli lasteluuletused on naljakad, r\u00fctmikad ja riimir\u00f5\u00f5msad. Talle on iseloomulik oskus asetada tuttavaid ja igap\u00e4evaseid s\u00f5nu tavap\u00e4ratusse konteksti, len\u00adnukasse m\u00f5ttemaailma.<\/p>\n\n\n\n<p>Ta on kuus korda v\u00f5itnud Karl Eduard S\u00f6\u00f6di lasteluuleauhinna ja kolm korda Eesti Kultuurkapitali lastekirjanduse aastapreemia. Ta on p\u00e4lvinud ka Valget\u00e4he V klassi teenetem\u00e4rgi.<\/p>\n\n\n\n<p><em>L. P.<\/em><\/p>\n\n\n\n<h4 class=\"wp-block-heading\"><br>Raamatud eesti keeles<\/h4>\n\n\n\n<p><strong><em>Lasteluule<\/em><\/strong><br><strong>L\u00f5busad luuletused<\/strong>. Illustratsioonid: Hillar Mets. Tallinn: Varrak, 1998, 32 lk.<br><strong>Iseloomuga loom<\/strong>. Tallinn: Eesti Ekspressi Kirjastus, 2005, 85 lk.<br><strong>Musta kassi mumba<\/strong>. Pildid joonistas Ilmar Trull. Tallinn: Eesti Ekspressi Kirjastus, 2006, 85 lk.<br><strong>J\u00f5ulusalmik<\/strong>. Tallinn: I. Trull, 2007, 14 lk koos kaanega.<br><strong>J\u00e4rvevaht ja joogivesi<\/strong>. Tallinn: Eesti Ekspressi Kirjastus, 2007, 85 lk.<br><strong>Hiire pidu<\/strong>. Pildid joonistanud Ilmar Trull. Tallinn: TEA Kirjastus, 2009, 35 lk.<br><strong>Kaelkirjak ja t\u00e4hed<\/strong>. Pildid joonistanud Ilmar Trull. Tallinn: TEA Kirjastus, 2010, 37 lk.<br><strong>V\u00e4ike viisakas k\u00e4rbes<\/strong>. Pildid: Ilmar Trull. Tallinn: Varrak, 2011, 67 lk.<br><strong>Tuvi jalutab<\/strong>. Pildid joonistanud Ilmar Trull. Tallinn: Varrak, 2012, 70 lk.<br><strong>Tantsiv kaamel 1<\/strong>. Tallinn: BRI&amp;Ko, 2013. 80 lk.<br><strong>R\u00e4hni ravi<\/strong>. Pildid joonistanud Ilmar Trull. Tallinn: Tammerraamat, 2015, 400 lk. [Kogumiku luuletused p\u00e4rinevad raamatutest \u2018L\u00f5busad luuletused\u2019 (1998), \u2018Iseloomuga loom\u2019 (2005), \u2018Musta kassi mumba\u2019 (2006), \u2018J\u00e4rvevaht ja joogivesi\u2019 (2007), \u2018V\u00e4ike viisakas k\u00e4rbes\u2019 (2011) ja \u2018Tuvi jalutab\u2019 (2012). Juurdetr\u00fckk: 2016.]<br><strong>J\u00e4nese valitud palitud<\/strong>. Pildid: Ilmar Trull. Tallinn: Tammerraamat, 2016, 62 lk.<br><strong>Mannekeeni talu<\/strong>. Pildid: Ilmar Trull. Tallinn: Tammerraamat, 2017, 62 lk.<br><strong>Metsa toodi kuuseke<\/strong>. Tallinn: Tammerraamat, 2018. 39 lk.<br><strong>Pori k\u00e4rbes ja tori hobu<\/strong>. Tallinn: Tammerraamat, 2019. 62 lk.<br><strong>Kala ei l\u00e4rma<\/strong>. Tallinn: Tammerraamat, 2020. 77 lk.<br><strong>Pakirobot r\u00fcgab<\/strong>. Tallinn: Tammerraamat, 2022, 78 lk.<br><strong>Veidi veidrad veised<\/strong>. Tallinn: Tammerraamat, 2025, 79 lk.<\/p>\n\n\n\n<p><strong><em>Poems<\/em><\/strong><br><strong>Millest m\u00f5tled seljaaju?<\/strong>. Illustreerinud A. Tali. Tallinn: Eesti Raamat, 1984, 48 lk.<\/p>\n\n\n\n<p><strong><em>Prose (humour)<\/em><\/strong><br>Ilmar Trull, Mart Juur, <strong>Kuumad k\u00e4kid k\u00fclmas \u00f6\u00f6s<\/strong>. Illustreerinud ja kujundanud R. Lauks. Tallinn: Pikker, 1991, 111 lk.<\/p>\n","protected":false},"excerpt":{"rendered":"<p>Ilmar Trull (s\u00fcnd. 21. II 1957) on lastekirjanik ja luuletaja, samuti illustraator ja karikaturist. Trull s\u00fcndis Tallinnas. Ta \u00f5ppis aastatel 1964\u20131975 Tallinna 7. keskkoolis\u00a0 ja 1976\u20131978 Tartu \u00dclikoolis inglise keelt. P\u00e4rast s\u00f5jav\u00e4eteenistust pidas Trull mitmeid ameteid. Aastatel 1985\u20131995 t\u00f6\u00f6tas ta &#8230;<\/p>\n","protected":false},"author":43,"featured_media":0,"parent":6510,"menu_order":0,"comment_status":"closed","ping_status":"closed","template":"","meta":{"_acf_changed":false,"inline_featured_image":false,"footnotes":""},"class_list":["post-8376","page","type-page","status-publish","hentry"],"acf":[],"_links":{"self":[{"href":"https:\/\/sisu.ut.ee\/ewod\/et\/wp-json\/wp\/v2\/pages\/8376","targetHints":{"allow":["GET"]}}],"collection":[{"href":"https:\/\/sisu.ut.ee\/ewod\/et\/wp-json\/wp\/v2\/pages"}],"about":[{"href":"https:\/\/sisu.ut.ee\/ewod\/et\/wp-json\/wp\/v2\/types\/page"}],"author":[{"embeddable":true,"href":"https:\/\/sisu.ut.ee\/ewod\/et\/wp-json\/wp\/v2\/users\/43"}],"replies":[{"embeddable":true,"href":"https:\/\/sisu.ut.ee\/ewod\/et\/wp-json\/wp\/v2\/comments?post=8376"}],"version-history":[{"count":4,"href":"https:\/\/sisu.ut.ee\/ewod\/et\/wp-json\/wp\/v2\/pages\/8376\/revisions"}],"predecessor-version":[{"id":8381,"href":"https:\/\/sisu.ut.ee\/ewod\/et\/wp-json\/wp\/v2\/pages\/8376\/revisions\/8381"}],"up":[{"embeddable":true,"href":"https:\/\/sisu.ut.ee\/ewod\/et\/wp-json\/wp\/v2\/pages\/6510"}],"wp:attachment":[{"href":"https:\/\/sisu.ut.ee\/ewod\/et\/wp-json\/wp\/v2\/media?parent=8376"}],"curies":[{"name":"wp","href":"https:\/\/api.w.org\/{rel}","templated":true}]}}