{"id":8368,"date":"2024-04-03T23:39:19","date_gmt":"2024-04-03T20:39:19","guid":{"rendered":"https:\/\/sisu.ut.ee\/ewod\/?page_id=8368"},"modified":"2026-04-14T22:50:10","modified_gmt":"2026-04-14T19:50:10","slug":"mart-trummal","status":"publish","type":"page","link":"https:\/\/sisu.ut.ee\/ewod\/et\/t\/mart-trummal\/","title":{"rendered":"Mart Trummal"},"content":{"rendered":"<figure class=\"wp-block-image alignright size-large is-resized\"><a href=\"https:\/\/sisu.ut.ee\/wp-content\/uploads\/sites\/108\/mart_trummal_alar_madisson-scaled.jpg\"><img loading=\"lazy\" decoding=\"async\" width=\"681\" height=\"1024\" src=\"https:\/\/sisu.ut.ee\/wp-content\/uploads\/sites\/108\/mart_trummal_alar_madisson-681x1024.jpg\" alt=\"\" class=\"wp-image-6367\" style=\"aspect-ratio:0.6650451260647844;width:216px;height:auto\" title=\"Foto: Alar Madisson\" srcset=\"https:\/\/sisu.ut.ee\/wp-content\/uploads\/sites\/108\/mart_trummal_alar_madisson-681x1024.jpg 681w, https:\/\/sisu.ut.ee\/wp-content\/uploads\/sites\/108\/mart_trummal_alar_madisson-200x300.jpg 200w, https:\/\/sisu.ut.ee\/wp-content\/uploads\/sites\/108\/mart_trummal_alar_madisson-768x1154.jpg 768w, https:\/\/sisu.ut.ee\/wp-content\/uploads\/sites\/108\/mart_trummal_alar_madisson-1022x1536.jpg 1022w, https:\/\/sisu.ut.ee\/wp-content\/uploads\/sites\/108\/mart_trummal_alar_madisson-1363x2048.jpg 1363w, https:\/\/sisu.ut.ee\/wp-content\/uploads\/sites\/108\/mart_trummal_alar_madisson-1920x2885.jpg 1920w, https:\/\/sisu.ut.ee\/wp-content\/uploads\/sites\/108\/mart_trummal_alar_madisson-scaled.jpg 1703w\" sizes=\"auto, (max-width: 681px) 100vw, 681px\"><\/a><\/figure>\n\n\n\n<p>Mart Trummal (s\u00fcnd. 27. II 1953) on toimetaja, proosakirjanik, t\u00f5lkija ja maalikunstnik.<\/p>\n\n\n\n<p>Trummal s\u00fcndis Tartus. Ta \u00f5ppis aastatel 1961\u20131971 Tartu 2. keskkoolis ja aastatel 1971\u20131976 Tartu Riiklikus \u00dclikoolis teoreetilist f\u00fc\u00fcsikat. Aastatel 1976\u20131991 t\u00f6\u00f6tas Trummal insenerina ja teadurina Eesti Teaduste Akadeemia F\u00fc\u00fcsika Instituudis. 1991. aastal asus ta t\u00f6\u00f6le kirjastuse Fontes peatoimetajana, 1993. aastal osales kirjastuse Ilmamaa asutamises ja t\u00f6\u00f6tas 2001. aastani Ilmamaa peatoimetajana. 1993. aastal kuulus ta Eesti M\u00f5tteloo Sihtkapitali asutajate hulka, mille juhatajana ta on edaspidi t\u00f6\u00f6tanud. 2017. aastast alates on Trummal esinenud oma maalidega kunstin\u00e4itustel. 2018. aastast alates tegeleb ta maalimisega Konrad M\u00e4e Ateljees.<\/p>\n\n\n\n<p>Trummal deb\u00fcteeris 1980. aastatel l\u00fchijuttudega Loomingu Raamatukogu kogumikes \u201eS\u00f5na\u201c. 1989. aastal saavutas tema romaan \u201eKorduskatse\u201c romaaniv\u00f5istlusel \u00e4ram\u00e4rkimise. Romaan ilmus 1996. aastal kirjastuses Ilmamaa. Teos kujutab autoril\u00e4hedase peategelase loomingulisi igatsusi 1970. aastate seisakuaja \u00f5hustikus.<\/p>\n\n\n\n<p>Mart Trummal on t\u00f5lkinud inglise keelest raamatuid majandusest ja tsivilisatsioonide teooria valdkonnast. Ta on olnud rohkem kui kolmek\u00fcmne v\u00e4ga erineva autori ja raamatu toimetaja. Samuti on ta tegutsenud kirjastajana. Tema kirjastuses Akkon on ilmunud Madis K\u00f5ivu kogutud n\u00e4idendid ning romaanid \u201eKeemiline pulm\u201c ja \u201eP\u00e4ev\u201c.<\/p>\n\n\n\n<p><em>L. P.<\/em><\/p>\n\n\n\n<h4 class=\"wp-block-heading\"><br>Raamatud eesti keeles<\/h4>\n\n\n\n<p><strong><em>Romaanid<\/em><\/strong><br><strong>Korduskatse<\/strong>. Tartu: Ilmamaa, 1996. 302 lk.<\/p>\n","protected":false},"excerpt":{"rendered":"<p>Mart Trummal (s\u00fcnd. 27. II 1953) on toimetaja, proosakirjanik, t\u00f5lkija ja maalikunstnik. Trummal s\u00fcndis Tartus. Ta \u00f5ppis aastatel 1961\u20131971 Tartu 2. keskkoolis ja aastatel 1971\u20131976 Tartu Riiklikus \u00dclikoolis teoreetilist f\u00fc\u00fcsikat. Aastatel 1976\u20131991 t\u00f6\u00f6tas Trummal insenerina ja teadurina Eesti Teaduste Akadeemia &#8230;<\/p>\n","protected":false},"author":43,"featured_media":0,"parent":6510,"menu_order":0,"comment_status":"closed","ping_status":"closed","template":"","meta":{"_acf_changed":false,"inline_featured_image":false,"footnotes":""},"class_list":["post-8368","page","type-page","status-publish","hentry"],"acf":[],"_links":{"self":[{"href":"https:\/\/sisu.ut.ee\/ewod\/et\/wp-json\/wp\/v2\/pages\/8368","targetHints":{"allow":["GET"]}}],"collection":[{"href":"https:\/\/sisu.ut.ee\/ewod\/et\/wp-json\/wp\/v2\/pages"}],"about":[{"href":"https:\/\/sisu.ut.ee\/ewod\/et\/wp-json\/wp\/v2\/types\/page"}],"author":[{"embeddable":true,"href":"https:\/\/sisu.ut.ee\/ewod\/et\/wp-json\/wp\/v2\/users\/43"}],"replies":[{"embeddable":true,"href":"https:\/\/sisu.ut.ee\/ewod\/et\/wp-json\/wp\/v2\/comments?post=8368"}],"version-history":[{"count":2,"href":"https:\/\/sisu.ut.ee\/ewod\/et\/wp-json\/wp\/v2\/pages\/8368\/revisions"}],"predecessor-version":[{"id":8371,"href":"https:\/\/sisu.ut.ee\/ewod\/et\/wp-json\/wp\/v2\/pages\/8368\/revisions\/8371"}],"up":[{"embeddable":true,"href":"https:\/\/sisu.ut.ee\/ewod\/et\/wp-json\/wp\/v2\/pages\/6510"}],"wp:attachment":[{"href":"https:\/\/sisu.ut.ee\/ewod\/et\/wp-json\/wp\/v2\/media?parent=8368"}],"curies":[{"name":"wp","href":"https:\/\/api.w.org\/{rel}","templated":true}]}}