{"id":8363,"date":"2024-04-03T23:41:04","date_gmt":"2024-04-03T20:41:04","guid":{"rendered":"https:\/\/sisu.ut.ee\/ewod\/?page_id=8363"},"modified":"2026-04-14T22:39:43","modified_gmt":"2026-04-14T19:39:43","slug":"silvia-truu","status":"publish","type":"page","link":"https:\/\/sisu.ut.ee\/ewod\/et\/t\/silvia-truu\/","title":{"rendered":"Silvia Truu"},"content":{"rendered":"<figure class=\"wp-block-image alignright size-large is-resized\"><a href=\"https:\/\/sisu.ut.ee\/wp-content\/uploads\/sites\/108\/silvia_truu-scaled.jpg\"><img loading=\"lazy\" decoding=\"async\" width=\"796\" height=\"1024\" src=\"https:\/\/sisu.ut.ee\/wp-content\/uploads\/sites\/108\/silvia_truu-796x1024.jpg\" alt=\"\" class=\"wp-image-6213\" style=\"aspect-ratio:0.7773419190668165;width:277px;height:auto\" srcset=\"https:\/\/sisu.ut.ee\/wp-content\/uploads\/sites\/108\/silvia_truu-796x1024.jpg 796w, https:\/\/sisu.ut.ee\/wp-content\/uploads\/sites\/108\/silvia_truu-233x300.jpg 233w, https:\/\/sisu.ut.ee\/wp-content\/uploads\/sites\/108\/silvia_truu-768x987.jpg 768w, https:\/\/sisu.ut.ee\/wp-content\/uploads\/sites\/108\/silvia_truu-1195x1536.jpg 1195w, https:\/\/sisu.ut.ee\/wp-content\/uploads\/sites\/108\/silvia_truu-1593x2048.jpg 1593w, https:\/\/sisu.ut.ee\/wp-content\/uploads\/sites\/108\/silvia_truu-1920x2469.jpg 1920w, https:\/\/sisu.ut.ee\/wp-content\/uploads\/sites\/108\/silvia_truu-scaled.jpg 1991w\" sizes=\"auto, (max-width: 796px) 100vw, 796px\"><\/a><\/figure>\n\n\n\n<p>Silvia Truu (Silvia Astrid Truu, kuni 1936 Koch, kuni 1941 Koht; 16. XII 1922 \u2013 5. V 1990) oli laste- ja noorsookirjanik.<\/p>\n\n\n\n<p>S\u00fcndis Paldiskis, \u00f5ppis N\u00f5mmel ja Tallinnas. T\u00f6\u00f6tas Rahva H\u00e4\u00e4le, Noorte H\u00e4\u00e4le ja N\u00f5ukogude Naise toimetuses ning lasteraadios. Alates 1965 kutseline kirjanik. Oli Kirjanike Liidu liige alates 1973. Suri Tallinnas, maetud Tallinna Metsakalmistule.<\/p>\n\n\n\n<p>Deb\u00fcteeris 1947. aastal kuuldem\u00e4nguga, ajakirjas Pioneer ilmus esimene lastejutt 1951. J\u00e4rgnesid lasteraamatud \u201eM\u00f5istata\u201c (1955), \u201e\u00dched targad m\u00f5lemad\u201c (1956) ning \u201eMurra. T\u00f5silookesi koertest\u201c (1959). Truu peateoseks v\u00f5ib lugeda Silja-raamatute ts\u00fcklit: noortele suunatud \u00fchiste tegelastega jutustuste sarja, mis vaeb t\u00e4iskasvanuks saamise ja isiksuse kujunemisega seotud problemaatikat, kus k\u00e4sitlemist leiavad ka t\u00f5sised eluprobleemid, n\u00e4iteks alkoholism ja selle m\u00f5ju pereelule. Olulisel kohal on s\u00f5pruse ja armastuse temaatika. Esimese jutustuse \u201eSilja, p\u00e4ikesekiir ja maailm\u201c (1967) p\u00f5hikooliealised noored j\u00f5uavad romaanis \u201ePeidus pool\u201c (1977) varasesse t\u00e4iskasvanuikka. Teises, \u00fcmbert\u00f6\u00f6tatud tr\u00fckis koosneb ts\u00fckkel viiest osast, mis ilmusid kahes k\u00f6ites: \u201eSilja, p\u00e4ikesekiir ja maailm. S\u00fcnnip\u00e4evad\u201c (1967) ning \u201ePeidus pool\u201c (1981, \u201eKuu aega t\u00e4iskasvanu\u201c, \u201eMerle\u201c, \u201ePeidus pool\u201c). Noorte s\u00f5prus- ja armastussuhteid ning t\u00f5siseid perekonnaprobleeme k\u00e4sitleb ka romaan \u201eOma suguv\u00f5sa Aadam\u201c (1985).<\/p>\n\n\n\n<p><a><\/a> Lisaks Loomingus ilmunud novellidele avaldas Silvia Truu ka t\u00e4iskasvanutele m\u00f5eldud proosakogu \u201eSaa n\u00fc\u00fcd neist inimestest aru\u201c (1971), jutustuse \u201ePilvede k\u00f5rval toas\u201c (1973), mis k\u00e4sitleb leseks j\u00e4\u00e4nud v\u00e4hihaige naise lugu, ja jutukogu \u201eS\u00fcdamel ei ole kortse\u201c (1987), mis keskendub vanadekodu asukate elu-olule. Truu l\u00fchiproosa aluseks on kaasaeg \u00fches oma probleemidega ning inimlike vastasseisude ja soovidega.<\/p>\n\n\n\n<p><em>A. K.<\/em><\/p>\n\n\n\n<h4 class=\"wp-block-heading\"><br>Raamatud eesti keeles<\/h4>\n\n\n\n<p><em><strong>Laste- ja noortekirjandus<\/strong><\/em><br><strong>M\u00f5istata<\/strong>: v\u00e4rsid. Tallinn: Eesti Riiklik Kirjastus, 1955, 12 lk.<br><strong>\u00dched targad m\u00f5lemad<\/strong>: jutud. Tallinn: Eesti Riiklik Kirjastus, 1956, 39 lk.<br><strong>Murra<\/strong>: t\u00f5silookesi koertest. Tallinn: Eesti Riiklik Kirjastus, 1959, 60 lk.<br><strong>Silja, p\u00e4ikesekiir ja maailm<\/strong>. Tallinn: Eesti Raamat, 1967, 139 lk. [2. tr\u00fckk: 1982.]<br><strong>Kuu aega t\u00e4iskasvanu<\/strong>: jutustus. Tallinn: Eesti Raamat, 1968, 160 lk.<br><strong>Tere! Sind ma otsisin!<\/strong>. Tallinn: Eesti Raamat, 1971, 148 lk.<br><strong>Jeekim<\/strong>: t\u00f5silugusid koertest. Tallinn: Eesti Raamat, 1974, 144 lk.<br><strong>Peidus pool<\/strong>: noorsooromaan. Tallinn: Eesti Raamat, 1977, 152 lk. [2. tr\u00fckk: 1981.]<br><strong>Oma suguv\u00f5sa Aadam<\/strong>: noorsooromaan. Tallinn: Eesti Raamat, 1985, 160 lk.<\/p>\n\n\n\n<p><strong><em>L\u00fchiproosa<\/em><br>Saa n\u00fc\u00fcd neist inimestest aru<\/strong>. Tallinn: Eesti Raamat, 1970, 119 lk.<br><strong>Pilvede k\u00f5rval toas<\/strong>: jutustus. Tallinn: Eesti Raamat, 1973, 88 lk.<br><strong>S\u00fcdamel ei ole kortse<\/strong>: jutustused. Tallinn: Eesti Raamat, 1987, 141 lk.<\/p>\n","protected":false},"excerpt":{"rendered":"<p>Silvia Truu (Silvia Astrid Truu, kuni 1936 Koch, kuni 1941 Koht; 16. XII 1922 \u2013 5. V 1990) oli laste- ja noorsookirjanik. S\u00fcndis Paldiskis, \u00f5ppis N\u00f5mmel ja Tallinnas. T\u00f6\u00f6tas Rahva H\u00e4\u00e4le, Noorte H\u00e4\u00e4le ja N\u00f5ukogude Naise toimetuses ning lasteraadios. Alates &#8230;<\/p>\n","protected":false},"author":43,"featured_media":0,"parent":6510,"menu_order":0,"comment_status":"closed","ping_status":"closed","template":"","meta":{"_acf_changed":false,"inline_featured_image":false,"footnotes":""},"class_list":["post-8363","page","type-page","status-publish","hentry"],"acf":[],"_links":{"self":[{"href":"https:\/\/sisu.ut.ee\/ewod\/et\/wp-json\/wp\/v2\/pages\/8363","targetHints":{"allow":["GET"]}}],"collection":[{"href":"https:\/\/sisu.ut.ee\/ewod\/et\/wp-json\/wp\/v2\/pages"}],"about":[{"href":"https:\/\/sisu.ut.ee\/ewod\/et\/wp-json\/wp\/v2\/types\/page"}],"author":[{"embeddable":true,"href":"https:\/\/sisu.ut.ee\/ewod\/et\/wp-json\/wp\/v2\/users\/43"}],"replies":[{"embeddable":true,"href":"https:\/\/sisu.ut.ee\/ewod\/et\/wp-json\/wp\/v2\/comments?post=8363"}],"version-history":[{"count":2,"href":"https:\/\/sisu.ut.ee\/ewod\/et\/wp-json\/wp\/v2\/pages\/8363\/revisions"}],"predecessor-version":[{"id":8366,"href":"https:\/\/sisu.ut.ee\/ewod\/et\/wp-json\/wp\/v2\/pages\/8363\/revisions\/8366"}],"up":[{"embeddable":true,"href":"https:\/\/sisu.ut.ee\/ewod\/et\/wp-json\/wp\/v2\/pages\/6510"}],"wp:attachment":[{"href":"https:\/\/sisu.ut.ee\/ewod\/et\/wp-json\/wp\/v2\/media?parent=8363"}],"curies":[{"name":"wp","href":"https:\/\/api.w.org\/{rel}","templated":true}]}}