{"id":8349,"date":"2024-04-03T23:39:44","date_gmt":"2024-04-03T20:39:44","guid":{"rendered":"https:\/\/sisu.ut.ee\/ewod\/?page_id=8349"},"modified":"2026-04-14T15:28:29","modified_gmt":"2026-04-14T12:28:29","slug":"eet-tuule","status":"publish","type":"page","link":"https:\/\/sisu.ut.ee\/ewod\/et\/t\/eet-tuule\/","title":{"rendered":"Eet Tuule"},"content":{"rendered":"<p>Eet Tuule (s\u00fcnd. 31. VII 1941) on proosakirjanik.<\/p>\n\n\n\n<p>Tuule on s\u00fcndinud Saaremaal. 1953. aastast alates on ta elanud mandri-Eestis. Eet Tuulel on kaks p\u00f5hilist huviala: ornitoloogia ja kirjandus. Koolipoisina linnuvaatlustel kogutud p\u00f5hjalike loendusandmete t\u00f5ttu soovitas Tartu \u00dclikooli ornitoloogiaprofessor Eerik Kumari j\u00e4tkata Tuulel \u00f5pinguid \u00fclikoolis, kuid perekondlikel p\u00f5hjustel j\u00e4i noormehel \u00fclikooli astumata. Ta t\u00f6\u00f6tas aastaid lukksepana ja mehhaanikuna. Ornitoloogia t\u00e4itis t\u00f6\u00f6vaba aja.<\/p>\n\n\n\n<p>Linnuvaatluste tulemusi on Eet Tuule avaldanud aastak\u00fcmnete jooksul populaarteaduslike artiklite vormis ajakirjades Eesti Loodus ja\u00a0<em>Estonian Journal of Ecology<\/em><em>.<\/em> 2003. aastal valiti Eet Tuule Eesti Ornitoloogia\u00fchingu auliikmeks.<\/p>\n\n\n\n<p>2014. aastast alates tegutseb Eet Tuule vabakutselise kirjanikuna. Tema loomingu hulgas esineb loodusjutte lastele, samuti kriminaalromaane ja autobiograafiliste sugemetega romaane. 2014. aastal ilmus Tuule loodusjuttude kogumik \u201eTrompetid udus\u201c ja 2015. aastal lasteraamat \u201eTagalaane valitsejad\u201c. 2015. aastal avaldatud \u201ePoisike rukkis\u201c on autobiograafiliste motiividega romaan, milles leidub \u00fcksikasjalikke \u00fclest\u00e4hendusi Laimjala piirkonna maastikest Saaremaal.<\/p>\n\n\n\n<p>Eet Tuule on olnud 2020. aastate alguses \u00fcks menukamaid autoreid raamatukogude laenutajate hulgas.<\/p>\n\n\n\n<p><em>L. P.<\/em><\/p>\n\n\n\n<h4 class=\"wp-block-heading\"><br>Raamatud eesti keeles<\/h4>\n\n\n\n<p><strong><em>Romaanid<\/em><\/strong><br><strong>Poisike rukkis: elu s\u00f5jaj\u00e4rgses Eestis lapsepilguga<\/strong>. Tallinn: Hea Lugu, 2015. 319 lk.<br><strong>Sundsuvitaja<\/strong>. Tallinn: T\u00e4nap\u00e4ev, 2016. 246 lk.<br><strong>Juured ja v\u00f5rsed<\/strong>. Tallinn: T\u00e4nap\u00e4ev, 2017. 239 lk.<br><strong>Eraku eksitus<\/strong>. Tallinn: E. Tuule, 2018. 223 lk.<br><strong>Jaanituli k\u00e4opesas<\/strong>. Tallinn: T\u00e4nap\u00e4ev, 2018. 243 lk.<br><strong>Metsatalu saladused<\/strong>. Tallinn: Eesti Raamat, 2018. 222 lk.<br><strong>Kuristik raiesmikul<\/strong>. Tallinn: Eesti Raamat, 2019. 235 lk.<br><strong>P\u00e4evikuk\u00fctid<\/strong>. Tallinn: Eesti Raamat, 2019. 263 lk.<br><strong>Tiivuline tunnistaja<\/strong>. Tallinn: Eesti Raamat, 2019. 265 lk.<br><strong>Kimalased Piksekivil<\/strong>. Tallinn: Eesti Raamat, 2020. 268 lk.<br><strong>Saatuslik ratsuk\u00e4ik<\/strong> [p\u00f5nevik]. Tallinn: Eesti Raamat, 2020. 221 lk.<br><strong>Valede veski<\/strong>. Tallinn: Eesti Raamat, 2020. 232 lk.<br><strong>Peeglikillud<\/strong>. Tallinn: Eesti Raamat, 2021. 254 lk.<br><strong>R\u00e4stikuv\u00e4lu<\/strong>: ulmep\u00f5nevik. Tallinn: Eesti Raamat, 2021. 239 lk.<br><strong>Ahistavad saladused<\/strong>. Tallinn: Eesti Raamat, 2022. 238 lk.<br><strong>Luhtunud piknik<\/strong>. Tallinn: Eesti Raamat, 2022. 213 lk.<br><strong>\u00dcksainus isiklik elu<\/strong>. Tallinn: Eesti Raamat, 2023. 206 lk.<br><strong>Perekonnavalss m\u00e4nniku<\/strong>s. Tallinn: Eesti Raamat, 2023, 237 lk.<br><strong>Liblikad tuules<\/strong>. Tallinn: Eesti Raamat, 2024, 253 lk.<br><strong>Vennaskond<\/strong>. Tallinn: Eesti Raamat, 2024, 216 lk.<br><strong>Raske \u00f5nn<\/strong>. Tallinn: Eesti Raamat, 2025, 253 lk.<br><strong>Tasu hirmu eest<\/strong>. Tallinn: Eesti Raamat, 2025, 232 lk.<\/p>\n\n\n\n<p><strong><em>L\u00fchiproosa<\/em><\/strong><br><strong>Trompetid udus<\/strong>: jutte loodusp\u00e4evikutest. Tallinn: Koolibri, 2014. 159 lk.<\/p>\n\n\n\n<p><strong><em>Lasteraamatud<\/em><\/strong><br><strong>Tagalaane valitsejad<\/strong>. Tallinn: TEA Kirjastus, 2015. 149 lk.<\/p>\n\n\n\n<p><strong><em>M\u00e4lestused<\/em><\/strong><br><strong>Keset ilu ja valu: elust 1960. aastate Eestis<\/strong>. Tallinn: Eesti Raamat, 2017. 207 lk.<\/p>\n","protected":false},"excerpt":{"rendered":"<p>Eet Tuule (s\u00fcnd. 31. VII 1941) on proosakirjanik. Tuule on s\u00fcndinud Saaremaal. 1953. aastast alates on ta elanud mandri-Eestis. Eet Tuulel on kaks p\u00f5hilist huviala: ornitoloogia ja kirjandus. Koolipoisina linnuvaatlustel kogutud p\u00f5hjalike loendusandmete t\u00f5ttu soovitas Tartu \u00dclikooli ornitoloogiaprofessor Eerik Kumari &#8230;<\/p>\n","protected":false},"author":43,"featured_media":0,"parent":6510,"menu_order":0,"comment_status":"closed","ping_status":"closed","template":"","meta":{"_acf_changed":false,"inline_featured_image":false,"footnotes":""},"class_list":["post-8349","page","type-page","status-publish","hentry"],"acf":[],"_links":{"self":[{"href":"https:\/\/sisu.ut.ee\/ewod\/et\/wp-json\/wp\/v2\/pages\/8349","targetHints":{"allow":["GET"]}}],"collection":[{"href":"https:\/\/sisu.ut.ee\/ewod\/et\/wp-json\/wp\/v2\/pages"}],"about":[{"href":"https:\/\/sisu.ut.ee\/ewod\/et\/wp-json\/wp\/v2\/types\/page"}],"author":[{"embeddable":true,"href":"https:\/\/sisu.ut.ee\/ewod\/et\/wp-json\/wp\/v2\/users\/43"}],"replies":[{"embeddable":true,"href":"https:\/\/sisu.ut.ee\/ewod\/et\/wp-json\/wp\/v2\/comments?post=8349"}],"version-history":[{"count":3,"href":"https:\/\/sisu.ut.ee\/ewod\/et\/wp-json\/wp\/v2\/pages\/8349\/revisions"}],"predecessor-version":[{"id":8353,"href":"https:\/\/sisu.ut.ee\/ewod\/et\/wp-json\/wp\/v2\/pages\/8349\/revisions\/8353"}],"up":[{"embeddable":true,"href":"https:\/\/sisu.ut.ee\/ewod\/et\/wp-json\/wp\/v2\/pages\/6510"}],"wp:attachment":[{"href":"https:\/\/sisu.ut.ee\/ewod\/et\/wp-json\/wp\/v2\/media?parent=8349"}],"curies":[{"name":"wp","href":"https:\/\/api.w.org\/{rel}","templated":true}]}}