{"id":8344,"date":"2024-04-03T23:39:33","date_gmt":"2024-04-03T20:39:33","guid":{"rendered":"https:\/\/sisu.ut.ee\/ewod\/?page_id=8344"},"modified":"2026-04-14T15:12:57","modified_gmt":"2026-04-14T12:12:57","slug":"juri-tuulik","status":"publish","type":"page","link":"https:\/\/sisu.ut.ee\/ewod\/et\/t\/juri-tuulik\/","title":{"rendered":"J\u00fcri Tuulik"},"content":{"rendered":"<figure class=\"wp-block-image alignright size-large is-resized\"><a href=\"https:\/\/sisu.ut.ee\/wp-content\/uploads\/sites\/108\/juri_tuulik_elmar_koster-scaled.jpg\"><img loading=\"lazy\" decoding=\"async\" width=\"774\" height=\"1024\" src=\"https:\/\/sisu.ut.ee\/wp-content\/uploads\/sites\/108\/juri_tuulik_elmar_koster-774x1024.jpg\" alt=\"\" class=\"wp-image-6107\" style=\"aspect-ratio:0.7558526216561803;width:305px;height:auto\" title=\"Foto: Elmar K\u00f6ster\" srcset=\"https:\/\/sisu.ut.ee\/wp-content\/uploads\/sites\/108\/juri_tuulik_elmar_koster-774x1024.jpg 774w, https:\/\/sisu.ut.ee\/wp-content\/uploads\/sites\/108\/juri_tuulik_elmar_koster-227x300.jpg 227w, https:\/\/sisu.ut.ee\/wp-content\/uploads\/sites\/108\/juri_tuulik_elmar_koster-768x1016.jpg 768w, https:\/\/sisu.ut.ee\/wp-content\/uploads\/sites\/108\/juri_tuulik_elmar_koster-1162x1536.jpg 1162w, https:\/\/sisu.ut.ee\/wp-content\/uploads\/sites\/108\/juri_tuulik_elmar_koster-1549x2048.jpg 1549w, https:\/\/sisu.ut.ee\/wp-content\/uploads\/sites\/108\/juri_tuulik_elmar_koster-1920x2539.jpg 1920w, https:\/\/sisu.ut.ee\/wp-content\/uploads\/sites\/108\/juri_tuulik_elmar_koster-scaled.jpg 1936w\" sizes=\"auto, (max-width: 774px) 100vw, 774px\"><\/a><\/figure>\n\n\n\n<p>J\u00fcri Tuulik (22. II 1940 \u2013 3. VII 2014) oli prosaist ja n\u00e4itekirjanik.<\/p>\n\n\n\n<p>S\u00fcndis Abruka saarel, sundevakueeriti \u00fches perega 1944-1945 Saksamaale. \u00d5ppis Abrukal, Kuressaares (tollases Kingissepas) ja Tartu Riikliku \u00dclikooli ajaloo-keeleteaduskonnas, mille l\u00f5petas eesti filoloogina 1963. T\u00f6\u00f6tanud ajalehtedes Edasi ja Noorte H\u00e4\u00e4l ning ajakirjas Vesikaar. 1969. aastast kutseline kirjanik. Kirjanike Liidu liige 1972, ENSV teeneline kirjanik 1986. Suri Kuressaares, maetud Abrukale. Tema kaksikvend on kirjanik \u00dclo Tuulik, t\u00e4dipoeg oli Juhan Smuul (1922-1971).<\/p>\n\n\n\n<p>Deb\u00fcteeris l\u00fchiproosapalaga Saaremaa ajalehes 1956. aastal. L\u00fchiproosakogu \u201eTund enne v\u00e4ljas\u00f5itu\u201c (1966) ilmus kassetis Noored Autorid 1965 \u00fches Leelo Tungla ja Ingvar Luha\u00e4\u00e4re kogudega. J\u00e4rgnesid proosakogud \u201eVana loss. Abruka lood\u201c (1972), \u201eMeretagune asi\u201c (1976, Eduard Vilde nimeline kirjandusauhind 1977), \u201eK\u00fclatraagik\u201c (1980), \u201eMehed ja koerad\u201c (1985), \u201eHaab\u201c (1989) ning romaan \u201eVares\u201c (1979), milles kujutatud sisseelamisega lapse tundemaailma, mis p\u00f5rkub valusalt t\u00e4iskasvanute maailma karmusega. Eetiliselt pinnalt t\u00f5ukuvad probleemid on Tuuliku loomingus olulisel kohal. S\u00fcgavamad, traditsioonides juurduvad t\u00f5ed p\u00f5rkuvad sageli moderniseeruva, rahvalikest tavadest kaugenenuga. Kodusaar Abruka suurema osa proosapalade otseseks v\u00f5i kaudseks l\u00e4hteaineseks. Kujutanud asjatundlikkuse ja sisseelamisega rannak\u00fcla ja selle elanike elu-olu ning merd. Paistab silma v\u00e4rvikate karakterite, rahvaliku keelekasutuse ning huumoriga. Mitme proosapala olulise t\u00e4hendusega fooniks on Teise maailmas\u00f5ja s\u00fcndmused. Oli esimene, kes kujutas kirjanduses s\u00f5rulaste (Saaremaa S\u00f5rve poolsaare elanike) evakueerimist 1940. aastatel. Draamateoste ja kuuldem\u00e4ngude ainestik ning stilistiline tonaalsus on sarnane proosateoste omale.<\/p>\n\n\n\n<p><a><\/a> On v\u00f5itnud mitmeid auhindu, muu hulgas Juhan Smuuli nimelise kirjanduse aastapreemia kuuldem\u00e4ngude eest 1979. aastal ja proosakogu \u201eK\u00fclatraagik\u201c (1980) eest 1981. aastal, Saare Kaluri auhinna 1980. aastal rannarahvast kujutava loomingu eest, Oskar Lutsu huumoripreemia, Friedebert Tuglase novelliauhinna novelli \u201eTellikaatne\u201c eest 2009. aastal ning korduvalt August M\u00e4lgu novellipreemia.<\/p>\n\n\n\n<p><em>A. K.<\/em><\/p>\n\n\n\n<h4 class=\"wp-block-heading\"><br>Raamatud eesti keeles<\/h4>\n\n\n\n<p><em><strong>Romaan<\/strong><\/em><br><strong>Vares<\/strong>. Tallinn: Perioodika\u00a0(Loomingu Raamatukogu), 1979.\u00a0\u00a0[J\u00e4rgmised tr\u00fckid: 1980, 1983, 2002, 2008.]<\/p>\n\n\n\n<p><em><strong>L\u00fchiproosa<\/strong><\/em><br><strong>Tund enne v\u00e4ljas\u00f5itu<\/strong>: jutte ja laaste 1962-1964. Tallinn: Eesti Raamat, 1966, 104 lk.<br><strong>Vana loss<\/strong>: Abruka lood. Tallinn: Eesti Raamat, 1972, 192 lk.<br><strong>Meretagune asi<\/strong>: k\u00fclajutud. Tallinn: Eesti Raamat, 1976, 214 lk.<br><strong>K\u00fclatraagik<\/strong>: jutustused ja romaanid. Tallinn: Eesti Raamat, 1980, 344 lk.<br><strong>Mehed ja koerad<\/strong>: jutustused. Tallinn: Eesti Raamat, 1985, 176 lk.<br><strong>Haab<\/strong>: k\u00fclaproosa. Jutustused. Tallinn: Eesti Raamat, 1989, 205 lk.<br><strong>Mere ja taeva vahel<\/strong>: jutustused. Tallinn: Kupar, 1991, 188 lk.<br><strong>\u00dcksik lind mere kohal<\/strong>: romaan ja jutustused. Tallinn: Maalehe Raamat, 2002, 606 lk.<br><strong>Linnusita<\/strong>: jutustused, l\u00fchijutud, n\u00e4idendid ja vested. Tallinn: Maalehe Raamat, 2004, 406 lk.<br><strong>N\u00e4ssu ja Loviisaga<\/strong>: jutustused. Tallinn: Maalehe Raamat, 2005, 367 lk.<br><strong>R\u00e4im, pisike kena kala<\/strong>: valitud lugusid ja toiduretsepte. Tallinn: Kadmirell, 2008, 250 lk.<br><strong>Aprillip\u00f6rsas<\/strong>. Tallinn: Kadmirell, 2009, 286 lk.<br><strong>Nende aastate pilved<\/strong>. Tallinn: Kadmirell, 2011, 294 lk.<\/p>\n\n\n\n<p><em><strong>N\u00e4idendid<\/strong><\/em><br><strong>Pulmad Abruka moodi<\/strong>. Tallinn: Eesti Raamat, 1979, 202 lk.<br><strong>Hirvesarvetuba<\/strong>: monolooge ja stseene. Tallinn: Eesti Raamat, 1983, 159 lk.<br><strong>Linnusita<\/strong>: jutustused, l\u00fchijutud, n\u00e4idendid ja vested. Tallinn: Maalehe Raamat, 2004, 406 lk.<br><strong>Viimased kotkad<\/strong>: n\u00e4idendid, kuuldem\u00e4ngud, monoloogid. Tallinn: Maalehe Raamat, 2006, 415 lk.<br><strong>Aprillip\u00f6rsas<\/strong>. Tallinn: Kadmirell, 2009, 286 lk.<\/p>\n\n\n\n<p><em><strong>Varia<\/strong><\/em><br><strong>Ol\u00fcmpia aabits<\/strong>. Tallinn: Eesti Ol\u00fcmpiainfo, 1996, 23 lk.<br><strong>Nende aastate pilved<\/strong>. Tallinn: Kadmirell, 2011, 294 lk.<\/p>\n","protected":false},"excerpt":{"rendered":"<p>J\u00fcri Tuulik (22. II 1940 \u2013 3. VII 2014) oli prosaist ja n\u00e4itekirjanik. S\u00fcndis Abruka saarel, sundevakueeriti \u00fches perega 1944-1945 Saksamaale. \u00d5ppis Abrukal, Kuressaares (tollases Kingissepas) ja Tartu Riikliku \u00dclikooli ajaloo-keeleteaduskonnas, mille l\u00f5petas eesti filoloogina 1963. T\u00f6\u00f6tanud ajalehtedes Edasi ja &#8230;<\/p>\n","protected":false},"author":43,"featured_media":0,"parent":6510,"menu_order":0,"comment_status":"closed","ping_status":"closed","template":"","meta":{"_acf_changed":false,"inline_featured_image":false,"footnotes":""},"class_list":["post-8344","page","type-page","status-publish","hentry"],"acf":[],"_links":{"self":[{"href":"https:\/\/sisu.ut.ee\/ewod\/et\/wp-json\/wp\/v2\/pages\/8344","targetHints":{"allow":["GET"]}}],"collection":[{"href":"https:\/\/sisu.ut.ee\/ewod\/et\/wp-json\/wp\/v2\/pages"}],"about":[{"href":"https:\/\/sisu.ut.ee\/ewod\/et\/wp-json\/wp\/v2\/types\/page"}],"author":[{"embeddable":true,"href":"https:\/\/sisu.ut.ee\/ewod\/et\/wp-json\/wp\/v2\/users\/43"}],"replies":[{"embeddable":true,"href":"https:\/\/sisu.ut.ee\/ewod\/et\/wp-json\/wp\/v2\/comments?post=8344"}],"version-history":[{"count":1,"href":"https:\/\/sisu.ut.ee\/ewod\/et\/wp-json\/wp\/v2\/pages\/8344\/revisions"}],"predecessor-version":[{"id":8345,"href":"https:\/\/sisu.ut.ee\/ewod\/et\/wp-json\/wp\/v2\/pages\/8344\/revisions\/8345"}],"up":[{"embeddable":true,"href":"https:\/\/sisu.ut.ee\/ewod\/et\/wp-json\/wp\/v2\/pages\/6510"}],"wp:attachment":[{"href":"https:\/\/sisu.ut.ee\/ewod\/et\/wp-json\/wp\/v2\/media?parent=8344"}],"curies":[{"name":"wp","href":"https:\/\/api.w.org\/{rel}","templated":true}]}}