{"id":8322,"date":"2024-04-03T23:41:10","date_gmt":"2024-04-03T20:41:10","guid":{"rendered":"https:\/\/sisu.ut.ee\/ewod\/?page_id=8322"},"modified":"2026-04-14T14:35:46","modified_gmt":"2026-04-14T11:35:46","slug":"jaan-tatte","status":"publish","type":"page","link":"https:\/\/sisu.ut.ee\/ewod\/et\/t\/jaan-tatte\/","title":{"rendered":"Jaan T\u00e4tte"},"content":{"rendered":"<figure class=\"wp-block-image alignright size-large is-resized\"><a href=\"https:\/\/sisu.ut.ee\/wp-content\/uploads\/sites\/108\/j._tatte_kalju_suur-scaled.jpg\"><img loading=\"lazy\" decoding=\"async\" width=\"718\" height=\"1024\" src=\"https:\/\/sisu.ut.ee\/wp-content\/uploads\/sites\/108\/j._tatte_kalju_suur-718x1024.jpg\" alt=\"\" class=\"wp-image-6255\" style=\"aspect-ratio:0.7011620890499057;width:250px;height:auto\" title=\"Foto: Kalju Suur\" srcset=\"https:\/\/sisu.ut.ee\/wp-content\/uploads\/sites\/108\/j._tatte_kalju_suur-718x1024.jpg 718w, https:\/\/sisu.ut.ee\/wp-content\/uploads\/sites\/108\/j._tatte_kalju_suur-210x300.jpg 210w, https:\/\/sisu.ut.ee\/wp-content\/uploads\/sites\/108\/j._tatte_kalju_suur-768x1095.jpg 768w, https:\/\/sisu.ut.ee\/wp-content\/uploads\/sites\/108\/j._tatte_kalju_suur-1077x1536.jpg 1077w, https:\/\/sisu.ut.ee\/wp-content\/uploads\/sites\/108\/j._tatte_kalju_suur-1436x2048.jpg 1436w, https:\/\/sisu.ut.ee\/wp-content\/uploads\/sites\/108\/j._tatte_kalju_suur-1920x2739.jpg 1920w, https:\/\/sisu.ut.ee\/wp-content\/uploads\/sites\/108\/j._tatte_kalju_suur-scaled.jpg 1795w\" sizes=\"auto, (max-width: 718px) 100vw, 718px\"><\/a><\/figure>\n\n\n\n<p>Jaan T\u00e4tte (s\u00fcndinud 24. III 1964) on n\u00e4itleja, n\u00e4itekirjanik, lavastaja ja laulja.<\/p>\n\n\n\n<p>S\u00fcndis ja \u00f5ppis Viljandis, Tartu Riiklikus \u00dclikoolis bioloogiat (1982-1984), Tallinna Pedagoogilises Instituudis n\u00e4itejuhtimist (1985-1986) ning l\u00f5petas Tallinna Konservatooriumi lavakunstikateedri n\u00e4itlejana (1990). Oli Tallinna Linnateatris n\u00e4itleja (1990-2003) ning n\u00e4itekirjanik (2003-2007). Aastatel 1988-1991 osales Pirgu Arenduskeskuse n\u00e4itetrupis. Eesti Teatriliidu ja N\u00e4itlejate Liidu liige (1993-2013).<\/p>\n\n\n\n<p>00ndate \u00fcks menukamaid n\u00e4itekirjanikke p\u00e4lvis elavat t\u00e4helepanu esikn\u00e4idendiga \u201eRistumine peateega ehk muinasjutt kuldkalakesest\u201c (1997), millest valmis 1999. aastal ka m\u00e4ngufilm (re\u017eiss\u00f6\u00f6r Arko Okk). Tuntud muinasjutu motiivi kaasaega kandes vaetakse selles igip\u00f5liseid k\u00fcsimusi ja valikuid kui vastamisi on raha ja armastus. Materiaalse ja vaimse vastanduse leiab ka n\u00e4idendis \u201eMeeletu\u201c, kus edukas \u00e4rimees p\u00f5geneb metsa \u00fcksindusse, tekitades oma valikuga m\u00f5istmatust. Ka selle n\u00e4idendi p\u00f5hjal valmis m\u00e4ngufilm (2006, re\u017eiss\u00f6\u00f6r Elmo N\u00fcganen). Situatsioonikom\u00f6\u00f6dia \u201ePalju \u00f5nne argip\u00e4evaks\u201c aluseks on suhtenelinurk.<\/p>\n\n\n\n<p><a><\/a> T\u00e4tte n\u00e4idendite keskmes on enamasti t\u00e4nap\u00e4ev ja t\u00e4nap\u00e4eva inimesed, k\u00e4sitledes samas erinevaid metafoore ja kujundeid kasutades aegumatuid teemasid: armastuseotsingud, eneseteostus ja -leidmine, valikud hea ja kurja vahel. Nii nagu T\u00e4tte lauludele, on ka n\u00e4idenditele iseloomulik lihtsus, argifilosoofia, millega on v\u00f5itnud oma publiku poolehoiu.<\/p>\n\n\n\n<p>On p\u00e4lvinud kultuuriaihinna Suur Vanker 1997 (laulus\u00f5nade autorina) ja 1999 (n\u00e4itekirjanikuna); Eesti Kultuurkapitali loomingulise stipendiumi \u201eEla ja s\u00e4ra\u201c (2000), aastal 2002 Eesti N\u00e4item\u00e4nguagentuuri aastapreemia ja Balti Assamblee kirjandusauhinna kogu \u201eN\u00e4idendid\u201c (2002) eest. On saanud Eesti N\u00e4item\u00e4nguagentuuri n\u00e4idendiv\u00f5istlusel II preemia 1997 (\u201eRistumine peateega ehk muinasjutt kuldkalakesest\u201c) ja 2001 (\u201ePalju \u00f5nne argip\u00e4evaks\u201c) ning aastapreemia (2002). Eesti Muusikaauhind etno\/folgi kategoorias 2010. Valget\u00e4he V klassi teenetem\u00e4rk (2001).<\/p>\n\n\n\n<p><em>A. K.<\/em><\/p>\n\n\n\n<h4 class=\"wp-block-heading\"><br>Raamatud eesti keeles<\/h4>\n\n\n\n<p><em><strong>N\u00e4idendid<\/strong><\/em><br><strong>N\u00e4idendid<\/strong>. Tallinn: Tallinna Linnateater, 2002, 239 lk.<br><strong>N\u00e4idendid II<\/strong>. Tallinn: Tallinna Linnateater, 2008, 189 lk.<\/p>\n\n\n\n<p><em><strong>Laulutekstid<\/strong><\/em><br><strong>Jaan T\u00e4tte laulud<\/strong>. Tallinn: T\u00e4nap\u00e4ev, 2002, 87 lk.<br><strong>Laulud akordidega<\/strong>. Tallinn: J. T\u00e4tte, 2014, 39 lk.<\/p>\n\n\n\n<p><em><strong>Lastekirjandus<\/strong><\/em><br><strong>H\u00fclgeviga. J\u00e4ljed<\/strong>. Tallinn: Tammerraamat, 2019, 14 lk.<\/p>\n\n\n\n<p><em><strong>Varia<\/strong><\/em><br><strong>Vaikuse h\u00e4\u00e4l<\/strong>. Tallinn: Pilgrim, 2014, 75 lk. [M\u00f5tisklused.]<\/p>\n","protected":false},"excerpt":{"rendered":"<p>Jaan T\u00e4tte (s\u00fcndinud 24. III 1964) on n\u00e4itleja, n\u00e4itekirjanik, lavastaja ja laulja. S\u00fcndis ja \u00f5ppis Viljandis, Tartu Riiklikus \u00dclikoolis bioloogiat (1982-1984), Tallinna Pedagoogilises Instituudis n\u00e4itejuhtimist (1985-1986) ning l\u00f5petas Tallinna Konservatooriumi lavakunstikateedri n\u00e4itlejana (1990). Oli Tallinna Linnateatris n\u00e4itleja (1990-2003) ning n\u00e4itekirjanik &#8230;<\/p>\n","protected":false},"author":43,"featured_media":0,"parent":6510,"menu_order":0,"comment_status":"closed","ping_status":"closed","template":"","meta":{"_acf_changed":false,"inline_featured_image":false,"footnotes":""},"class_list":["post-8322","page","type-page","status-publish","hentry"],"acf":[],"_links":{"self":[{"href":"https:\/\/sisu.ut.ee\/ewod\/et\/wp-json\/wp\/v2\/pages\/8322","targetHints":{"allow":["GET"]}}],"collection":[{"href":"https:\/\/sisu.ut.ee\/ewod\/et\/wp-json\/wp\/v2\/pages"}],"about":[{"href":"https:\/\/sisu.ut.ee\/ewod\/et\/wp-json\/wp\/v2\/types\/page"}],"author":[{"embeddable":true,"href":"https:\/\/sisu.ut.ee\/ewod\/et\/wp-json\/wp\/v2\/users\/43"}],"replies":[{"embeddable":true,"href":"https:\/\/sisu.ut.ee\/ewod\/et\/wp-json\/wp\/v2\/comments?post=8322"}],"version-history":[{"count":3,"href":"https:\/\/sisu.ut.ee\/ewod\/et\/wp-json\/wp\/v2\/pages\/8322\/revisions"}],"predecessor-version":[{"id":8326,"href":"https:\/\/sisu.ut.ee\/ewod\/et\/wp-json\/wp\/v2\/pages\/8322\/revisions\/8326"}],"up":[{"embeddable":true,"href":"https:\/\/sisu.ut.ee\/ewod\/et\/wp-json\/wp\/v2\/pages\/6510"}],"wp:attachment":[{"href":"https:\/\/sisu.ut.ee\/ewod\/et\/wp-json\/wp\/v2\/media?parent=8322"}],"curies":[{"name":"wp","href":"https:\/\/api.w.org\/{rel}","templated":true}]}}