{"id":8317,"date":"2024-04-03T23:39:25","date_gmt":"2024-04-03T20:39:25","guid":{"rendered":"https:\/\/sisu.ut.ee\/ewod\/?page_id=8317"},"modified":"2026-04-14T14:24:01","modified_gmt":"2026-04-14T11:24:01","slug":"eduard-tuur","status":"publish","type":"page","link":"https:\/\/sisu.ut.ee\/ewod\/et\/t\/eduard-tuur\/","title":{"rendered":"Eduard T\u00fc\u00fcr"},"content":{"rendered":"<figure class=\"wp-block-image alignright size-large\"><a href=\"https:\/\/sisu.ut.ee\/wp-content\/uploads\/sites\/108\/eduard_tuur.jpg\"><img loading=\"lazy\" decoding=\"async\" width=\"1024\" height=\"706\" src=\"https:\/\/sisu.ut.ee\/wp-content\/uploads\/sites\/108\/eduard_tuur-1024x706.jpg\" alt=\"\" class=\"wp-image-6330\" title=\"Foto: Sven Friberg. CC BY-SA 4.0\" srcset=\"https:\/\/sisu.ut.ee\/wp-content\/uploads\/sites\/108\/eduard_tuur-1024x706.jpg 1024w, https:\/\/sisu.ut.ee\/wp-content\/uploads\/sites\/108\/eduard_tuur-300x207.jpg 300w, https:\/\/sisu.ut.ee\/wp-content\/uploads\/sites\/108\/eduard_tuur-768x530.jpg 768w, https:\/\/sisu.ut.ee\/wp-content\/uploads\/sites\/108\/eduard_tuur.jpg 1280w\" sizes=\"auto, (max-width: 1024px) 100vw, 1024px\"><\/a><\/figure>\n\n\n\n<p>Eduard T\u00fc\u00fcr (s\u00fcnd. 15. VIII 1961) on proosakirjanik.<\/p>\n\n\n\n<p>T\u00fc\u00fcr kasvas \u00fcles Harjumaal Rummus. Ta on l\u00f5petanud \u00fche \u00fclikooli insenerina ja teise ps\u00fchholoogina. T\u00fc\u00fcr on t\u00f6\u00f6tanud ajakirjanikuna, lennujuhina firmas Estonian Air, Eesti Lennuametis (aastatel 1996\u20131998 oli selle peadirektor) ja Tallinna Lennujaamas ning juhtinud tr\u00fckikoda Uniprint. Ta kirjastab raamatuid \u00fchemehefirmas Iibis. T\u00fc\u00fcr on Kirjanike Liidu liige 2019. aastast. Tema isa oli karikaturist ja graafik Eduard T\u00fc\u00fcr (1931-2022).<\/p>\n\n\n\n<p>Eduard T\u00fc\u00fcri esimene raamat \u201eRossi.nimi\u201c ilmus 2012. aastal. Eesti kirjandusest on leitud Eduard T\u00fc\u00fcri sarnasusi Mihkel Mutiga ja Toomas Raudamiga. T\u00fc\u00fcr m\u00e4ngib s\u00f5nade ja lauseehitusega, \u00f5rritab m\u00fctoloogiaga. Ta on ise \u00f6elnud, et talle meeldib intensiivne tekst, nihkes omaruum, mis on kultuuriliste vihjetega mineeritud. T\u00fc\u00fcri lapsep\u00f5lvepildid on realistlikud, nostalgilised, samal ajal karmid ja valusad. Kirjeldus on napp, n\u00f5ukogude aega pildistades on aimata irooniat ja absurditaju. Mida isiklikus ajas edasi, seda enam muutub T\u00fc\u00fcri tekst m\u00e4ngulisemaks, fantaasiak\u00fcllasemaks. Ps\u00fchhologismid j\u00e4\u00e4vad, nendele lisanduvad keele- ja kujundim\u00e4ngud.<\/p>\n\n\n\n<p><em>L. P.<\/em><\/p>\n\n\n\n<h4 class=\"wp-block-heading\"><br>Raamatud eesti keeles<\/h4>\n\n\n\n<p><strong><em>Romaanid<\/em><\/strong><br><strong>Rossi.nimi<\/strong>. Tallinn: E. T\u00fc\u00fcr, 2012. 228 lk.<br><strong>R\u00f5\u00f5mustada vanaema<\/strong>. Tallinn: E. T\u00fc\u00fcr, 2015. 105 lk.<br><strong>N\u00e4gemine on n\u00e4htamatu<\/strong>. Tallinn: E. T\u00fc\u00fcr, 2016. 281 lk.<br><strong>Mamma Engalandi miraa\u017e<\/strong>. Tallinn: E. T\u00fc\u00fcr, 2017. 243 lk.<br><strong>Sneguri armastus oli \u00f5una n\u00e4gu: j\u00f5ulujutt k\u00fcpsele inimesele<\/strong>. Tallinn: E. T\u00fc\u00fcr, 2018. 223 lk.<br><strong>Pianobaar Bizarre<\/strong>. Tallinn: E. T\u00fc\u00fcr, 2020. 275 lk.<br><strong>1961<\/strong>. Tallinn: E. T\u00fc\u00fcr, 2021. 107 lk.<\/p>\n\n\n\n<p><strong><em>L\u00fchiproosa<\/em><\/strong><br><strong>Well done<\/strong>. Tallinn: Eduard T\u00fc\u00fcr, 2023, 169 lk.<\/p>\n","protected":false},"excerpt":{"rendered":"<p>Eduard T\u00fc\u00fcr (s\u00fcnd. 15. VIII 1961) on proosakirjanik. T\u00fc\u00fcr kasvas \u00fcles Harjumaal Rummus. Ta on l\u00f5petanud \u00fche \u00fclikooli insenerina ja teise ps\u00fchholoogina. T\u00fc\u00fcr on t\u00f6\u00f6tanud ajakirjanikuna, lennujuhina firmas Estonian Air, Eesti Lennuametis (aastatel 1996\u20131998 oli selle peadirektor) ja Tallinna Lennujaamas &#8230;<\/p>\n","protected":false},"author":43,"featured_media":0,"parent":6510,"menu_order":0,"comment_status":"closed","ping_status":"closed","template":"","meta":{"_acf_changed":false,"inline_featured_image":false,"footnotes":""},"class_list":["post-8317","page","type-page","status-publish","hentry"],"acf":[],"_links":{"self":[{"href":"https:\/\/sisu.ut.ee\/ewod\/et\/wp-json\/wp\/v2\/pages\/8317","targetHints":{"allow":["GET"]}}],"collection":[{"href":"https:\/\/sisu.ut.ee\/ewod\/et\/wp-json\/wp\/v2\/pages"}],"about":[{"href":"https:\/\/sisu.ut.ee\/ewod\/et\/wp-json\/wp\/v2\/types\/page"}],"author":[{"embeddable":true,"href":"https:\/\/sisu.ut.ee\/ewod\/et\/wp-json\/wp\/v2\/users\/43"}],"replies":[{"embeddable":true,"href":"https:\/\/sisu.ut.ee\/ewod\/et\/wp-json\/wp\/v2\/comments?post=8317"}],"version-history":[{"count":2,"href":"https:\/\/sisu.ut.ee\/ewod\/et\/wp-json\/wp\/v2\/pages\/8317\/revisions"}],"predecessor-version":[{"id":8320,"href":"https:\/\/sisu.ut.ee\/ewod\/et\/wp-json\/wp\/v2\/pages\/8317\/revisions\/8320"}],"up":[{"embeddable":true,"href":"https:\/\/sisu.ut.ee\/ewod\/et\/wp-json\/wp\/v2\/pages\/6510"}],"wp:attachment":[{"href":"https:\/\/sisu.ut.ee\/ewod\/et\/wp-json\/wp\/v2\/media?parent=8317"}],"curies":[{"name":"wp","href":"https:\/\/api.w.org\/{rel}","templated":true}]}}