{"id":8310,"date":"2024-04-03T23:39:37","date_gmt":"2024-04-03T20:39:37","guid":{"rendered":"https:\/\/sisu.ut.ee\/ewod\/?page_id=8310"},"modified":"2026-04-14T13:55:48","modified_gmt":"2026-04-14T10:55:48","slug":"kadri-tuur","status":"publish","type":"page","link":"https:\/\/sisu.ut.ee\/ewod\/et\/t\/kadri-tuur\/","title":{"rendered":"Kadri T\u00fc\u00fcr"},"content":{"rendered":"<figure class=\"wp-block-image alignright size-large is-resized\"><a href=\"https:\/\/sisu.ut.ee\/wp-content\/uploads\/sites\/108\/kadri_tuur_alar_madisson-scaled.jpg\"><img loading=\"lazy\" decoding=\"async\" width=\"681\" height=\"1024\" src=\"https:\/\/sisu.ut.ee\/wp-content\/uploads\/sites\/108\/kadri_tuur_alar_madisson-681x1024.jpg\" alt=\"\" class=\"wp-image-6249\" style=\"aspect-ratio:0.6650451260647844;width:256px;height:auto\" title=\"Foto: Alar Madisson\" srcset=\"https:\/\/sisu.ut.ee\/wp-content\/uploads\/sites\/108\/kadri_tuur_alar_madisson-681x1024.jpg 681w, https:\/\/sisu.ut.ee\/wp-content\/uploads\/sites\/108\/kadri_tuur_alar_madisson-200x300.jpg 200w, https:\/\/sisu.ut.ee\/wp-content\/uploads\/sites\/108\/kadri_tuur_alar_madisson-768x1154.jpg 768w, https:\/\/sisu.ut.ee\/wp-content\/uploads\/sites\/108\/kadri_tuur_alar_madisson-1022x1536.jpg 1022w, https:\/\/sisu.ut.ee\/wp-content\/uploads\/sites\/108\/kadri_tuur_alar_madisson-1363x2048.jpg 1363w, https:\/\/sisu.ut.ee\/wp-content\/uploads\/sites\/108\/kadri_tuur_alar_madisson-1920x2885.jpg 1920w, https:\/\/sisu.ut.ee\/wp-content\/uploads\/sites\/108\/kadri_tuur_alar_madisson-scaled.jpg 1703w\" sizes=\"auto, (max-width: 681px) 100vw, 681px\"><\/a><\/figure>\n\n\n\n<p>Kadri T\u00fc\u00fcr (15. XII 1975) on kirjandusuurija ning luuletaja.<\/p>\n\n\n\n<p>T\u00fc\u00fcr s\u00fcndis Muhus, \u00f5ppis Kuressaares ja Tartu \u00dclikoolis eesti kirjandust, j\u00e4tkates magistri\u00f5pinguid Turu \u00dclikoolis \u00fcldise kirjandusteaduse erialal ning Tartu \u00dclikoolis semiootika ja kulturoloogia erialal. T\u00fc\u00fcr \u00f5ppis doktorantuuris Tartu \u00dclikoolis semiootika ja kultuuriteooria erialal, doktorit\u00f6\u00f6 kandis pealkirja \u201eSemiotics of Nature Representations: on the Example of Nature Writing\u201c (2017). T\u00fc\u00fcr on t\u00f6\u00f6tanud Karl Ristikivi muuseumis, Underi ja Tuglase Kirjanduskeskuses, Eesti Kirjandusmuuseumis ning Tartu ja Tallinna \u00dclikoolis. Juhatanud Muhu Muuseumi. Alates 2024. aastast t\u00f6\u00f6tab Toronto \u00fclikoolis Eesti keele ja kultuuri lektorina. On Euroopa Kirjandus\u00f6koloogia Assotsiatsiooni (EASLCE), Eesti Kirjanduse Seltsi, Eesti Semiootika Seltsi, Eesti Loodusuurijate Seltsi ja Muhu P\u00e4randkooli liige. Luuletajana kuulub 1990. aastatel alustanud kirjanduslikku r\u00fchmitusse Erakkond.<\/p>\n\n\n\n<p>T\u00fc\u00fcri peamised uurimisvaldkonnad on seotud keskkonnaajaloo, looduskirjanduse ja \u00f6kokriitika, \u00f6kofeminismi ning p\u00e4randkultuuriga. Ta on juhtinud KAJAKut (Tallinna \u00dclikooli Keskkonnaajaloo Keskust). On uurinud koha ja paigaga seotud aspekte kirjanduses. P\u00f5hjalikuma t\u00e4helepanu all on olnud n\u00e4iteks Karl Ristikivi, A. H. Tammsaare ning ise\u00e4ranis Juhan Smuuli looming.<\/p>\n\n\n\n<p><em>A. K.<\/em><\/p>\n\n\n\n<h4 class=\"wp-block-heading\"><br>Raamatud eesti keeles<\/h4>\n\n\n\n<p><em><strong>Luule<\/strong><\/em><br><strong>Inimtyhi ruum<\/strong>. Tallinn: Eesti Kunstiakadeemia, 1996, 17 lk.<\/p>\n\n\n\n<p><em><strong>Proosa<\/strong><\/em><br>Urmas Viik, Kadri T\u00fc\u00fcr, <strong>Muhu Inglid<\/strong>. Tartu: Postimees Grupp, 2016, 29 lk.<\/p>\n\n\n\n<p><em><strong>Kirjandusuurimused ja kriitika<\/strong><\/em><br>Kadri T\u00fc\u00fcr, Aare Pilv, <strong>S\u00fcndmus. Koht<\/strong>. Tallinn: Underi ja Tuglase Kirjanduskeskus, 2002, 192 lk.<br><strong>Kohustuslik kirjandus<\/strong>. Tartu: Vabam\u00f5tleja, 2025, 350 lk. [Sari \u2018Vabam\u00f5tlejad\u2019.]<\/p>\n","protected":false},"excerpt":{"rendered":"<p>Kadri T\u00fc\u00fcr (15. XII 1975) on kirjandusuurija ning luuletaja. T\u00fc\u00fcr s\u00fcndis Muhus, \u00f5ppis Kuressaares ja Tartu \u00dclikoolis eesti kirjandust, j\u00e4tkates magistri\u00f5pinguid Turu \u00dclikoolis \u00fcldise kirjandusteaduse erialal ning Tartu \u00dclikoolis semiootika ja kulturoloogia erialal. T\u00fc\u00fcr \u00f5ppis doktorantuuris Tartu \u00dclikoolis semiootika ja &#8230;<\/p>\n","protected":false},"author":43,"featured_media":0,"parent":6510,"menu_order":0,"comment_status":"closed","ping_status":"closed","template":"","meta":{"_acf_changed":false,"inline_featured_image":false,"footnotes":""},"class_list":["post-8310","page","type-page","status-publish","hentry"],"acf":[],"_links":{"self":[{"href":"https:\/\/sisu.ut.ee\/ewod\/et\/wp-json\/wp\/v2\/pages\/8310","targetHints":{"allow":["GET"]}}],"collection":[{"href":"https:\/\/sisu.ut.ee\/ewod\/et\/wp-json\/wp\/v2\/pages"}],"about":[{"href":"https:\/\/sisu.ut.ee\/ewod\/et\/wp-json\/wp\/v2\/types\/page"}],"author":[{"embeddable":true,"href":"https:\/\/sisu.ut.ee\/ewod\/et\/wp-json\/wp\/v2\/users\/43"}],"replies":[{"embeddable":true,"href":"https:\/\/sisu.ut.ee\/ewod\/et\/wp-json\/wp\/v2\/comments?post=8310"}],"version-history":[{"count":1,"href":"https:\/\/sisu.ut.ee\/ewod\/et\/wp-json\/wp\/v2\/pages\/8310\/revisions"}],"predecessor-version":[{"id":8311,"href":"https:\/\/sisu.ut.ee\/ewod\/et\/wp-json\/wp\/v2\/pages\/8310\/revisions\/8311"}],"up":[{"embeddable":true,"href":"https:\/\/sisu.ut.ee\/ewod\/et\/wp-json\/wp\/v2\/pages\/6510"}],"wp:attachment":[{"href":"https:\/\/sisu.ut.ee\/ewod\/et\/wp-json\/wp\/v2\/media?parent=8310"}],"curies":[{"name":"wp","href":"https:\/\/api.w.org\/{rel}","templated":true}]}}