{"id":8276,"date":"2024-04-03T23:40:42","date_gmt":"2024-04-03T20:40:42","guid":{"rendered":"https:\/\/sisu.ut.ee\/ewod\/?page_id=8276"},"modified":"2026-04-14T11:20:02","modified_gmt":"2026-04-14T08:20:02","slug":"elke-unt","status":"publish","type":"page","link":"https:\/\/sisu.ut.ee\/ewod\/et\/u\/elke-unt\/","title":{"rendered":"Elke Unt"},"content":{"rendered":"<p>Kirikumuusik, organist ja helilooja Elke Unt (s\u00fcnd. 8. XI 1972) on kirjutanud \u00fche lasteraamatu.<\/p>\n\n\n\n<p>Kohilas s\u00fcndinud Elke Unt on l\u00f5petanud 1991. aastal Tallinna Muusikakeskkooli koorijuhtimise erialal ning 1998. aastal Helsingis Sibeliuse Akadeemia kirikumuusika erialal. Unt on t\u00f6\u00f6tanud organistina Eestis ja Soomes. Ta on \u00f5petanud kirikumuusikat Viljandi Kultuuriakadeemias ning on olnud mitmete riiklike jumalateenistuste muusikaliseks juhiks.<\/p>\n\n\n\n<p>Elke Unt on Tartu Jaani kirikut, rahva- ja kirikukalendri p\u00fchasid ning Tartu linna tutvustava lasteraamatu \u201eKirikurott Luteerius ja tema s\u00f5brad\u201c (2010) autor. Selle raamatu juttude tegevus toimub Tartus Jaani kirikus, mille tornist paistavad k\u00e4tte linna maam\u00e4rgid \u2013 \u00fclikool ja botaanikaaed, Lai ja R\u00fc\u00fctli t\u00e4nav ja Raekoja plats ning Tigutorn ja Tasku.<\/p>\n\n\n\n<p><em>L. P.<\/em><\/p>\n\n\n\n<h4 class=\"wp-block-heading\"><br>Raamatud eesti keeles<\/h4>\n\n\n\n<p><em><strong>Lasteraamatud<\/strong><\/em><br><strong>Kirikurott Luteerius ja tema s\u00f5brad<\/strong>. Tartu: Luteeriuse s\u00f5prade \u00fching, 2010. 69 lk.<\/p>\n","protected":false},"excerpt":{"rendered":"<p>Kirikumuusik, organist ja helilooja Elke Unt (s\u00fcnd. 8. XI 1972) on kirjutanud \u00fche lasteraamatu. Kohilas s\u00fcndinud Elke Unt on l\u00f5petanud 1991. aastal Tallinna Muusikakeskkooli koorijuhtimise erialal ning 1998. aastal Helsingis Sibeliuse Akadeemia kirikumuusika erialal. Unt on t\u00f6\u00f6tanud organistina Eestis ja &#8230;<\/p>\n","protected":false},"author":43,"featured_media":0,"parent":6538,"menu_order":0,"comment_status":"closed","ping_status":"closed","template":"","meta":{"_acf_changed":false,"inline_featured_image":false,"footnotes":""},"class_list":["post-8276","page","type-page","status-publish","hentry"],"acf":[],"_links":{"self":[{"href":"https:\/\/sisu.ut.ee\/ewod\/et\/wp-json\/wp\/v2\/pages\/8276","targetHints":{"allow":["GET"]}}],"collection":[{"href":"https:\/\/sisu.ut.ee\/ewod\/et\/wp-json\/wp\/v2\/pages"}],"about":[{"href":"https:\/\/sisu.ut.ee\/ewod\/et\/wp-json\/wp\/v2\/types\/page"}],"author":[{"embeddable":true,"href":"https:\/\/sisu.ut.ee\/ewod\/et\/wp-json\/wp\/v2\/users\/43"}],"replies":[{"embeddable":true,"href":"https:\/\/sisu.ut.ee\/ewod\/et\/wp-json\/wp\/v2\/comments?post=8276"}],"version-history":[{"count":2,"href":"https:\/\/sisu.ut.ee\/ewod\/et\/wp-json\/wp\/v2\/pages\/8276\/revisions"}],"predecessor-version":[{"id":8278,"href":"https:\/\/sisu.ut.ee\/ewod\/et\/wp-json\/wp\/v2\/pages\/8276\/revisions\/8278"}],"up":[{"embeddable":true,"href":"https:\/\/sisu.ut.ee\/ewod\/et\/wp-json\/wp\/v2\/pages\/6538"}],"wp:attachment":[{"href":"https:\/\/sisu.ut.ee\/ewod\/et\/wp-json\/wp\/v2\/media?parent=8276"}],"curies":[{"name":"wp","href":"https:\/\/api.w.org\/{rel}","templated":true}]}}