{"id":8214,"date":"2024-04-03T23:39:29","date_gmt":"2024-04-03T20:39:29","guid":{"rendered":"https:\/\/sisu.ut.ee\/ewod\/?page_id=8214"},"modified":"2026-04-13T22:50:10","modified_gmt":"2026-04-13T19:50:10","slug":"martin-vabat","status":"publish","type":"page","link":"https:\/\/sisu.ut.ee\/ewod\/et\/v\/martin-vabat\/","title":{"rendered":"Martin Vabat"},"content":{"rendered":"<p>Martin Vabat (kodanikunimega Martin Ellermaa, s\u00fcnd. 2. IV 1981) on luuletaja ja prosaist.<\/p>\n\n\n\n<p>Vabat on s\u00fcndinud Raplas. Ta on l\u00f5petanud 2005. aastal Tartu \u00dclikooli bakalaureuse\u00f5ppe <em>cum laude<\/em> ajaloo erialal.<\/p>\n\n\n\n<p>Ta deb\u00fcteeris luuletustega ajakirjas V\u00e4rske R\u00f5hk ning avaldas 2006. aastal \u201eV\u00e4rske raamatu\u201d sarjas esikkogu \u201eMina olengi kirjandusklassik\u201c. Esimeses kogus on Vabat m\u00e4ssumeelne: raamatus leidub \u00fcleolevust peaaegu k\u00f5ikide suhtes. 2009. aastal ilmunud luulekogus \u201eNaerutaltsutaja\u201c on vabav\u00e4rsiline punkluule asendunud m\u00f5\u00f5dukama m\u00f5tteluulega. Kolmas luulekogu \u201eHargumine\u201c ilmus viis aastat hiljem. Nagu teises kogus on selleski p\u00f5hikohal \u00fchiskonnakriitika ja religioossus. Neljas luulekogu \u201eMaahingamisp\u00e4ev\u201c (2016) annab tunnistust luuletajas toimunud muutusest. Viha ja p\u00f6\u00f6rasus on kadunud. Kuigi religioosne tasand esines Vabati luules ka varem, on see \u201eMaahingamisp\u00e4evas\u201d muutunud puhtamaks ja isiklikumaks ning \u00fchtlasi k\u00f5nekamaks. Luulekogu tekstid moodustavad omavahel tihedalt l\u00e4bi p\u00f5imunud orgaanilise terviku, kus iga tekst on dialoogis teistega ning kompositsioonist eraldamatu. Autor on j\u00e4\u00e4nud endiselt vabav\u00e4rsi juurde, ent viljeleb ka proosaluulet. T\u00e4htsaks on saanud side juurtega, maal\u00e4hedus, esivanemate austamine, vaimsed teejuhid. 2017. aastal ilmunud viies luulekogu \u201eLootuse akende vaikus\u201c j\u00e4tkab eelmises kogus saavutatud puhastunud laadis.<\/p>\n\n\n\n<p>2024 avaldas Vabat oma esikromaani \u201cJa r\u00e4stikud tantsisid\u201d, mis r\u00e4\u00e4gib \u00fcleskasvamisest hilisn\u00f5ukogude Eesti maapiirkonnas kolhoosikorra tingimustes.<\/p>\n\n\n\n<p>Ta on alates 2014. aastast Eesti Kirjanike Liidu liige.<\/p>\n\n\n\n<p><em>L. P.<\/em><\/p>\n\n\n\n<h4 class=\"wp-block-heading\"><br>Raamatud eesti keeles<\/h4>\n\n\n\n<p><strong><em>Luule<\/em><\/strong><br><strong>Mina olengi kirjandusklassik<\/strong>. Toimetaja Auri J\u00fcrna. Tartu: Eesti Kirjanduse Selts, 2006, 50 lk. [Sari \u2018V\u00e4rske Raamat\u2019, nr 2.]<br><strong>Naerutaltsutaja<\/strong>. Lelle: Allika\u00e4\u00e4rne, 2009, 63 lk.<br><strong>Hargumine<\/strong>. Toimetajad Ly Seppel-Ehin ja Mathura; autori joonistused. Lelle: Allika\u00e4\u00e4rne, 2014, 82 lk.<br><strong>Maahingamisp\u00e4ev<\/strong>. Toimetanud Maarja P\u00e4rtna. Tartu: Elusamus, 2016, 39 lk.<br><strong>Lootuse akende vaikus<\/strong>. Tallinn: EKSA, 2017, 71 lk.<br><strong>P\u00fc\u00fcdmatusejumala kannul<\/strong>. Tallinn: EKSA, 2023, 94 lk.<\/p>\n\n\n\n<p><strong><em>Romaanid<\/em><\/strong><br><strong>Ja r\u00e4stikud tantsisid<\/strong>. Tallinn: Tuum, 2024, 302 lk.<\/p>\n","protected":false},"excerpt":{"rendered":"<p>Martin Vabat (kodanikunimega Martin Ellermaa, s\u00fcnd. 2. IV 1981) on luuletaja ja prosaist. Vabat on s\u00fcndinud Raplas. Ta on l\u00f5petanud 2005. aastal Tartu \u00dclikooli bakalaureuse\u00f5ppe cum laude ajaloo erialal. Ta deb\u00fcteeris luuletustega ajakirjas V\u00e4rske R\u00f5hk ning avaldas 2006. aastal \u201eV\u00e4rske &#8230;<\/p>\n","protected":false},"author":43,"featured_media":0,"parent":6512,"menu_order":0,"comment_status":"closed","ping_status":"closed","template":"","meta":{"_acf_changed":false,"inline_featured_image":false,"footnotes":""},"class_list":["post-8214","page","type-page","status-publish","hentry"],"acf":[],"_links":{"self":[{"href":"https:\/\/sisu.ut.ee\/ewod\/et\/wp-json\/wp\/v2\/pages\/8214","targetHints":{"allow":["GET"]}}],"collection":[{"href":"https:\/\/sisu.ut.ee\/ewod\/et\/wp-json\/wp\/v2\/pages"}],"about":[{"href":"https:\/\/sisu.ut.ee\/ewod\/et\/wp-json\/wp\/v2\/types\/page"}],"author":[{"embeddable":true,"href":"https:\/\/sisu.ut.ee\/ewod\/et\/wp-json\/wp\/v2\/users\/43"}],"replies":[{"embeddable":true,"href":"https:\/\/sisu.ut.ee\/ewod\/et\/wp-json\/wp\/v2\/comments?post=8214"}],"version-history":[{"count":4,"href":"https:\/\/sisu.ut.ee\/ewod\/et\/wp-json\/wp\/v2\/pages\/8214\/revisions"}],"predecessor-version":[{"id":8234,"href":"https:\/\/sisu.ut.ee\/ewod\/et\/wp-json\/wp\/v2\/pages\/8214\/revisions\/8234"}],"up":[{"embeddable":true,"href":"https:\/\/sisu.ut.ee\/ewod\/et\/wp-json\/wp\/v2\/pages\/6512"}],"wp:attachment":[{"href":"https:\/\/sisu.ut.ee\/ewod\/et\/wp-json\/wp\/v2\/media?parent=8214"}],"curies":[{"name":"wp","href":"https:\/\/api.w.org\/{rel}","templated":true}]}}