{"id":8206,"date":"2024-04-03T23:39:18","date_gmt":"2024-04-03T20:39:18","guid":{"rendered":"https:\/\/sisu.ut.ee\/ewod\/?page_id=8206"},"modified":"2026-04-13T16:25:43","modified_gmt":"2026-04-13T13:25:43","slug":"urmas-vadi","status":"publish","type":"page","link":"https:\/\/sisu.ut.ee\/ewod\/et\/v\/urmas-vadi\/","title":{"rendered":"Urmas Vadi"},"content":{"rendered":"<figure class=\"wp-block-image alignright size-large is-resized\"><a href=\"https:\/\/sisu.ut.ee\/wp-content\/uploads\/sites\/108\/urmas_vadi_alar_madisson.jpg\"><img loading=\"lazy\" decoding=\"async\" width=\"674\" height=\"1024\" src=\"https:\/\/sisu.ut.ee\/wp-content\/uploads\/sites\/108\/urmas_vadi_alar_madisson_vaike-674x1024.jpg\" alt=\"\" class=\"wp-image-6344\" style=\"aspect-ratio:0.6581954327916405;width:225px;height:auto\" title=\"Foto: Alar Madisson\" srcset=\"https:\/\/sisu.ut.ee\/wp-content\/uploads\/sites\/108\/urmas_vadi_alar_madisson_vaike-674x1024.jpg 674w, https:\/\/sisu.ut.ee\/wp-content\/uploads\/sites\/108\/urmas_vadi_alar_madisson_vaike-197x300.jpg 197w, https:\/\/sisu.ut.ee\/wp-content\/uploads\/sites\/108\/urmas_vadi_alar_madisson_vaike-768x1167.jpg 768w, https:\/\/sisu.ut.ee\/wp-content\/uploads\/sites\/108\/urmas_vadi_alar_madisson_vaike-1011x1536.jpg 1011w, https:\/\/sisu.ut.ee\/wp-content\/uploads\/sites\/108\/urmas_vadi_alar_madisson_vaike-1347x2048.jpg 1347w, https:\/\/sisu.ut.ee\/wp-content\/uploads\/sites\/108\/urmas_vadi_alar_madisson_vaike-1920x2918.jpg 1920w, https:\/\/sisu.ut.ee\/wp-content\/uploads\/sites\/108\/urmas_vadi_alar_madisson_vaike-scaled.jpg 1684w\" sizes=\"auto, (max-width: 674px) 100vw, 674px\"><\/a><\/figure>\n\n\n\n<p>Urmas Vadi (s. 28. II 1977) on kirjanik, raadioajakirjanik, stsenarist ja teatrilavastaja.<\/p>\n\n\n\n<p>Vadi s\u00fcndis ja \u00f5ppis Tartus ning Tallinna Pedagoogika\u00fclikoolis raadiore\u017eiid. T\u00f6\u00f6tanud toimetajana Eesti Raadios, olnud Vikerraadios mitme kirjandus- ja kultuurisaate autor, toimetaja ja saatejuht. Olnud Tartu Noorte Autorite Koondise (1997-2003) liige. Eesti Kirjanike Liidu liige 2004. aastast.<\/p>\n\n\n\n<p>Kirjandusv\u00e4ljal on Vadi tegutsenud 1990. aastate keskpaigast. Esikraamat, omakirjastuslik l\u00fchiproosakogu \u201eKui klosetist kerkib kloaak\u201c, ilmus 1996. aastal. 2011. aastal p\u00e4lvis Friedebert Tuglase novelliauhinna \u201eKuidas me k\u00f5ik reas niimoodi l\u00e4heme\u201c eest, mis on 2014. aastal ilmunud ka samanimelises kogumikus, mis paistab silma Vadile iseloomuliku reaalsuse ja fiktsiooni kombinatsiooniga, m\u00e4ngides tegelikkuse ja fantastika piiridel. Olulisena l\u00e4bib kogumikku surmatemaatika. Nii selles kui teisteski teostes leiab Urmas Vadi nimelise tegelase, kelle k\u00f5rval esineb terve rida reaalseid isikuid, kes vadilikus kummastavas maailmas tegutsevad. Nii n\u00e4iteks tegutseb kogumiku mitmes novellis Vadi kunagine \u00f5petaja n\u00e4itleja Rudolf Allabert, kellest on valminud ka Tartu Uues Teatris 2012. aastal esietendunud \u201eRudolf Allaberdi testament\u201c, mis kuulub Vadi isikulooliste n\u00e4idendite triloogiasse \u00fches lavateostega \u201ePeeter Volkonski viimane suudlus\u201c (2010, p\u00e4lvis Kultuurkapitali kirjanduse sihtkapitali aastapreemia) ja \u201eRein Pakk otsib naist!\u201c (2011, m\u00f5lemad lavastati Tartus Genialistide klubis). Olulise positsiooni ongi Vadi omandanud n\u00e4itekirjaniku ja lavastajana, paistes silma ajalooliste isikute lavale toojana.<\/p>\n\n\n\n<p>L\u00fchiproosakogu \u201eElu m\u00f5ttetusest\u201c (2019), mille tegevustik toimub Pettunud Inimeste k\u00fclas, pakub l\u00e4bil\u00f5iget t\u00e4nap\u00e4eva Eesti tavaliste inimeste elu-olust, mida minategelane kroonikalikult \u00fcles t\u00e4hendab. Ka kogu \u201eHing maanteeserval\u201c (2021) pakub sissevaadet igap\u00e4evaellu, millesse \u00fchel hetkel l\u00f5ikab sisse vadilik kummastavus. Autorile omast huumorit kasutades leiavad k\u00e4sitlemist mitmesugused teemad m\u00e4lust ja suhetest kriitikani.<\/p>\n\n\n\n<p>Siugja Sulepea auhinna v\u00f5itnud romaani \u201eKirjad t\u00e4di Annele\u201c (2010) keskmes on Urmas Vadi nimeline kirjanik, kes kirjutab oma romaani kirjutamise katsetest ja kirjanik olemisest Anne-nimelisele t\u00e4dile, lisades igale kirjale ka katkeid romaanist v\u00f5i muudest tekstidest, mis romaani kirjutamist on takistanud. Ka romaanist \u201eTagasi Eestisse\u201c (2012) leiab Vadi-nimelise tegelase, kes hakkab kirja panema Johni-nimelise tegelase lugu. Sellega k\u00f5rvuti jookseb v\u00e4liseesti kirjaniku Kaupo M\u00e4nniste \u00fclipatriootlik ja -rahvuslik romaan \u201eVabaduse s\u00f5dur\u201c. Groteski, s\u00fc\u017eeelisi uperpalle, reaalsuse ja fiktsiooni segu ning kirjanduslikku m\u00e4ngu pakkuv romaan vaeb muuhulgas eestluse ja identiteediga seotud k\u00fcsimusi. Romaani eest p\u00e4lvis Vadi Tallinna \u00dclikooli kirjandusauhinna ja Juhan Liivi muuseumis Alatskivil toimuval kirjandusfestivalil v\u00e4lja antava aasta kirjaniku tiitli (2013).<\/p>\n\n\n\n<p>Samanimelisel n\u00e4idendil p\u00f5hinev romaan \u201eBallettmeister\u201c (2019) keskendub Eesti Vabariigi p\u00f6\u00f6rdelistele 1940. aastatele ja president Kontantin P\u00e4tsi saatusele, keda l\u00e4hevad vabastama rahvatantsijaiks maskeerunud mehed. Mitmekihiline, koomiliste ja muinasjutulike seikadega romaan pakub vadiliku fantastikaga segatud alternatiivse sissevaate Eesti ajalukku. Romaan p\u00e4lvis Virumaa kirjandusauhinna (2020). Romaan \u201eKuu teine pool\u201d (2023) p\u00e4lvis taas Aasta Kirjaniku auhinna.<\/p>\n\n\n\n<p>Raadioajakirjanikuna on Urmas Vadi populaarne ja produktiivne kultuuri ja kirjanduse k\u00e4sitleja. Ta on toimetanud Vikerraadio kultuurisaateid \u201eKultuurikaja\u201d, \u201eInemise sisu\u201d, \u201eT\u00f6\u00f6vari\u201d ja \u201eSuve\u00f6\u00f6\u201d ning kirjandussaateid \u201eLitter\u201d, \u201eLitter. Lapsep\u00f5lv ja kirjandus\u201d, \u201cKeda sina viimati lugesid?\u201d ja \u201eKohustuslik kirjandus\u201d.<\/p>\n\n\n\n<p>Vadi lisaks \u00fclalmainitud auhindadele p\u00e4lvinud ka Eesti N\u00e4item\u00e4nguagentuuri n\u00e4idendiv\u00f5istlusel esimese preemia lasten\u00e4idendiga \u201eVarasta veel v\u00f5\u00f5raid karusid\u201c (1999), ergutuspreemiad \u201eKadunud kosmoses\u201c (2003) ja \u201eBalletmeister ja neli rahvavaenlast\u201c (2007) eest, Eesti Televisiooni stsenaristi aastapreemia \u201eKohtumine tundmatuga\u201c (2005), Tartu Kultuurikandja aunimetuse (2008 ja 2012), Eesti Teatriliidu algup\u00e4rase dramaturgia auhinna \u201eBallettmeistri\u201c eest (2010), Eesti Rahvusringh\u00e4\u00e4lingu aastapreemia (2010), Friedebert Tuglase novelliauhinna \u201eAuhinna\u201c (2017) eest. Vadi on ka saanud Tammsaare ja Vilde S\u00f5prade Seltsi v\u00e4ljaantava Klassiku S\u00f5bra tiitli (2021), stipendiumi \u201eEla ja s\u00e4ra\u201c (2015) ja valitud kirjanikupalga saajaks (2019-2021).<\/p>\n\n\n\n<p><em>A. K.<\/em><\/p>\n\n\n\n<h4 class=\"wp-block-heading\"><br>Raamatud eesti keeles<\/h4>\n\n\n\n<p><strong><em>Romaanid<\/em><\/strong><br><strong>Kirjad t\u00e4di Annele<\/strong>. P\u00e4rnu: Jumalikud Ilmutused, 2010, 240 lk [2. tr 2018]<br><strong>Tagasi Eestisse<\/strong>. P\u00e4rnu-Saarde: Jumalikud Ilmutused, 2012, 279 lk [j\u00e4rgmised tr\u00fckid: 2013, 2018]<br><strong>Neverland<\/strong>: romaan inimestevahelistest suhetest. Tartumaa: Kolm Tarka, 2017, 347 lk<br><strong>Balletmeister<\/strong>. Loomingu Raamatukogu nr 6-9. Tallinn: Kultuurileht, 2019, 193 lk. [2. tr\u00fckk: 2026.]<br><strong>Kuu teine pool<\/strong>. Tallinn: Kolm Elu, 2023, 208 lk.<\/p>\n\n\n\n<p><strong><em>L\u00fchiproosa<\/em><\/strong><br><strong>Kui klosetist kerkib kloaak<\/strong>. Tartu: U. Vadi, 1996, 32 lk<br><strong>Suur sekund<\/strong>. Tartu: Eesti Kostabi Selts, 1999, 59 lk<br><strong>Unetute ralli<\/strong>. Tallinn: Tuum, 2002, 99 lk<br><strong>Kuidas me k\u00f5ik reas niimoodi l\u00e4heme<\/strong>. Tallinn: Tuum, 2014, 231 lk<br><strong>Elu m\u00f5ttetusest<\/strong>. Tartu: Kolm Tarka, 2019, 172 lk<br><strong>Hing maanteeserval<\/strong>. Tartu: Kolm Tarka, 2021, 209 lk<\/p>\n\n\n\n<p><strong><em>N\u00e4idendid<\/em><\/strong><br><strong>Lendav laev<\/strong>: kahevaatuseline n\u00e4idend vene muinasjuttude alusel. Tallinn: U. Vadi, 2000, 95 lk<br><strong>Kohtume trompetis! Elvis oli kapis!<\/strong>. Loomingu Raamatukogu nr 28. Tallinn: Kultuurileht, 2005, 94 lk<br><strong>Kohtumine tundmatuga<\/strong>. P\u00e4rnu: Jumalikud Ilmutused, 2008, 311 lk<br><strong>Peeter Volkonski viimane suudlus<\/strong>. Tartu: Tartu Uus Teater, 2011, 59 lk<br><strong>Rein Pakk otsib naist!<\/strong>. Tartu: Tartu Uus Teater, 2012, 68 lk<br><strong>Rudolf Allaberdi testament<\/strong>. Tartu: Tartu Uus Teater, 2012, 51 lk<br><strong>Millest tekivad triibud?<\/strong> Tallinn: Eesti Draamateater, 2020, 112 lk<br><strong>Tund enne p\u00e4ikeset\u00f5usu<\/strong>. Tallinn: Eesti Draamateater, 2022, 134 lk<br><strong>Ega see kirjutamine sul lage puhtaks ei tee!<\/strong>. Tartu: Kolm Tarka, 2025, 358 lk. [Isikuloolised n\u00e4idendid.]<\/p>\n\n\n\n<p><strong><em>Varia<\/em><\/strong><br><strong>Tartu Vaimu saladus!<\/strong>: eelt\u00f6\u00f6 t\u00e4ispikale kunstilisele filmile. Tartu: Tartu Linnavalitsus, 2012, 28 lk<\/p>\n","protected":false},"excerpt":{"rendered":"<p>Urmas Vadi (s. 28. II 1977) on kirjanik, raadioajakirjanik, stsenarist ja teatrilavastaja. Vadi s\u00fcndis ja \u00f5ppis Tartus ning Tallinna Pedagoogika\u00fclikoolis raadiore\u017eiid. T\u00f6\u00f6tanud toimetajana Eesti Raadios, olnud Vikerraadios mitme kirjandus- ja kultuurisaate autor, toimetaja ja saatejuht. Olnud Tartu Noorte Autorite Koondise &#8230;<\/p>\n","protected":false},"author":43,"featured_media":0,"parent":6512,"menu_order":0,"comment_status":"closed","ping_status":"closed","template":"","meta":{"_acf_changed":false,"inline_featured_image":false,"footnotes":""},"class_list":["post-8206","page","type-page","status-publish","hentry"],"acf":[],"_links":{"self":[{"href":"https:\/\/sisu.ut.ee\/ewod\/et\/wp-json\/wp\/v2\/pages\/8206","targetHints":{"allow":["GET"]}}],"collection":[{"href":"https:\/\/sisu.ut.ee\/ewod\/et\/wp-json\/wp\/v2\/pages"}],"about":[{"href":"https:\/\/sisu.ut.ee\/ewod\/et\/wp-json\/wp\/v2\/types\/page"}],"author":[{"embeddable":true,"href":"https:\/\/sisu.ut.ee\/ewod\/et\/wp-json\/wp\/v2\/users\/43"}],"replies":[{"embeddable":true,"href":"https:\/\/sisu.ut.ee\/ewod\/et\/wp-json\/wp\/v2\/comments?post=8206"}],"version-history":[{"count":3,"href":"https:\/\/sisu.ut.ee\/ewod\/et\/wp-json\/wp\/v2\/pages\/8206\/revisions"}],"predecessor-version":[{"id":8210,"href":"https:\/\/sisu.ut.ee\/ewod\/et\/wp-json\/wp\/v2\/pages\/8206\/revisions\/8210"}],"up":[{"embeddable":true,"href":"https:\/\/sisu.ut.ee\/ewod\/et\/wp-json\/wp\/v2\/pages\/6512"}],"wp:attachment":[{"href":"https:\/\/sisu.ut.ee\/ewod\/et\/wp-json\/wp\/v2\/media?parent=8206"}],"curies":[{"name":"wp","href":"https:\/\/api.w.org\/{rel}","templated":true}]}}