{"id":8179,"date":"2024-04-03T23:41:40","date_gmt":"2024-04-03T20:41:40","guid":{"rendered":"https:\/\/sisu.ut.ee\/ewod\/?page_id=8179"},"modified":"2026-04-13T15:06:14","modified_gmt":"2026-04-13T12:06:14","slug":"vaapo-vaher","status":"publish","type":"page","link":"https:\/\/sisu.ut.ee\/ewod\/et\/v\/vaapo-vaher\/","title":{"rendered":"Vaapo Vaher"},"content":{"rendered":"<figure class=\"wp-block-image alignright size-large is-resized\"><a href=\"https:\/\/sisu.ut.ee\/wp-content\/uploads\/sites\/108\/vaapo_vaher_alar_madisson-scaled.jpg\"><img loading=\"lazy\" decoding=\"async\" width=\"1024\" height=\"685\" src=\"https:\/\/sisu.ut.ee\/wp-content\/uploads\/sites\/108\/vaapo_vaher_alar_madisson-1024x685.jpg\" alt=\"\" class=\"wp-image-6380\" style=\"aspect-ratio:1.4949131490928271;width:383px;height:auto\" title=\"Foto: Alar Madisson\" srcset=\"https:\/\/sisu.ut.ee\/wp-content\/uploads\/sites\/108\/vaapo_vaher_alar_madisson-1024x685.jpg 1024w, https:\/\/sisu.ut.ee\/wp-content\/uploads\/sites\/108\/vaapo_vaher_alar_madisson-300x201.jpg 300w, https:\/\/sisu.ut.ee\/wp-content\/uploads\/sites\/108\/vaapo_vaher_alar_madisson-768x514.jpg 768w, https:\/\/sisu.ut.ee\/wp-content\/uploads\/sites\/108\/vaapo_vaher_alar_madisson-1536x1028.jpg 1536w, https:\/\/sisu.ut.ee\/wp-content\/uploads\/sites\/108\/vaapo_vaher_alar_madisson-2048x1371.jpg 2048w, https:\/\/sisu.ut.ee\/wp-content\/uploads\/sites\/108\/vaapo_vaher_alar_madisson-1920x1285.jpg 1920w\" sizes=\"auto, (max-width: 1024px) 100vw, 1024px\"><\/a><\/figure>\n\n\n\n<p>Vaapo Vaher (27. I 1945 \u2013 17. III 2024) oli kriitik, kirjandusuurija, esseist ja luuletaja.<\/p>\n\n\n\n<p>Vaher s\u00fcndis Tallinnas. Ta \u00f5ppis kaks esimest kooliaastat Tallinnas. 1954. aastal siirdus perekond Hiiumaale, kus Vaher l\u00f5petas K\u00e4rdla Keskkooli. Edasises elus elas Vaher vaheldumisi Tallinnas ja Hiiumaal. Aastatel 1965\u20131968 \u00f5ppis ta Tallinna Ehitus- ja Mehaanikatehnikumis arhitektuuri, \u00f5pingud j\u00e4id pooleli. Vaher t\u00f6\u00f6tas laadijana, puusepana, maalrina, teet\u00f6\u00f6lisena. Aastatel 1974\u20131976 oli ta Hiiumaa Keskraamatukogus vanembibliograaf, aastatel 1976\u20131978 ajalehe N\u00f5ukogude Hiiumaa keelekorrektor. J\u00e4rgnes ajakirjanikut\u00f6\u00f6 Tallinnas, aastatel 1979\u20131982 ajalehe \u00d5htuleht korrespondendina, aastatel 1982\u20131985 ajakirja Pikker vanemtoimetajana, aastatel 1992\u20131996 ajalehe Eesti Aeg ja aastatel 1996\u20131999 ajakirja Luup kultuuritoimetajana. Hiljem oli vabakutseline literaat.<\/p>\n\n\n\n<p>Vaher avaldas sadu artikleid, uurimusi, esseid. Lisaks eesti kirjandusele k\u00f6itis Vaherit vene kirjandus ja kultuur laiemalt. Tema luulet on ilmunud koguteoses \u201eNoori autoreid 77\u201c, \u201eEesti murdeluuleantoloogias\u201c, ajakirjades Looming ja Noorus ning ajalehtedes. Ta kirjutas lastejutte ja lasteluulet, filmistsenaariumi \u201eKlaaside taga\u201c, kuuldem\u00e4nge, laulutekstid Valter Ojak\u00e4\u00e4ru operettidele \u201eMaskeraad Ungrus\u201c ja \u201eWinnetou\u201c, hiiumurdelisi laulum\u00e4nge (helilooja Arved Haug) ja muud. Vaheri luulet on t\u00f5lgitud vene, inglise ja valgevene, tema esseistikat vene, soome ja saksa keelde.<\/p>\n\n\n\n<p>2019. aastal ilmus Vaapo Vaherilt mahukas kahek\u00f6iteline teos \u201eHiiumaa kirjanduse lugu. Esseid ja uurimusi\u201c. Raamat pakub informatsiooni kirjanike kohta, kellel on olnud Hiiumaaga isikup\u00e4raseid suhteid, mis kajastuvad nende loomingus ja eluk\u00e4igus. Niisuguste kirjanike hulka kuuluvad n\u00e4iteks Villem Ridala, Aino Kallas, Marie Under, Artur Adson, Ernst Enno, Debora Vaarandi, Juhan Smuul, Jaan Kross, Mats Traat, Paul-Eerik Rummo, Rein Saluri, T\u00f5nu \u00d5nnepalu ja paljud teised.<\/p>\n\n\n\n<p>Vaapo Vaher oli Eesti Kirjanike Liidu liige alates 1995. aastast, samuti Eesti Kirjanduse Seltsi liige.<\/p>\n\n\n\n<p><em>L. P.<\/em><\/p>\n\n\n\n<h4 class=\"wp-block-heading\"><br>Raamatud eesti keeles<\/h4>\n\n\n\n<p><em><strong>Esseed, artiklid, uurimused<\/strong><\/em><br><strong>Surmakuul &amp; seemnepurse<\/strong>. Tallinn: Eesti\u2013Kambod\u017ea S\u00f5prus\u00fching &amp; Juku-Kalle Raid, 2002. 528 lk.<br><strong>Kokaiin Balti jaama turult<\/strong>: miniatuure vene kultuurist. Tallinn: Sirp, 2003. 223 lk.<br><strong>Imelaps, kellest ei saanud geeniust: esseistlik monograafia Ardi Liivesest<\/strong>. Tallinn: Eesti Keele Sihtasutus, 2007. 463 lk.<br><strong>Kino on saatan, kes imeb su rinda: vene kino katekismus<\/strong>. Tallinn: Pegasus, 2009. 327 lk.<br><strong>Jalgpall hingede \u00f6\u00f6s: vutist eesti kultuuriloos<\/strong>. Tallinn: Pegasus, 2010. 256 lk.<br><strong>Vampiiride tants<\/strong>: esseed ja \u00fctlemised. Tallinn: Eesti Keele Sihtasutus, 2012. 430 lk.<br><strong>Hiiumaa kirjanduse lugu<\/strong>. 1. Esseid ja uurimusi. K\u00e4rdla: Hiiumaa Teabekapital, 2019. 848 lk.<br><strong>Hiiumaa kirjanduse lugu<\/strong>. 2. Esseid ja uurimusi. K\u00e4rdla: Hiiumaa Teabekapital, 2019. 928 lk.<\/p>\n","protected":false},"excerpt":{"rendered":"<p>Vaapo Vaher (27. I 1945 \u2013 17. III 2024) oli kriitik, kirjandusuurija, esseist ja luuletaja. Vaher s\u00fcndis Tallinnas. Ta \u00f5ppis kaks esimest kooliaastat Tallinnas. 1954. aastal siirdus perekond Hiiumaale, kus Vaher l\u00f5petas K\u00e4rdla Keskkooli. Edasises elus elas Vaher vaheldumisi Tallinnas &#8230;<\/p>\n","protected":false},"author":43,"featured_media":0,"parent":6512,"menu_order":0,"comment_status":"closed","ping_status":"closed","template":"","meta":{"_acf_changed":false,"inline_featured_image":false,"footnotes":""},"class_list":["post-8179","page","type-page","status-publish","hentry"],"acf":[],"_links":{"self":[{"href":"https:\/\/sisu.ut.ee\/ewod\/et\/wp-json\/wp\/v2\/pages\/8179","targetHints":{"allow":["GET"]}}],"collection":[{"href":"https:\/\/sisu.ut.ee\/ewod\/et\/wp-json\/wp\/v2\/pages"}],"about":[{"href":"https:\/\/sisu.ut.ee\/ewod\/et\/wp-json\/wp\/v2\/types\/page"}],"author":[{"embeddable":true,"href":"https:\/\/sisu.ut.ee\/ewod\/et\/wp-json\/wp\/v2\/users\/43"}],"replies":[{"embeddable":true,"href":"https:\/\/sisu.ut.ee\/ewod\/et\/wp-json\/wp\/v2\/comments?post=8179"}],"version-history":[{"count":2,"href":"https:\/\/sisu.ut.ee\/ewod\/et\/wp-json\/wp\/v2\/pages\/8179\/revisions"}],"predecessor-version":[{"id":8182,"href":"https:\/\/sisu.ut.ee\/ewod\/et\/wp-json\/wp\/v2\/pages\/8179\/revisions\/8182"}],"up":[{"embeddable":true,"href":"https:\/\/sisu.ut.ee\/ewod\/et\/wp-json\/wp\/v2\/pages\/6512"}],"wp:attachment":[{"href":"https:\/\/sisu.ut.ee\/ewod\/et\/wp-json\/wp\/v2\/media?parent=8179"}],"curies":[{"name":"wp","href":"https:\/\/api.w.org\/{rel}","templated":true}]}}