{"id":8120,"date":"2024-04-03T23:41:58","date_gmt":"2024-04-03T20:41:58","guid":{"rendered":"https:\/\/sisu.ut.ee\/ewod\/?page_id=8120"},"modified":"2026-04-13T10:12:08","modified_gmt":"2026-04-13T07:12:08","slug":"katlin-vainola","status":"publish","type":"page","link":"https:\/\/sisu.ut.ee\/ewod\/et\/v\/katlin-vainola\/","title":{"rendered":"K\u00e4tlin Vainola"},"content":{"rendered":"<p>K\u00e4tlin Vainola (s\u00fcnninimi K\u00f5lamets, kasutanud pseudon\u00fc\u00fcmi Marie Myrk, s\u00fcndinud 30. septembril 1978) on eesti lastekirjanik.<\/p>\n\n\n\n<p>Vainola s\u00fcndis Tallinnas. Lapsep\u00f5lve esimesed aastad m\u00f6\u00f6dusid Koplis, misj\u00e4rel pere kolis P\u00f5lvasse ning peagi tagasi Tallinna, kus Vainola l\u00f5petas P\u00e4\u00e4sk\u00fcla g\u00fcmnaasiumi. 2002. aastal l\u00f5petas ta Tallinna Pedagoogika\u00fclikooli eesti filoloogina. \u00dclikooli ajal kuulus koos J\u00fcrgen Rooste, Ivar Silla, Wimbergi ja teistega kirjandusr\u00fchmitusse TNT (Tallinna Noored Tegijad). 2012. aastal \u00f5ppis Drakadeemias loovkirjutamise kursusel. Vainola on t\u00f6\u00f6tanud \u00f5petaja ja toimetajana, koostanud \u00f5pikuid (aabitsaid, eesti keele lugemikke ja t\u00f6\u00f6vihikuid). Alates 2019. aastast peab ajakirja Hea Laps peatoimetaja ametit. Tema abikaasa on rockmuusik ja kirjanik Allan Vainola. K\u00e4tlin Vainola on Eesti Kirjanike Liidu liige alates 2014. aastast.<\/p>\n\n\n\n<p>Lastekirjandusse tuli Vainola jutustusega \u201eVille\u201c 2005. aastal, mis v\u00f5itis lastejutuv\u00f5istlusel \u201eMinu esimene raamat\u201c III koha . P\u00e4rast seda on ta kirjutanud \u00fcle 20 lasteraamatu nii poistele kui t\u00fcdrukutele, nii suurematele kui v\u00e4iksematele, nii ilukirjanduslikke kui ka n\u00e4iteks keskkonnateemadega seotuid. Tema teoseid on t\u00f5lgitud soome, saksa, vene, leedu, itaalia ja inglise keelde.<\/p>\n\n\n\n<p>2013. aastal v\u00f5itis Vainola I koha p\u00f5lvepikuraamatu konkursil looga \u201eKus on armastus?\u201c. 2014. aastal valiti \u201eLift\u201c rahvusvahelise lastekirjanduse nimekirja White Raven. Neljal korral on tema teosed valitud kodumaise lastekirjanduse valiku Hea Lasteraamat nimekirja (2009: \u201eKelli \u2013 peaaegu haldjas\u201c, 2011: \u201eTiigielu aabits\u201c, 2013: \u201eLift\u201c, 2014: \u201eKus on armastus?\u201c).<\/p>\n\n\n\n<p>Lisaks on Vainola kirjutanud laulus\u00f5nu ansamblitele Vennaskond ja S\u00f5pruse Puiestee ning t\u00f5lkinud eesti keelde lasteraamatuid v\u00f5\u00f5rkeeltest.<\/p>\n\n\n\n<p><em>M. K.<\/em><\/p>\n\n\n\n<h4 class=\"wp-block-heading\"><br>Raamatud eesti keeles<\/h4>\n\n\n\n<p><em><strong>Luule<\/strong><\/em><br>K\u00e4tlin Vainola, Valner Valme, Villem Valme, Kristjan Kaugen\u00f5lva, <strong>Psaikobilli.<\/strong><br>Tallinn: Ootav R\u00f5du, 2002, 124 lk.<\/p>\n\n\n\n<p><em><strong>Lastekirjandus<\/strong><\/em><br><strong>Ville. <\/strong>Tallinn: T\u00e4nap\u00e4ev, 2006, 200 lk.<br><strong>Mia, Konrad ja avanevad uksed. <\/strong>Tallinn: T\u00e4nap\u00e4ev, 2008, 188 lk.<br><strong>Kelli \u2013 peaaegu haldjas. <\/strong>Tallinn: Pegasus, 2008, 46 lk; [2. tr\u00fckk, Tallinn: Pegasus, 2014, 48 lk].<br><strong>Mudilane Mummu ja tema perekond. <\/strong>Tallinn: Oma Pere, 2009, 24 lk.<br><strong>Metsaelu aabits. <\/strong>Tallinn: Menu, 2009, 64 lk.<br>K\u00e4tlin Vainola, Aleksei Turovski, <strong>Tiigielu aabits. <\/strong>Tallinn: Menu, 2011, 79 lk.<br><strong>Suvevaheaeg koolis. <\/strong>Tallinn: Tallinna Keskraamatukogu, 2011, 64 lk.<br>K\u00e4tlin Vainola, Peep M\u00e4nnil, <strong>Karuelu aabits. <\/strong>Tallinn: Menu, 2012, 64 lk.<br><strong>Missioon piim. <\/strong>Tallinn: Menu, 2012, 63 lk.<br><strong>Kreete. <\/strong>Tallinn: Sotsiaalministeerium, 2012, 60 lk.<br><strong>Lift. <\/strong>Tallinn: Pegasus, 2013, 30 lk.<br><strong>Kelli hakkab piraadiks. <\/strong>Tallinn: Pegasus, 2014, 72 lk.<br><strong>Kus on armastus?. <\/strong>Tallinn: P\u00e4ike ja pilv, 2014, 32 lk.<br><strong>Sonja ja kass. <\/strong>Tallinn: Pegasus, 2015, 48 lk.<br><strong>Meie pere kala-aabits. <\/strong>Tallinn: Menu, 2017, 80 lk.<br><strong>Poiss, kes joonistas kaarte. <\/strong>Tallinn: Pegasus, 2017, 48 lk.<br><strong>Krips-Kraps, eesti laps. <\/strong>Tallinn: Eesti Instituut, 2017, 48 lk.<br><strong>N\u00e4hh Pariisis. <\/strong>Tallinn: P\u00e4ike ja Pilv, 2017, 64 lk.<br><strong>Lood julgetest eesti t\u00fcdrukutest. <\/strong>Tallinn: Pegasus, 2018, 129 lk.<br><strong>Minu Eesti seiklus. <\/strong>Tallinn: P\u00e4ike ja pilv, Maxima, 2019, 65 lk.<br><strong>Ellen, Eik ja kilekoti m\u00f5istatus. <\/strong>Tallinn: Menu, 2022, 48 lk.<br><strong>Kass Kipperi mereseiklus. <\/strong>Tallinn: Eesti Meremuuseum, 2024, 40 lk.<br><strong>Saa endaga s\u00f5braks<\/strong>. Tegelusraamat. testid. Loovharjutused. N\u00f5uanded. Tallinn: Menu Meedia, 2024, 141 lk.<br><strong>Lootuse puu<\/strong>. Tallinn: Draakon &amp; Kuu, 2025, 52 lk.<\/p>\n\n\n\n<p><em><strong>Varia<\/strong><\/em><br>K\u00e4tlin Vainola, Lemmit Kaplinski, <strong>Eesti sl\u00e4ngi s\u00f5naraamat. <\/strong>Tallinn: Aule, 2003, 272 lk.<\/p>\n","protected":false},"excerpt":{"rendered":"<p>K\u00e4tlin Vainola (s\u00fcnninimi K\u00f5lamets, kasutanud pseudon\u00fc\u00fcmi Marie Myrk, s\u00fcndinud 30. septembril 1978) on eesti lastekirjanik. Vainola s\u00fcndis Tallinnas. Lapsep\u00f5lve esimesed aastad m\u00f6\u00f6dusid Koplis, misj\u00e4rel pere kolis P\u00f5lvasse ning peagi tagasi Tallinna, kus Vainola l\u00f5petas P\u00e4\u00e4sk\u00fcla g\u00fcmnaasiumi. 2002. aastal l\u00f5petas ta &#8230;<\/p>\n","protected":false},"author":43,"featured_media":0,"parent":6512,"menu_order":0,"comment_status":"closed","ping_status":"closed","template":"","meta":{"_acf_changed":false,"inline_featured_image":false,"footnotes":""},"class_list":["post-8120","page","type-page","status-publish","hentry"],"acf":[],"_links":{"self":[{"href":"https:\/\/sisu.ut.ee\/ewod\/et\/wp-json\/wp\/v2\/pages\/8120","targetHints":{"allow":["GET"]}}],"collection":[{"href":"https:\/\/sisu.ut.ee\/ewod\/et\/wp-json\/wp\/v2\/pages"}],"about":[{"href":"https:\/\/sisu.ut.ee\/ewod\/et\/wp-json\/wp\/v2\/types\/page"}],"author":[{"embeddable":true,"href":"https:\/\/sisu.ut.ee\/ewod\/et\/wp-json\/wp\/v2\/users\/43"}],"replies":[{"embeddable":true,"href":"https:\/\/sisu.ut.ee\/ewod\/et\/wp-json\/wp\/v2\/comments?post=8120"}],"version-history":[{"count":2,"href":"https:\/\/sisu.ut.ee\/ewod\/et\/wp-json\/wp\/v2\/pages\/8120\/revisions"}],"predecessor-version":[{"id":8125,"href":"https:\/\/sisu.ut.ee\/ewod\/et\/wp-json\/wp\/v2\/pages\/8120\/revisions\/8125"}],"up":[{"embeddable":true,"href":"https:\/\/sisu.ut.ee\/ewod\/et\/wp-json\/wp\/v2\/pages\/6512"}],"wp:attachment":[{"href":"https:\/\/sisu.ut.ee\/ewod\/et\/wp-json\/wp\/v2\/media?parent=8120"}],"curies":[{"name":"wp","href":"https:\/\/api.w.org\/{rel}","templated":true}]}}