{"id":8111,"date":"2024-04-03T23:42:22","date_gmt":"2024-04-03T20:42:22","guid":{"rendered":"https:\/\/sisu.ut.ee\/ewod\/?page_id=8111"},"modified":"2026-04-13T01:00:18","modified_gmt":"2026-04-12T22:00:18","slug":"aidi-vallik","status":"publish","type":"page","link":"https:\/\/sisu.ut.ee\/ewod\/et\/v\/aidi-vallik\/","title":{"rendered":"Aidi Vallik"},"content":{"rendered":"<figure class=\"wp-block-image alignright size-large is-resized\"><a href=\"https:\/\/sisu.ut.ee\/wp-content\/uploads\/sites\/108\/aidi_vallik_alar_madisson-scaled.jpg\"><img loading=\"lazy\" decoding=\"async\" width=\"681\" height=\"1024\" src=\"https:\/\/sisu.ut.ee\/wp-content\/uploads\/sites\/108\/aidi_vallik_alar_madisson-681x1024.jpg\" alt=\"\" class=\"wp-image-6131\" style=\"aspect-ratio:0.6650451260647844;width:247px;height:auto\" title=\"Foto: Alar Madisson\" srcset=\"https:\/\/sisu.ut.ee\/wp-content\/uploads\/sites\/108\/aidi_vallik_alar_madisson-681x1024.jpg 681w, https:\/\/sisu.ut.ee\/wp-content\/uploads\/sites\/108\/aidi_vallik_alar_madisson-200x300.jpg 200w, https:\/\/sisu.ut.ee\/wp-content\/uploads\/sites\/108\/aidi_vallik_alar_madisson-768x1154.jpg 768w, https:\/\/sisu.ut.ee\/wp-content\/uploads\/sites\/108\/aidi_vallik_alar_madisson-1022x1536.jpg 1022w, https:\/\/sisu.ut.ee\/wp-content\/uploads\/sites\/108\/aidi_vallik_alar_madisson-1363x2048.jpg 1363w, https:\/\/sisu.ut.ee\/wp-content\/uploads\/sites\/108\/aidi_vallik_alar_madisson-1920x2885.jpg 1920w, https:\/\/sisu.ut.ee\/wp-content\/uploads\/sites\/108\/aidi_vallik_alar_madisson-scaled.jpg 1703w\" sizes=\"auto, (max-width: 681px) 100vw, 681px\"><\/a><\/figure>\n\n\n\n<p>Aidi Vallik (11. V 1971) on eesti kirjanik ja stsenarist, kes on tuntud peamiselt laste- ja noorteraamatute autorina, kuid on avaldanud ka luulekogusid nii lastele kui ka t\u00e4iskasvanutele.<\/p>\n\n\n\n<p>Vallik s\u00fcndis L\u00e4\u00e4ne maakonnas Palivere alevikus. Aastatel 1978\u20131979 \u00f5ppis Palivere algkoolis, 1979\u20131986 Taebla Keskkoolis, 1986\u20131988 Tartu Kunstikoolis, 1990\u20131991 Haapsalu \u00d5htukoolis. 1996 l\u00f5petas Tartu \u00dclikooli eesti filoloogina. T\u00f6\u00f6tas kunstnik-kujundajana ja raamatukoguhoidjana Haapsalus, 1996\u20132004 oli \u00f5petaja Haapsalu Wiedemanni G\u00fcmnaasiumis. Alates 2004.\u00a0aastast on ta vabakutseline kirjanik. Oma raamatute kirjastamiseks asutas Vallik MT\u00dc Lugu-Loo. Ta r\u00e4\u00e4gib aktiivselt ja missioonitundeliselt kaasa Eesti hariduselu teemadel ja on oodatud k\u00fclaline koolides. Ta on p\u00e4lvinud mitmeid laste- ja noortekirjanduse preemiaid.<\/p>\n\n\n\n<p>Esimesed luuletused ilmusid ajakirjanduses 1989.\u00a0aastal. ATSi pseudon\u00fc\u00fcmi all avaldas kolm esimest luulekogu: \u201e\u00c4rge pange t\u00e4hele\u201d (1990), \u201eVidevikus lepatriinulend\u201d (1996) ja \u201eMina ja K\u00e4the Kollowitz\u201d (2000). Varane, vormilt vabav\u00e4rsiline luule on tulvil nooruslikku trotsi ja maailmavalu, identiteediotsinguid ja eneseleidmisi. Seni viimane t\u00e4iskasvanute luulekogu \u201eRists\u00f5na\u201d (2001) ilmus juba autori enda nime all.<\/p>\n\n\n\n<p>Lugejate ja kriitikute tunnustuse p\u00e4lvis tema esimene noorteromaan \u201eKuidas elad, Ann?\u201c (2001), mis v\u00f5itis nooorsoojuttude v\u00f5istlusel peapreemia. Raamat kuulub koolide \u00f5ppekavasse ja kirjandus\u00f5pikute valikusse, see on t\u00f5lgitud soome, l\u00e4ti ja leedu keelde. Anni-lugude triloogiasse kuuluvad veel romaanid \u201eMis teha, Ann?\u201d (2002) ja \u201eMis sinuga juhtus, Ann?\u201d (2007). Mitmeid s\u00fc\u017eeeliine ja eri vaatepunkte \u00fchendavates teostes k\u00e4sitleb autor realistlikult murdeealiste probleeme: suhteid eakaaslaste ja vanematega, kokkupuuteid meelem\u00fcrkidega, keerukaid identiteediotsinguid ja koolielu probleeme. Triloogia kolmanda osa ainetel kirjutas Vallik koos Peeter Sauteriga filmistsenaariumi \u201eKuhu p\u00f5genevad hinged\u201c (2007, re\u017e Rainer Sarnet).<\/p>\n\n\n\n<p>Noorematele lugejatele on Vallik kirjutanud nii seikluslikke fantaasialugusid (\u201eKoletise lugu\u201d, 2005; \u201eNarkohollo ehk Florose vabastamine\u201d, 2006) kui ka realistlikke loomajutte (\u201ePints ja Tutsik\u201d, I 2008, II 2009, III 2025). K\u00e4sitledes t\u00f5siseid \u00fchiskondlikke probleeme, nagu koolikiusamine, uimastite ahvatlus, vanemate t\u00f6\u00f6hullus ja lapse \u00fcksindus, on autori l\u00e4henemisviis siiski optimistlik ja humoorikas. Pisematele lastele on adresseeritud \u201eRoosi ja emme\u201d (2013) ning v\u00e4hese tekstiga pildiraamatud \u201eMinu jalad\u201d (2010), \u201eLumehelbe t\u00f6\u00f6\u201d (2014) ja \u201eParimad palad\u201d (2015). S\u00fcdamlikult naljakas lastejutt \u201eUnekoer\u201d (2006) loob pildi loomakesest, kes armastab \u00fcle k\u00f5ige magada inimeste voodites.<\/p>\n\n\n\n<p>Vallik on kirjutanud ka m\u00e4ngulist ja lustlikku lasteluulet, mis paistab silma vormilise mitmek\u00fclgsuse ja temaatilise laiahaardelisusega. Tema luuletused kujutavad laste ja t\u00e4iskasvanute tavalist, kuid samas nii mitmekesist ja imep\u00e4rast maailma. Lihtsates ja lustlikes v\u00e4rssides kohtab fantaasiat, absurdi ja s\u00f5nam\u00e4ngu. V\u00e4rssjutu vormis \u201eMannikese lugu\u201d (2010), mis sai Eesti Lastekirjanduse Keskuse Aasta Rosina auhinna aasta k\u00f5ige oman\u00e4olisema ja \u00fcllatavama lasteraamatu eest, annab edasi lustaka ja armastusest tulvil loo metsa eksitatud v\u00e4ikesest t\u00fcdrukust ja tema p\u00e4\u00e4stmisest. Kahel korral on Vallikule omistatud K.\u00a0E.\u00a0S\u00f6\u00f6di lasteluuleauhind.<\/p>\n\n\n\n<p>Aimeraamat \u201eLaste oma Eesti\u201d (2015) pakub m\u00e4ngulise \u00fclevaate Eesti ajaloost ja geograafiast ning p\u00fc\u00fcab m\u00f5testada eestlaste olemust. Vallik on t\u00f6\u00f6tanud veel toimetajana, koostanud kirjandus\u00f5pikuid, kirjutanud kuuldem\u00e4nge, lasten\u00e4idendeid ja stsenaariume telesaadetele ja filmidele, peale selle on ta avaldanud mitmeid p\u00e4evakajalisi arvamusartikleid. T\u00e4helepanu on p\u00e4lvinud Polygoni teatri lavastus \u201eK\u00f5ik normaalsed inimesed\u201d (2017, kirjutatud koos Piret Jaaksiga, lav Tamur Tohver). Oma stsenaariumi eest Jaak Kilmi filmile \u201eTagurpidi torn\u201d (2022) v\u00f5itis Vallik Kultuurkapitali audiovisuaalse kunsti sihtkapitali aastapreemia.<\/p>\n\n\n\n<p><em>A. O.<\/em><\/p>\n\n\n\n<h4 class=\"wp-block-heading\"><br>Raamatud eesti keeles<\/h4>\n\n\n\n<p><strong><em>Noorteromaanid<\/em><\/strong><br><strong>Kuidas elad, Ann?<\/strong>. Tallinn: T\u00e4nap\u00e4ev, 2001, 175 lk. [J\u00e4rgnevad tr\u00fckid: \u2018Kuidas elad, Ann? Mis teha, Ann?\u2019, Tallinn: T\u00e4nap\u00e4ev, 2003, 310 lk; Tallinn: T\u00e4nap\u00e4ev, 2008, 201 lk; Tallinn: Lugu-Loo, 2018, 199 lk.]<br><strong>Mis teha, Ann?<\/strong>. Tallinn: T\u00e4nap\u00e4ev, 2002, 133 lk. [J\u00e4rgnevad tr\u00fckid: \u2018Kuidas elad, Ann? Mis teha, Ann?\u2019, Tallinn: T\u00e4nap\u00e4ev, 2003, 310 lk; Tallinn: T\u00e4nap\u00e4ev, 2008, 154 lk; Tallinn: Lugu-Loo, 2018, 143 lk.]<br><strong>Mis sinuga juhtus, Ann?<\/strong>. Tallinn: T\u00e4nap\u00e4ev, 2007, 246 lk.<\/p>\n\n\n\n<p><strong><em>Lastelood<\/em><\/strong><br><strong>Koletise lugu<\/strong>. Tallinn: Lugu-Loo, 2005, 39 lk.<br><strong>Narkohollo ehk Florose vabastamine<\/strong>. Tallinn: Lugu-Loo, 2006, 159 lk.<br><strong>Unekoer<\/strong>. Tallinn: Lugu-Loo, 2006, 47 lk.<br><strong>Pints ja Tutsik<\/strong>. I osa. Tallinn: Lugu-Loo, 2008, 110 lk; II osa. Tallinn: Lugu-Loo, 2009, 118 lk.<br><strong>Ilmaveski terakesed<\/strong>. Tartu: Tartu Erahariduse Edendamise Selts, 2010, 23 lk.<br><strong>Minu jalad<\/strong>. Tallinn: Lugu-Loo, 2010, 36 lk.<br><strong>Roosi ja Emme<\/strong>. Tallinn: Lugu-Loo, 2013, 45 lk.<br><strong>Lumehelbe t\u00f6\u00f6<\/strong>. Tallinn: P\u00e4ike ja Pilv, 2014, 26 lk.<br><strong>Paremad palad<\/strong>. Tallinn: P\u00e4ike ja Pilv, 2015, 27 lk.<br><strong>Laste oma Eesti<\/strong>. Tallinn: P\u00e4ike ja Pilv, 2015, 71 lk.<br><strong>Minu k\u00e4ed<\/strong>. Tallinn: Lugu-Loo, 2018, 45 lk.<br><strong>Minna ja hernetont<\/strong>. Tallinn: P\u00e4ike ja Pilv, 2018, 26 lk.<br><strong>Seebu maailm<\/strong>. Tallinn: Lugu-Loo, 2019, 48 lk.<br><strong>Minu k\u00f5ht<\/strong>. Haapsalu: Lugu-Loo, 2019, 24 lk.<br><strong>Minu pea<\/strong>: [arendav pildiraamat v\u00e4ikelastele]. Oomiste: Lugu-Loo, 2019, 45 lk.<br><strong>Imelood<\/strong>. Haapsalu: Lugu-Loo, 2020, 24 lk.<br><strong>Kade p\u00e4kapikk ja v\u00e4ike j\u00f5uluingel<\/strong>: kuus j\u00f5ulujuttu. Oomiste: Lugu-Loo, 2021, 77 lk.<br><strong>Meie t\u00e4navas<\/strong>. Haapsalu: Lugu-Loo, 2022, 28 lk.<br><strong>Tark ei torma t\u00e4naval<\/strong>. Tallinn: Transpordiamet, 2022, 27 lk.<br><strong>T\u00e4di Klaara maja<\/strong>. Haapsalu: Lugu-Loo, 2022, 32 lk.<br><strong>Lendoravate m\u00f5nusas metsas<\/strong>. Haapsalu: Lugu-Loo, 2023, 31 lk.<br><strong>Pints ja Tutsik. Kolmas raamat<\/strong>. Haapsalu: Lugu-Loo, 2025, 88 lk.<\/p>\n\n\n\n<p><strong><em>Lasteluule<\/em><\/strong><br><strong>Tirtsti ja Turtsti<\/strong>. Tallinn TEA Kirjastus, 2007, 59 lk.<br><strong>Mannikese lugu<\/strong>. Tallinn: Lugu-Loo, 2010, 23 lk.<br><strong>Mina, kana, lehm ja kratt<\/strong>. Tallinn: Lugu-Loo, 2010, 83 lk.<br><strong>Imelised inimesed<\/strong>. Tallinn: Lugu-Loo, 2016, 51 lk.<br><strong>Kust said? Luulelood loomadest<\/strong>. Tallinn: Lugu-Loo, 2018, 55 lk.<br><strong>Unelauluraamat<\/strong>. Haapsalu: Lugu-Loo, 2020, 40 lk.<\/p>\n\n\n\n<p><strong><em>Luule<\/em><\/strong><br>ATS, <strong>\u00c4rge pange t\u00e4hele<\/strong>. Tallinn: Eesti Raamat, 1990, 56 lk.<br>ATS, <strong>Videvikus lepatriinum\u00e4ng<\/strong>. Haapsalu: Kuus, 1996, 58 lk.<br>ATS, <strong>Mina ja K\u00e4the Kollowitz<\/strong>. Tallinn: K.Kuus, 2000, 73 lk.<br><strong>Rists\u00f5na<\/strong>. Tallinn: Tuum, 2001, 78 lk.<\/p>\n\n\n\n<p><strong><em>Proosa<\/em><\/strong><br><strong>Minu Haapsalu<\/strong>: mere ja muinasjuttude linn. Tartu: Petrone Print, 2020, 280 lk.<\/p>\n","protected":false},"excerpt":{"rendered":"<p>Aidi Vallik (11. V 1971) on eesti kirjanik ja stsenarist, kes on tuntud peamiselt laste- ja noorteraamatute autorina, kuid on avaldanud ka luulekogusid nii lastele kui ka t\u00e4iskasvanutele. Vallik s\u00fcndis L\u00e4\u00e4ne maakonnas Palivere alevikus. Aastatel 1978\u20131979 \u00f5ppis Palivere algkoolis, 1979\u20131986 &#8230;<\/p>\n","protected":false},"author":43,"featured_media":0,"parent":6512,"menu_order":0,"comment_status":"closed","ping_status":"closed","template":"","meta":{"_acf_changed":false,"inline_featured_image":false,"footnotes":""},"class_list":["post-8111","page","type-page","status-publish","hentry"],"acf":[],"_links":{"self":[{"href":"https:\/\/sisu.ut.ee\/ewod\/et\/wp-json\/wp\/v2\/pages\/8111","targetHints":{"allow":["GET"]}}],"collection":[{"href":"https:\/\/sisu.ut.ee\/ewod\/et\/wp-json\/wp\/v2\/pages"}],"about":[{"href":"https:\/\/sisu.ut.ee\/ewod\/et\/wp-json\/wp\/v2\/types\/page"}],"author":[{"embeddable":true,"href":"https:\/\/sisu.ut.ee\/ewod\/et\/wp-json\/wp\/v2\/users\/43"}],"replies":[{"embeddable":true,"href":"https:\/\/sisu.ut.ee\/ewod\/et\/wp-json\/wp\/v2\/comments?post=8111"}],"version-history":[{"count":2,"href":"https:\/\/sisu.ut.ee\/ewod\/et\/wp-json\/wp\/v2\/pages\/8111\/revisions"}],"predecessor-version":[{"id":8118,"href":"https:\/\/sisu.ut.ee\/ewod\/et\/wp-json\/wp\/v2\/pages\/8111\/revisions\/8118"}],"up":[{"embeddable":true,"href":"https:\/\/sisu.ut.ee\/ewod\/et\/wp-json\/wp\/v2\/pages\/6512"}],"wp:attachment":[{"href":"https:\/\/sisu.ut.ee\/ewod\/et\/wp-json\/wp\/v2\/media?parent=8111"}],"curies":[{"name":"wp","href":"https:\/\/api.w.org\/{rel}","templated":true}]}}