{"id":8093,"date":"2024-04-03T23:41:52","date_gmt":"2024-04-03T20:41:52","guid":{"rendered":"https:\/\/sisu.ut.ee\/ewod\/?page_id=8093"},"modified":"2026-04-12T23:44:52","modified_gmt":"2026-04-12T20:44:52","slug":"edgar-valter","status":"publish","type":"page","link":"https:\/\/sisu.ut.ee\/ewod\/et\/v\/edgar-valter\/","title":{"rendered":"Edgar Valter"},"content":{"rendered":"<p>Edgar Valter (21. september 1929 \u2013 4.  m\u00e4rts 2006) oli kirjanik, karikaturist ja kunstnik, \u00fcks tuntumaid eesti lastekirjanduse illustraatoreid.<\/p>\n\n\n\n<p>Valter s\u00fcndis ja \u00f5ppis Tallinnas ja t\u00f6\u00f6tas nooruses mitmesugustel ametikohtadel. 1950. aastast oli Valter vabakutseline kunstnik. Ta kuulus Kunstnike Liitu ja Ajakirjanike Liitu. Elu teises pooles elas V\u00f5rumaal P\u00f6\u00f6rism\u00e4e talus. Valter suri Tartus, ta on maetud Tallinna Metsakalmistule. Ta leidis rikkalikult tunnustust nii kunstniku kui kirjanikuna, n\u00e4iteks Eesti NSV teenelise kultuuritegelase aunimetus (1986), huumoriauhind \u201eMeie Mats\u201c (1991), Eesti Kunstnike Liidu auliikmelisus (2005), Valget\u00e4he III klassi teenetem\u00e4rk (2001) ja Eesti rahvuskultuuri Fondi elut\u00f6\u00f6 preemia (2001).<\/p>\n\n\n\n<p>Valter on tuntud peamiselt kunstnikuna, kes on paljude raamatute illustratsioonide autor. Valdava osa moodustavad lasteraamatud, sealhulgas eesti lastekirjanduse klassikasse kuuluvad Eno Raua \u201eSipsik\u201c ja \u201eNaksitrallid\u201c, Ellen Niidu \u201eKr\u00f5ll\u201c, Aino Perviku \u201eKunksmoor\u201c, Jaan Rannapi \u201eNublu\u201c. Valter ka maalis ja l\u00f5i vabagraafikat. Olulisel kohal tema loomingus on karikatuurid, mis ilmusid aastast 1944 nii ajakirjanduses kui eraldi raamatutena.<\/p>\n\n\n\n<p>Esimene Valteri enda kirjutatud ja illustreeritud lasteraamat ilmus 1994. aastal \u2013 \u201ePokuraamat\u201c. See r\u00e4\u00e4gib pokudest \u2013 v\u00e4ikestest metsahaldjate sarnastest tegelastest, kelle v\u00e4limus meenutab tarnam\u00e4ttaid. Teosest on ilmunud mitmeid kordustr\u00fckke ja t\u00f5lkeid, v\u00e4rviraamatud, aabits jm. Valter p\u00e4lvis selle eest rikkalikult auhindu, n\u00e4iteks Kultuurkapitali kirjanduse sihtkapitali lastekirjanduse aastapreemia (1995), Albu valla A. H. Tammsaare kirjanduspreemia eripreemia (1996), mitu Eesti Lastekirjanduse Keskuse korraldatava Nukitsa konkursi auhinda, Riigi kultuuripreemia kunsti alal (1996) ja Eerik Kumari nimelise looduskaitsepreemia (2002). Valter kanti \u201ePokuraamatu\u201c ja kogu elut\u00f6\u00f6 eest Rahvusvahelise Noorsookirjanduse N\u00f5ukogu (IBBY) aunimekirja (1995). L\u00f5una-Eestis V\u00f5rumaal asub ka Pokumaa teemapark. Nii selles kui teistes lasteraamatutes paistab Valter silma loodusl\u00e4hedase hoiaku, harmoonia ja sooja huumoriga. Loodust aitab tundma \u00f5ppida ka n\u00e4iteks \u201eKuidas \u00f5ppida vaatama?\u201c (2000), mis p\u00e4lvis Nukitsa konkursil teise koha kunstniku kategoorias (2002). Ajaloolistel teemadel liiguvad Valteri lasteraamatud \u201eAhaa, kummitab!\u201c (1995) ja \u201eIkka veel kummitab\u201c (2005).<\/p>\n\n\n\n<p>Lasteraamatu \u201ePintselsabad\u201c (1998) eest p\u00e4lvis Valter Tammsaare kirjanduspreemia (1999) ja Nukitsa konkursil kunstniku peaauhinna ja kirjaniku teise auhinna (2000). Teose p\u00f5hjal valmis 1998. aastal Eesti Televisioonis ka telesari, lavastaja Hendrik Toompere. 1996. aastal sai Nukitsa konkursil teise koha kunstniku kategoorias Valteri raamat \u201eKassike ja kakuke\u201c (1995).<\/p>\n\n\n\n<p><em>A. K.<\/em><\/p>\n\n\n\n<h4 class=\"wp-block-heading\"><br>Raamatud eesti keeles<\/h4>\n\n\n\n<p><strong><em>Lasteraamatud<\/em><\/strong><br><strong>Pokuraamat<\/strong>. Tallinn: Ulvi Postkaart, 1994, 143 lk [j\u00e4rgmised tr\u00fckid: 1995, 2001, 2009, 2019, 2024.]<br><strong>Ahaa, kummitab!<\/strong> Tartu: Elmatar, 1995, 69 lk [2. tr 2016]<br><strong>Kassike ja kakuke<\/strong>. Tallinn: Ulvi Postkaart, 1995, 47 lk [j\u00e4rgmised tr\u00fckid: 2006, 2021]<br><strong>Lugu lahkest lohe Justusest ja printsess Miniminnist<\/strong>. Tallinn: Sinisukk, 1995, 57 lk [J\u00e4rgnevad tr\u00fckid: 2013, 2023.]<br><strong>Pintselsabad<\/strong>: luuletus. Tartu: Elmatar, 1995, 10 lk<br><strong>Kullast vilepill<\/strong>. Tallinn: Ulvi Postkaart, 1996, 19 lk<br><strong>Isand Tuutu ettev\u00f5tmised<\/strong>. Tartu: Elmatar, 1997, 103 lk [j\u00e4rgmised tr\u00fckid: 2014, 2021]<br><strong>Iika: nii noor, aga juba n\u00f5id!<\/strong> Tallinn: Sinisukk, 1998, 87 lk<br><strong>Pintselsabad<\/strong>. Tartu: Elmatar, 1998, 95 lk [j\u00e4rgmised tr\u00fckid: 2006, 2021]<br><strong>Metsa p\u00fchap\u00e4ev<\/strong>. Tartu: Elmatar, 1999, 60 lk<br><strong>Kuidas \u00f5ppida vaatama?<\/strong>. Tallinn: Elmatar, 2000, 59 lk [2. tr 2010]<br><strong>Pokuaabits<\/strong>. Tartu: Elmatar, 2002, 158 lk [j\u00e4rgmised tr\u00fckid: 2019, 2022]<br><strong>Pokulood<\/strong>. Tartu: Elmatar, 2004, 176 lk [j\u00e4rgmised tr\u00fckid: 2009, 2019, 2025.]<br><strong>Ikka veel kummitab!<\/strong> Tartu: Elmatar, 2005, 189 lk<br><strong>Noodaspea luiskelood<\/strong>. Tartu: Elmatar, 2011, 64 lk<\/p>\n\n\n\n<p><strong><em>Karikatuurid<\/em><\/strong><em><strong> ja koomiksid<\/strong><\/em><br><strong>Kaugel naljast<\/strong>. Tallinn: Eesti NSV Ajakirjanike Liit, 1964, 48 lk<br><strong>Pildiraamat koolij\u00e4rikutele<\/strong>. Tallinn: EKP Keskkomitee, 1970, 48 lk<br><strong>Jahikoera memuaarid<\/strong>. Tallinn: Perioodika, 1974, 128 lk [j\u00e4rgmised tr\u00fckid: 2004, 2020]<br>84 lk.<br><strong>Ho-Ho-Hoo!<\/strong> Tartu: Elmatar, 2002, 100 lk<br><strong>Natuke naljakad pildid<\/strong>. Tartu: Elmatar, 2003, 88 lk<\/p>\n","protected":false},"excerpt":{"rendered":"<p>Edgar Valter (21. september 1929 \u2013 4. m\u00e4rts 2006) oli kirjanik, karikaturist ja kunstnik, \u00fcks tuntumaid eesti lastekirjanduse illustraatoreid. Valter s\u00fcndis ja \u00f5ppis Tallinnas ja t\u00f6\u00f6tas nooruses mitmesugustel ametikohtadel. 1950. aastast oli Valter vabakutseline kunstnik. Ta kuulus Kunstnike Liitu ja &#8230;<\/p>\n","protected":false},"author":43,"featured_media":0,"parent":6512,"menu_order":0,"comment_status":"closed","ping_status":"closed","template":"","meta":{"_acf_changed":false,"inline_featured_image":false,"footnotes":""},"class_list":["post-8093","page","type-page","status-publish","hentry"],"acf":[],"_links":{"self":[{"href":"https:\/\/sisu.ut.ee\/ewod\/et\/wp-json\/wp\/v2\/pages\/8093","targetHints":{"allow":["GET"]}}],"collection":[{"href":"https:\/\/sisu.ut.ee\/ewod\/et\/wp-json\/wp\/v2\/pages"}],"about":[{"href":"https:\/\/sisu.ut.ee\/ewod\/et\/wp-json\/wp\/v2\/types\/page"}],"author":[{"embeddable":true,"href":"https:\/\/sisu.ut.ee\/ewod\/et\/wp-json\/wp\/v2\/users\/43"}],"replies":[{"embeddable":true,"href":"https:\/\/sisu.ut.ee\/ewod\/et\/wp-json\/wp\/v2\/comments?post=8093"}],"version-history":[{"count":3,"href":"https:\/\/sisu.ut.ee\/ewod\/et\/wp-json\/wp\/v2\/pages\/8093\/revisions"}],"predecessor-version":[{"id":8101,"href":"https:\/\/sisu.ut.ee\/ewod\/et\/wp-json\/wp\/v2\/pages\/8093\/revisions\/8101"}],"up":[{"embeddable":true,"href":"https:\/\/sisu.ut.ee\/ewod\/et\/wp-json\/wp\/v2\/pages\/6512"}],"wp:attachment":[{"href":"https:\/\/sisu.ut.ee\/ewod\/et\/wp-json\/wp\/v2\/media?parent=8093"}],"curies":[{"name":"wp","href":"https:\/\/api.w.org\/{rel}","templated":true}]}}