{"id":7896,"date":"2024-04-03T23:39:15","date_gmt":"2024-04-03T20:39:15","guid":{"rendered":"https:\/\/sisu.ut.ee\/ewod\/?page_id=7896"},"modified":"2026-04-07T15:19:53","modified_gmt":"2026-04-07T12:19:53","slug":"valeeria-villandi","status":"publish","type":"page","link":"https:\/\/sisu.ut.ee\/ewod\/et\/v\/valeeria-villandi\/","title":{"rendered":"Valeeria Villandi"},"content":{"rendered":"<p>Villandi s\u00fcndis Tallinnas, l\u00f5petas 1943. aastal Tallinnas g\u00fcmnaasiumi ja astus 1944. aastal Tartu \u00fclikooli. L\u00f5petas\u00a0Tartu Riikliku \u00dclikooli 1955. aastal kaug\u00f5ppes\u00a0eesti filoloogina. Ta t\u00f6\u00f6tas aastatel 1947\u20131952 Eesti Kirjandusmuuseumis, oli aastatel 1952\u20131954 ajalehe Edasi\u00a0kultuuriosakonna juhataja, aastatel 1954\u20131964 ajakirja Noorus kirjandusosakonna juhataja. Alates\u00a01973. aastast t\u00f6\u00f6tas ta ajakirja Looming toimetuses, esialgu toimetajana ning\u00a0aastatel 1982\u20131991\u00a0vastutava sekret\u00e4rina. Valeeria Villandi oli Eesti Kirjanike Liidu liige alates 1950. aastast.<\/p>\n\n\n\n<p>Esimesed Valeeria Villandi luuletused ilmusid ajakirjanduses\u00a01945. aastal. Villandi deb\u00fcteeris luuleraamatuga \u201eP\u00e4ikese ring\u201c 1957. aastal. Tolleaegses N\u00f5ukogude Liidus kohustuslikke poliitilisi teemasid ja sunduslikult optimistlikku tooni vahendab Villandi esikraamatus k\u00fcllalt isikup\u00e4raselt. Esikkogus ja j\u00e4rgmises luulekogus \u201eKaja\u201c (1969) esineb ka loodusl\u00fc\u00fcrikat, kuid Villandile on algusest peale omasem arutlev-intellektuaalne laad. Luulekogu \u201eKaja\u201c ladusalt ja loomulikult riimuvates v\u00e4rssides vaatleb autor elutarga pilguga j\u00e4rjestikuste p\u00f5lvkondade muresid ja r\u00f5\u00f5me aastaaegade vaheldumises. 1974. aastal ilmus Villandi v\u00e4rsiraamat lastele \u201eH\u00fcpe homsesse\u201c. Luulekogus \u201eMomentv\u00f5tted aegluubis\u201c (2015) k\u00f5netab eakas autor endast ligi 70 aastat hiljem s\u00fcndinud p\u00f5lvkonda, tuues lugejateni m\u00e4lupilte 2. maailmas\u00f5ja ja s\u00f5jaj\u00e4rgse aja katsumustest ja teesklematult lihtsatest r\u00f5\u00f5mudest.<\/p>\n\n\n\n<p>Villandi t\u00f5lkis luuletusi ja proosat peamiselt vene ja saksa keelest. Ta vahendas eesti keelde saksa kirjanike Heinrich B\u00f6lli ja Erwin Strittmatteri novelle.<\/p>\n\n\n\n<p>Villandi koostas ja toimetas luuleraamatuid t\u00e4iskasvanutele ja lastele ning t\u00f5lkis filmitekste, sealhulgas palju N\u00f5ukogude Liidu rahvaste multifilme, t\u00e4nu millele teab Villandi nime enamik eestlastest, kelle lapsep\u00f5lv m\u00f6\u00f6dus N\u00f5ukogude aja teises pooles.<\/p>\n\n\n\n<p><em>L. P.<\/em><\/p>\n\n\n\n<h4 class=\"wp-block-heading\"><br>Raamatud eesti keeles<\/h4>\n\n\n\n<p><strong><em>Luule<\/em><\/strong><br><strong>P\u00e4ikese ring<\/strong>. Tallinn: Eesti Riiklik Kirjastus, 1957. 119 lk.<br><strong>Kaja<\/strong>: v\u00e4rsse aastaist 1957\u20131967. Tallinn: Eesti Raamat, 1969. 80 lk.<br><strong>H\u00fcpe homsesse<\/strong>. Tallinn: Eesti Raamat, 1974. 64 lk.<br><strong>Momentv\u00f5tted aegluubis<\/strong>. Eesti Keele Sihtasutus, 2015. 89 lk.<\/p>\n","protected":false},"excerpt":{"rendered":"<p>Villandi s\u00fcndis Tallinnas, l\u00f5petas 1943. aastal Tallinnas g\u00fcmnaasiumi ja astus 1944. aastal Tartu \u00fclikooli. L\u00f5petas\u00a0Tartu Riikliku \u00dclikooli 1955. aastal kaug\u00f5ppes\u00a0eesti filoloogina. Ta t\u00f6\u00f6tas aastatel 1947\u20131952 Eesti Kirjandusmuuseumis, oli aastatel 1952\u20131954 ajalehe Edasi\u00a0kultuuriosakonna juhataja, aastatel 1954\u20131964 ajakirja Noorus kirjandusosakonna juhataja. Alates\u00a01973. &#8230;<\/p>\n","protected":false},"author":43,"featured_media":0,"parent":6512,"menu_order":0,"comment_status":"closed","ping_status":"closed","template":"","meta":{"_acf_changed":false,"inline_featured_image":false,"footnotes":""},"class_list":["post-7896","page","type-page","status-publish","hentry"],"acf":[],"_links":{"self":[{"href":"https:\/\/sisu.ut.ee\/ewod\/et\/wp-json\/wp\/v2\/pages\/7896","targetHints":{"allow":["GET"]}}],"collection":[{"href":"https:\/\/sisu.ut.ee\/ewod\/et\/wp-json\/wp\/v2\/pages"}],"about":[{"href":"https:\/\/sisu.ut.ee\/ewod\/et\/wp-json\/wp\/v2\/types\/page"}],"author":[{"embeddable":true,"href":"https:\/\/sisu.ut.ee\/ewod\/et\/wp-json\/wp\/v2\/users\/43"}],"replies":[{"embeddable":true,"href":"https:\/\/sisu.ut.ee\/ewod\/et\/wp-json\/wp\/v2\/comments?post=7896"}],"version-history":[{"count":2,"href":"https:\/\/sisu.ut.ee\/ewod\/et\/wp-json\/wp\/v2\/pages\/7896\/revisions"}],"predecessor-version":[{"id":7899,"href":"https:\/\/sisu.ut.ee\/ewod\/et\/wp-json\/wp\/v2\/pages\/7896\/revisions\/7899"}],"up":[{"embeddable":true,"href":"https:\/\/sisu.ut.ee\/ewod\/et\/wp-json\/wp\/v2\/pages\/6512"}],"wp:attachment":[{"href":"https:\/\/sisu.ut.ee\/ewod\/et\/wp-json\/wp\/v2\/media?parent=7896"}],"curies":[{"name":"wp","href":"https:\/\/api.w.org\/{rel}","templated":true}]}}