{"id":7876,"date":"2024-04-03T23:39:56","date_gmt":"2024-04-03T20:39:56","guid":{"rendered":"https:\/\/sisu.ut.ee\/ewod\/?page_id=7876"},"modified":"2026-04-06T19:19:30","modified_gmt":"2026-04-06T16:19:30","slug":"tonis-vilu","status":"publish","type":"page","link":"https:\/\/sisu.ut.ee\/ewod\/et\/v\/tonis-vilu\/","title":{"rendered":"T\u00f5nis Vilu"},"content":{"rendered":"<figure class=\"wp-block-image alignright size-large is-resized\"><a href=\"https:\/\/sisu.ut.ee\/wp-content\/uploads\/sites\/108\/tonis_vilu_alar_madisson-scaled.jpg\"><img loading=\"lazy\" decoding=\"async\" width=\"681\" height=\"1024\" src=\"https:\/\/sisu.ut.ee\/wp-content\/uploads\/sites\/108\/tonis_vilu_alar_madisson-681x1024.jpg\" alt=\"\" class=\"wp-image-6361\" style=\"aspect-ratio:0.6650451260647844;width:256px;height:auto\" title=\"Foto: Alar Madisson\" srcset=\"https:\/\/sisu.ut.ee\/wp-content\/uploads\/sites\/108\/tonis_vilu_alar_madisson-681x1024.jpg 681w, https:\/\/sisu.ut.ee\/wp-content\/uploads\/sites\/108\/tonis_vilu_alar_madisson-200x300.jpg 200w, https:\/\/sisu.ut.ee\/wp-content\/uploads\/sites\/108\/tonis_vilu_alar_madisson-768x1154.jpg 768w, https:\/\/sisu.ut.ee\/wp-content\/uploads\/sites\/108\/tonis_vilu_alar_madisson-1022x1536.jpg 1022w, https:\/\/sisu.ut.ee\/wp-content\/uploads\/sites\/108\/tonis_vilu_alar_madisson-1363x2048.jpg 1363w, https:\/\/sisu.ut.ee\/wp-content\/uploads\/sites\/108\/tonis_vilu_alar_madisson-1920x2885.jpg 1920w, https:\/\/sisu.ut.ee\/wp-content\/uploads\/sites\/108\/tonis_vilu_alar_madisson-scaled.jpg 1703w\" sizes=\"auto, (max-width: 681px) 100vw, 681px\"><\/a><\/figure>\n\n\n\n<p>T\u00f5nis Vilu (s. 14. V 1988) on luuletaja.<\/p>\n\n\n\n<p>Vilu s\u00fcndis ja k\u00e4is koolis V\u00e4ike-Maarjas. \u00d5ppis Tartu \u00dclikoolis kirjandust ja rahvaluulet, 2014. aastal valmis magistrit\u00f6\u00f6 \u201c\u00d6kokriitilise anal\u00fc\u00fcsi v\u00f5imalustest Uku Masingu loodusteksti \u201cM\u00e4lestusi taimedest\u201d n\u00e4itel\u201d. 2014-2021 t\u00f6\u00f6tas Vilu noorte kirjandusajakirja V\u00e4rske R\u00f5hk proosa- ja tegevtoimetajana, samuti tegi 2019-2022 IDA raadios vaimset tervist k\u00e4sitlevat saadet \u201cKatus\u201d. Alates 2026. aastast t\u00f6\u00f6tab Vilu Loomingu kriitikatoimetajana. 2022. aastast Eesti Kirjanike Liidu liige.<\/p>\n\n\n\n<p>Deb\u00fc\u00fctkogu \u201cOh seda p\u00e4ikest\u201d (2013) astub dialoogi eesti loodusluulega ja paistab silma keeletundlikkusega. Alates teisest kogust \u201cIlma\u201d (2014) esitab Vilu oma luuletusi seeriatena. \u201cIlma\u201d kujutab \u00fche tegelase retklemist d\u00fcstoopses maailmas, t\u00f5lgendades kaasaegset tegelikkust. Ulmetemaatika esineb ka v\u00e4rssromaaniks nimetatud kogus \u201cIgavene kevad\u201d (2015), kus selgelt tuleb esile Vilule tunnuslik aja(lise nihestatuse) problemaatika.<\/p>\n\n\n\n<p>T\u00f5nis Vilu loomingu \u00fcks l\u00e4bivaid teemasid on vaimne tervis, mis l\u00e4htub isiklikust kogemusest. Kesksel kohal on vaimse tervise problemaatika 2017. aastal Gustav Suitsu luulepreemia p\u00e4lvinud kogus \u201cKink ps\u00fchholoogile\u201d (2016), mida on m\u00e4\u00e4ratletud ka kui dokumentaalluulet. 2021. aastal Eesti Kultuurkapitali kirjanduse sihtkapitali aastapreemia p\u00e4lvinud \u201cTundekasvatus: Jaapani surmaluuletused\u201d (2020) j\u00e4tkab isikliku ainesega, mille lisanduvad (teravad) reageeringud poliitilistele suundumustele. Vastust otsitakse ka k\u00fcsimusele \u2019kuidas olla hea inimene\u2019. 2023. aastal Gustav Suitsu luulepreemia p\u00e4lvinud kogu \u201cK\u00f5ik linnud valgusele\u201d (2022) t\u00f5ukub enesetapu sooritanud s\u00f5bra m\u00e4lestusest, pakkudes vilulikku \u00fcleminekurikast ja keeletundlikku luulet. Kogu \u201cVana hing\u201d (2023) teemadeks on s\u00f5da, lein ja noore inimese enneaegne v\u00e4simus. \u201cEnne lapsi\u201d (2025) teemaks on, nagu kogu pealkirigi \u00fctleb, lapsed.<\/p>\n\n\n\n<p>T\u00f5nis Vilu p\u00e4lvis 2025. aasta Tartu Linnakirjaniku tiitli.<\/p>\n\n\n\n<p><em>A. K.<\/em><\/p>\n\n\n\n<h4 class=\"wp-block-heading\"><br>Raamatud eesti keeles<\/h4>\n\n\n\n<p><strong><em>Luule<\/em><\/strong><br><strong>Oh seda p\u00e4ikest<\/strong>. Tallinn: V\u00e4rske R\u00f5hk, 2013, 92 lk<br><strong>Ilma<\/strong>. Tallinn: Tuum, 2014, 59 lk<br><strong>Igavene kevad<\/strong>. Tallinn: Tuum, 2015, 143 lk<br><strong>Kink ps\u00fchholoogile<\/strong>. Tallinn: Eesti Keele Sihtasutus, 2016, 83 lk<br><strong>Libavere<\/strong>: m\u00f5ned \u00fcksikud luuletused. Tartu: H\u00e4\u00e4maa, 2018, 67 lk<br><strong>Tundekasvatus: jaapani surmaluuletused<\/strong>. Tartu: H\u00e4\u00e4maa, 2020, 93 lk<br><strong>K\u00f5ik linnud valgusele<\/strong>. Loomingu Raamatukogu 10. 2022, 78 lk<br><strong>Vana hing<\/strong>. Luuletused 2021-2023. V\u00e4ike-Maarja: H\u00e4\u00e4maa, 2023, 73 lk.<br><strong>Enne lapsi<\/strong>. Tartu: H\u00e4\u00e4maa, 2025, 92 lk.<\/p>\n","protected":false},"excerpt":{"rendered":"<p>T\u00f5nis Vilu (s. 14. V 1988) on luuletaja. Vilu s\u00fcndis ja k\u00e4is koolis V\u00e4ike-Maarjas. \u00d5ppis Tartu \u00dclikoolis kirjandust ja rahvaluulet, 2014. aastal valmis magistrit\u00f6\u00f6 \u201c\u00d6kokriitilise anal\u00fc\u00fcsi v\u00f5imalustest Uku Masingu loodusteksti \u201cM\u00e4lestusi taimedest\u201d n\u00e4itel\u201d. 2014-2021 t\u00f6\u00f6tas Vilu noorte kirjandusajakirja V\u00e4rske R\u00f5hk &#8230;<\/p>\n","protected":false},"author":43,"featured_media":0,"parent":6512,"menu_order":0,"comment_status":"closed","ping_status":"closed","template":"","meta":{"_acf_changed":false,"inline_featured_image":false,"footnotes":""},"class_list":["post-7876","page","type-page","status-publish","hentry"],"acf":[],"_links":{"self":[{"href":"https:\/\/sisu.ut.ee\/ewod\/et\/wp-json\/wp\/v2\/pages\/7876","targetHints":{"allow":["GET"]}}],"collection":[{"href":"https:\/\/sisu.ut.ee\/ewod\/et\/wp-json\/wp\/v2\/pages"}],"about":[{"href":"https:\/\/sisu.ut.ee\/ewod\/et\/wp-json\/wp\/v2\/types\/page"}],"author":[{"embeddable":true,"href":"https:\/\/sisu.ut.ee\/ewod\/et\/wp-json\/wp\/v2\/users\/43"}],"replies":[{"embeddable":true,"href":"https:\/\/sisu.ut.ee\/ewod\/et\/wp-json\/wp\/v2\/comments?post=7876"}],"version-history":[{"count":5,"href":"https:\/\/sisu.ut.ee\/ewod\/et\/wp-json\/wp\/v2\/pages\/7876\/revisions"}],"predecessor-version":[{"id":7892,"href":"https:\/\/sisu.ut.ee\/ewod\/et\/wp-json\/wp\/v2\/pages\/7876\/revisions\/7892"}],"up":[{"embeddable":true,"href":"https:\/\/sisu.ut.ee\/ewod\/et\/wp-json\/wp\/v2\/pages\/6512"}],"wp:attachment":[{"href":"https:\/\/sisu.ut.ee\/ewod\/et\/wp-json\/wp\/v2\/media?parent=7876"}],"curies":[{"name":"wp","href":"https:\/\/api.w.org\/{rel}","templated":true}]}}