{"id":7806,"date":"2024-04-03T23:39:27","date_gmt":"2024-04-03T20:39:27","guid":{"rendered":"https:\/\/sisu.ut.ee\/ewod\/?page_id=7806"},"modified":"2025-12-17T00:46:13","modified_gmt":"2025-12-16T22:46:13","slug":"juri-talvet","status":"publish","type":"page","link":"https:\/\/sisu.ut.ee\/ewod\/et\/t\/juri-talvet\/","title":{"rendered":"J\u00fcri Talvet"},"content":{"rendered":"<figure class=\"wp-block-image alignright size-full is-resized\"><a href=\"https:\/\/sisu.ut.ee\/wp-content\/uploads\/sites\/108\/juri_talvet_-_vladas_braziunas.jpg\"><img loading=\"lazy\" decoding=\"async\" width=\"480\" height=\"320\" src=\"https:\/\/sisu.ut.ee\/wp-content\/uploads\/sites\/108\/juri_talvet_-_vladas_braziunas.jpg\" alt=\"\" class=\"wp-image-5802\" style=\"width:572px;height:auto\" title=\"Foto: Vladas Braziunas\" srcset=\"https:\/\/sisu.ut.ee\/wp-content\/uploads\/sites\/108\/juri_talvet_-_vladas_braziunas.jpg 480w, https:\/\/sisu.ut.ee\/wp-content\/uploads\/sites\/108\/juri_talvet_-_vladas_braziunas-300x200.jpg 300w\" sizes=\"auto, (max-width: 480px) 100vw, 480px\"><\/a><\/figure>\n\n\n\n<p>J\u00fcri Talvet (s. 17. XII 1945) on luuletaja, esseist, kirjandusteadlane, t\u00f5lkija ning maailmakirjanduse professor.<\/p>\n\n\n\n<p>Aastatel 1953\u20131964 \u00f5ppis ta P\u00e4rnu Lydia Koidula nimelises 2. keskkoolis. P\u00e4rast s\u00f5jav\u00e4eteenistust \u00f5ppis Talvet Tartu \u00dclikoolis, mille l\u00f5petas 1972. aastal inglise filoloogia erialal. Aastatel 1972\u20131973 oli ta \u00fclikooli ajalehe Tartu \u00dclikool kirjanduslik kaast\u00f6\u00f6taja. Talvet sai 1981. aastal Leningradi \u00dclikoolist doktorikraadi L\u00e4\u00e4ne kirjanduse alal. 1974. aastal asus ta \u00f5petama Tartu \u00dclikoolis L\u00e4\u00e4ne kirjanduse ajalugu. Alates 1992. aastast kuni emeriteerumiseni 2020 t\u00f6\u00f6tas Talvet Tartu \u00dclikooli maailmakirjanduse \u00f5ppetooli professori ja juhatajana. 1992 asutas Talvet ka hispaania keele ja kirjanduse eriala, mida ka juhtis aastani 2020. J\u00fcri Talvet on t\u00e4iendanud end Havanna \u00dclikoolis (1979\u20131980), Madridi Complutense \u00dclikoolis (1985) ja hiljem erinevates \u00fclikoolides Hispaanias, USA-s ja Saksamaal. Ta on alates 1984. aastast Eesti Kirjanike Liidu liige.<\/p>\n\n\n\n<p>Talvet on olnud k\u00fclalislektor ja osalenud konverentsidel \u00fclikoolides \u00fcle maailma. Ta on avaldanud arvukalt uurimuslikke artikleid ja esseesid nii eesti kui ka v\u00e4lismaistes ajakirjades ja kogumikes hispaania keele ja maailmakirjanduse kohta. Ta on panustanud eesti kirjandusteadusse monograafiaga Juhan Liivi luulest ning k\u00e4sitlustega \u201cKalevipojast\u201d, K. J. Petersonist ning 20. sajandi teise poole luulest ja proosast. 1994. aastal oli Talvet \u00fcks Eesti V\u00f5rdleva Kirjandusteaduse Assotsiatsiooni asutajatest ja kuni 2009. aastani selle esimees. 1996. aastal asutas ta rahvusvahelise v\u00f5rdleva kirjandusteaduse ajakirja Interlitteraria, mille peatoimetaja ta on. Aastatel 2000\u20132007 oli Talvet ICLA (International Comparative Literature Association) juhatuse liige. Alates 2012. aastast on ta IAELC (International Association of Ethical Literary Criticism) aseesimees. 2016. aastal valiti ta Academia Europaea liikmeks.<\/p>\n\n\n\n<p>Talveti kirjanduslik deb\u00fc\u00fct toimus 1981. aastal luulekoguga \u201c\u00c4ratused\u201d. 2014. aastal ilmus antoloogia \u201cEesti eleegia ja teisi luuletusi 1981\u20132012\u201d, mis v\u00f5tab kokku tema enam kui 30 aasta luule. Tema esseesid ja osaliselt ka luulet iseloomustavad kultuurilised ja filosoofilised allusioonid. Alates 21. sajandi algusest on tema luule ja esseede t\u00f5lked p\u00e4lvinud t\u00e4helepanu ka v\u00e4ljaspool Eestit.<\/p>\n\n\n\n<p>Talvet alustas t\u00f5lkijana 1970. aastate alguses, samas ka kirjutades t\u00f5lgitud autorite loomingust. Ta on t\u00f5lkinud nii klassikalise kui ka moodsa kirjanduse teoseid paljudest keeltest, sealhulgas hispaania keelest (nt \u201cTormese Lazarillo eluk\u00e4ik\u201d, Tirso de Molina \u201cSevilla pilkaja ja kivist k\u00fclaline\u201d, P. Calder\u00f3n de la Barca \u201cElu on unen\u00e4gu\u201d, G. Garcia Marqueze ja M. Vargas Llosa l\u00fchijutte), inglise keelest (H.L. Hixi luuletused), prantsuse keelest (Vantchev de Thracy \u201cVinum Mysticum\u201d) ja katalaani keelest (J. Cervera luuletused). 2006. aastal asutas Talvet Tartu \u00dclikooli Kirjastuse alla raamatusarjad \u201cMaailmakirjanduse t\u00f5lkevaramu\u201d, \u201cKaasaegne m\u00f5te\u201d ja \u201cKaasaegne luule\u201d. Talvet on koostanud, toimetanud ja osaliselt t\u00f5lkinud teose \u201cAmeerika luule antoloogia\u201d (2008). Tema maailmaluule t\u00f5lked on koondatud kahek\u00f6itelisse antoloogiasse \u201cValitud luulet\u00f5lked I-II\u201d (2021). Ta on koostanud ka Ivar Ivaski esseedekogumikud \u201cT\u00e4htede t\u00e4hendust tunda\u201d (2003) ja \u201cHetked igavikust\u201d (2010), Juhan Liivi luulekogu \u201cLumi tuiskab, mina laulan\u201d (2013) ning Juhan Liivi inglisekeelsed kogumikud \u201cThe Mind Should Bear No Better, I Drift\u201d (2007) ja \u201cSnow Drifts, I Sing\u201d (2013).<\/p>\n\n\n\n<p>J\u00fcri Talvetile on omistatud Juhan Smuuli kirjanduspreemia (1986), Hispaania Kuningriigi Isabel Katoliiklase orden (hispanistika-alase tegevuse eest, 1992), Juhan Liivi luuleauhind (1997), Valget\u00e4he IV klassi teenetem\u00e4rk (2001), Ivar Ivaski m\u00e4lestusfondi stipendium (2002), rahvusvaheline Naji Naamani kirjandusauhind (elut\u00f6\u00f6 eest, 2020), Eesti Vabariigi kultuuri elut\u00f6\u00f6preemia teadust\u00f6\u00f6 eest (2021), Jaan Krossi kirjandusauhind (2022, kahek\u00f6itelise teose \u201cValitud t\u00f5lkeluulet 1970-2020\u201d eest), Kuldse Luuderohu rahvusvaheline luuleauhind (Fushun, Hiina, 2022) ja Aco Karamanovi nimeline rahvusvaheline luuleauhind (Radovi\u0161, P\u00f5hja-Makedoonia, 2023). Ta on ka Tartu aukodanik (alates 2021. aastast).<\/p>\n\n\n\n<p><em>A. N.<\/em><\/p>\n\n\n\n<p><br><a href=\"http:\/\/talvet.edicypages.com\/\" target=\"_blank\" rel=\"noreferrer noopener\"><strong>J\u00fcri Talveti koduleht<\/strong><\/a><\/p>\n\n\n\n<h4 class=\"wp-block-heading\"><br>Raamatud eesti keeles<\/h4>\n\n\n\n<p><strong><em>Luule<\/em><\/strong><br><strong>\u00c4ratused<\/strong>. Tallinn: Eesti Raamat, 1981, 87 lk.<br><strong>Ambur ja karje<\/strong>. Tallinn: Eesti Raamat, 1986, 71 lk.<br><strong>Hinge kulg ja kliima \u00fcllatused<\/strong>. Tallinn: Eesti Raamat, 1990, 95 lk.<br><strong>Eesti eleegia ja teisi luuletusi 1978-1995<\/strong>. Tallinn: Kupar, 1997, 135 lk.<br><strong>Kas sul viinamarju ka on?<\/strong>. Tartu: Ilmamaa, 2001, 79 lk.<br><strong>Unest, lumest<\/strong>. Tartu: Ilmamaa, 2005, 78 lk.<br><strong>Silmad peksavad une seinu<\/strong>. Tartu: Ilmamaa, 2008, 80 lk.<br><strong>Isegi vihmal on hing<\/strong>. \/ J\u00fcri Perler, <strong>Oo Hamlet mu vend!<\/strong>. Tartu: T\u00dc Kirjastus, 2010, 138 lk.<br><strong>Eesti eleegia ja teisi luuletusi 1981-2012<\/strong>. Tartu: Ilmamaa, 2014, 375 lk.<br><strong>oikumeeniline missa<\/strong>. (sada aastat sai sest kui eesti riik s\u00fcndis \u2026). v\u00e4rsskroonika 2017-2018. Tallinn: J. Perler, 2018, 74 lk.<br><strong>Tsampika ja teisi luuletusi<\/strong>. Tartu: Ilmamaa, 2020, 84 lk.<br><strong>See maa peal saladuseks j\u00e4\u00e4ma pidi<\/strong>. Tartu: Ilmamaa, 2024, 128 lk.<\/p>\n\n\n\n<p><strong><em>Artiklid, esseed<\/em><\/strong><em><strong> ja uurimused<\/strong><\/em><br><strong>Teekond Hispaaniasse<\/strong>. Tallinn: Perioodika, 1985,\u00a0 102 lk. [Esseed.]<br><strong>Hispaaniast Ameerikasse<\/strong>. Tallinn: Eesti Raamat, 1992, 269 lk.\u00a0[Esseed. Sisu: \u2018Teekond Hispaaniasse\u2019, 2nd ed, \u2018Troobid troopikas\u2019, \u2018Mehhiko s\u00fcdames\u2019, \u2018Managua p\u00e4evik\u2019.]<br><strong>Hispaania vaim<\/strong>. Tartu: Ilmamaa, 1995, 384 lk. [Esseed.]<br><strong>Ameerika m\u00e4rkmed ehk kaemusi Eestist<\/strong>. Tartu: Ilmamaa, 2000, 143 lk.\u00a0[Esseed.]<br><strong>S\u00fcmbiootiline kultuur: m\u00f5tisklus U-st<\/strong>. Tartu: Tartu \u00dclikooli Kirjastus, 2005, 75 lk.\u00a0[Esseed.]<br><strong>T\u00f5rjumatu \u00e4\u00e4r<\/strong>. Tartu: Ilmamaa, 2005, 525 lk. [Esseed.]<br><strong>Juhan Liivi luule<\/strong>. Monograafia. Tallinn: T\u00e4nap\u00e4ev, 2012, 245 lk.<br><strong>K\u00fcmme kirja Montaigne\u2019ile. \u201eIse\u201c ja \u201eteine\u201c<\/strong>.\u00a0 Tartu: Tartu \u00dclikooli Kirjastus, 2014, 175 lk.\u00a0[Esseed.]<br><strong>Luulest<\/strong>. Tartu: Tartu \u00dclikooli Kirjastus, 2015, 445 lk.\u00a0[Esseed.]<br><strong>Tundmised<\/strong>. Tartu: Tartu \u00dclikooli Kirjastus, 2019, 207 lk.<br><strong>S\u00fcnnimaa, kui t\u00f5usta suudad\u2026 Rahvusliku vaimuloome algustest<\/strong>. Tartu: T\u00dc Kirjastus, 2024. 120 lk. [Esseed.]<\/p>\n\n\n\n<p><\/p>\n","protected":false},"excerpt":{"rendered":"<p>J\u00fcri Talvet (s. 17. XII 1945) on luuletaja, esseist, kirjandusteadlane, t\u00f5lkija ning maailmakirjanduse professor. Aastatel 1953\u20131964 \u00f5ppis ta P\u00e4rnu Lydia Koidula nimelises 2. keskkoolis. P\u00e4rast s\u00f5jav\u00e4eteenistust \u00f5ppis Talvet Tartu \u00dclikoolis, mille l\u00f5petas 1972. aastal inglise filoloogia erialal. Aastatel 1972\u20131973 oli &#8230;<\/p>\n","protected":false},"author":43,"featured_media":0,"parent":6510,"menu_order":0,"comment_status":"closed","ping_status":"closed","template":"","meta":{"_acf_changed":false,"inline_featured_image":false,"footnotes":""},"class_list":["post-7806","page","type-page","status-publish","hentry"],"acf":[],"_links":{"self":[{"href":"https:\/\/sisu.ut.ee\/ewod\/et\/wp-json\/wp\/v2\/pages\/7806","targetHints":{"allow":["GET"]}}],"collection":[{"href":"https:\/\/sisu.ut.ee\/ewod\/et\/wp-json\/wp\/v2\/pages"}],"about":[{"href":"https:\/\/sisu.ut.ee\/ewod\/et\/wp-json\/wp\/v2\/types\/page"}],"author":[{"embeddable":true,"href":"https:\/\/sisu.ut.ee\/ewod\/et\/wp-json\/wp\/v2\/users\/43"}],"replies":[{"embeddable":true,"href":"https:\/\/sisu.ut.ee\/ewod\/et\/wp-json\/wp\/v2\/comments?post=7806"}],"version-history":[{"count":8,"href":"https:\/\/sisu.ut.ee\/ewod\/et\/wp-json\/wp\/v2\/pages\/7806\/revisions"}],"predecessor-version":[{"id":7824,"href":"https:\/\/sisu.ut.ee\/ewod\/et\/wp-json\/wp\/v2\/pages\/7806\/revisions\/7824"}],"up":[{"embeddable":true,"href":"https:\/\/sisu.ut.ee\/ewod\/et\/wp-json\/wp\/v2\/pages\/6510"}],"wp:attachment":[{"href":"https:\/\/sisu.ut.ee\/ewod\/et\/wp-json\/wp\/v2\/media?parent=7806"}],"curies":[{"name":"wp","href":"https:\/\/api.w.org\/{rel}","templated":true}]}}