{"id":7744,"date":"2025-10-31T12:00:21","date_gmt":"2025-10-31T10:00:21","guid":{"rendered":"https:\/\/sisu.ut.ee\/ewod\/?page_id=7744"},"modified":"2025-10-31T12:00:22","modified_gmt":"2025-10-31T10:00:22","slug":"juhan-paju-kohta","status":"publish","type":"page","link":"https:\/\/sisu.ut.ee\/ewod\/et\/p\/juhan-paju\/juhan-paju-kohta\/","title":{"rendered":"Juhan Paju kohta"},"content":{"rendered":"<p><strong><em>Artiklid<\/em><\/strong><br>Henn-Kaarel Hellat, <strong>J\u00e4rels\u00f5na romaaniv\u00f5istlusele<\/strong>. \u2013 Reede, 5. V 1990, lk 4. [2. koha p\u00e4lvinud romaanist \u2018Hiromandi kokteil\u2019.]<br>Oskar Tanner, <strong>Bestseller j\u00f5uab Eesti kirjandusse<\/strong>. \u2013 S\u00f5numileht, 22. VIII 1997, lk 14. [Raamatust \u2018Katkenud romaan\u2019.]<br>Maimu Berg, <strong>Juhan Paju 11. III 1939\u201330. VII 2003 [nekroloog]<\/strong>. \u2013 Looming, nr 9, 2003, lk 1437\u20131438.<br>Hannu Oittinen, <strong>Juhan Paju in memoriam<\/strong>. \u2013 Keel ja Kirjandus, nr 11, 2003, lk 874\u2013875.<br>Olev Remsu, <strong>Juhan Paju \u2013 palju t\u00f5lgitud kirjanik. M\u00e4lestusuiteid Juhan Pajust<\/strong>. \u2013 L\u00e4\u00e4ne Elu, 11. VII 2009, lk 15.<\/p>\n\n\n\n<p><strong><em>Arvustused<\/em><\/strong><br>Tarmo Vahter, <strong>Esimesed tr\u00fckiproovid<\/strong>. \u2013 Vikerkaar, nr 12, 1991, lk 77\u201378. [Romaanidest \u2018Haapsalu detektiiv\u2019, \u2018Kagupassaat\u2019.]<br>K\u00e4rt R\u00f5\u00f5mus, <strong>Eesti puuslik p\u00fcrib Peterburgi viirastuseks<\/strong>. \u2013 P\u00e4evaleht, 30. V 1995, lk 11. [Romaanist \u2018Sankt-Peterburgi viirastused\u2019.]<br>Tarmo Vahter, <strong>Juurdlust toimetab kli\u0161ee<\/strong>. \u2013 Vikerkaar, nr 8, 1995, lk 78\u201380. [Romaanist \u2018Lasud kodut\u00e4naval\u2019.]<br>Peeter K\u00fcnstler, <strong>Juhan Paju toodab p\u00f5nevust<\/strong>. \u2013 Eesti P\u00e4evaleht, 17. VI 1997, lk 7. [Raamatust \u2018Katkenud romaan\u2019.]<br>Peeter K\u00fcnstler, <strong>Paju vidin<\/strong>. \u2013 S\u00f5numileht, 11. VIII 1997, lk 14. [Romaanist \u2018H\u00f5\u00f5guv rist\u2019.]<br>Arno Oja, <strong>Pajukokteil varupiiriga<\/strong>. \u2013 Eesti P\u00e4evaleht, 30. VIII 1997, lk 8. [\u2018H\u00f5\u00f5guv rist\u2019.]<br>Peeter K\u00fcnstler, <strong>Kogub kirjanduslikku soliidsust<\/strong>. \u2013 Eesti Ekspress, 13. V 1999, lk B12. [Romaanist \u2018Vanaema m\u00f5is\u2019.]<br>Paula Sering, <strong>K\u00f5ige toredamad on eestlased<\/strong>. \u2013 Looming, nr 7, 1999, lk 1107\u20131108. [\u2018Vanaema m\u00f5is\u2019.]<br>Priit-Kalev Parts, <strong>Unelmad vanaema m\u00f5isast<\/strong>. \u2013 L\u00e4\u00e4ne Elu, 11. XII 1999, lk 5. [\u2018Vanaema m\u00f5is\u2019.]<br>Rutt Hinrikus, <strong>\u00dcks lahe ja vanamoodne ajalooromaan<\/strong>. \u2013 Eesti P\u00e4evaleht: Arkaadia, 31. XII 1999, lk 9. [\u2018Vanaema m\u00f5is\u2019.]<br>Hannes Varblane, <strong>Ai tsihh, ai tsahh, ai tsahh, ai velled<\/strong>. \u2013 Looming, nr 12, 2001, lk 1903\u20131906. [\u2018Vanaema m\u00f5is\u2019. Ilmunud ka: Ilmavallas. Tartu: Ilmamaa, 2002, 270 lk, lk 219\u2013222.]<\/p>\n\n\n\n<p><strong><em>Intervjuu<\/em><\/strong><br><strong>\u00dcks omap\u00e4rane mees [intervjuu Juhan Pajuga]<\/strong>. \u2013 Videvik, 20. VI 2002, lk 2.<\/p>\n","protected":false},"excerpt":{"rendered":"<p>ArtiklidHenn-Kaarel Hellat, J\u00e4rels\u00f5na romaaniv\u00f5istlusele. \u2013 Reede, 5. V 1990, lk 4. [2. koha p\u00e4lvinud romaanist \u2018Hiromandi kokteil\u2019.]Oskar Tanner, Bestseller j\u00f5uab Eesti kirjandusse. \u2013 S\u00f5numileht, 22. VIII 1997, lk 14. [Raamatust \u2018Katkenud romaan\u2019.]Maimu Berg, Juhan Paju 11. III 1939\u201330. VII 2003 &#8230;<\/p>\n","protected":false},"author":43,"featured_media":0,"parent":7742,"menu_order":0,"comment_status":"closed","ping_status":"closed","template":"","meta":{"_acf_changed":false,"inline_featured_image":false,"footnotes":""},"class_list":["post-7744","page","type-page","status-publish","hentry"],"acf":[],"_links":{"self":[{"href":"https:\/\/sisu.ut.ee\/ewod\/et\/wp-json\/wp\/v2\/pages\/7744","targetHints":{"allow":["GET"]}}],"collection":[{"href":"https:\/\/sisu.ut.ee\/ewod\/et\/wp-json\/wp\/v2\/pages"}],"about":[{"href":"https:\/\/sisu.ut.ee\/ewod\/et\/wp-json\/wp\/v2\/types\/page"}],"author":[{"embeddable":true,"href":"https:\/\/sisu.ut.ee\/ewod\/et\/wp-json\/wp\/v2\/users\/43"}],"replies":[{"embeddable":true,"href":"https:\/\/sisu.ut.ee\/ewod\/et\/wp-json\/wp\/v2\/comments?post=7744"}],"version-history":[{"count":1,"href":"https:\/\/sisu.ut.ee\/ewod\/et\/wp-json\/wp\/v2\/pages\/7744\/revisions"}],"predecessor-version":[{"id":7745,"href":"https:\/\/sisu.ut.ee\/ewod\/et\/wp-json\/wp\/v2\/pages\/7744\/revisions\/7745"}],"up":[{"embeddable":true,"href":"https:\/\/sisu.ut.ee\/ewod\/et\/wp-json\/wp\/v2\/pages\/7742"}],"wp:attachment":[{"href":"https:\/\/sisu.ut.ee\/ewod\/et\/wp-json\/wp\/v2\/media?parent=7744"}],"curies":[{"name":"wp","href":"https:\/\/api.w.org\/{rel}","templated":true}]}}