{"id":7742,"date":"2024-04-03T23:41:49","date_gmt":"2024-04-03T20:41:49","guid":{"rendered":"https:\/\/sisu.ut.ee\/ewod\/?page_id=7742"},"modified":"2025-10-31T12:01:24","modified_gmt":"2025-10-31T10:01:24","slug":"juhan-paju","status":"publish","type":"page","link":"https:\/\/sisu.ut.ee\/ewod\/et\/p\/juhan-paju\/","title":{"rendered":"Juhan Paju"},"content":{"rendered":"<figure class=\"wp-block-image alignright size-full is-resized\"><a href=\"https:\/\/sisu.ut.ee\/wp-content\/uploads\/sites\/108\/juhan_paju_harles_pilter.jpg\"><img loading=\"lazy\" decoding=\"async\" width=\"853\" height=\"565\" src=\"https:\/\/sisu.ut.ee\/wp-content\/uploads\/sites\/108\/juhan_paju_harles_pilter_vaike.jpg\" alt=\"\" class=\"wp-image-6128\" style=\"width:563px;height:auto\" title=\"Foto: Harles Pilter\" srcset=\"https:\/\/sisu.ut.ee\/wp-content\/uploads\/sites\/108\/juhan_paju_harles_pilter_vaike.jpg 853w, https:\/\/sisu.ut.ee\/wp-content\/uploads\/sites\/108\/juhan_paju_harles_pilter_vaike-300x199.jpg 300w, https:\/\/sisu.ut.ee\/wp-content\/uploads\/sites\/108\/juhan_paju_harles_pilter_vaike-768x509.jpg 768w\" sizes=\"auto, (max-width: 853px) 100vw, 853px\"><\/a><\/figure>\n\n\n\n<p>Juhan Paju (11. III 1939 \u2013 30. VII 2003) oli ajakirjanik, publitsist ja prosaist, v\u00e4hemal m\u00e4\u00e4ral ka luuletaja. Teda m\u00e4letatakse eelk\u00f5ige ladusalt loetavate kriminaalromaanide autorina, kelle tegevuspaigad seostuvad Haapsalu linnaga, kus ta mitmeid aastak\u00fcmneid elas.<\/p>\n\n\n\n<p>Paju s\u00fcndis Tallinnas J\u00e4rvakandi klaasivabriku t\u00f6\u00f6liste pojana. Arstid avastasid tal kaasas\u00fcndinud s\u00fcdamerikke ja prognoosisid talle l\u00fchikest eluiga. Elu jooksul tehti talle arvukaid meditsiinilisi operatsioone. Paju kasvas \u00fcles J\u00e4rvakandis ja l\u00f5petas 1958. aastal V\u00e4ndra Keskkooli. Ta \u00f5ppis Tallinna Pol\u00fctehnikumis raadiotehnikat, t\u00f6\u00f6tas aastatel 1960\u20131963 Tallinnas Teaduste Akadeemia K\u00fcberneetika Instituudis elektromehaanikuna ning aastatel 1968\u20131969 Karjalas Muuj\u00e4rvi rajooni ajalehe fotokorrespondendina. Ligikaudu sel ajal tutvus ta oma venelannast abikaasaga (hilisem f\u00fc\u00fcsika \u00f5petajanna Haapsalus), perekonda s\u00fcndis \u00fcks poeg. 1968. aastal l\u00f5petas Juhan Paju Tartu Riiklikus \u00dclikoolis ajakirjanduse eriala. Aastatel 1972\u20131974 t\u00f6\u00f6tas ta Haapsalu ajalehe \u201eT\u00f6\u00f6rahva Lipp\u201c toimetuses kohalike raadiosaadete korrespondendina, aastatel 1977\u20131986 samas ajalehes ajakirjanikuna. Vahepeal, aastatel 1974 kuni 1977 oli ta Hiiumaal Ristnas ja Hobulaiul majakavaht. Majakavahi t\u00f6\u00f6 pakkus talle vaheldust ja andis inspiratsiooni, ta r\u00e4\u00e4kis s\u00f5pradele, et ta armastab merd. Imetlust ja aukartust mere ees on tajuda 1970. aastate algul Haapsalu ajalehes avaldatud loodusromantilistest luuletustest. Ajalehes \u201eT\u00f6\u00f6rahva Lipp\u201c 1978. aastal ilmunud olukirjelduse \u201eRoostetanud maa\u201c eest v\u00f5itis ta kolmanda koha Baltimaade ja Valgevene noorsooajakirjade korraldatud publitsistikav\u00f5istlusel Bellaad. 1980. aastatest p\u00e4rineb Juhan Pajult kodu-uurimuslikke t\u00f6id ja Haapsalu ajalehes ilmunud 41 mereteemalist lehek\u00fclge \u201eTuulte roos\u201c.<\/p>\n\n\n\n<p>Paju esimesed seiklusromaanid \u201eKagupassaat\u201c, \u201eHiromandi kokteil\u201c ja \u201eHaapsalu detektiiv\u201c ilmusid aastatel 1990\u20131991. Nendega algas tema ebatavaliselt viljakas kirjandusalane tegevus (12 aasta jooksul avaldati temalt 12 romaani ja muidki teoseid), mis kestis kuni kirjaniku surmani 2003. aastal. Suur osa Paju 1990. aastate loomingust t\u00f5lgiti kiiresti soome keelde ja ilmus ka Soomes, kus seda saatis arvestatav lugejamenu ja kriitikute t\u00e4helepanu. Eesti kriitik Peeter K\u00fcnstler s\u00f5nastas oma 1997. aastal ilmunud arvustuse pealkirja: \u201eJuhan Paju toodab p\u00f5nevust\u201c. See s\u00f5nastus iseloomustab h\u00e4sti Paju rolli jutu- ja romaanikirjanikuna. Lisaks detektiivromaani \u017eanrile j\u00f5udis ta j\u00e4rgi proovida ka ulmeromaani ja ajaloolise jutustuse \u017eanri.<\/p>\n\n\n\n<p><em>L. P.<\/em><\/p>\n\n\n\n<h4 class=\"wp-block-heading\"><br>Raamatud eesti keeles<\/h4>\n\n\n\n<p><strong><em>Luule<\/em><\/strong><br><strong>Kuuvalge \u00f5htulaul<\/strong>. Haapsalu: Anamnesia, 2001, 72 lk.<\/p>\n\n\n\n<p><strong><em>Romaanid<\/em><\/strong><br><strong>Haapsalu detektiiv<\/strong>. Vormsi: Nastiku Kirjastustalu, 1990, 114 lk.<br><strong>Hiromandi kokteil<\/strong>. Tallinn: Eesti Raamat, 1991, 148 lk.<br><strong>Kagu-passaat<\/strong>. Haapsalu: Velle, 1991, 134 lk.<br><strong>Sankt-Peterburgi viirastused<\/strong>. Tallinn: Hara, 1993, 128 lk.<br><strong>Surm Hundikaril<\/strong>. Haapsalu: Ajaleht \u201cL\u00e4\u00e4ne Elu\u201d, 1993, 94 lk.<br><strong>Suur \u0161antaa\u017e<\/strong>. Tallinn: Hara, 1993, 201 lk.<br><strong>Lasud kodut\u00e4naval<\/strong>. Tallinn: Kupar, 1995, 303 lk.<br><strong>Katkenud romaan<\/strong>. Tallinn: Eesti Raamat, 1997, 198 lk.<br><strong>H\u00f5\u00f5guv rist<\/strong>. Lemberomaan \u00fche laiba ja vampiiriga. Tallinn: Eesti Raamat, 1997, 253 lk.<br><strong>Vanaema m\u00f5is. Esimene raamat<\/strong>. I\u2013II osa. Tallinn: Varrak, 1999, 255 lk.<br><strong>Vanaema m\u00f5is. Teine raamat<\/strong>. III osa. Tallinn: Varrak, 2000, 263 lk.<br><strong>Kadunud viiuldaja<\/strong>. Tallinn: Vastus, 2001, 159 lk.<br><strong>Mudasegaja armuke<\/strong>. Tallinn: Ersen, 2003, 172 lk.<\/p>\n\n\n\n<p><strong><em>Reisijuht<\/em><\/strong><br><strong>Haapsalu juht<\/strong>. Tallinn: Eesti Raamat, 1986, 77 lk.<\/p>\n\n\n\n<h4 class=\"wp-block-heading\"><a href=\"https:\/\/sisu.ut.ee\/ewod\/et\/p\/juhan-paju\/juhan-paju-kohta\/\" data-type=\"page\" data-id=\"7744\">Artiklid ja arvustused Juhan Paju kohta<\/a><\/h4>\n","protected":false},"excerpt":{"rendered":"<p>Juhan Paju (11. III 1939 \u2013 30. VII 2003) oli ajakirjanik, publitsist ja prosaist, v\u00e4hemal m\u00e4\u00e4ral ka luuletaja. Teda m\u00e4letatakse eelk\u00f5ige ladusalt loetavate kriminaalromaanide autorina, kelle tegevuspaigad seostuvad Haapsalu linnaga, kus ta mitmeid aastak\u00fcmneid elas. Paju s\u00fcndis Tallinnas J\u00e4rvakandi klaasivabriku &#8230;<\/p>\n","protected":false},"author":43,"featured_media":0,"parent":6501,"menu_order":0,"comment_status":"closed","ping_status":"closed","template":"","meta":{"_acf_changed":false,"inline_featured_image":false,"footnotes":""},"class_list":["post-7742","page","type-page","status-publish","hentry"],"acf":[],"_links":{"self":[{"href":"https:\/\/sisu.ut.ee\/ewod\/et\/wp-json\/wp\/v2\/pages\/7742","targetHints":{"allow":["GET"]}}],"collection":[{"href":"https:\/\/sisu.ut.ee\/ewod\/et\/wp-json\/wp\/v2\/pages"}],"about":[{"href":"https:\/\/sisu.ut.ee\/ewod\/et\/wp-json\/wp\/v2\/types\/page"}],"author":[{"embeddable":true,"href":"https:\/\/sisu.ut.ee\/ewod\/et\/wp-json\/wp\/v2\/users\/43"}],"replies":[{"embeddable":true,"href":"https:\/\/sisu.ut.ee\/ewod\/et\/wp-json\/wp\/v2\/comments?post=7742"}],"version-history":[{"count":3,"href":"https:\/\/sisu.ut.ee\/ewod\/et\/wp-json\/wp\/v2\/pages\/7742\/revisions"}],"predecessor-version":[{"id":7747,"href":"https:\/\/sisu.ut.ee\/ewod\/et\/wp-json\/wp\/v2\/pages\/7742\/revisions\/7747"}],"up":[{"embeddable":true,"href":"https:\/\/sisu.ut.ee\/ewod\/et\/wp-json\/wp\/v2\/pages\/6501"}],"wp:attachment":[{"href":"https:\/\/sisu.ut.ee\/ewod\/et\/wp-json\/wp\/v2\/media?parent=7742"}],"curies":[{"name":"wp","href":"https:\/\/api.w.org\/{rel}","templated":true}]}}