{"id":7731,"date":"2025-10-31T08:51:41","date_gmt":"2025-10-31T06:51:41","guid":{"rendered":"https:\/\/sisu.ut.ee\/ewod\/?page_id=7731"},"modified":"2025-11-04T11:35:26","modified_gmt":"2025-11-04T09:35:26","slug":"ilmar-laabani-kohta","status":"publish","type":"page","link":"https:\/\/sisu.ut.ee\/ewod\/et\/l\/ilmar-laaban\/ilmar-laabani-kohta\/","title":{"rendered":"Ilmar Laabani kohta"},"content":{"rendered":"<p><strong><em>Artiklid<\/em><\/strong><br>Aleksander Aspel, <strong>S\u00fcrrealism ja Ilmar Laabani \u2018Rroosi Selaviste\u2019<\/strong>. \u2013 Mana, nr 1, 1959, lk 17\u201333. [Ilmunud ka: Vikerkaar, nr 3, 1989, lk 55\u201364; Kirjad Pariisist. Tartu: Ilmamaa, 2000, 583 lk, lk 375\u2013399.]<br>Aleksander Aspel, <strong>Laaban Iowa Citys<\/strong>. \u2013 Mana, nr 1\/2, 1965, lk 78\u201379. [Ilmar Laabani USA-s Iowa Citys peetud loengust \u2018Image of thing, symbol or sound: trends in contemporary European poetry\u2019. Ilmunud ka: Aleksander Aspel, Kirjad Pariisist, Tartu: Ilmamaa, 2000, lk 362\u2013363.]<br>Ilmar Mikiver, <strong>Merele, mis mere, neitsile, mis neitsi kohus<\/strong>. \u2013 Mana, nr 40, 1973, lk 81\u201389. [Katse t\u00f5lgendada \u2018Ankruketi l\u00f5ppu\u2019.]<br>Olev Mikiver, <strong>Ilmar Laaban 60 aastat<\/strong>. \u2013 Teataja, 5. XII 1981, lk 6.<br>Arno Oja, <strong>Ilmar Laaban ajast ja luulest<\/strong>. \u2013 Looming, nr 11, 1989, lk 1575\u20131576.<br>Ain Kaalep, <strong>Ilmar Laaban Tartus<\/strong>. \u2013 Edasi, 8. XII 1989.<br>Ilmar Mikiver, <strong>Mis on \u2018Elbumus\u2019?<\/strong> \u2013 Akadeemia, nr 10, 1991, lk 2121\u20132138. [Ilmar Laabanist lk 2134\u20132135.]<br>Hando Runnel, <strong>Laaban 70<\/strong>. \u2013 Sirp, 13. XII 1991, lk 5.<br>Arne Merilai, <strong>\u2018Kivik\u00f6iek\u00f6ha\u2019. Ilmar Laabani luule ps\u00fchhoanal\u00fc\u00fcs<\/strong>. \u2013 Keel ja Kirjandus, nr 5, 1993, lk 257\u2013263.<br>Andres Ehin, <strong>Ankruketist kinni<\/strong>. \u2013 Looming, nr 12, 1996, lk 1682\u20131686.<br>Ants Juske, <strong>Ilmar Laaban 75<\/strong>. \u2013 Eesti P\u00e4evaleht, 11. XII 1996, lk 7.<br>Jaan Malin, <strong>Loomulik Ilmar Laaban<\/strong>. \u2013 Postimees, 11. XII 1996, lk 21. [Ilmar Laaban 75.]<br>Ilmar Mikiver, <strong>Noor Ilmar Laaban<\/strong>. \u2013 Kultuurileht, 13. XII 1996, lk 18. [Ilmar Laaban 75.]<br>Harry Liivrand, <strong>Ilmar Laaban, v\u00e4hemlane v\u00e4hemuses<\/strong>. \u2013 Eesti Ekspress, 13. XII 1996, lk B3.<br>Vahur Linnuste, <strong>Miks Ilmar Laaban on erakordne?<\/strong> \u2013 Kultuurimaa, 18. XII 1996, lk 18.<br>Hasso Krull, <strong>Paragramm ja t\u00e4mber: Ilmar Laabani \u2018Rroosi selaviste\u2019 ja h\u00e4\u00e4lutused<\/strong>. \u2013 Looming, nr 12, 1996, lk 1687\u20131692. [Ilmunud ka: Hasso Krull, Millimallikas: kirjutised 1996\u20132000, Tallinn: Vagabund, 2000, 258 lk, lk 53\u201362.]<br>Hando Runnel, <strong>Laaban<\/strong>. \u2013 Jooksu pealt suudeldud. Tartu: Ilmamaa, 1998, 559 lk, lk 223\u2013226.<br><strong>Ilmar Laaban 78<\/strong>. \u2013 Postimees, 11. XII 1999, lk 19.<br>Eesti Kirjanike Liit, <strong>In memoriam: Ilmar Laaban<\/strong>. \u2013 Eesti P\u00e4evaleht, 1. XII 2000, lk 12A.<br>Eesti Kirjanike Liit, <strong>In memoriam Ilmar Laaban<\/strong>. \u2013 Postimees. 2. XII 2000, lk 20.<br><strong>Suri Ilmar Laaban<\/strong>. \u2013 Vaba Eestlane, 5. XII 2000.<br>Harry Liivrand, <strong>Laaban, lahkumatu: Ilmar Laaban (11. 12. 1921\u201329. 11. 2000) in memoriam<\/strong>. \u2013 Eesti Ekspress, 7. XII 2000, lk B10.<br><strong>Suri Ilmar Laaban<\/strong>. \u2013 Eesti P\u00e4evaleht=Estniska Dagbladet, 7. XII 2000.<br>Eesti Kirjanike Liit, <strong>[Nekroloog]<\/strong>. \u2013 Sirp, 8. XII 2000, lk 20.<br>Ilmar Mikiver, <strong>Ilmar Laaban in memoriam<\/strong>. \u2013 Meie Elu=Our Life: Estonian weekly, 20. XII 2000, lk 5.<br>Arvo M\u00e4gi, <strong>Ilmar Laaban in memoriam<\/strong>. \u2013 Eesti P\u00e4evaleht=Estniska Dagbladet, 21. XII 2000.<br>Andres Ehin, <strong>Suur s\u00fcrrealist on lahkunud<\/strong>. \u2013 Looming, nr 12, 2000, lk 1907\u20131908.<br>Ilse Lehiste, <strong>Keelebarj\u00e4\u00e4rid ja Ilmar Laabani luule<\/strong>. \u2013 Keel kirjanduses. Tartu: Ilmamaa, 2000, 303 lk, lk 247\u2013255. [Algup\u00e4raselt: Language barriers and the poetry of Ilmar Laaban. Journal of Baltic Studies, nr 4, 1978.]<br>Jaan Malin, <strong>Ilmar Laaban 1921\u20132001<\/strong>. \u2013 Sirp, 19. I 2001, lk 11.<br>Ilmar Mikiver, <strong>Teiselpool vett teiselpool tuld: Ilmar Laaban RIP<\/strong>. \u2013 Teataja, 20. I 2001. [Meenutusi koosoldud ajast, \u00fclevaade luuletaja ja t\u00f5lkija eluteest.]<br>Jaan Malin, <strong>Ilmar Laaban: mees meile ja neile (11. XII 1921\u201329. XI 2000)<\/strong>. \u2013 Keel ja Kirjandus, nr 3, 2001, lk 212\u2013214.<br>Hellar Grabbi, <strong>All\u00fc\u00fcriline l\u00fc\u00fcriline all\u00fc\u00fcriline: m\u00e4lestusm\u00e4rkmeid Ilmar Laabanist<\/strong>. \u2013 Looming, nr 2, 2004, lk 254\u2013265. [Sisaldab Ilmar Laabani luuletuste \u2018Laul suurest Stalinist\u2019 ja \u2018Armastajad\u2019 esitr\u00fckke.]<br>Kivisildnik, <strong>2007. aasta luule. Otsatu h\u00e4marus Laaban-m\u00f5\u00f5dustiku valguses<\/strong>. \u2013 Eesti Kirjanduse Seltsi aastaraamat, 33\/2007. Tartu: Eesti Kirjanduse Selts, 2010, lk 37\u201346.<br>Eik Hermann, <strong>Laaban ja koerad<\/strong>. \u2013 Vikerkaar, nr 1\/2, 2009, lk 92\u2013104.<br>Jaan Malin, <strong>Asi sai alguse<\/strong>. \u2013 Looming, nr 2, 2009, lk 302\u2013303.<br>Arno Oja, <strong>Ilmar Laabani luule algatuslikkus<\/strong>. \u2013 Kajaloodi vari: artikleid ja arvustusi 1989\u20132016. Tallinn: Eesti Keele Sihtasutus, 363 lk, lk 30\u201341.<br>Tiina Ann Kirss, Aija Sakova, <strong>Ilmar Laabani (luule)dialoog Paul Celani ja Nelly Sachsiga<\/strong>. \u2013 Methis, nr 29 [Kirjandus ja avatus: Jaan Kaplinski ja Ilmar Laaban], 2022, lk 52\u201369.<br>Hasso Krull, <strong>\u2018Kunstiteoses kohtub subjekt Teisega\u2019: Ilmar Laabani muusikameel<\/strong>. \u2013 Methis, nr 29 [Kirjandus ja avatus: Jaan Kaplinski ja Ilmar Laaban], 2022, lk 176\u2013180.<br>Marin Laak, Kanni Labi, Laura Nemvalts, <strong>Sissevaateks Ilmar Laabani k\u00e4sikirjalisse p\u00e4randisse: omaelulooline visand s\u00f5japagulase algusaastatest<\/strong>. \u2013 Tuna, nr 1, 2022, lk 120\u2013130. [Lk 126\u2013130 Laabani enese tekstid.]<\/p>\n\n\n\n<p><em><strong>Arvustused<\/strong><\/em><br>Karl Ristikivi, <strong>Ankruta luule<\/strong>. \u2013 Viimne vabadus. Tartu: Ilmamaa, 1996, 543 lk, lk 421\u2013423. [Arvustus raamatule \u2018Ankruketi l\u00f5pp on laulu algus\u2019.]<br>Aita Kivi, <strong>Laaban l\u00f5hub naljamehekuulsust<\/strong>. \u2013 S\u00f5numileht, 12. IV 1997, lk 16. [Arvustus raamatule \u2018Marsyase nahk: Tekste tekstidest. Tekste piltidest\u2019.]<br>Peeter K\u00fcnstler, <strong>Raudr\u00fc\u00fcl\u00f5hnaline vaim<\/strong>. \u2013 Eesti P\u00e4evaleht, 28. IV 1997, lk 8. [\u2018Marsyase nahk\u2019.]<br>Marek Tamm, <strong>Magneetiline Laaban<\/strong>. \u2013 Postimees: Arter, 27. X 2001, lk 12. [Arvustus raamatule \u2018Magneetiline j\u00f5gi: v\u00e4rsit\u00f5lkeid prantsuse ja rootsi luulest\u2019.]<br>Rolf Liiv, <strong>Ikka ja j\u00e4lle tagasi erootiliste motiivide juurde<\/strong>. \u2013 Eesti P\u00e4evaleht: Arkaadia, 7. I 2005, lk 15. [Arvustus raamatule \u2018S\u00f5nade s\u00fclemid, s\u00fclemite s\u00fcsteemid\u2019.]<br>Erkki Luuk, <strong>Ilmar Laaban: keel ja s\u00fcsteem<\/strong>. \u2013 Postimees, 8. I 2005, lk 20. [\u2018S\u00f5nade s\u00fclemid, s\u00fclemite s\u00fcsteemid\u2019.]<br>Andres Ehin, <strong>Luule \u2013 see on voogav \u00fcdi<\/strong>. \u2013 Eesti Ekspress, 17. II 2005, lk B11. [\u2018S\u00f5nade s\u00fclemid, s\u00fclemite s\u00fcsteemid\u2019.]<br>Vaapo Vaher, <strong>Laabani Lenin kui lendkalade armastus<\/strong>. \u2013 Maaleht, 12. V 2005, lk 23. [\u2018S\u00f5nade s\u00fclemid, s\u00fclemite s\u00fcsteemid\u2019.]<br>Andres Ehin, <strong>Ah \u00fcdi embate? Mingi oig nimetab meid \u00fcha<\/strong>. \u2013 Keel ja Kirjandus, nr 11, 2008, lk 895\u2013896. [Arvustus raamatule \u2018Eludrooge egoordule\u2019.]<br>J\u00fcrgen Rooste, <strong>Keel hakkab m\u00e4danema servast<\/strong>. \u2013 Looming, nr 12, 2008, lk 1906\u20131907. [\u2018Eludrooge egoordule\u2019.]<br>Hannu Oittinen, <strong>Ilmar Laaban: Rroosi Selaviste<\/strong>. \u2013 Elo: Tuglas-seuran j\u00e4senlehti, nr 1, 2013, lk 23. [Arvustus raamatule \u2018Rroosi Selaviste\u2019.]<\/p>\n\n\n\n<p><strong><em>Intervjuud<\/em><\/strong><br>Mirjam Peil, <strong>Ilmar Laaban nii endast kui teistest<\/strong>. \u2013 Reede, 29. IX 1989, lk 8\u20139.<br>Harry Liivrand, <strong>Vestlus Ilmar Laabaniga<\/strong>. \u2013 Vikerkaar, nr 11, 1989, lk 85\u201390.<br>Madis Kolk, <strong>Vastab Ilmar Laaban \u2013 muusik<\/strong>. \u2013 Teater. Muusika. Kino, nr 12, 1990, lk 3\u20138. [Ilmunud ka: Vastab\u2026 [Ajakirjas \u2018Teater. Muusika. Kino\u2019 avaldatud intervjuusid]. Tallinn: Kultuurileht, 2005, 911 lk, lk 250\u2013259.]<br>Rudolf Aller, <strong>Kas Rootsis elatakse h\u00f5lbuelu?<\/strong> \u2013 P\u00e4evaleht, 23. XII 1993, lk 13. [Vestlus Ilmar Laabaniga, Stockholmis elava Eesti kirjanikuga.]<br>Andres Ehin, <strong>Fantaasiavaene konservatiivsus ja sovjetlik mentaliteet<\/strong>. \u2013 Eesti Aeg, 27. VII 1994, lk 12.<br>Margus Jukkum, <strong>[Intervjuu Ilmar Laabaniga]<\/strong>. \u2013 Mana, nr 59, 1999, lk 52\u201357.<\/p>\n","protected":false},"excerpt":{"rendered":"<p>ArtiklidAleksander Aspel, S\u00fcrrealism ja Ilmar Laabani \u2018Rroosi Selaviste\u2019. \u2013 Mana, nr 1, 1959, lk 17\u201333. [Ilmunud ka: Vikerkaar, nr 3, 1989, lk 55\u201364; Kirjad Pariisist. Tartu: Ilmamaa, 2000, 583 lk, lk 375\u2013399.]Aleksander Aspel, Laaban Iowa Citys. \u2013 Mana, nr 1\/2, &#8230;<\/p>\n","protected":false},"author":43,"featured_media":0,"parent":7726,"menu_order":0,"comment_status":"closed","ping_status":"closed","template":"","meta":{"_acf_changed":false,"inline_featured_image":false,"footnotes":""},"class_list":["post-7731","page","type-page","status-publish","hentry"],"acf":[],"_links":{"self":[{"href":"https:\/\/sisu.ut.ee\/ewod\/et\/wp-json\/wp\/v2\/pages\/7731","targetHints":{"allow":["GET"]}}],"collection":[{"href":"https:\/\/sisu.ut.ee\/ewod\/et\/wp-json\/wp\/v2\/pages"}],"about":[{"href":"https:\/\/sisu.ut.ee\/ewod\/et\/wp-json\/wp\/v2\/types\/page"}],"author":[{"embeddable":true,"href":"https:\/\/sisu.ut.ee\/ewod\/et\/wp-json\/wp\/v2\/users\/43"}],"replies":[{"embeddable":true,"href":"https:\/\/sisu.ut.ee\/ewod\/et\/wp-json\/wp\/v2\/comments?post=7731"}],"version-history":[{"count":3,"href":"https:\/\/sisu.ut.ee\/ewod\/et\/wp-json\/wp\/v2\/pages\/7731\/revisions"}],"predecessor-version":[{"id":7759,"href":"https:\/\/sisu.ut.ee\/ewod\/et\/wp-json\/wp\/v2\/pages\/7731\/revisions\/7759"}],"up":[{"embeddable":true,"href":"https:\/\/sisu.ut.ee\/ewod\/et\/wp-json\/wp\/v2\/pages\/7726"}],"wp:attachment":[{"href":"https:\/\/sisu.ut.ee\/ewod\/et\/wp-json\/wp\/v2\/media?parent=7731"}],"curies":[{"name":"wp","href":"https:\/\/api.w.org\/{rel}","templated":true}]}}